



{"id":280847,"date":"2023-02-16T15:36:19","date_gmt":"2023-02-16T13:36:19","guid":{"rendered":"https:\/\/livresq.com\/?page_id=280847"},"modified":"2023-02-17T10:42:11","modified_gmt":"2023-02-17T08:42:11","slug":"pnrr-bucherq-labor","status":"publish","type":"page","link":"https:\/\/livresq.com\/de\/pnrr-livresq-lab\/","title":{"rendered":"NRRP - Ausstattung von Schulen der Sekundarstufe II mit intelligenten Laboratorien"},"content":{"rendered":"<div data-elementor-type=\"wp-page\" data-elementor-id=\"280847\" class=\"elementor elementor-280847\" data-elementor-post-type=\"page\">\n\t\t\t\t\t\t<section class=\"elementor-section elementor-top-section elementor-element elementor-element-ec40d0f elementor-section-boxed elementor-section-height-default elementor-section-height-default\" data-id=\"ec40d0f\" data-element_type=\"section\">\n\t\t\t\t\t\t<div class=\"elementor-container elementor-column-gap-default\">\n\t\t\t\t\t<div class=\"elementor-column elementor-col-100 elementor-top-column elementor-element elementor-element-ae17758\" data-id=\"ae17758\" data-element_type=\"column\">\n\t\t\t<div class=\"elementor-widget-wrap elementor-element-populated\">\n\t\t\t\t\t\t<div class=\"elementor-element elementor-element-7561e33 elementor-widget elementor-widget-spacer\" data-id=\"7561e33\" data-element_type=\"widget\" data-widget_type=\"spacer.default\">\n\t\t\t\t<div class=\"elementor-widget-container\">\n\t\t\t\t\t\t\t<div class=\"elementor-spacer\">\n\t\t\t<div class=\"elementor-spacer-inner\"><\/div>\n\t\t<\/div>\n\t\t\t\t\t\t<\/div>\n\t\t\t\t<\/div>\n\t\t\t\t<div class=\"elementor-element elementor-element-4a04b12 elementor-widget elementor-widget-heading\" data-id=\"4a04b12\" data-element_type=\"widget\" data-settings=\"{&quot;_animation&quot;:&quot;none&quot;}\" data-widget_type=\"heading.default\">\n\t\t\t\t<div class=\"elementor-widget-container\">\n\t\t\t\t\t<h1 class=\"elementor-heading-title elementor-size-large\">Ausstattung von Schulen der Sekundarstufe II, Pal\u00e4sten und Kinderclubs mit Smart Labs<\/h1>\t\t\t\t<\/div>\n\t\t\t\t<\/div>\n\t\t\t\t<div class=\"elementor-element elementor-element-a0c7993 elementor-widget elementor-widget-heading\" data-id=\"a0c7993\" data-element_type=\"widget\" data-widget_type=\"heading.default\">\n\t\t\t\t<div class=\"elementor-widget-container\">\n\t\t\t\t\t<h2 class=\"elementor-heading-title elementor-size-default\">LIVRESQ LAB - grundlegender Bestandteil des intelligenten Labors<\/h2>\t\t\t\t<\/div>\n\t\t\t\t<\/div>\n\t\t\t\t\t<\/div>\n\t\t<\/div>\n\t\t\t\t\t<\/div>\n\t\t<\/section>\n\t\t\t\t<section class=\"elementor-section elementor-top-section elementor-element elementor-element-2b10550 elementor-section-height-min-height elementor-section-boxed elementor-section-height-default elementor-section-items-middle\" data-id=\"2b10550\" data-element_type=\"section\">\n\t\t\t\t\t\t<div class=\"elementor-container elementor-column-gap-default\">\n\t\t\t\t\t<div class=\"elementor-column elementor-col-100 elementor-top-column elementor-element elementor-element-aa2d051\" data-id=\"aa2d051\" data-element_type=\"column\">\n\t\t\t<div class=\"elementor-widget-wrap elementor-element-populated\">\n\t\t\t\t\t\t<div class=\"elementor-element elementor-element-ffe47c1 elementor-widget elementor-widget-text-editor\" data-id=\"ffe47c1\" data-element_type=\"widget\" data-widget_type=\"text-editor.default\">\n\t\t\t\t<div class=\"elementor-widget-container\">\n\t\t\t\t\t\t\t\t\t<p><strong>LIVRESQ LAB<\/strong> ist ein grundlegender Bestandteil von intelligenten Laboren in der Sekundarstufe II und kann durch das PNRR finanziert werden, das in das Projekt \u00fcber <strong>\"Ausstattung von Gymnasien, Pal\u00e4sten und Kinderclubs mit intelligenten Labors\".<\/strong><\/p><p>Was die Zuschussf\u00e4higkeit der Ausgaben betrifft, so f\u00e4llt das LIVRESQ LAB in die Kategorie der obligatorischen zuschussf\u00e4higen Aktivit\u00e4ten gem\u00e4\u00df Ziffer 1.4.2 - der Erwerb von Bildungsinhalten, die Bereiche des Lehrplans abdecken, und von Lernsoftware\/Lizenzen, die eine zentrale Verteilung von Lernmaterialien auf Ger\u00e4ten im lokalen Netz gew\u00e4hrleisten (S. 9), kommuniziert nahtlos mit dem \"obligatorischen gemeinsamen Kern\", unabh\u00e4ngig von den technischen Spezifikationen und den gew\u00e4hlten Anbietern, und kann in den gemeinsamen Kern integriert oder als \"E-Learning-Plattform\", \"sonstige Software und Ausr\u00fcstung\"\/\"spezifische p\u00e4dagogische Ausr\u00fcstung\"\/\"spezifische Ausr\u00fcstung\" kategorisiert werden (S. 12).<\/p><p>Mit seiner Bibliothek bietet LIVRESQ LAB Zugang zu Bildungsinhalten, die eine breite Palette von Themen, F\u00e4chern und Programmen speziell f\u00fcr Schulen der Sekundarstufe II, Pal\u00e4ste und Kinderclubs abdecken. Smart-Lab-Benutzer, Lehrer oder Sch\u00fcler, k\u00f6nnen von jedem vorhandenen oder neu erworbenen mobilen Ger\u00e4t, Tablet, Laptop oder internetf\u00e4higen Desktop-Computer direkt auf die Inhalte zugreifen.<\/p><p>LIVRESQ LAB ist eine Softwarelizenz f\u00fcr den Bildungsbereich, die die zentralisierte Verteilung von Unterrichtsmaterialien im lokalen Netzwerk auf jedem beliebigen Ger\u00e4t erm\u00f6glicht und die Integration von Hardware-Ger\u00e4ten (interaktive Whiteboards, Laptops, Desktop-Computer, Tablets) in die Smart LAB-L\u00f6sung sicherstellt, die in diesem Projekt als Multi-Rollen-Software arbeitet:<\/p><ul><li>Bildungsinhalte, die die Bereiche des Lehrplans abdecken.<br \/>Lernsoftware\/Lizenz f\u00fcr die zentrale Verteilung von Lehrmaterial \u00fcber das lokale Netz<\/li><li>digitales Autorentool f\u00fcr die Erstellung interaktiver digitaler Inhalte (Autorentool) f\u00fcr die Realisierung digitaler Materialien\/Kurse gem\u00e4\u00df den internationalen SCORM-Standards (Kompatibilit\u00e4t mit Hunderten von Plattformen, Einf\u00fcgen interaktiver Elemente, Bilder, Videos, Spracherzeugung in rum\u00e4nischer Sprache und vieles mehr)<\/li><li>unterst\u00fctzt die F\u00f6rderung einer effektiven, qualitativ hochwertigen und integrativen digitalen Bildung mit dem Ziel, ein leistungsf\u00e4higes digitales Bildungs\u00f6kosystem zu schaffen (derzeit sind mehr als 4800 digitale Materialien zu verschiedenen Themen zug\u00e4nglich)<\/li><li>Mit der Livresq LAB-Plattform k\u00f6nnen Lehrkr\u00e4fte\/Bildungsdesigner die M\u00f6glichkeiten, die sie bietet, optimal nutzen, um die Art und Weise des Lernens zu ver\u00e4ndern, so dass allen Nutznie\u00dfern eine effektive Bildung zur Verf\u00fcgung steht, und zwar sicher, von jedem intelligenten Ger\u00e4t aus und \u00fcberall<\/li><li>Mitglieder von weiterf\u00fchrenden Schulen, Pal\u00e4sten und Kinderclubs (Lehrer und Sch\u00fcler) k\u00f6nnen ihre digitalen Kompetenzen entwickeln - Erstellung von Bildungsinhalten<\/li><li>Livresq LAB erleichtert den Lernprozess, neue Technologie hilft Sch\u00fclern, komplexe L\u00f6sungen f\u00fcr Probleme zu erkennen<\/li><li>Der LIVRESQ LAB Content Editor (Autorentool) erm\u00f6glicht die Erstellung digitaler Materialien - p\u00e4dagogische Inhalte, interaktive Kurse und Lektionen zu jedem Thema, das f\u00fcr Schulen der Sekundarstufe II, Pal\u00e4ste und Kinderclubs von Interesse ist, von der Nutzung der technischen Ausr\u00fcstung in Ihrer Schule \u00fcber einen Lernroboter bis hin zur Arbeit mit einem 3D-Drucker oder der Programmierung des Verhaltens eines Roboters<\/li><li>Lektionen in der Bibliothek oder mit LIVRESQ LAB erstellt, so dass alle Lerntypen angesprochen werden und jeder in seinem eigenen Tempo arbeiten kann<\/li><\/ul><p>LIVRESQ LAB tr\u00e4gt zum Projektziel bei, das Interesse an Wissenschaft, Technologie und Design zu wecken und verbessert das Lernen f\u00fcr rum\u00e4nische Sch\u00fclerInnen.<\/p><p>Wenn Ihre Einrichtung digitale L\u00f6sungen f\u00fcr den Bildungsbereich einf\u00fchrt oder Unterst\u00fctzung dabei ben\u00f6tigt, wenden Sie sich bitte direkt an uns unter contact@livresq.com oder \u00fcber das Formular hier: <a href=\"https:\/\/livresq.com\/ro\/contact\/\">https:\/\/livresq.com\/ro\/contact\/<\/a><\/p>\t\t\t\t\t\t\t\t<\/div>\n\t\t\t\t<\/div>\n\t\t\t\t\t<\/div>\n\t\t<\/div>\n\t\t\t\t\t<\/div>\n\t\t<\/section>\n\t\t\t\t<\/div>","protected":false},"excerpt":{"rendered":"<p>Dotarea cu laboratoare inteligente a unit\u0103\u021bilor de \u00eenv\u0103\u021b\u0103m\u00e2nt secundar superior, a palatelor \u0219i a cluburilor copiilor LIVRESQ LAB &#8211; component\u0103 fundamental\u0103 \u00een laboratorul inteligent LIVRESQ LAB este o component\u0103 fundamental\u0103 \u00een laboratoarele inteligente din unit\u0103\u021bile de \u00eenv\u0103\u021b\u0103m\u00e2nt secundar superior poate fi finan\u021bat\u0103 prin PNRR, inclus \u00een proiectul privind \u201cDotarea cu laboratoare inteligente a unit\u0103\u021bilor de [&hellip;]<\/p>\n","protected":false},"author":36627,"featured_media":280954,"parent":0,"menu_order":0,"comment_status":"closed","ping_status":"closed","template":"","meta":{"footnotes":""},"class_list":["post-280847","page","type-page","status-publish","has-post-thumbnail","hentry"],"yoast_head":"<!-- This site is optimized with the Yoast SEO plugin v27.2 - https:\/\/yoast.com\/product\/yoast-seo-wordpress\/ -->\n<title>PNRR - Dotarea cu laboratoare inteligente a unit\u0103\u021bilor de \u00eenv\u0103\u021b\u0103m\u00e2nt secundar superior - LIVRESQ<\/title>\n<meta name=\"robots\" content=\"index, follow, max-snippet:-1, max-image-preview:large, max-video-preview:-1\" \/>\n<link rel=\"canonical\" href=\"https:\/\/livresq.com\/de\/pnrr-bucherq-labor\/\" \/>\n<meta property=\"og:locale\" content=\"de_DE\" \/>\n<meta property=\"og:type\" content=\"article\" \/>\n<meta property=\"og:title\" content=\"PNRR - Dotarea cu laboratoare inteligente a unit\u0103\u021bilor de \u00eenv\u0103\u021b\u0103m\u00e2nt secundar superior - LIVRESQ\" \/>\n<meta property=\"og:description\" content=\"Dotarea cu laboratoare inteligente a unit\u0103\u021bilor de \u00eenv\u0103\u021b\u0103m\u00e2nt secundar superior, a palatelor \u0219i a cluburilor copiilor LIVRESQ LAB &#8211; component\u0103 fundamental\u0103 \u00een laboratorul inteligent LIVRESQ LAB este o component\u0103 fundamental\u0103 \u00een laboratoarele inteligente din unit\u0103\u021bile de \u00eenv\u0103\u021b\u0103m\u00e2nt secundar superior poate fi finan\u021bat\u0103 prin PNRR, inclus \u00een proiectul privind \u201cDotarea cu laboratoare inteligente a unit\u0103\u021bilor de [&hellip;]\" \/>\n<meta property=\"og:url\" content=\"https:\/\/livresq.com\/de\/pnrr-bucherq-labor\/\" \/>\n<meta property=\"og:site_name\" content=\"LIVRESQ\" \/>\n<meta property=\"article:modified_time\" content=\"2023-02-17T08:42:11+00:00\" \/>\n<meta property=\"og:image\" content=\"https:\/\/i0.wp.com\/livresq.com\/wp-content\/uploads\/2023\/02\/20f73bab-8ca2-421a-ad83-d63f8c91c1bd.png?fit=600%2C314&ssl=1\" \/>\n\t<meta property=\"og:image:width\" content=\"600\" \/>\n\t<meta property=\"og:image:height\" content=\"314\" \/>\n\t<meta property=\"og:image:type\" content=\"image\/png\" \/>\n<meta name=\"twitter:card\" content=\"summary_large_image\" \/>\n<meta name=\"twitter:label1\" content=\"Gesch\u00e4tzte Lesezeit\" \/>\n\t<meta name=\"twitter:data1\" content=\"3\u00a0Minuten\" \/>\n<script type=\"application\/ld+json\" class=\"yoast-schema-graph\">{\"@context\":\"https:\/\/schema.org\",\"@graph\":[{\"@type\":\"WebPage\",\"@id\":\"https:\/\/livresq.com\/pnrr-livresq-lab\/\",\"url\":\"https:\/\/livresq.com\/pnrr-livresq-lab\/\",\"name\":\"PNRR - Dotarea cu laboratoare inteligente a unit\u0103\u021bilor de \u00eenv\u0103\u021b\u0103m\u00e2nt secundar superior - LIVRESQ\",\"isPartOf\":{\"@id\":\"https:\/\/livresq.com\/en\/#website\"},\"primaryImageOfPage\":{\"@id\":\"https:\/\/livresq.com\/pnrr-livresq-lab\/#primaryimage\"},\"image\":{\"@id\":\"https:\/\/livresq.com\/pnrr-livresq-lab\/#primaryimage\"},\"thumbnailUrl\":\"https:\/\/i0.wp.com\/livresq.com\/wp-content\/uploads\/2023\/02\/20f73bab-8ca2-421a-ad83-d63f8c91c1bd.png?fit=600%2C314&ssl=1\",\"datePublished\":\"2023-02-16T13:36:19+00:00\",\"dateModified\":\"2023-02-17T08:42:11+00:00\",\"breadcrumb\":{\"@id\":\"https:\/\/livresq.com\/pnrr-livresq-lab\/#breadcrumb\"},\"inLanguage\":\"de\",\"potentialAction\":[{\"@type\":\"ReadAction\",\"target\":[\"https:\/\/livresq.com\/pnrr-livresq-lab\/\"]}]},{\"@type\":\"ImageObject\",\"inLanguage\":\"de\",\"@id\":\"https:\/\/livresq.com\/pnrr-livresq-lab\/#primaryimage\",\"url\":\"https:\/\/i0.wp.com\/livresq.com\/wp-content\/uploads\/2023\/02\/20f73bab-8ca2-421a-ad83-d63f8c91c1bd.png?fit=600%2C314&ssl=1\",\"contentUrl\":\"https:\/\/i0.wp.com\/livresq.com\/wp-content\/uploads\/2023\/02\/20f73bab-8ca2-421a-ad83-d63f8c91c1bd.png?fit=600%2C314&ssl=1\",\"width\":600,\"height\":314},{\"@type\":\"BreadcrumbList\",\"@id\":\"https:\/\/livresq.com\/pnrr-livresq-lab\/#breadcrumb\",\"itemListElement\":[{\"@type\":\"ListItem\",\"position\":1,\"name\":\"Prima pagin\u0103\",\"item\":\"https:\/\/livresq.com\/\"},{\"@type\":\"ListItem\",\"position\":2,\"name\":\"PNRR &#8211; Dotarea cu laboratoare inteligente a unit\u0103\u021bilor de \u00eenv\u0103\u021b\u0103m\u00e2nt secundar superior\"}]},{\"@type\":\"WebSite\",\"@id\":\"https:\/\/livresq.com\/en\/#website\",\"url\":\"https:\/\/livresq.com\/en\/\",\"name\":\"LIVRESQ\",\"description\":\"eLearning Authoring Tool\",\"publisher\":{\"@id\":\"https:\/\/livresq.com\/en\/#organization\"},\"potentialAction\":[{\"@type\":\"SearchAction\",\"target\":{\"@type\":\"EntryPoint\",\"urlTemplate\":\"https:\/\/livresq.com\/en\/?s={search_term_string}\"},\"query-input\":{\"@type\":\"PropertyValueSpecification\",\"valueRequired\":true,\"valueName\":\"search_term_string\"}}],\"inLanguage\":\"de\"},{\"@type\":\"Organization\",\"@id\":\"https:\/\/livresq.com\/en\/#organization\",\"name\":\"LIVRESQ - Authoring Tool\",\"url\":\"https:\/\/livresq.com\/en\/\",\"logo\":{\"@type\":\"ImageObject\",\"inLanguage\":\"de\",\"@id\":\"https:\/\/livresq.com\/en\/#\/schema\/logo\/image\/\",\"url\":\"https:\/\/i0.wp.com\/livresq.com\/wp-content\/uploads\/2019\/07\/cropped-Logo.png?fit=1054%2C575&ssl=1\",\"contentUrl\":\"https:\/\/i0.wp.com\/livresq.com\/wp-content\/uploads\/2019\/07\/cropped-Logo.png?fit=1054%2C575&ssl=1\",\"width\":1054,\"height\":575,\"caption\":\"LIVRESQ - Authoring Tool\"},\"image\":{\"@id\":\"https:\/\/livresq.com\/en\/#\/schema\/logo\/image\/\"}}]}<\/script>\n<!-- \/ Yoast SEO plugin. -->","yoast_head_json":{"title":"PNRR - Ausstattung von Schulen der Sekundarstufe II mit intelligenten Laboren - LIVRESQ","robots":{"index":"index","follow":"follow","max-snippet":"max-snippet:-1","max-image-preview":"max-image-preview:large","max-video-preview":"max-video-preview:-1"},"canonical":"https:\/\/livresq.com\/de\/pnrr-bucherq-labor\/","og_locale":"de_DE","og_type":"article","og_title":"PNRR - Dotarea cu laboratoare inteligente a unit\u0103\u021bilor de \u00eenv\u0103\u021b\u0103m\u00e2nt secundar superior - LIVRESQ","og_description":"Dotarea cu laboratoare inteligente a unit\u0103\u021bilor de \u00eenv\u0103\u021b\u0103m\u00e2nt secundar superior, a palatelor \u0219i a cluburilor copiilor LIVRESQ LAB &#8211; component\u0103 fundamental\u0103 \u00een laboratorul inteligent LIVRESQ LAB este o component\u0103 fundamental\u0103 \u00een laboratoarele inteligente din unit\u0103\u021bile de \u00eenv\u0103\u021b\u0103m\u00e2nt secundar superior poate fi finan\u021bat\u0103 prin PNRR, inclus \u00een proiectul privind \u201cDotarea cu laboratoare inteligente a unit\u0103\u021bilor de [&hellip;]","og_url":"https:\/\/livresq.com\/de\/pnrr-bucherq-labor\/","og_site_name":"LIVRESQ","article_modified_time":"2023-02-17T08:42:11+00:00","og_image":[{"width":600,"height":314,"url":"https:\/\/i0.wp.com\/livresq.com\/wp-content\/uploads\/2023\/02\/20f73bab-8ca2-421a-ad83-d63f8c91c1bd.png?fit=600%2C314&ssl=1","type":"image\/png"}],"twitter_card":"summary_large_image","twitter_misc":{"Gesch\u00e4tzte Lesezeit":"3\u00a0Minuten"},"schema":{"@context":"https:\/\/schema.org","@graph":[{"@type":"WebPage","@id":"https:\/\/livresq.com\/pnrr-livresq-lab\/","url":"https:\/\/livresq.com\/pnrr-livresq-lab\/","name":"PNRR - Ausstattung von Schulen der Sekundarstufe II mit intelligenten Laboren - LIVRESQ","isPartOf":{"@id":"https:\/\/livresq.com\/en\/#website"},"primaryImageOfPage":{"@id":"https:\/\/livresq.com\/pnrr-livresq-lab\/#primaryimage"},"image":{"@id":"https:\/\/livresq.com\/pnrr-livresq-lab\/#primaryimage"},"thumbnailUrl":"https:\/\/i0.wp.com\/livresq.com\/wp-content\/uploads\/2023\/02\/20f73bab-8ca2-421a-ad83-d63f8c91c1bd.png?fit=600%2C314&ssl=1","datePublished":"2023-02-16T13:36:19+00:00","dateModified":"2023-02-17T08:42:11+00:00","breadcrumb":{"@id":"https:\/\/livresq.com\/pnrr-livresq-lab\/#breadcrumb"},"inLanguage":"de","potentialAction":[{"@type":"ReadAction","target":["https:\/\/livresq.com\/pnrr-livresq-lab\/"]}]},{"@type":"ImageObject","inLanguage":"de","@id":"https:\/\/livresq.com\/pnrr-livresq-lab\/#primaryimage","url":"https:\/\/i0.wp.com\/livresq.com\/wp-content\/uploads\/2023\/02\/20f73bab-8ca2-421a-ad83-d63f8c91c1bd.png?fit=600%2C314&ssl=1","contentUrl":"https:\/\/i0.wp.com\/livresq.com\/wp-content\/uploads\/2023\/02\/20f73bab-8ca2-421a-ad83-d63f8c91c1bd.png?fit=600%2C314&ssl=1","width":600,"height":314},{"@type":"BreadcrumbList","@id":"https:\/\/livresq.com\/pnrr-livresq-lab\/#breadcrumb","itemListElement":[{"@type":"ListItem","position":1,"name":"Prima pagin\u0103","item":"https:\/\/livresq.com\/"},{"@type":"ListItem","position":2,"name":"PNRR &#8211; Dotarea cu laboratoare inteligente a unit\u0103\u021bilor de \u00eenv\u0103\u021b\u0103m\u00e2nt secundar superior"}]},{"@type":"WebSite","@id":"https:\/\/livresq.com\/en\/#website","url":"https:\/\/livresq.com\/en\/","name":"LIVRESQ","description":"eLearning-Authoring-Werkzeug","publisher":{"@id":"https:\/\/livresq.com\/en\/#organization"},"potentialAction":[{"@type":"SearchAction","target":{"@type":"EntryPoint","urlTemplate":"https:\/\/livresq.com\/en\/?s={search_term_string}"},"query-input":{"@type":"PropertyValueSpecification","valueRequired":true,"valueName":"search_term_string"}}],"inLanguage":"de"},{"@type":"Organization","@id":"https:\/\/livresq.com\/en\/#organization","name":"LIVRESQ - Autorentool","url":"https:\/\/livresq.com\/en\/","logo":{"@type":"ImageObject","inLanguage":"de","@id":"https:\/\/livresq.com\/en\/#\/schema\/logo\/image\/","url":"https:\/\/i0.wp.com\/livresq.com\/wp-content\/uploads\/2019\/07\/cropped-Logo.png?fit=1054%2C575&ssl=1","contentUrl":"https:\/\/i0.wp.com\/livresq.com\/wp-content\/uploads\/2019\/07\/cropped-Logo.png?fit=1054%2C575&ssl=1","width":1054,"height":575,"caption":"LIVRESQ - Authoring Tool"},"image":{"@id":"https:\/\/livresq.com\/en\/#\/schema\/logo\/image\/"}}]}},"_links":{"self":[{"href":"https:\/\/livresq.com\/de\/wp-json\/wp\/v2\/pages\/280847","targetHints":{"allow":["GET"]}}],"collection":[{"href":"https:\/\/livresq.com\/de\/wp-json\/wp\/v2\/pages"}],"about":[{"href":"https:\/\/livresq.com\/de\/wp-json\/wp\/v2\/types\/page"}],"author":[{"embeddable":true,"href":"https:\/\/livresq.com\/de\/wp-json\/wp\/v2\/users\/36627"}],"replies":[{"embeddable":true,"href":"https:\/\/livresq.com\/de\/wp-json\/wp\/v2\/comments?post=280847"}],"version-history":[{"count":6,"href":"https:\/\/livresq.com\/de\/wp-json\/wp\/v2\/pages\/280847\/revisions"}],"predecessor-version":[{"id":280961,"href":"https:\/\/livresq.com\/de\/wp-json\/wp\/v2\/pages\/280847\/revisions\/280961"}],"wp:featuredmedia":[{"embeddable":true,"href":"https:\/\/livresq.com\/de\/wp-json\/wp\/v2\/media\/280954"}],"wp:attachment":[{"href":"https:\/\/livresq.com\/de\/wp-json\/wp\/v2\/media?parent=280847"}],"curies":[{"name":"wp","href":"https:\/\/api.w.org\/{rel}","templated":true}]}}