



{"id":73,"date":"2019-07-23T09:51:36","date_gmt":"2019-07-23T06:51:36","guid":{"rendered":"https:\/\/livresq.com\/?page_id=73"},"modified":"2020-01-17T16:51:13","modified_gmt":"2020-01-17T14:51:13","slug":"gdpr","status":"publish","type":"page","link":"https:\/\/livresq.com\/de\/gdpr\/","title":{"rendered":"GDPR"},"content":{"rendered":"<div data-elementor-type=\"wp-page\" data-elementor-id=\"73\" class=\"elementor elementor-73\" data-elementor-post-type=\"page\">\n\t\t\t\t\t\t<section class=\"elementor-section elementor-top-section elementor-element elementor-element-2b45bde elementor-section-boxed elementor-section-height-default elementor-section-height-default\" data-id=\"2b45bde\" data-element_type=\"section\">\n\t\t\t\t\t\t<div class=\"elementor-container elementor-column-gap-default\">\n\t\t\t\t\t<div class=\"elementor-column elementor-col-100 elementor-top-column elementor-element elementor-element-018260a\" data-id=\"018260a\" data-element_type=\"column\">\n\t\t\t<div class=\"elementor-widget-wrap elementor-element-populated\">\n\t\t\t\t\t\t<div class=\"elementor-element elementor-element-b484d93 elementor-widget elementor-widget-heading\" data-id=\"b484d93\" data-element_type=\"widget\" data-widget_type=\"heading.default\">\n\t\t\t\t<div class=\"elementor-widget-container\">\n\t\t\t\t\t<h3 class=\"elementor-heading-title elementor-size-default\"><b>Schutz personenbezogener Daten und Datenschutzpolitik (GDPR)<\/b><\/h3>\t\t\t\t<\/div>\n\t\t\t\t<\/div>\n\t\t\t\t<div class=\"elementor-element elementor-element-a2b1182 elementor-widget elementor-widget-text-editor\" data-id=\"a2b1182\" data-element_type=\"widget\" data-widget_type=\"text-editor.default\">\n\t\t\t\t<div class=\"elementor-widget-container\">\n\t\t\t\t\t\t\t\t\t<header class=\"entry-header\"><p class=\"entry-title\">\u00a0<\/p><\/header><div class=\"entry-content\"><h2 style=\"margin-top: 64px; text-transform: uppercase; color: #000000; font-family: Roboto, sans-serif;\">WAS SIND PERSONENBEZOGENE DATEN?<\/h2><p style=\"font-size: medium;\">Personenbezogene Daten sind alle Informationen, die sich auf eine identifizierte oder identifizierbare nat\u00fcrliche Person beziehen. Die verschiedenen Informationen, die in ihrer Gesamtheit zur Identifizierung einer bestimmten Person f\u00fchren k\u00f6nnen, sind ebenfalls personenbezogene Daten. Personenbezogene Daten, die anonymisiert, verschl\u00fcsselt oder pseudonymisiert wurden, aber zur Identifizierung einer Person verwendet werden k\u00f6nnen, bleiben personenbezogene Daten und fallen unter die Datenschutz-Grundverordnung. Personenbezogene Daten, die in einer Weise anonymisiert wurden, dass die nat\u00fcrliche Person nicht oder nicht mehr identifizierbar ist, gelten nicht mehr als personenbezogene Daten. Damit die Daten wirklich anonymisiert sind, muss die Anonymisierung unumkehrbar sein.<\/p><p style=\"font-size: medium;\">Die DSGVO sch\u00fctzt personenbezogene Daten unabh\u00e4ngig von der Technologie, die f\u00fcr die Verarbeitung der Daten verwendet wird - sie ist \"technologieneutral\" und gilt sowohl f\u00fcr die automatische Verarbeitung als auch f\u00fcr die manuelle Verarbeitung, sofern die Daten nach vordefinierten Kriterien geordnet sind (zum Beispiel in alphabetischer Reihenfolge). Es spielt auch keine Rolle, wie die Daten gespeichert werden - in einem IKT-System, durch Video\u00fcberwachung oder auf Papier; in all diesen F\u00e4llen unterliegen die personenbezogenen Daten den in der DSGVO formulierten Schutzanforderungen.<\/p><h2 style=\"margin-top: 64px; text-transform: uppercase; color: #000000; font-family: Roboto, sans-serif;\">WELCHE ART VON PERSONENBEZOGENEN DATEN ERHEBEN WIR VON IHNEN?<\/h2><p style=\"font-size: medium;\">Die Informationen und pers\u00f6nlichen Daten, die wir \u00fcber Sie sammeln, wenn Sie unsere Websites besuchen oder mit uns interagieren, sind:<\/p><p style=\"font-size: medium;\"><span style=\"font-weight: bold;\">Von Ihnen bereitgestellte pers\u00f6nliche Daten<\/span>. Diese sind:<\/p><ul style=\"font-size: medium;\"><li>E-Mail-Adresse, wenn Sie das Benutzerkonto erstellen;<\/li><li>Ihren Namen, Ihre E-Mail-Adresse, Ihre Telefonnummer, die bei der Online-Registrierung oder per E-Mail erfasst werden, Ihre Anfragen und Beschwerden, das Versenden von Nachrichten oder Feedback, die Teilnahme an Umfragen, soweit Sie diese Angaben freiwillig machen;<\/li><li>E-Mail-Adresse, wenn Sie sich f\u00fcr unseren Newsletter anmelden;<\/li><li>Ihren Namen und Ihre Rechnungsadresse, wenn Sie auf der Plattform einkaufen;<\/li><li>Ihren Namen, Ihre E-Mail-Adresse und Ihre Telefonnummer, wenn Sie an unseren Angeboten und Aktionen teilnehmen.<\/li><\/ul><h2 style=\"margin-top: 64px; text-transform: uppercase; color: #000000; font-family: Roboto, sans-serif;\">WELCHE ART VON PERSONENBEZOGENEN DATEN ERHEBEN DRITTE VON IHNEN, WENN SIE LIVRESQ NUTZEN?<\/h2><p style=\"font-size: medium;\"><span style=\"font-weight: bold;\">Zahlungsinformationen<\/span>\u00a0- Die Angaben zu Ihrem Zahlungskonto, die Nummern von Kredit- und Debitkarten, das Ablaufdatum, die E-Mail-Adresse und der Name auf der Karte werden direkt von dem Unternehmen erhoben, das die Online-\u00dcberweisung der von Ihnen genehmigten Betr\u00e4ge vornimmt. Die entsprechenden Daten werden nicht an Ascendia \u00fcbermittelt und unterliegen den spezifischen Datenschutzbestimmungen des jeweiligen Betreibers.<\/p><p style=\"font-size: medium;\"><span style=\"font-weight: bold;\">Automatisch erfasste Informationen\u00a0<\/span>- Informationen \u00fcber Ihren Computer, Ihre IP-Adresse und Ihren Browser, Benutzerinformationen werden von Google Analytics gesammelt und gem\u00e4\u00df den eigenen GDPR-Richtlinien verwaltet. Ascendia hat keinen Zugriff auf die so gesammelten pers\u00f6nlichen Daten, die einzigen zug\u00e4nglichen Informationen sind statistischer Art. Auf der Livresq-Website werden keine eigenen Cookies von Ascendia verwendet.<\/p><h2 style=\"margin-top: 64px; text-transform: uppercase; color: #000000; font-family: Roboto, sans-serif;\">WARUM SAMMELN WIR IHRE PERSONENBEZOGENEN DATEN?<\/h2><p style=\"font-size: medium;\">Wir erheben und verwenden Ihre personenbezogenen Daten f\u00fcr die unten aufgef\u00fchrten Zwecke und im Rahmen der gesetzlichen Bestimmungen:<\/p><ul style=\"font-size: medium;\"><li>F\u00fcr den Zugang zu unseren Produkten (zum Einloggen);<\/li><li>F\u00fcr die Zusendung von Newslettern, Frageb\u00f6gen, Informationen \u00fcber von Ascendia organisierte Veranstaltungen, sofern Sie sich damit einverstanden erkl\u00e4rt haben;<\/li><li>Um auf Ihre Anfragen, Kommentare oder Beschwerden zu reagieren;<\/li><li>Um die Rechnungen f\u00fcr die get\u00e4tigten K\u00e4ufe gem\u00e4\u00df der geltenden Gesetzgebung ausarbeiten zu k\u00f6nnen.<\/li><\/ul><h2 style=\"margin-top: 64px; text-transform: uppercase; color: #000000; font-family: Roboto, sans-serif;\">WIE LANGE BEWAHREN WIR IHRE PERSONENBEZOGENEN DATEN AUF?<\/h2><p style=\"font-size: medium;\">Wir bewahren Ihre personenbezogenen Daten nur so lange auf, wie es notwendig ist, um den Zweck zu erf\u00fcllen, f\u00fcr den sie uns zur Verf\u00fcgung gestellt oder von uns erhoben wurden (z. B. f\u00fcr den Zeitraum, der zur Beantwortung von Fragen oder zur L\u00f6sung von Problemen erforderlich ist).<\/p><p style=\"font-size: medium;\">Die Login-Daten werden gel\u00f6scht, wenn Sie Ihr Konto l\u00f6schen. Die Daten \u00fcber den Erhalt von Korrespondenz von Ascendia werden auf Ihren Wunsch hin jederzeit gel\u00f6scht. Die Daten im Zusammenhang mit finanziellen Transaktionen werden so lange aufbewahrt, wie es die gesetzlichen Bestimmungen vorsehen.<\/p><h2 style=\"margin-top: 64px; text-transform: uppercase; color: #000000; font-family: Roboto, sans-serif;\">IHRE ZUSTIMMUNG<\/h2><p style=\"font-size: medium;\">Ihre Zustimmung zur Verwendung personenbezogener Daten erfolgt bei der Erstellung des Benutzerkontos durch Ankreuzen des entsprechenden GDPR-K\u00e4stchens auf der Seite zur Erstellung des Kontos. Die Zustimmung ist nicht implizit und ist Voraussetzung f\u00fcr die Einrichtung des Kontos. Sie k\u00f6nnen Ihre Zustimmung jederzeit widerrufen, indem Sie die L\u00f6schung Ihres Kontos beantragen.<\/p><h2 style=\"margin-top: 64px; text-transform: uppercase; color: #000000; font-family: Roboto, sans-serif;\">SICHERHEIT DER PERSONENBEZOGENEN DATEN<\/h2><p style=\"font-size: medium;\">Personenbezogene Daten sind gegen Bedrohungen gesichert und wir sorgen daf\u00fcr, dass sie durch eine IT-Infrastruktur und geeignete Sicherheitsma\u00dfnahmen gesch\u00fctzt sind. Dar\u00fcber hinaus haben wir interne Ma\u00dfnahmen getroffen, die es uns erm\u00f6glichen, Sicherheitsverletzungen so schnell wie m\u00f6glich zu entdecken, zu melden und zu dokumentieren.<\/p><p style=\"font-size: medium;\">Wenn wir Verst\u00f6\u00dfe gegen personenbezogene Daten feststellen, die ein Risiko f\u00fcr Ihre Rechte und Freiheiten darstellen, werden wir die nationale Aufsichtsbeh\u00f6rde f\u00fcr die Verarbeitung personenbezogener Daten informieren. Sie werden \u00fcber die Verletzung Ihrer personenbezogenen Daten informiert, wenn dies zu einem hohen Risiko f\u00fcr Ihre Rechte und Freiheiten f\u00fchrt.<\/p><h2 style=\"margin-top: 64px; text-transform: uppercase; color: #000000; font-family: Roboto, sans-serif;\">KONTAKT<\/h2><p style=\"font-size: medium;\">Wir danken Ihnen f\u00fcr Ihr Vertrauen in Ihre pers\u00f6nlichen Daten und daf\u00fcr, dass Sie sich die Zeit genommen haben, unsere Mitteilung \u00fcber die Verarbeitung Ihrer pers\u00f6nlichen Daten zu lesen. Wenn Sie weitere Informationen ben\u00f6tigen, die Sie oben nicht finden, k\u00f6nnen Sie uns unter der E-Mail-Adresse kontaktieren: <a href=\"mailto:contact@livresq.com\">contact@livresq.com<\/a>.<\/p><\/div>\t\t\t\t\t\t\t\t<\/div>\n\t\t\t\t<\/div>\n\t\t\t\t\t<\/div>\n\t\t<\/div>\n\t\t\t\t\t<\/div>\n\t\t<\/section>\n\t\t\t\t<\/div>","protected":false},"excerpt":{"rendered":"<p>Personal Data Protection and Privacy Policy (GDPR) \u00a0 WHAT ARE PERSONAL DATA? Personal data are any information, which refers to an identified or identifiable natural person. The different information that, together, can lead to the identification of a certain person is also personal data. Personal data that has been anonymized, encrypted or pseudonymized but can [&hellip;]<\/p>\n","protected":false},"author":2,"featured_media":0,"parent":0,"menu_order":0,"comment_status":"closed","ping_status":"closed","template":"","meta":{"footnotes":""},"class_list":["post-73","page","type-page","status-publish","hentry"],"yoast_head":"<!-- This site is optimized with the Yoast SEO plugin v27.2 - https:\/\/yoast.com\/product\/yoast-seo-wordpress\/ -->\n<title>GDPR - LIVRESQ<\/title>\n<meta name=\"robots\" content=\"index, follow, max-snippet:-1, max-image-preview:large, max-video-preview:-1\" \/>\n<link rel=\"canonical\" href=\"https:\/\/livresq.com\/de\/gdpr\/\" \/>\n<meta property=\"og:locale\" content=\"de_DE\" \/>\n<meta property=\"og:type\" content=\"article\" \/>\n<meta property=\"og:title\" content=\"GDPR - LIVRESQ\" \/>\n<meta property=\"og:description\" content=\"Personal Data Protection and Privacy Policy (GDPR) \u00a0 WHAT ARE PERSONAL DATA? Personal data are any information, which refers to an identified or identifiable natural person. The different information that, together, can lead to the identification of a certain person is also personal data. Personal data that has been anonymized, encrypted or pseudonymized but can [&hellip;]\" \/>\n<meta property=\"og:url\" content=\"https:\/\/livresq.com\/de\/gdpr\/\" \/>\n<meta property=\"og:site_name\" content=\"LIVRESQ\" \/>\n<meta property=\"article:modified_time\" content=\"2020-01-17T14:51:13+00:00\" \/>\n<meta name=\"twitter:card\" content=\"summary_large_image\" \/>\n<meta name=\"twitter:label1\" content=\"Gesch\u00e4tzte Lesezeit\" \/>\n\t<meta name=\"twitter:data1\" content=\"4\u00a0Minuten\" \/>\n<script type=\"application\/ld+json\" class=\"yoast-schema-graph\">{\"@context\":\"https:\/\/schema.org\",\"@graph\":[{\"@type\":\"WebPage\",\"@id\":\"https:\/\/livresq.com\/gdpr\/\",\"url\":\"https:\/\/livresq.com\/gdpr\/\",\"name\":\"GDPR - LIVRESQ\",\"isPartOf\":{\"@id\":\"https:\/\/livresq.com\/en\/#website\"},\"datePublished\":\"2019-07-23T06:51:36+00:00\",\"dateModified\":\"2020-01-17T14:51:13+00:00\",\"breadcrumb\":{\"@id\":\"https:\/\/livresq.com\/gdpr\/#breadcrumb\"},\"inLanguage\":\"de\",\"potentialAction\":[{\"@type\":\"ReadAction\",\"target\":[\"https:\/\/livresq.com\/gdpr\/\"]}]},{\"@type\":\"BreadcrumbList\",\"@id\":\"https:\/\/livresq.com\/gdpr\/#breadcrumb\",\"itemListElement\":[{\"@type\":\"ListItem\",\"position\":1,\"name\":\"Prima pagin\u0103\",\"item\":\"https:\/\/livresq.com\/\"},{\"@type\":\"ListItem\",\"position\":2,\"name\":\"GDPR\"}]},{\"@type\":\"WebSite\",\"@id\":\"https:\/\/livresq.com\/en\/#website\",\"url\":\"https:\/\/livresq.com\/en\/\",\"name\":\"LIVRESQ\",\"description\":\"eLearning Authoring Tool\",\"publisher\":{\"@id\":\"https:\/\/livresq.com\/en\/#organization\"},\"potentialAction\":[{\"@type\":\"SearchAction\",\"target\":{\"@type\":\"EntryPoint\",\"urlTemplate\":\"https:\/\/livresq.com\/en\/?s={search_term_string}\"},\"query-input\":{\"@type\":\"PropertyValueSpecification\",\"valueRequired\":true,\"valueName\":\"search_term_string\"}}],\"inLanguage\":\"de\"},{\"@type\":\"Organization\",\"@id\":\"https:\/\/livresq.com\/en\/#organization\",\"name\":\"LIVRESQ - Authoring Tool\",\"url\":\"https:\/\/livresq.com\/en\/\",\"logo\":{\"@type\":\"ImageObject\",\"inLanguage\":\"de\",\"@id\":\"https:\/\/livresq.com\/en\/#\/schema\/logo\/image\/\",\"url\":\"https:\/\/i0.wp.com\/livresq.com\/wp-content\/uploads\/2019\/07\/cropped-Logo.png?fit=1054%2C575&ssl=1\",\"contentUrl\":\"https:\/\/i0.wp.com\/livresq.com\/wp-content\/uploads\/2019\/07\/cropped-Logo.png?fit=1054%2C575&ssl=1\",\"width\":1054,\"height\":575,\"caption\":\"LIVRESQ - Authoring Tool\"},\"image\":{\"@id\":\"https:\/\/livresq.com\/en\/#\/schema\/logo\/image\/\"}}]}<\/script>\n<!-- \/ Yoast SEO plugin. -->","yoast_head_json":{"title":"GDPR - LIVRESQ","robots":{"index":"index","follow":"follow","max-snippet":"max-snippet:-1","max-image-preview":"max-image-preview:large","max-video-preview":"max-video-preview:-1"},"canonical":"https:\/\/livresq.com\/de\/gdpr\/","og_locale":"de_DE","og_type":"article","og_title":"GDPR - LIVRESQ","og_description":"Personal Data Protection and Privacy Policy (GDPR) \u00a0 WHAT ARE PERSONAL DATA? Personal data are any information, which refers to an identified or identifiable natural person. The different information that, together, can lead to the identification of a certain person is also personal data. Personal data that has been anonymized, encrypted or pseudonymized but can [&hellip;]","og_url":"https:\/\/livresq.com\/de\/gdpr\/","og_site_name":"LIVRESQ","article_modified_time":"2020-01-17T14:51:13+00:00","twitter_card":"summary_large_image","twitter_misc":{"Gesch\u00e4tzte Lesezeit":"4\u00a0Minuten"},"schema":{"@context":"https:\/\/schema.org","@graph":[{"@type":"WebPage","@id":"https:\/\/livresq.com\/gdpr\/","url":"https:\/\/livresq.com\/gdpr\/","name":"GDPR - LIVRESQ","isPartOf":{"@id":"https:\/\/livresq.com\/en\/#website"},"datePublished":"2019-07-23T06:51:36+00:00","dateModified":"2020-01-17T14:51:13+00:00","breadcrumb":{"@id":"https:\/\/livresq.com\/gdpr\/#breadcrumb"},"inLanguage":"de","potentialAction":[{"@type":"ReadAction","target":["https:\/\/livresq.com\/gdpr\/"]}]},{"@type":"BreadcrumbList","@id":"https:\/\/livresq.com\/gdpr\/#breadcrumb","itemListElement":[{"@type":"ListItem","position":1,"name":"Prima pagin\u0103","item":"https:\/\/livresq.com\/"},{"@type":"ListItem","position":2,"name":"GDPR"}]},{"@type":"WebSite","@id":"https:\/\/livresq.com\/en\/#website","url":"https:\/\/livresq.com\/en\/","name":"LIVRESQ","description":"eLearning-Authoring-Werkzeug","publisher":{"@id":"https:\/\/livresq.com\/en\/#organization"},"potentialAction":[{"@type":"SearchAction","target":{"@type":"EntryPoint","urlTemplate":"https:\/\/livresq.com\/en\/?s={search_term_string}"},"query-input":{"@type":"PropertyValueSpecification","valueRequired":true,"valueName":"search_term_string"}}],"inLanguage":"de"},{"@type":"Organization","@id":"https:\/\/livresq.com\/en\/#organization","name":"LIVRESQ - Autorentool","url":"https:\/\/livresq.com\/en\/","logo":{"@type":"ImageObject","inLanguage":"de","@id":"https:\/\/livresq.com\/en\/#\/schema\/logo\/image\/","url":"https:\/\/i0.wp.com\/livresq.com\/wp-content\/uploads\/2019\/07\/cropped-Logo.png?fit=1054%2C575&ssl=1","contentUrl":"https:\/\/i0.wp.com\/livresq.com\/wp-content\/uploads\/2019\/07\/cropped-Logo.png?fit=1054%2C575&ssl=1","width":1054,"height":575,"caption":"LIVRESQ - Authoring Tool"},"image":{"@id":"https:\/\/livresq.com\/en\/#\/schema\/logo\/image\/"}}]}},"_links":{"self":[{"href":"https:\/\/livresq.com\/de\/wp-json\/wp\/v2\/pages\/73","targetHints":{"allow":["GET"]}}],"collection":[{"href":"https:\/\/livresq.com\/de\/wp-json\/wp\/v2\/pages"}],"about":[{"href":"https:\/\/livresq.com\/de\/wp-json\/wp\/v2\/types\/page"}],"author":[{"embeddable":true,"href":"https:\/\/livresq.com\/de\/wp-json\/wp\/v2\/users\/2"}],"replies":[{"embeddable":true,"href":"https:\/\/livresq.com\/de\/wp-json\/wp\/v2\/comments?post=73"}],"version-history":[{"count":0,"href":"https:\/\/livresq.com\/de\/wp-json\/wp\/v2\/pages\/73\/revisions"}],"wp:attachment":[{"href":"https:\/\/livresq.com\/de\/wp-json\/wp\/v2\/media?parent=73"}],"curies":[{"name":"wp","href":"https:\/\/api.w.org\/{rel}","templated":true}]}}