



{"id":8264,"date":"2020-01-17T16:42:36","date_gmt":"2020-01-17T14:42:36","guid":{"rendered":"https:\/\/livresq.com\/?page_id=8264"},"modified":"2026-03-31T12:33:09","modified_gmt":"2026-03-31T09:33:09","slug":"gdpr-ro","status":"publish","type":"page","link":"https:\/\/livresq.com\/de\/gdpr-ro\/","title":{"rendered":"GDPR-RO"},"content":{"rendered":"<div data-elementor-type=\"wp-page\" data-elementor-id=\"8264\" class=\"elementor elementor-8264\" data-elementor-post-type=\"page\">\n\t\t\t\t\t\t<section class=\"elementor-section elementor-top-section elementor-element elementor-element-2100a55 elementor-section-boxed elementor-section-height-default elementor-section-height-default\" data-id=\"2100a55\" data-element_type=\"section\">\n\t\t\t\t\t\t<div class=\"elementor-container elementor-column-gap-default\">\n\t\t\t\t\t<div class=\"elementor-column elementor-col-100 elementor-top-column elementor-element elementor-element-5157ade\" data-id=\"5157ade\" data-element_type=\"column\">\n\t\t\t<div class=\"elementor-widget-wrap\">\n\t\t\t\t\t\t\t<\/div>\n\t\t<\/div>\n\t\t\t\t\t<\/div>\n\t\t<\/section>\n\t\t\t\t<section class=\"elementor-section elementor-top-section elementor-element elementor-element-3111aaf elementor-section-boxed elementor-section-height-default elementor-section-height-default\" data-id=\"3111aaf\" data-element_type=\"section\">\n\t\t\t\t\t\t<div class=\"elementor-container elementor-column-gap-default\">\n\t\t\t\t\t<div class=\"elementor-column elementor-col-100 elementor-top-column elementor-element elementor-element-847dc75\" data-id=\"847dc75\" data-element_type=\"column\">\n\t\t\t<div class=\"elementor-widget-wrap elementor-element-populated\">\n\t\t\t\t\t\t<div class=\"elementor-element elementor-element-bbd61a1 elementor-widget elementor-widget-heading\" data-id=\"bbd61a1\" data-element_type=\"widget\" data-widget_type=\"heading.default\">\n\t\t\t\t<div class=\"elementor-widget-container\">\n\t\t\t\t\t<h3 class=\"elementor-heading-title elementor-size-default\"><b>Verarbeitung personenbezogener Daten und Datenschutzpolitik (GDPR)<\/b><\/h3>\t\t\t\t<\/div>\n\t\t\t\t<\/div>\n\t\t\t\t<div class=\"elementor-element elementor-element-9e33ed4 elementor-widget elementor-widget-text-editor\" data-id=\"9e33ed4\" data-element_type=\"widget\" data-widget_type=\"text-editor.default\">\n\t\t\t\t<div class=\"elementor-widget-container\">\n\t\t\t\t\t\t\t\t\t<header class=\"entry-header\"><p class=\"entry-title\">\u00a0<\/p><\/header><div class=\"entry-content\"><h2>WAS SIND PERSONENBEZOGENE DATEN?<\/h2><p>Personenbezogene Daten sind alle Informationen, die sich auf eine identifizierte oder identifizierbare nat\u00fcrliche Person beziehen. Die verschiedenen Informationen, die in ihrer Gesamtheit zur Identifizierung einer bestimmten Person f\u00fchren k\u00f6nnen, sind ebenfalls personenbezogene Daten. Personenbezogene Daten, die anonymisiert, verschl\u00fcsselt oder pseudo-anonymisiert wurden, aber zur Re-Identifizierung einer Person verwendet werden k\u00f6nnen, bleiben personenbezogene Daten und fallen unter die Datenschutz-Grundverordnung. Personenbezogene Daten, die so anonymisiert wurden, dass die nat\u00fcrliche Person nicht oder nicht mehr identifizierbar ist, gelten nicht mehr als personenbezogene Daten. Damit Daten wirklich anonymisiert werden k\u00f6nnen, muss die Anonymisierung unumkehrbar sein.<\/p><p>Die DSGVO sch\u00fctzt personenbezogene Daten unabh\u00e4ngig von der Technologie, die zur Verarbeitung dieser Daten verwendet wird - sie ist \"technologieneutral\" und gilt sowohl f\u00fcr die automatisierte als auch f\u00fcr die manuelle Verarbeitung, sofern die Daten nach vordefinierten Kriterien (z. B. alphabetisch) organisiert sind. Es spielt auch keine Rolle, wie die Daten gespeichert werden - in einem IKT-System, durch Video\u00fcberwachung oder auf Papier; in all diesen F\u00e4llen unterliegen die personenbezogenen Daten den in der DSGVO festgelegten Schutzanforderungen.<\/p><h2>WELCHE PERS\u00d6NLICHEN DATEN ERHEBEN WIR VON IHNEN?<\/h2><p>Die pers\u00f6nlichen Informationen und Daten, die wir \u00fcber Sie sammeln, wenn Sie unsere Websites besuchen oder mit uns interagieren, sind:<\/p><p><b>Von Ihnen bereitgestellte pers\u00f6nliche Daten<\/b>. Sie sind:<\/p><ul><li>Ihre E-Mail-Adresse bei der Erstellung Ihres Benutzerkontos;<\/li><li>Ihren Namen, Ihre E-Mail-Adresse und Ihre Telefonnummer, die bei der Online-Registrierung oder per E-Mail f\u00fcr Anfragen und Beschwerden, die Sie vorbringen, f\u00fcr das Versenden von Nachrichten oder Feedback und f\u00fcr die Teilnahme an Umfragen erfasst werden, sofern Sie diese Angaben freiwillig machen;<\/li><li>Ihre E-Mail-Adresse, wenn Sie sich f\u00fcr unseren Newsletter anmelden;<\/li><li>Ihren Namen und Ihre Rechnungsadresse, wenn Sie auf der Plattform einkaufen;<\/li><li>Ihren Namen, Ihre E-Mail-Adresse und Ihre Telefonnummer, wenn Sie an unseren Angeboten und Werbeaktionen teilnehmen.<\/li><\/ul><h2>WELCHE PERSONENBEZOGENEN DATEN DRITTE VON IHNEN ERHEBEN. BEI DER NUTZUNG VON LIVRESQ?<\/h2><p><b>Zahlungsinformationen<\/b>\u00a0- Die Angaben zu Ihrem Zahlungskonto, die Nummern von Kredit- und Debitkarten, das Ablaufdatum, die E-Mail-Adresse und der Name auf der Karte werden direkt von dem Unternehmen erfasst, das die Online-\u00dcberweisung der von Ihnen genehmigten Betr\u00e4ge vornimmt. Diese Daten werden nicht an Ascendia weitergegeben und unterliegen den f\u00fcr diesen Betreiber geltenden Datenschutzbestimmungen.<\/p><p><b>Automatisch erfasste Informationen<\/b>\u00a0- Informationen \u00fcber Ihren Computer, Ihre IP-Adresse und Ihren Browser sowie Benutzerinformationen werden von Google Analytics gesammelt und von Google Analytics gem\u00e4\u00df den eigenen GDPR-Richtlinien verwaltet. Ascendia hat keinen Zugang zu den so gesammelten pers\u00f6nlichen Daten, die einzigen zug\u00e4nglichen Informationen sind statistischer Natur. Die eigenen Cookies von Ascendia werden auf der LIVRESQ-Website nicht verwendet.<\/p><h2>WARUM WIR IHRE DATEN SAMMELN PERS\u00d6NLICHE DATEN?<\/h2><p>Wir erheben und verwenden Ihre personenbezogenen Daten f\u00fcr die unten aufgef\u00fchrten Zwecke und im Rahmen der gesetzlichen Bestimmungen:<\/p><ul><li>F\u00fcr den Zugang zu unseren Produkten (Login);<\/li><li>F\u00fcr die \u00dcbermittlung von Newslettern, Frageb\u00f6gen und Informationen \u00fcber von Ascendia organisierte Veranstaltungen, sofern Sie Ihre Zustimmung gegeben haben;<\/li><li>Um auf Ihre Anfragen, Kommentare oder Beschwerden zu antworten;<\/li><li>Um die Rechnungen f\u00fcr die get\u00e4tigten K\u00e4ufe gem\u00e4\u00df den geltenden Rechtsvorschriften zu erstellen.<\/li><\/ul><h2>WIE LANGE WIR IHRE DATEN AUFBEWAHREN PERS\u00d6NLICHE DATEN?<\/h2><p>Wir speichern Ihre personenbezogenen Daten nur so lange, wie es zur Erf\u00fcllung des Zwecks, f\u00fcr den sie von Ihnen zur Verf\u00fcgung gestellt oder von uns erfasst wurden, erforderlich ist (z. B. f\u00fcr den Zeitraum, der zur Beantwortung Ihrer Anfrage oder zur L\u00f6sung von Problemen erforderlich ist).<\/p><p>Die Login-Daten werden bei L\u00f6schung des Kontos gel\u00f6scht. Daten, die sich auf den Erhalt von Korrespondenz von Ascendia beziehen, werden auf Ihren Wunsch hin jederzeit gel\u00f6scht. Daten, die sich auf finanzielle Transaktionen beziehen, werden so lange aufbewahrt, wie es die gesetzlichen Bestimmungen vorsehen.<\/p><h2>IHRE ZUSTIMMUNG<\/h2><p>Ihre Zustimmung zur Verwendung Ihrer personenbezogenen Daten geben Sie bei der Erstellung eines Benutzerkontos, indem Sie das entsprechende GDPR-K\u00e4stchen auf der Seite zur Erstellung des Kontos ankreuzen. Die Zustimmung ist nicht stillschweigend und h\u00e4ngt von der Einrichtung des Kontos ab. Sie k\u00f6nnen Ihre Zustimmung jederzeit widerrufen, indem Sie die L\u00f6schung Ihres Kontos beantragen.<\/p><h2>SICHERHEIT DER PERSONENBEZOGENEN DATEN<\/h2><p>Personenbezogene Daten sind gegen Bedrohungen gesichert und wir stellen sicher, dass sie durch geeignete IT-Infrastrukturen und Sicherheitsma\u00dfnahmen gesch\u00fctzt sind. Dar\u00fcber hinaus haben wir interne Ma\u00dfnahmen ergriffen, die es uns erm\u00f6glichen, Sicherheitsverletzungen so schnell wie m\u00f6glich zu entdecken, zu melden und zu dokumentieren.<\/p><p>Wenn wir eine Verletzung personenbezogener Daten feststellen, die ein Risiko f\u00fcr Ihre Rechte und Freiheiten darstellt, werden wir die nationale Aufsichtsbeh\u00f6rde f\u00fcr die Verarbeitung personenbezogener Daten informieren. Sie werden \u00fcber die Verletzung Ihrer personenbezogenen Daten informiert, wenn dies zu einem hohen Risiko f\u00fcr Ihre Rechte und Freiheiten f\u00fchrt.<\/p><h2>KONTAKT<\/h2><p>Vielen Dank, dass Sie uns Ihre pers\u00f6nlichen Daten anvertraut haben und sich die Zeit genommen haben, unseren Hinweis zur Verarbeitung personenbezogener Daten zu lesen. Sollten Sie weitere Informationen ben\u00f6tigen, die oben nicht aufgef\u00fchrt sind, k\u00f6nnen Sie uns per E-Mail kontaktieren:\u00a0<a href=\"mailto:contact@livresq.com\">contact@livresq.com<\/a>.<\/p><\/div>\t\t\t\t\t\t\t\t<\/div>\n\t\t\t\t<\/div>\n\t\t\t\t\t<\/div>\n\t\t<\/div>\n\t\t\t\t\t<\/div>\n\t\t<\/section>\n\t\t\t\t<\/div>","protected":false},"excerpt":{"rendered":"<p>Politica privind prelucrarea datelor cu caracter personal \u0219i confiden\u021bialitatea datelor (GDPR) \u00a0 CE SUNT DATELE CU CARACTER PERSONAL? Datele cu caracter personal sunt orice informa\u021bii care se refer\u0103 la o persoan\u0103 fizic\u0103 identificat\u0103 sau identificabil\u0103. Informa\u021biile diferite care, adunate, pot duce la identificarea unei anumite persoane constituie \u0219i ele date cu caracter personal. Datele cu [&hellip;]<\/p>\n","protected":false},"author":2,"featured_media":0,"parent":0,"menu_order":0,"comment_status":"closed","ping_status":"closed","template":"","meta":{"footnotes":""},"class_list":["post-8264","page","type-page","status-publish","hentry"],"yoast_head":"<!-- This site is optimized with the Yoast SEO plugin v27.2 - https:\/\/yoast.com\/product\/yoast-seo-wordpress\/ -->\n<title>GDPR-RO - LIVRESQ<\/title>\n<meta name=\"robots\" content=\"index, follow, max-snippet:-1, max-image-preview:large, max-video-preview:-1\" \/>\n<link rel=\"canonical\" href=\"https:\/\/livresq.com\/de\/gdpr-ro\/\" \/>\n<meta property=\"og:locale\" content=\"de_DE\" \/>\n<meta property=\"og:type\" content=\"article\" \/>\n<meta property=\"og:title\" content=\"GDPR-RO - LIVRESQ\" \/>\n<meta property=\"og:description\" content=\"Politica privind prelucrarea datelor cu caracter personal \u0219i confiden\u021bialitatea datelor (GDPR) \u00a0 CE SUNT DATELE CU CARACTER PERSONAL? Datele cu caracter personal sunt orice informa\u021bii care se refer\u0103 la o persoan\u0103 fizic\u0103 identificat\u0103 sau identificabil\u0103. Informa\u021biile diferite care, adunate, pot duce la identificarea unei anumite persoane constituie \u0219i ele date cu caracter personal. Datele cu [&hellip;]\" \/>\n<meta property=\"og:url\" content=\"https:\/\/livresq.com\/de\/gdpr-ro\/\" \/>\n<meta property=\"og:site_name\" content=\"LIVRESQ\" \/>\n<meta property=\"article:modified_time\" content=\"2026-03-31T09:33:09+00:00\" \/>\n<meta name=\"twitter:card\" content=\"summary_large_image\" \/>\n<meta name=\"twitter:label1\" content=\"Gesch\u00e4tzte Lesezeit\" \/>\n\t<meta name=\"twitter:data1\" content=\"4\u00a0Minuten\" \/>\n<script type=\"application\/ld+json\" class=\"yoast-schema-graph\">{\"@context\":\"https:\/\/schema.org\",\"@graph\":[{\"@type\":\"WebPage\",\"@id\":\"https:\/\/livresq.com\/en\/gdpr-ro\/\",\"url\":\"https:\/\/livresq.com\/en\/gdpr-ro\/\",\"name\":\"GDPR-RO - LIVRESQ\",\"isPartOf\":{\"@id\":\"https:\/\/livresq.com\/en\/#website\"},\"datePublished\":\"2020-01-17T14:42:36+00:00\",\"dateModified\":\"2026-03-31T09:33:09+00:00\",\"breadcrumb\":{\"@id\":\"https:\/\/livresq.com\/en\/gdpr-ro\/#breadcrumb\"},\"inLanguage\":\"de\",\"potentialAction\":[{\"@type\":\"ReadAction\",\"target\":[\"https:\/\/livresq.com\/en\/gdpr-ro\/\"]}]},{\"@type\":\"BreadcrumbList\",\"@id\":\"https:\/\/livresq.com\/en\/gdpr-ro\/#breadcrumb\",\"itemListElement\":[{\"@type\":\"ListItem\",\"position\":1,\"name\":\"Prima pagin\u0103\",\"item\":\"https:\/\/livresq.com\/\"},{\"@type\":\"ListItem\",\"position\":2,\"name\":\"GDPR-RO\"}]},{\"@type\":\"WebSite\",\"@id\":\"https:\/\/livresq.com\/en\/#website\",\"url\":\"https:\/\/livresq.com\/en\/\",\"name\":\"LIVRESQ\",\"description\":\"eLearning Authoring Tool\",\"publisher\":{\"@id\":\"https:\/\/livresq.com\/en\/#organization\"},\"potentialAction\":[{\"@type\":\"SearchAction\",\"target\":{\"@type\":\"EntryPoint\",\"urlTemplate\":\"https:\/\/livresq.com\/en\/?s={search_term_string}\"},\"query-input\":{\"@type\":\"PropertyValueSpecification\",\"valueRequired\":true,\"valueName\":\"search_term_string\"}}],\"inLanguage\":\"de\"},{\"@type\":\"Organization\",\"@id\":\"https:\/\/livresq.com\/en\/#organization\",\"name\":\"LIVRESQ - Authoring Tool\",\"url\":\"https:\/\/livresq.com\/en\/\",\"logo\":{\"@type\":\"ImageObject\",\"inLanguage\":\"de\",\"@id\":\"https:\/\/livresq.com\/en\/#\/schema\/logo\/image\/\",\"url\":\"https:\/\/i0.wp.com\/livresq.com\/wp-content\/uploads\/2019\/07\/cropped-Logo.png?fit=1054%2C575&ssl=1\",\"contentUrl\":\"https:\/\/i0.wp.com\/livresq.com\/wp-content\/uploads\/2019\/07\/cropped-Logo.png?fit=1054%2C575&ssl=1\",\"width\":1054,\"height\":575,\"caption\":\"LIVRESQ - Authoring Tool\"},\"image\":{\"@id\":\"https:\/\/livresq.com\/en\/#\/schema\/logo\/image\/\"}}]}<\/script>\n<!-- \/ Yoast SEO plugin. -->","yoast_head_json":{"title":"GDPR-RO - LIVRESQ","robots":{"index":"index","follow":"follow","max-snippet":"max-snippet:-1","max-image-preview":"max-image-preview:large","max-video-preview":"max-video-preview:-1"},"canonical":"https:\/\/livresq.com\/de\/gdpr-ro\/","og_locale":"de_DE","og_type":"article","og_title":"GDPR-RO - LIVRESQ","og_description":"Politica privind prelucrarea datelor cu caracter personal \u0219i confiden\u021bialitatea datelor (GDPR) \u00a0 CE SUNT DATELE CU CARACTER PERSONAL? Datele cu caracter personal sunt orice informa\u021bii care se refer\u0103 la o persoan\u0103 fizic\u0103 identificat\u0103 sau identificabil\u0103. Informa\u021biile diferite care, adunate, pot duce la identificarea unei anumite persoane constituie \u0219i ele date cu caracter personal. Datele cu [&hellip;]","og_url":"https:\/\/livresq.com\/de\/gdpr-ro\/","og_site_name":"LIVRESQ","article_modified_time":"2026-03-31T09:33:09+00:00","twitter_card":"summary_large_image","twitter_misc":{"Gesch\u00e4tzte Lesezeit":"4\u00a0Minuten"},"schema":{"@context":"https:\/\/schema.org","@graph":[{"@type":"WebPage","@id":"https:\/\/livresq.com\/en\/gdpr-ro\/","url":"https:\/\/livresq.com\/en\/gdpr-ro\/","name":"GDPR-RO - LIVRESQ","isPartOf":{"@id":"https:\/\/livresq.com\/en\/#website"},"datePublished":"2020-01-17T14:42:36+00:00","dateModified":"2026-03-31T09:33:09+00:00","breadcrumb":{"@id":"https:\/\/livresq.com\/en\/gdpr-ro\/#breadcrumb"},"inLanguage":"de","potentialAction":[{"@type":"ReadAction","target":["https:\/\/livresq.com\/en\/gdpr-ro\/"]}]},{"@type":"BreadcrumbList","@id":"https:\/\/livresq.com\/en\/gdpr-ro\/#breadcrumb","itemListElement":[{"@type":"ListItem","position":1,"name":"Prima pagin\u0103","item":"https:\/\/livresq.com\/"},{"@type":"ListItem","position":2,"name":"GDPR-RO"}]},{"@type":"WebSite","@id":"https:\/\/livresq.com\/en\/#website","url":"https:\/\/livresq.com\/en\/","name":"LIVRESQ","description":"eLearning-Authoring-Werkzeug","publisher":{"@id":"https:\/\/livresq.com\/en\/#organization"},"potentialAction":[{"@type":"SearchAction","target":{"@type":"EntryPoint","urlTemplate":"https:\/\/livresq.com\/en\/?s={search_term_string}"},"query-input":{"@type":"PropertyValueSpecification","valueRequired":true,"valueName":"search_term_string"}}],"inLanguage":"de"},{"@type":"Organization","@id":"https:\/\/livresq.com\/en\/#organization","name":"LIVRESQ - Autorentool","url":"https:\/\/livresq.com\/en\/","logo":{"@type":"ImageObject","inLanguage":"de","@id":"https:\/\/livresq.com\/en\/#\/schema\/logo\/image\/","url":"https:\/\/i0.wp.com\/livresq.com\/wp-content\/uploads\/2019\/07\/cropped-Logo.png?fit=1054%2C575&ssl=1","contentUrl":"https:\/\/i0.wp.com\/livresq.com\/wp-content\/uploads\/2019\/07\/cropped-Logo.png?fit=1054%2C575&ssl=1","width":1054,"height":575,"caption":"LIVRESQ - Authoring Tool"},"image":{"@id":"https:\/\/livresq.com\/en\/#\/schema\/logo\/image\/"}}]}},"_links":{"self":[{"href":"https:\/\/livresq.com\/de\/wp-json\/wp\/v2\/pages\/8264","targetHints":{"allow":["GET"]}}],"collection":[{"href":"https:\/\/livresq.com\/de\/wp-json\/wp\/v2\/pages"}],"about":[{"href":"https:\/\/livresq.com\/de\/wp-json\/wp\/v2\/types\/page"}],"author":[{"embeddable":true,"href":"https:\/\/livresq.com\/de\/wp-json\/wp\/v2\/users\/2"}],"replies":[{"embeddable":true,"href":"https:\/\/livresq.com\/de\/wp-json\/wp\/v2\/comments?post=8264"}],"version-history":[{"count":3,"href":"https:\/\/livresq.com\/de\/wp-json\/wp\/v2\/pages\/8264\/revisions"}],"predecessor-version":[{"id":490851,"href":"https:\/\/livresq.com\/de\/wp-json\/wp\/v2\/pages\/8264\/revisions\/490851"}],"wp:attachment":[{"href":"https:\/\/livresq.com\/de\/wp-json\/wp\/v2\/media?parent=8264"}],"curies":[{"name":"wp","href":"https:\/\/api.w.org\/{rel}","templated":true}]}}