



{"id":280847,"date":"2023-02-16T15:36:19","date_gmt":"2023-02-16T13:36:19","guid":{"rendered":"https:\/\/livresq.com\/?page_id=280847"},"modified":"2023-02-17T10:42:11","modified_gmt":"2023-02-17T08:42:11","slug":"pnrr-booksq-lab","status":"publish","type":"page","link":"https:\/\/livresq.com\/en\/pnrr-livresq-lab\/","title":{"rendered":"PNRR - Equipping upper secondary schools with intelligent laboratories"},"content":{"rendered":"<div data-elementor-type=\"wp-page\" data-elementor-id=\"280847\" class=\"elementor elementor-280847\" data-elementor-post-type=\"page\">\n\t\t\t\t\t\t<section class=\"elementor-section elementor-top-section elementor-element elementor-element-ec40d0f elementor-section-boxed elementor-section-height-default elementor-section-height-default\" data-id=\"ec40d0f\" data-element_type=\"section\">\n\t\t\t\t\t\t<div class=\"elementor-container elementor-column-gap-default\">\n\t\t\t\t\t<div class=\"elementor-column elementor-col-100 elementor-top-column elementor-element elementor-element-ae17758\" data-id=\"ae17758\" data-element_type=\"column\">\n\t\t\t<div class=\"elementor-widget-wrap elementor-element-populated\">\n\t\t\t\t\t\t<div class=\"elementor-element elementor-element-7561e33 elementor-widget elementor-widget-spacer\" data-id=\"7561e33\" data-element_type=\"widget\" data-widget_type=\"spacer.default\">\n\t\t\t\t<div class=\"elementor-widget-container\">\n\t\t\t\t\t\t\t<div class=\"elementor-spacer\">\n\t\t\t<div class=\"elementor-spacer-inner\"><\/div>\n\t\t<\/div>\n\t\t\t\t\t\t<\/div>\n\t\t\t\t<\/div>\n\t\t\t\t<div class=\"elementor-element elementor-element-4a04b12 elementor-widget elementor-widget-heading\" data-id=\"4a04b12\" data-element_type=\"widget\" data-settings=\"{&quot;_animation&quot;:&quot;none&quot;}\" data-widget_type=\"heading.default\">\n\t\t\t\t<div class=\"elementor-widget-container\">\n\t\t\t\t\t<h1 class=\"elementor-heading-title elementor-size-large\">Equip upper secondary schools, palaces and children's clubs with smart labs<\/h1>\t\t\t\t<\/div>\n\t\t\t\t<\/div>\n\t\t\t\t<div class=\"elementor-element elementor-element-a0c7993 elementor-widget elementor-widget-heading\" data-id=\"a0c7993\" data-element_type=\"widget\" data-widget_type=\"heading.default\">\n\t\t\t\t<div class=\"elementor-widget-container\">\n\t\t\t\t\t<h2 class=\"elementor-heading-title elementor-size-default\">LIVRESQ LAB - fundamental component in the smart lab<\/h2>\t\t\t\t<\/div>\n\t\t\t\t<\/div>\n\t\t\t\t\t<\/div>\n\t\t<\/div>\n\t\t\t\t\t<\/div>\n\t\t<\/section>\n\t\t\t\t<section class=\"elementor-section elementor-top-section elementor-element elementor-element-2b10550 elementor-section-height-min-height elementor-section-boxed elementor-section-height-default elementor-section-items-middle\" data-id=\"2b10550\" data-element_type=\"section\">\n\t\t\t\t\t\t<div class=\"elementor-container elementor-column-gap-default\">\n\t\t\t\t\t<div class=\"elementor-column elementor-col-100 elementor-top-column elementor-element elementor-element-aa2d051\" data-id=\"aa2d051\" data-element_type=\"column\">\n\t\t\t<div class=\"elementor-widget-wrap elementor-element-populated\">\n\t\t\t\t\t\t<div class=\"elementor-element elementor-element-ffe47c1 elementor-widget elementor-widget-text-editor\" data-id=\"ffe47c1\" data-element_type=\"widget\" data-widget_type=\"text-editor.default\">\n\t\t\t\t<div class=\"elementor-widget-container\">\n\t\t\t\t\t\t\t\t\t<p><strong>LIVRESQ LAB<\/strong> is a fundamental component in smart labs in upper secondary schools can be funded by the PNRR, included in the project on <strong>\"Equipping upper secondary schools, palaces and children's clubs with intelligent laboratories\".<\/strong><\/p><p>In terms of eligibility of expenditure, LIVRESQ LAB falls within the category of mandatory eligible activities under point 1.4.2 - the purchase of educational content that will cover areas of the school curriculum and educational software\/licensing that will ensure centralized distribution of learning materials on devices on the local area network (p. 9), communicates seamlessly with the 'mandatory common core', regardless of the technical specifications and vendors chosen, and can be integrated into the common core or categorized as 'e-learning platform', 'other software and equipment'\/'specific educational equipment'\/'specific equipment' (p. 12).<\/p><p>With its library, LIVRESQ LAB provides access to educational content covering a wide range of topics, subjects and programs specific to upper secondary schools, palaces and children's clubs. Smart lab users, teachers or students, can access content directly from any existing or newly purchased mobile device, tablet, laptop or internet-connected desktop computer.<\/p><p>LIVRESQ LAB is an educational software license that ensures the centralized distribution, in the local network, of teaching materials on any device ensuring the integration of hardware devices (interactive whiteboard, laptops, desktop computers, tablets) in the Smart LAB solution that works in this project as a multi-role software:<\/p><ul><li>educational content covering areas of the school curriculum.<br \/>educational software\/license providing centralized distribution of teaching materials on the local area network<\/li><li>digital authoring tool for the creation of interactive digital content (authoring tool) for the realization of digital materials\/courses according to international SCORM standards (compatibility with hundreds of platforms, insertion of interactive elements, images, videos, voice generation in Romanian and many more)<\/li><li>supports the promotion of effective, high-quality, inclusive digital education to create a high-performing digital education ecosystem (currently more than 4800 digital materials on various topics are accessible)<\/li><li>with the Livresq LAB platform, teachers\/educational designers can make the most of the opportunities it offers to change the way learning happens, so that effective education is available to all beneficiaries, securely, from any Smart device, anywhere<\/li><li>members of upper secondary schools, palaces and children's clubs (teachers and pupils) can develop their digital skills - creating educational content<\/li><li>Livresq LAB facilitates learning, new technology helps students see complex solutions to solve problems<\/li><li>The LIVRESQ LAB content editor (authoring tool) allows the creation of digital materials - educational content, courses and interactive lessons on any topic of interest for upper secondary schools, palaces and children's clubs, from how to use the technical equipment in the equipment, an educational robot, to how to work with a 3D printer, or how to program the behavior of a robot<\/li><li>lessons from the library, or created with LIVRESQ LAB allows all learning styles to be addressed, allowing everyone to work at their own pace<\/li><\/ul><p>LIVRESQ LAB contributes to the project's aim of inspiring an interest in science, technology, design and improves learning for Romanian students.<\/p><p>If your institution is implementing or needs help to implement digital solutions for education, please contact us directly at contact@livresq.com or via the form here: <a href=\"https:\/\/livresq.com\/ro\/contact\/\">https:\/\/livresq.com\/ro\/contact\/<\/a><\/p>\t\t\t\t\t\t\t\t<\/div>\n\t\t\t\t<\/div>\n\t\t\t\t\t<\/div>\n\t\t<\/div>\n\t\t\t\t\t<\/div>\n\t\t<\/section>\n\t\t\t\t<\/div>","protected":false},"excerpt":{"rendered":"<p>Dotarea cu laboratoare inteligente a unit\u0103\u021bilor de \u00eenv\u0103\u021b\u0103m\u00e2nt secundar superior, a palatelor \u0219i a cluburilor copiilor LIVRESQ LAB &#8211; component\u0103 fundamental\u0103 \u00een laboratorul inteligent LIVRESQ LAB este o component\u0103 fundamental\u0103 \u00een laboratoarele inteligente din unit\u0103\u021bile de \u00eenv\u0103\u021b\u0103m\u00e2nt secundar superior poate fi finan\u021bat\u0103 prin PNRR, inclus \u00een proiectul privind \u201cDotarea cu laboratoare inteligente a unit\u0103\u021bilor de [&hellip;]<\/p>\n","protected":false},"author":36627,"featured_media":280954,"parent":0,"menu_order":0,"comment_status":"closed","ping_status":"closed","template":"","meta":{"footnotes":""},"class_list":["post-280847","page","type-page","status-publish","has-post-thumbnail","hentry"],"yoast_head":"<!-- This site is optimized with the Yoast SEO plugin v27.2 - https:\/\/yoast.com\/product\/yoast-seo-wordpress\/ -->\n<title>PNRR - Dotarea cu laboratoare inteligente a unit\u0103\u021bilor de \u00eenv\u0103\u021b\u0103m\u00e2nt secundar superior - LIVRESQ<\/title>\n<meta name=\"robots\" content=\"index, follow, max-snippet:-1, max-image-preview:large, max-video-preview:-1\" \/>\n<link rel=\"canonical\" href=\"https:\/\/livresq.com\/en\/pnrr-booksq-lab\/\" \/>\n<meta property=\"og:locale\" content=\"en_US\" \/>\n<meta property=\"og:type\" content=\"article\" \/>\n<meta property=\"og:title\" content=\"PNRR - Dotarea cu laboratoare inteligente a unit\u0103\u021bilor de \u00eenv\u0103\u021b\u0103m\u00e2nt secundar superior - LIVRESQ\" \/>\n<meta property=\"og:description\" content=\"Dotarea cu laboratoare inteligente a unit\u0103\u021bilor de \u00eenv\u0103\u021b\u0103m\u00e2nt secundar superior, a palatelor \u0219i a cluburilor copiilor LIVRESQ LAB &#8211; component\u0103 fundamental\u0103 \u00een laboratorul inteligent LIVRESQ LAB este o component\u0103 fundamental\u0103 \u00een laboratoarele inteligente din unit\u0103\u021bile de \u00eenv\u0103\u021b\u0103m\u00e2nt secundar superior poate fi finan\u021bat\u0103 prin PNRR, inclus \u00een proiectul privind \u201cDotarea cu laboratoare inteligente a unit\u0103\u021bilor de [&hellip;]\" \/>\n<meta property=\"og:url\" content=\"https:\/\/livresq.com\/en\/pnrr-booksq-lab\/\" \/>\n<meta property=\"og:site_name\" content=\"LIVRESQ\" \/>\n<meta property=\"article:modified_time\" content=\"2023-02-17T08:42:11+00:00\" \/>\n<meta property=\"og:image\" content=\"https:\/\/i0.wp.com\/livresq.com\/wp-content\/uploads\/2023\/02\/20f73bab-8ca2-421a-ad83-d63f8c91c1bd.png?fit=600%2C314&ssl=1\" \/>\n\t<meta property=\"og:image:width\" content=\"600\" \/>\n\t<meta property=\"og:image:height\" content=\"314\" \/>\n\t<meta property=\"og:image:type\" content=\"image\/png\" \/>\n<meta name=\"twitter:card\" content=\"summary_large_image\" \/>\n<meta name=\"twitter:label1\" content=\"Est. reading time\" \/>\n\t<meta name=\"twitter:data1\" content=\"3 minutes\" \/>\n<script type=\"application\/ld+json\" class=\"yoast-schema-graph\">{\"@context\":\"https:\/\/schema.org\",\"@graph\":[{\"@type\":\"WebPage\",\"@id\":\"https:\/\/livresq.com\/pnrr-livresq-lab\/\",\"url\":\"https:\/\/livresq.com\/pnrr-livresq-lab\/\",\"name\":\"PNRR - Dotarea cu laboratoare inteligente a unit\u0103\u021bilor de \u00eenv\u0103\u021b\u0103m\u00e2nt secundar superior - LIVRESQ\",\"isPartOf\":{\"@id\":\"https:\/\/livresq.com\/en\/#website\"},\"primaryImageOfPage\":{\"@id\":\"https:\/\/livresq.com\/pnrr-livresq-lab\/#primaryimage\"},\"image\":{\"@id\":\"https:\/\/livresq.com\/pnrr-livresq-lab\/#primaryimage\"},\"thumbnailUrl\":\"https:\/\/i0.wp.com\/livresq.com\/wp-content\/uploads\/2023\/02\/20f73bab-8ca2-421a-ad83-d63f8c91c1bd.png?fit=600%2C314&ssl=1\",\"datePublished\":\"2023-02-16T13:36:19+00:00\",\"dateModified\":\"2023-02-17T08:42:11+00:00\",\"breadcrumb\":{\"@id\":\"https:\/\/livresq.com\/pnrr-livresq-lab\/#breadcrumb\"},\"inLanguage\":\"en-US\",\"potentialAction\":[{\"@type\":\"ReadAction\",\"target\":[\"https:\/\/livresq.com\/pnrr-livresq-lab\/\"]}]},{\"@type\":\"ImageObject\",\"inLanguage\":\"en-US\",\"@id\":\"https:\/\/livresq.com\/pnrr-livresq-lab\/#primaryimage\",\"url\":\"https:\/\/i0.wp.com\/livresq.com\/wp-content\/uploads\/2023\/02\/20f73bab-8ca2-421a-ad83-d63f8c91c1bd.png?fit=600%2C314&ssl=1\",\"contentUrl\":\"https:\/\/i0.wp.com\/livresq.com\/wp-content\/uploads\/2023\/02\/20f73bab-8ca2-421a-ad83-d63f8c91c1bd.png?fit=600%2C314&ssl=1\",\"width\":600,\"height\":314},{\"@type\":\"BreadcrumbList\",\"@id\":\"https:\/\/livresq.com\/pnrr-livresq-lab\/#breadcrumb\",\"itemListElement\":[{\"@type\":\"ListItem\",\"position\":1,\"name\":\"Prima pagin\u0103\",\"item\":\"https:\/\/livresq.com\/\"},{\"@type\":\"ListItem\",\"position\":2,\"name\":\"PNRR &#8211; Dotarea cu laboratoare inteligente a unit\u0103\u021bilor de \u00eenv\u0103\u021b\u0103m\u00e2nt secundar superior\"}]},{\"@type\":\"WebSite\",\"@id\":\"https:\/\/livresq.com\/en\/#website\",\"url\":\"https:\/\/livresq.com\/en\/\",\"name\":\"LIVRESQ\",\"description\":\"eLearning Authoring Tool\",\"publisher\":{\"@id\":\"https:\/\/livresq.com\/en\/#organization\"},\"potentialAction\":[{\"@type\":\"SearchAction\",\"target\":{\"@type\":\"EntryPoint\",\"urlTemplate\":\"https:\/\/livresq.com\/en\/?s={search_term_string}\"},\"query-input\":{\"@type\":\"PropertyValueSpecification\",\"valueRequired\":true,\"valueName\":\"search_term_string\"}}],\"inLanguage\":\"en-US\"},{\"@type\":\"Organization\",\"@id\":\"https:\/\/livresq.com\/en\/#organization\",\"name\":\"LIVRESQ - Authoring Tool\",\"url\":\"https:\/\/livresq.com\/en\/\",\"logo\":{\"@type\":\"ImageObject\",\"inLanguage\":\"en-US\",\"@id\":\"https:\/\/livresq.com\/en\/#\/schema\/logo\/image\/\",\"url\":\"https:\/\/i0.wp.com\/livresq.com\/wp-content\/uploads\/2019\/07\/cropped-Logo.png?fit=1054%2C575&ssl=1\",\"contentUrl\":\"https:\/\/i0.wp.com\/livresq.com\/wp-content\/uploads\/2019\/07\/cropped-Logo.png?fit=1054%2C575&ssl=1\",\"width\":1054,\"height\":575,\"caption\":\"LIVRESQ - Authoring Tool\"},\"image\":{\"@id\":\"https:\/\/livresq.com\/en\/#\/schema\/logo\/image\/\"}}]}<\/script>\n<!-- \/ Yoast SEO plugin. -->","yoast_head_json":{"title":"PNRR - Equipping upper secondary schools with intelligent laboratories - LIVRESQ","robots":{"index":"index","follow":"follow","max-snippet":"max-snippet:-1","max-image-preview":"max-image-preview:large","max-video-preview":"max-video-preview:-1"},"canonical":"https:\/\/livresq.com\/en\/pnrr-booksq-lab\/","og_locale":"en_US","og_type":"article","og_title":"PNRR - Dotarea cu laboratoare inteligente a unit\u0103\u021bilor de \u00eenv\u0103\u021b\u0103m\u00e2nt secundar superior - LIVRESQ","og_description":"Dotarea cu laboratoare inteligente a unit\u0103\u021bilor de \u00eenv\u0103\u021b\u0103m\u00e2nt secundar superior, a palatelor \u0219i a cluburilor copiilor LIVRESQ LAB &#8211; component\u0103 fundamental\u0103 \u00een laboratorul inteligent LIVRESQ LAB este o component\u0103 fundamental\u0103 \u00een laboratoarele inteligente din unit\u0103\u021bile de \u00eenv\u0103\u021b\u0103m\u00e2nt secundar superior poate fi finan\u021bat\u0103 prin PNRR, inclus \u00een proiectul privind \u201cDotarea cu laboratoare inteligente a unit\u0103\u021bilor de [&hellip;]","og_url":"https:\/\/livresq.com\/en\/pnrr-booksq-lab\/","og_site_name":"LIVRESQ","article_modified_time":"2023-02-17T08:42:11+00:00","og_image":[{"width":600,"height":314,"url":"https:\/\/i0.wp.com\/livresq.com\/wp-content\/uploads\/2023\/02\/20f73bab-8ca2-421a-ad83-d63f8c91c1bd.png?fit=600%2C314&ssl=1","type":"image\/png"}],"twitter_card":"summary_large_image","twitter_misc":{"Est. reading time":"3 minutes"},"schema":{"@context":"https:\/\/schema.org","@graph":[{"@type":"WebPage","@id":"https:\/\/livresq.com\/pnrr-livresq-lab\/","url":"https:\/\/livresq.com\/pnrr-livresq-lab\/","name":"PNRR - Equipping upper secondary schools with intelligent laboratories - LIVRESQ","isPartOf":{"@id":"https:\/\/livresq.com\/en\/#website"},"primaryImageOfPage":{"@id":"https:\/\/livresq.com\/pnrr-livresq-lab\/#primaryimage"},"image":{"@id":"https:\/\/livresq.com\/pnrr-livresq-lab\/#primaryimage"},"thumbnailUrl":"https:\/\/i0.wp.com\/livresq.com\/wp-content\/uploads\/2023\/02\/20f73bab-8ca2-421a-ad83-d63f8c91c1bd.png?fit=600%2C314&ssl=1","datePublished":"2023-02-16T13:36:19+00:00","dateModified":"2023-02-17T08:42:11+00:00","breadcrumb":{"@id":"https:\/\/livresq.com\/pnrr-livresq-lab\/#breadcrumb"},"inLanguage":"en-US","potentialAction":[{"@type":"ReadAction","target":["https:\/\/livresq.com\/pnrr-livresq-lab\/"]}]},{"@type":"ImageObject","inLanguage":"en-US","@id":"https:\/\/livresq.com\/pnrr-livresq-lab\/#primaryimage","url":"https:\/\/i0.wp.com\/livresq.com\/wp-content\/uploads\/2023\/02\/20f73bab-8ca2-421a-ad83-d63f8c91c1bd.png?fit=600%2C314&ssl=1","contentUrl":"https:\/\/i0.wp.com\/livresq.com\/wp-content\/uploads\/2023\/02\/20f73bab-8ca2-421a-ad83-d63f8c91c1bd.png?fit=600%2C314&ssl=1","width":600,"height":314},{"@type":"BreadcrumbList","@id":"https:\/\/livresq.com\/pnrr-livresq-lab\/#breadcrumb","itemListElement":[{"@type":"ListItem","position":1,"name":"Prima pagin\u0103","item":"https:\/\/livresq.com\/"},{"@type":"ListItem","position":2,"name":"PNRR &#8211; Dotarea cu laboratoare inteligente a unit\u0103\u021bilor de \u00eenv\u0103\u021b\u0103m\u00e2nt secundar superior"}]},{"@type":"WebSite","@id":"https:\/\/livresq.com\/en\/#website","url":"https:\/\/livresq.com\/en\/","name":"LIVRESQ","description":"eLearning Authoring Tool","publisher":{"@id":"https:\/\/livresq.com\/en\/#organization"},"potentialAction":[{"@type":"SearchAction","target":{"@type":"EntryPoint","urlTemplate":"https:\/\/livresq.com\/en\/?s={search_term_string}"},"query-input":{"@type":"PropertyValueSpecification","valueRequired":true,"valueName":"search_term_string"}}],"inLanguage":"en-US"},{"@type":"Organization","@id":"https:\/\/livresq.com\/en\/#organization","name":"LIVRESQ - Authoring Tool","url":"https:\/\/livresq.com\/en\/","logo":{"@type":"ImageObject","inLanguage":"en-US","@id":"https:\/\/livresq.com\/en\/#\/schema\/logo\/image\/","url":"https:\/\/i0.wp.com\/livresq.com\/wp-content\/uploads\/2019\/07\/cropped-Logo.png?fit=1054%2C575&ssl=1","contentUrl":"https:\/\/i0.wp.com\/livresq.com\/wp-content\/uploads\/2019\/07\/cropped-Logo.png?fit=1054%2C575&ssl=1","width":1054,"height":575,"caption":"LIVRESQ - Authoring Tool"},"image":{"@id":"https:\/\/livresq.com\/en\/#\/schema\/logo\/image\/"}}]}},"_links":{"self":[{"href":"https:\/\/livresq.com\/en\/wp-json\/wp\/v2\/pages\/280847","targetHints":{"allow":["GET"]}}],"collection":[{"href":"https:\/\/livresq.com\/en\/wp-json\/wp\/v2\/pages"}],"about":[{"href":"https:\/\/livresq.com\/en\/wp-json\/wp\/v2\/types\/page"}],"author":[{"embeddable":true,"href":"https:\/\/livresq.com\/en\/wp-json\/wp\/v2\/users\/36627"}],"replies":[{"embeddable":true,"href":"https:\/\/livresq.com\/en\/wp-json\/wp\/v2\/comments?post=280847"}],"version-history":[{"count":6,"href":"https:\/\/livresq.com\/en\/wp-json\/wp\/v2\/pages\/280847\/revisions"}],"predecessor-version":[{"id":280961,"href":"https:\/\/livresq.com\/en\/wp-json\/wp\/v2\/pages\/280847\/revisions\/280961"}],"wp:featuredmedia":[{"embeddable":true,"href":"https:\/\/livresq.com\/en\/wp-json\/wp\/v2\/media\/280954"}],"wp:attachment":[{"href":"https:\/\/livresq.com\/en\/wp-json\/wp\/v2\/media?parent=280847"}],"curies":[{"name":"wp","href":"https:\/\/api.w.org\/{rel}","templated":true}]}}