



{"id":280860,"date":"2023-02-16T16:26:10","date_gmt":"2023-02-16T14:26:10","guid":{"rendered":"https:\/\/livresq.com\/?page_id=280860"},"modified":"2023-02-17T10:43:31","modified_gmt":"2023-02-17T08:43:31","slug":"pnrr-booksq-digital-media-lab","status":"publish","type":"page","link":"https:\/\/livresq.com\/en\/pnrr-livresq-digital-media-lab\/","title":{"rendered":"PNRR - LIVRESQ Digital Media Lab"},"content":{"rendered":"<div data-elementor-type=\"wp-page\" data-elementor-id=\"280860\" class=\"elementor elementor-280860\" data-elementor-post-type=\"page\">\n\t\t\t\t\t\t<section class=\"elementor-section elementor-top-section elementor-element elementor-element-66910ef elementor-section-boxed elementor-section-height-default elementor-section-height-default\" data-id=\"66910ef\" data-element_type=\"section\">\n\t\t\t\t\t\t<div class=\"elementor-container elementor-column-gap-default\">\n\t\t\t\t\t<div class=\"elementor-column elementor-col-100 elementor-top-column elementor-element elementor-element-8cb78aa\" data-id=\"8cb78aa\" data-element_type=\"column\">\n\t\t\t<div class=\"elementor-widget-wrap elementor-element-populated\">\n\t\t\t\t\t\t<div class=\"elementor-element elementor-element-363343b elementor-widget elementor-widget-spacer\" data-id=\"363343b\" data-element_type=\"widget\" data-widget_type=\"spacer.default\">\n\t\t\t\t<div class=\"elementor-widget-container\">\n\t\t\t\t\t\t\t<div class=\"elementor-spacer\">\n\t\t\t<div class=\"elementor-spacer-inner\"><\/div>\n\t\t<\/div>\n\t\t\t\t\t\t<\/div>\n\t\t\t\t<\/div>\n\t\t\t\t<div class=\"elementor-element elementor-element-1c934b4 elementor-widget elementor-widget-heading\" data-id=\"1c934b4\" data-element_type=\"widget\" data-settings=\"{&quot;_animation&quot;:&quot;none&quot;}\" data-widget_type=\"heading.default\">\n\t\t\t\t<div class=\"elementor-widget-container\">\n\t\t\t\t\t<h1 class=\"elementor-heading-title elementor-size-large\">Funding libraries to become hubs for digital skills development<\/h1>\t\t\t\t<\/div>\n\t\t\t\t<\/div>\n\t\t\t\t<div class=\"elementor-element elementor-element-ca54b1c elementor-widget elementor-widget-heading\" data-id=\"ca54b1c\" data-element_type=\"widget\" data-widget_type=\"heading.default\">\n\t\t\t\t<div class=\"elementor-widget-container\">\n\t\t\t\t\t<h2 class=\"elementor-heading-title elementor-size-default\">LIVRESQ Digital Media Lab - fundamental component in hubs for digital competence development<\/h2>\t\t\t\t<\/div>\n\t\t\t\t<\/div>\n\t\t\t\t\t<\/div>\n\t\t<\/div>\n\t\t\t\t\t<\/div>\n\t\t<\/section>\n\t\t\t\t<section class=\"elementor-section elementor-top-section elementor-element elementor-element-5247ad2 elementor-section-height-min-height elementor-section-boxed elementor-section-height-default elementor-section-items-middle\" data-id=\"5247ad2\" data-element_type=\"section\">\n\t\t\t\t\t\t<div class=\"elementor-container elementor-column-gap-default\">\n\t\t\t\t\t<div class=\"elementor-column elementor-col-100 elementor-top-column elementor-element elementor-element-a8bea5e\" data-id=\"a8bea5e\" data-element_type=\"column\">\n\t\t\t<div class=\"elementor-widget-wrap elementor-element-populated\">\n\t\t\t\t\t\t<div class=\"elementor-element elementor-element-1c07ddc elementor-widget elementor-widget-text-editor\" data-id=\"1c07ddc\" data-element_type=\"widget\" data-widget_type=\"text-editor.default\">\n\t\t\t\t<div class=\"elementor-widget-container\">\n\t\t\t\t\t\t\t\t\t<p><strong>LIVRESQ Digital Media Lab<\/strong> can be included in the I17 INVESTMENT project <strong>\"Funding libraries to become hubs for digital skills development\"<\/strong>. The offer is fully in line with the Guidelines for Applicants for the project under COMPONENT 7 - Digital Transformation, Operation D - Digital Competences, Human Capital and Internet use.<\/p><p>In terms of eligibility of expenditure, according to the guidelines (page 21-22), the proposed solution falls into the recommended expenditure category (minimum 25%) and is part of chapter 4. Expenses for the purchase of services, licenses and software applications\/programs\/solutions.<\/p><p>With the LIVRESQ Digital Media Lab, a library will become a hub for digital skills development if it has at least one computer connected to the internet, and offers citizens the opportunity to create intellectual materials using resources such as computers\/laptops, including serving as an audio and video editing tool. Thus, a space in the library will be designed to allow community members to experiment with technologies or activities that they could not previously access.<\/p><p>The Hub will inspire an interest in science, technology, design and lifelong learning for people in the library's surrounding community thanks to:<\/p><ul><li>Access to the LIVRESQ library (the space where courses and materials are available) where users will learn about technologies such as 3D printers and\/or create their own courses on: sewing machines, gluing machines, coding machines, robotics and wood carving machines, and will be made available for free exploration\/exploitation.<\/li><li>Existence of training sessions for librarians and ordinary citizens in the use of LIVRESQ, thus ensuring that citizens are used and engaged in a meaningful way to create, explore and experiment with digital technologies and materials. All members of the community can get involved as local experts, facilitators and learners to create interactive materials - courses, IT materials, seminars, procedures, instructions (e.g.: the procedure for selective collection at local level, how to pay your tax, how to use a sewing machine, how to use a wood carving machine, etc.).<\/li><\/ul><p>Some of the benefits of using<strong> LIVRESQ - Digital Media Lab:<\/strong><\/p><ul><li>LIVRESQ contains a wide range of content creation tools;<br \/>It can be used to create materials\/courses in which citizens of all ages learn to use software and therefore can create educational materials\/content to solve real problems;<\/li><li>LIVRESQ-created materials held in the LIVRESQ Library can be delivered electronically, and can be an extension of the libraries' presence in areas where they could not traditionally reach;<\/li><li>English, French, Hungarian and other language lessons can be accessed in the LIVRESQ library, serving the purpose of providing \"Language learning services using digital media, such as audio books\" and interactive e-learning;<\/li><li>LIVRESQ will ensure closer coordination with local schools by offering a wide range of digital services - content creation and the possibility to access information\/lessons - including Ministry of Education approved lessons, directly from the LIVRESQ Library;<\/li><li>LIVRESQ enables the provision of opportunities for individuals to hone skills that are not typically available in the classroom or lecture room, through close collaboration with schools and teachers. Schools and teachers can create and use educational materials for any category of learners to upgrade skills.<\/li><\/ul><p>\u00a0<\/p><p><strong>LIVRESQ Digital Media Lab<\/strong> contributes to the project's aim of inspiring an interest in science, technology, design and lifelong learning for people in the library community.<\/p><p>In addition, with the help of LIVRESQ, the hubs will enable minorities, women, or people with disabilities to engage in technology and areas they may not have previously considered (creating educational content, interactive materials - in any language, aided by AI virtual assistants, able to turn text into audio (voice from text typed from a keyboard) in any language of international circulation.<\/p><p>If your institution is implementing or needs help to implement digital solutions for education, please contact us directly at contact@livresq.com or via the form here: <a href=\"https:\/\/livresq.com\/ro\/contact\/\">https:\/\/livresq.com\/ro\/contact\/<\/a><\/p>\t\t\t\t\t\t\t\t<\/div>\n\t\t\t\t<\/div>\n\t\t\t\t\t<\/div>\n\t\t<\/div>\n\t\t\t\t\t<\/div>\n\t\t<\/section>\n\t\t\t\t<\/div>","protected":false},"excerpt":{"rendered":"<p>Finan\u021barea bibliotecilor pentru a deveni hub-uri de dezvoltare a competen\u021belor digitale LIVRESQ Digital Media Lab &#8211; component\u0103 fundamental\u0103 \u00een hub-uri de dezvoltare a competen\u021belor digitale LIVRESQ Digital Media Lab poate fi inclus \u00een proiectul privind INVESTI\u021aIA I17 \u201cFinan\u021barea bibliotecilor pentru a deveni hub-uri de dezvoltare a competen\u021belor digitale\u201d. Oferta este \u00een concordan\u021b\u0103 deplin\u0103 cu Ghidul [&hellip;]<\/p>\n","protected":false},"author":36627,"featured_media":280953,"parent":0,"menu_order":0,"comment_status":"closed","ping_status":"closed","template":"","meta":{"footnotes":""},"class_list":["post-280860","page","type-page","status-publish","has-post-thumbnail","hentry"],"yoast_head":"<!-- This site is optimized with the Yoast SEO plugin v27.2 - https:\/\/yoast.com\/product\/yoast-seo-wordpress\/ -->\n<title>PNRR - LIVRESQ Digital Media Lab - LIVRESQ<\/title>\n<meta name=\"robots\" content=\"index, follow, max-snippet:-1, max-image-preview:large, max-video-preview:-1\" \/>\n<link rel=\"canonical\" href=\"https:\/\/livresq.com\/en\/pnrr-booksq-digital-media-lab\/\" \/>\n<meta property=\"og:locale\" content=\"en_US\" \/>\n<meta property=\"og:type\" content=\"article\" \/>\n<meta property=\"og:title\" content=\"PNRR - LIVRESQ Digital Media Lab - LIVRESQ\" \/>\n<meta property=\"og:description\" content=\"Finan\u021barea bibliotecilor pentru a deveni hub-uri de dezvoltare a competen\u021belor digitale LIVRESQ Digital Media Lab &#8211; component\u0103 fundamental\u0103 \u00een hub-uri de dezvoltare a competen\u021belor digitale LIVRESQ Digital Media Lab poate fi inclus \u00een proiectul privind INVESTI\u021aIA I17 \u201cFinan\u021barea bibliotecilor pentru a deveni hub-uri de dezvoltare a competen\u021belor digitale\u201d. Oferta este \u00een concordan\u021b\u0103 deplin\u0103 cu Ghidul [&hellip;]\" \/>\n<meta property=\"og:url\" content=\"https:\/\/livresq.com\/en\/pnrr-booksq-digital-media-lab\/\" \/>\n<meta property=\"og:site_name\" content=\"LIVRESQ\" \/>\n<meta property=\"article:modified_time\" content=\"2023-02-17T08:43:31+00:00\" \/>\n<meta property=\"og:image\" content=\"https:\/\/i0.wp.com\/livresq.com\/wp-content\/uploads\/2023\/02\/e299e715-7761-4a4e-ad36-ebcc4dee70c8.png?fit=600%2C314&ssl=1\" \/>\n\t<meta property=\"og:image:width\" content=\"600\" \/>\n\t<meta property=\"og:image:height\" content=\"314\" \/>\n\t<meta property=\"og:image:type\" content=\"image\/png\" \/>\n<meta name=\"twitter:card\" content=\"summary_large_image\" \/>\n<meta name=\"twitter:label1\" content=\"Est. reading time\" \/>\n\t<meta name=\"twitter:data1\" content=\"3 minutes\" \/>\n<script type=\"application\/ld+json\" class=\"yoast-schema-graph\">{\"@context\":\"https:\/\/schema.org\",\"@graph\":[{\"@type\":\"WebPage\",\"@id\":\"https:\/\/livresq.com\/pnrr-livresq-digital-media-lab\/\",\"url\":\"https:\/\/livresq.com\/pnrr-livresq-digital-media-lab\/\",\"name\":\"PNRR - LIVRESQ Digital Media Lab - LIVRESQ\",\"isPartOf\":{\"@id\":\"https:\/\/livresq.com\/en\/#website\"},\"primaryImageOfPage\":{\"@id\":\"https:\/\/livresq.com\/pnrr-livresq-digital-media-lab\/#primaryimage\"},\"image\":{\"@id\":\"https:\/\/livresq.com\/pnrr-livresq-digital-media-lab\/#primaryimage\"},\"thumbnailUrl\":\"https:\/\/i0.wp.com\/livresq.com\/wp-content\/uploads\/2023\/02\/e299e715-7761-4a4e-ad36-ebcc4dee70c8.png?fit=600%2C314&ssl=1\",\"datePublished\":\"2023-02-16T14:26:10+00:00\",\"dateModified\":\"2023-02-17T08:43:31+00:00\",\"breadcrumb\":{\"@id\":\"https:\/\/livresq.com\/pnrr-livresq-digital-media-lab\/#breadcrumb\"},\"inLanguage\":\"en-US\",\"potentialAction\":[{\"@type\":\"ReadAction\",\"target\":[\"https:\/\/livresq.com\/pnrr-livresq-digital-media-lab\/\"]}]},{\"@type\":\"ImageObject\",\"inLanguage\":\"en-US\",\"@id\":\"https:\/\/livresq.com\/pnrr-livresq-digital-media-lab\/#primaryimage\",\"url\":\"https:\/\/i0.wp.com\/livresq.com\/wp-content\/uploads\/2023\/02\/e299e715-7761-4a4e-ad36-ebcc4dee70c8.png?fit=600%2C314&ssl=1\",\"contentUrl\":\"https:\/\/i0.wp.com\/livresq.com\/wp-content\/uploads\/2023\/02\/e299e715-7761-4a4e-ad36-ebcc4dee70c8.png?fit=600%2C314&ssl=1\",\"width\":600,\"height\":314},{\"@type\":\"BreadcrumbList\",\"@id\":\"https:\/\/livresq.com\/pnrr-livresq-digital-media-lab\/#breadcrumb\",\"itemListElement\":[{\"@type\":\"ListItem\",\"position\":1,\"name\":\"Prima pagin\u0103\",\"item\":\"https:\/\/livresq.com\/\"},{\"@type\":\"ListItem\",\"position\":2,\"name\":\"PNRR &#8211; LIVRESQ Digital Media Lab\"}]},{\"@type\":\"WebSite\",\"@id\":\"https:\/\/livresq.com\/en\/#website\",\"url\":\"https:\/\/livresq.com\/en\/\",\"name\":\"LIVRESQ\",\"description\":\"eLearning Authoring Tool\",\"publisher\":{\"@id\":\"https:\/\/livresq.com\/en\/#organization\"},\"potentialAction\":[{\"@type\":\"SearchAction\",\"target\":{\"@type\":\"EntryPoint\",\"urlTemplate\":\"https:\/\/livresq.com\/en\/?s={search_term_string}\"},\"query-input\":{\"@type\":\"PropertyValueSpecification\",\"valueRequired\":true,\"valueName\":\"search_term_string\"}}],\"inLanguage\":\"en-US\"},{\"@type\":\"Organization\",\"@id\":\"https:\/\/livresq.com\/en\/#organization\",\"name\":\"LIVRESQ - Authoring Tool\",\"url\":\"https:\/\/livresq.com\/en\/\",\"logo\":{\"@type\":\"ImageObject\",\"inLanguage\":\"en-US\",\"@id\":\"https:\/\/livresq.com\/en\/#\/schema\/logo\/image\/\",\"url\":\"https:\/\/i0.wp.com\/livresq.com\/wp-content\/uploads\/2019\/07\/cropped-Logo.png?fit=1054%2C575&ssl=1\",\"contentUrl\":\"https:\/\/i0.wp.com\/livresq.com\/wp-content\/uploads\/2019\/07\/cropped-Logo.png?fit=1054%2C575&ssl=1\",\"width\":1054,\"height\":575,\"caption\":\"LIVRESQ - Authoring Tool\"},\"image\":{\"@id\":\"https:\/\/livresq.com\/en\/#\/schema\/logo\/image\/\"}}]}<\/script>\n<!-- \/ Yoast SEO plugin. -->","yoast_head_json":{"title":"PNRR - LIVRESQ Digital Media Lab - LIVRESQ","robots":{"index":"index","follow":"follow","max-snippet":"max-snippet:-1","max-image-preview":"max-image-preview:large","max-video-preview":"max-video-preview:-1"},"canonical":"https:\/\/livresq.com\/en\/pnrr-booksq-digital-media-lab\/","og_locale":"en_US","og_type":"article","og_title":"PNRR - LIVRESQ Digital Media Lab - LIVRESQ","og_description":"Finan\u021barea bibliotecilor pentru a deveni hub-uri de dezvoltare a competen\u021belor digitale LIVRESQ Digital Media Lab &#8211; component\u0103 fundamental\u0103 \u00een hub-uri de dezvoltare a competen\u021belor digitale LIVRESQ Digital Media Lab poate fi inclus \u00een proiectul privind INVESTI\u021aIA I17 \u201cFinan\u021barea bibliotecilor pentru a deveni hub-uri de dezvoltare a competen\u021belor digitale\u201d. Oferta este \u00een concordan\u021b\u0103 deplin\u0103 cu Ghidul [&hellip;]","og_url":"https:\/\/livresq.com\/en\/pnrr-booksq-digital-media-lab\/","og_site_name":"LIVRESQ","article_modified_time":"2023-02-17T08:43:31+00:00","og_image":[{"width":600,"height":314,"url":"https:\/\/i0.wp.com\/livresq.com\/wp-content\/uploads\/2023\/02\/e299e715-7761-4a4e-ad36-ebcc4dee70c8.png?fit=600%2C314&ssl=1","type":"image\/png"}],"twitter_card":"summary_large_image","twitter_misc":{"Est. reading time":"3 minutes"},"schema":{"@context":"https:\/\/schema.org","@graph":[{"@type":"WebPage","@id":"https:\/\/livresq.com\/pnrr-livresq-digital-media-lab\/","url":"https:\/\/livresq.com\/pnrr-livresq-digital-media-lab\/","name":"PNRR - LIVRESQ Digital Media Lab - LIVRESQ","isPartOf":{"@id":"https:\/\/livresq.com\/en\/#website"},"primaryImageOfPage":{"@id":"https:\/\/livresq.com\/pnrr-livresq-digital-media-lab\/#primaryimage"},"image":{"@id":"https:\/\/livresq.com\/pnrr-livresq-digital-media-lab\/#primaryimage"},"thumbnailUrl":"https:\/\/i0.wp.com\/livresq.com\/wp-content\/uploads\/2023\/02\/e299e715-7761-4a4e-ad36-ebcc4dee70c8.png?fit=600%2C314&ssl=1","datePublished":"2023-02-16T14:26:10+00:00","dateModified":"2023-02-17T08:43:31+00:00","breadcrumb":{"@id":"https:\/\/livresq.com\/pnrr-livresq-digital-media-lab\/#breadcrumb"},"inLanguage":"en-US","potentialAction":[{"@type":"ReadAction","target":["https:\/\/livresq.com\/pnrr-livresq-digital-media-lab\/"]}]},{"@type":"ImageObject","inLanguage":"en-US","@id":"https:\/\/livresq.com\/pnrr-livresq-digital-media-lab\/#primaryimage","url":"https:\/\/i0.wp.com\/livresq.com\/wp-content\/uploads\/2023\/02\/e299e715-7761-4a4e-ad36-ebcc4dee70c8.png?fit=600%2C314&ssl=1","contentUrl":"https:\/\/i0.wp.com\/livresq.com\/wp-content\/uploads\/2023\/02\/e299e715-7761-4a4e-ad36-ebcc4dee70c8.png?fit=600%2C314&ssl=1","width":600,"height":314},{"@type":"BreadcrumbList","@id":"https:\/\/livresq.com\/pnrr-livresq-digital-media-lab\/#breadcrumb","itemListElement":[{"@type":"ListItem","position":1,"name":"Prima pagin\u0103","item":"https:\/\/livresq.com\/"},{"@type":"ListItem","position":2,"name":"PNRR &#8211; LIVRESQ Digital Media Lab"}]},{"@type":"WebSite","@id":"https:\/\/livresq.com\/en\/#website","url":"https:\/\/livresq.com\/en\/","name":"LIVRESQ","description":"eLearning Authoring Tool","publisher":{"@id":"https:\/\/livresq.com\/en\/#organization"},"potentialAction":[{"@type":"SearchAction","target":{"@type":"EntryPoint","urlTemplate":"https:\/\/livresq.com\/en\/?s={search_term_string}"},"query-input":{"@type":"PropertyValueSpecification","valueRequired":true,"valueName":"search_term_string"}}],"inLanguage":"en-US"},{"@type":"Organization","@id":"https:\/\/livresq.com\/en\/#organization","name":"LIVRESQ - Authoring Tool","url":"https:\/\/livresq.com\/en\/","logo":{"@type":"ImageObject","inLanguage":"en-US","@id":"https:\/\/livresq.com\/en\/#\/schema\/logo\/image\/","url":"https:\/\/i0.wp.com\/livresq.com\/wp-content\/uploads\/2019\/07\/cropped-Logo.png?fit=1054%2C575&ssl=1","contentUrl":"https:\/\/i0.wp.com\/livresq.com\/wp-content\/uploads\/2019\/07\/cropped-Logo.png?fit=1054%2C575&ssl=1","width":1054,"height":575,"caption":"LIVRESQ - Authoring Tool"},"image":{"@id":"https:\/\/livresq.com\/en\/#\/schema\/logo\/image\/"}}]}},"_links":{"self":[{"href":"https:\/\/livresq.com\/en\/wp-json\/wp\/v2\/pages\/280860","targetHints":{"allow":["GET"]}}],"collection":[{"href":"https:\/\/livresq.com\/en\/wp-json\/wp\/v2\/pages"}],"about":[{"href":"https:\/\/livresq.com\/en\/wp-json\/wp\/v2\/types\/page"}],"author":[{"embeddable":true,"href":"https:\/\/livresq.com\/en\/wp-json\/wp\/v2\/users\/36627"}],"replies":[{"embeddable":true,"href":"https:\/\/livresq.com\/en\/wp-json\/wp\/v2\/comments?post=280860"}],"version-history":[{"count":6,"href":"https:\/\/livresq.com\/en\/wp-json\/wp\/v2\/pages\/280860\/revisions"}],"predecessor-version":[{"id":280964,"href":"https:\/\/livresq.com\/en\/wp-json\/wp\/v2\/pages\/280860\/revisions\/280964"}],"wp:featuredmedia":[{"embeddable":true,"href":"https:\/\/livresq.com\/en\/wp-json\/wp\/v2\/media\/280953"}],"wp:attachment":[{"href":"https:\/\/livresq.com\/en\/wp-json\/wp\/v2\/media?parent=280860"}],"curies":[{"name":"wp","href":"https:\/\/api.w.org\/{rel}","templated":true}]}}