



{"id":280847,"date":"2023-02-16T15:36:19","date_gmt":"2023-02-16T13:36:19","guid":{"rendered":"https:\/\/livresq.com\/?page_id=280847"},"modified":"2023-02-17T10:42:11","modified_gmt":"2023-02-17T08:42:11","slug":"pnrr-librosq-laboratorio","status":"publish","type":"page","link":"https:\/\/livresq.com\/es\/pnrr-livresq-lab\/","title":{"rendered":"NRRP - Equipar los centros de secundaria superior con laboratorios inteligentes"},"content":{"rendered":"<div data-elementor-type=\"wp-page\" data-elementor-id=\"280847\" class=\"elementor elementor-280847\" data-elementor-post-type=\"page\">\n\t\t\t\t\t\t<section class=\"elementor-section elementor-top-section elementor-element elementor-element-ec40d0f elementor-section-boxed elementor-section-height-default elementor-section-height-default\" data-id=\"ec40d0f\" data-element_type=\"section\">\n\t\t\t\t\t\t<div class=\"elementor-container elementor-column-gap-default\">\n\t\t\t\t\t<div class=\"elementor-column elementor-col-100 elementor-top-column elementor-element elementor-element-ae17758\" data-id=\"ae17758\" data-element_type=\"column\">\n\t\t\t<div class=\"elementor-widget-wrap elementor-element-populated\">\n\t\t\t\t\t\t<div class=\"elementor-element elementor-element-7561e33 elementor-widget elementor-widget-spacer\" data-id=\"7561e33\" data-element_type=\"widget\" data-widget_type=\"spacer.default\">\n\t\t\t\t<div class=\"elementor-widget-container\">\n\t\t\t\t\t\t\t<div class=\"elementor-spacer\">\n\t\t\t<div class=\"elementor-spacer-inner\"><\/div>\n\t\t<\/div>\n\t\t\t\t\t\t<\/div>\n\t\t\t\t<\/div>\n\t\t\t\t<div class=\"elementor-element elementor-element-4a04b12 elementor-widget elementor-widget-heading\" data-id=\"4a04b12\" data-element_type=\"widget\" data-settings=\"{&quot;_animation&quot;:&quot;none&quot;}\" data-widget_type=\"heading.default\">\n\t\t\t\t<div class=\"elementor-widget-container\">\n\t\t\t\t\t<h1 class=\"elementor-heading-title elementor-size-large\">Equipar las escuelas de secundaria superior, los palacios y los clubes infantiles con laboratorios inteligentes<\/h1>\t\t\t\t<\/div>\n\t\t\t\t<\/div>\n\t\t\t\t<div class=\"elementor-element elementor-element-a0c7993 elementor-widget elementor-widget-heading\" data-id=\"a0c7993\" data-element_type=\"widget\" data-widget_type=\"heading.default\">\n\t\t\t\t<div class=\"elementor-widget-container\">\n\t\t\t\t\t<h2 class=\"elementor-heading-title elementor-size-default\">LIVRESQ LAB - componente fundamental en el laboratorio inteligente<\/h2>\t\t\t\t<\/div>\n\t\t\t\t<\/div>\n\t\t\t\t\t<\/div>\n\t\t<\/div>\n\t\t\t\t\t<\/div>\n\t\t<\/section>\n\t\t\t\t<section class=\"elementor-section elementor-top-section elementor-element elementor-element-2b10550 elementor-section-height-min-height elementor-section-boxed elementor-section-height-default elementor-section-items-middle\" data-id=\"2b10550\" data-element_type=\"section\">\n\t\t\t\t\t\t<div class=\"elementor-container elementor-column-gap-default\">\n\t\t\t\t\t<div class=\"elementor-column elementor-col-100 elementor-top-column elementor-element elementor-element-aa2d051\" data-id=\"aa2d051\" data-element_type=\"column\">\n\t\t\t<div class=\"elementor-widget-wrap elementor-element-populated\">\n\t\t\t\t\t\t<div class=\"elementor-element elementor-element-ffe47c1 elementor-widget elementor-widget-text-editor\" data-id=\"ffe47c1\" data-element_type=\"widget\" data-widget_type=\"text-editor.default\">\n\t\t\t\t<div class=\"elementor-widget-container\">\n\t\t\t\t\t\t\t\t\t<p><strong>LIVRESQ LAB<\/strong> es un componente fundamental en los laboratorios inteligentes de los centros de ense\u00f1anza secundaria superior puede ser financiado por el PNRR, incluido en el proyecto sobre <strong>\"Equipar las escuelas de secundaria superior, los palacios y los clubes infantiles con laboratorios inteligentes\".<\/strong><\/p><p>Por lo que se refiere a la subvencionabilidad de los gastos, LIVRESQ LAB entra en la categor\u00eda de actividades subvencionables obligatorias del punto 1.4.2 - la compra de contenidos educativos que cubrir\u00e1n \u00e1reas del programa escolar y de software educativo\/licencias que garantizar\u00e1n la distribuci\u00f3n centralizada de materiales de aprendizaje en dispositivos de la red de \u00e1rea local (p. 9), se comunica perfectamente con el \"tronco com\u00fan obligatorio\", independientemente de las especificaciones t\u00e9cnicas y los proveedores elegidos, y puede integrarse en el tronco com\u00fan o clasificarse como \"plataforma de aprendizaje electr\u00f3nico\", \"otros programas inform\u00e1ticos y equipos\"\/\"equipos educativos espec\u00edficos\"\/\"equipos espec\u00edficos\" (p. 12).<\/p><p>Con su biblioteca, LIVRESQ LAB proporciona acceso a contenidos educativos que abarcan una amplia gama de temas, asignaturas y programas espec\u00edficos para centros de ense\u00f1anza secundaria superior, palacios y clubes infantiles. Los usuarios de Smart Lab, profesores o alumnos, pueden acceder a los contenidos directamente desde cualquier dispositivo m\u00f3vil, tableta, ordenador port\u00e1til o de sobremesa conectado a internet, ya sea existente o de nueva adquisici\u00f3n.<\/p><p>LIVRESQ LAB es una licencia de software educativo que garantiza la distribuci\u00f3n centralizada, en la red local, de materiales did\u00e1cticos en cualquier dispositivo, asegurando la integraci\u00f3n de dispositivos hardware (pizarras interactivas, ordenadores port\u00e1tiles, ordenadores de sobremesa, tabletas) en la soluci\u00f3n Smart LAB, que funciona en este proyecto como un software multi-rol:<\/p><ul><li>contenidos educativos que abarcan \u00e1reas del curr\u00edculo escolar.<br \/>software educativo\/licencia que permite la distribuci\u00f3n centralizada de material did\u00e1ctico en la red de \u00e1rea local<\/li><li>herramienta de autor\u00eda digital para la creaci\u00f3n de contenidos digitales interactivos (herramienta de autor\u00eda) para la realizaci\u00f3n de materiales\/cursos digitales seg\u00fan las normas internacionales SCORM (compatibilidad con cientos de plataformas, inserci\u00f3n de elementos interactivos, im\u00e1genes, v\u00eddeos, generaci\u00f3n de voz en rumano y muchos otros)<\/li><li>apoya la promoci\u00f3n de una educaci\u00f3n digital eficaz, inclusiva y de alta calidad con el objetivo de crear un ecosistema educativo digital de alto rendimiento (actualmente hay m\u00e1s de 4800 materiales digitales accesibles sobre diversos temas)<\/li><li>con la plataforma Livresq LAB, los profesores\/dise\u00f1adores educativos pueden aprovechar al m\u00e1ximo las oportunidades que ofrece para cambiar la forma en que tiene lugar el aprendizaje, de modo que la educaci\u00f3n eficaz est\u00e9 disponible para todos los beneficiarios, de forma segura, desde cualquier dispositivo inteligente y en cualquier lugar<\/li><li>los miembros de centros de ense\u00f1anza secundaria superior, palacios y clubes infantiles (profesores y alumnos) pueden desarrollar sus competencias digitales: crear contenidos educativos<\/li><li>Livresq LAB facilita el proceso de aprendizaje, la nueva tecnolog\u00eda ayuda a los estudiantes a ver soluciones complejas para resolver problemas<\/li><li>El editor de contenidos LIVRESQ LAB (herramienta de autor\u00eda) permite crear materiales digitales: contenidos educativos, cursos interactivos y lecciones sobre cualquier tema de inter\u00e9s para centros de ense\u00f1anza secundaria superior, palacios y clubes infantiles, desde c\u00f3mo utilizar el equipo t\u00e9cnico de su centro, un robot educativo, hasta trabajar con una impresora 3D, o c\u00f3mo programar el comportamiento de un robot.<\/li><li>lecciones de la biblioteca, o creadas con LIVRESQ LAB permite abordar todos los estilos de aprendizaje, permitiendo que cada uno trabaje a su propio ritmo<\/li><\/ul><p>LIVRESQ LAB contribuye al objetivo del proyecto de inspirar el inter\u00e9s por la ciencia, la tecnolog\u00eda y el dise\u00f1o y mejora el aprendizaje de los estudiantes rumanos.<\/p><p>Si su instituci\u00f3n est\u00e1 implantando o necesita ayuda para implantar soluciones digitales para la educaci\u00f3n, p\u00f3ngase en contacto con nosotros directamente en contact@livresq.com o a trav\u00e9s del formulario que encontrar\u00e1 aqu\u00ed: <a href=\"https:\/\/livresq.com\/ro\/contact\/\">https:\/\/livresq.com\/ro\/contact\/<\/a><\/p>\t\t\t\t\t\t\t\t<\/div>\n\t\t\t\t<\/div>\n\t\t\t\t\t<\/div>\n\t\t<\/div>\n\t\t\t\t\t<\/div>\n\t\t<\/section>\n\t\t\t\t<\/div>","protected":false},"excerpt":{"rendered":"<p>Dotarea cu laboratoare inteligente a unit\u0103\u021bilor de \u00eenv\u0103\u021b\u0103m\u00e2nt secundar superior, a palatelor \u0219i a cluburilor copiilor LIVRESQ LAB &#8211; component\u0103 fundamental\u0103 \u00een laboratorul inteligent LIVRESQ LAB este o component\u0103 fundamental\u0103 \u00een laboratoarele inteligente din unit\u0103\u021bile de \u00eenv\u0103\u021b\u0103m\u00e2nt secundar superior poate fi finan\u021bat\u0103 prin PNRR, inclus \u00een proiectul privind \u201cDotarea cu laboratoare inteligente a unit\u0103\u021bilor de [&hellip;]<\/p>\n","protected":false},"author":36627,"featured_media":280954,"parent":0,"menu_order":0,"comment_status":"closed","ping_status":"closed","template":"","meta":{"footnotes":""},"class_list":["post-280847","page","type-page","status-publish","has-post-thumbnail","hentry"],"yoast_head":"<!-- This site is optimized with the Yoast SEO plugin v27.2 - https:\/\/yoast.com\/product\/yoast-seo-wordpress\/ -->\n<title>PNRR - Dotarea cu laboratoare inteligente a unit\u0103\u021bilor de \u00eenv\u0103\u021b\u0103m\u00e2nt secundar superior - LIVRESQ<\/title>\n<meta name=\"robots\" content=\"index, follow, max-snippet:-1, max-image-preview:large, max-video-preview:-1\" \/>\n<link rel=\"canonical\" href=\"https:\/\/livresq.com\/es\/pnrr-librosq-laboratorio\/\" \/>\n<meta property=\"og:locale\" content=\"es_ES\" \/>\n<meta property=\"og:type\" content=\"article\" \/>\n<meta property=\"og:title\" content=\"PNRR - Dotarea cu laboratoare inteligente a unit\u0103\u021bilor de \u00eenv\u0103\u021b\u0103m\u00e2nt secundar superior - LIVRESQ\" \/>\n<meta property=\"og:description\" content=\"Dotarea cu laboratoare inteligente a unit\u0103\u021bilor de \u00eenv\u0103\u021b\u0103m\u00e2nt secundar superior, a palatelor \u0219i a cluburilor copiilor LIVRESQ LAB &#8211; component\u0103 fundamental\u0103 \u00een laboratorul inteligent LIVRESQ LAB este o component\u0103 fundamental\u0103 \u00een laboratoarele inteligente din unit\u0103\u021bile de \u00eenv\u0103\u021b\u0103m\u00e2nt secundar superior poate fi finan\u021bat\u0103 prin PNRR, inclus \u00een proiectul privind \u201cDotarea cu laboratoare inteligente a unit\u0103\u021bilor de [&hellip;]\" \/>\n<meta property=\"og:url\" content=\"https:\/\/livresq.com\/es\/pnrr-librosq-laboratorio\/\" \/>\n<meta property=\"og:site_name\" content=\"LIVRESQ\" \/>\n<meta property=\"article:modified_time\" content=\"2023-02-17T08:42:11+00:00\" \/>\n<meta property=\"og:image\" content=\"https:\/\/i0.wp.com\/livresq.com\/wp-content\/uploads\/2023\/02\/20f73bab-8ca2-421a-ad83-d63f8c91c1bd.png?fit=600%2C314&ssl=1\" \/>\n\t<meta property=\"og:image:width\" content=\"600\" \/>\n\t<meta property=\"og:image:height\" content=\"314\" \/>\n\t<meta property=\"og:image:type\" content=\"image\/png\" \/>\n<meta name=\"twitter:card\" content=\"summary_large_image\" \/>\n<meta name=\"twitter:label1\" content=\"Tiempo de lectura\" \/>\n\t<meta name=\"twitter:data1\" content=\"3 minutos\" \/>\n<script type=\"application\/ld+json\" class=\"yoast-schema-graph\">{\"@context\":\"https:\/\/schema.org\",\"@graph\":[{\"@type\":\"WebPage\",\"@id\":\"https:\/\/livresq.com\/pnrr-livresq-lab\/\",\"url\":\"https:\/\/livresq.com\/pnrr-livresq-lab\/\",\"name\":\"PNRR - Dotarea cu laboratoare inteligente a unit\u0103\u021bilor de \u00eenv\u0103\u021b\u0103m\u00e2nt secundar superior - LIVRESQ\",\"isPartOf\":{\"@id\":\"https:\/\/livresq.com\/en\/#website\"},\"primaryImageOfPage\":{\"@id\":\"https:\/\/livresq.com\/pnrr-livresq-lab\/#primaryimage\"},\"image\":{\"@id\":\"https:\/\/livresq.com\/pnrr-livresq-lab\/#primaryimage\"},\"thumbnailUrl\":\"https:\/\/i0.wp.com\/livresq.com\/wp-content\/uploads\/2023\/02\/20f73bab-8ca2-421a-ad83-d63f8c91c1bd.png?fit=600%2C314&ssl=1\",\"datePublished\":\"2023-02-16T13:36:19+00:00\",\"dateModified\":\"2023-02-17T08:42:11+00:00\",\"breadcrumb\":{\"@id\":\"https:\/\/livresq.com\/pnrr-livresq-lab\/#breadcrumb\"},\"inLanguage\":\"es\",\"potentialAction\":[{\"@type\":\"ReadAction\",\"target\":[\"https:\/\/livresq.com\/pnrr-livresq-lab\/\"]}]},{\"@type\":\"ImageObject\",\"inLanguage\":\"es\",\"@id\":\"https:\/\/livresq.com\/pnrr-livresq-lab\/#primaryimage\",\"url\":\"https:\/\/i0.wp.com\/livresq.com\/wp-content\/uploads\/2023\/02\/20f73bab-8ca2-421a-ad83-d63f8c91c1bd.png?fit=600%2C314&ssl=1\",\"contentUrl\":\"https:\/\/i0.wp.com\/livresq.com\/wp-content\/uploads\/2023\/02\/20f73bab-8ca2-421a-ad83-d63f8c91c1bd.png?fit=600%2C314&ssl=1\",\"width\":600,\"height\":314},{\"@type\":\"BreadcrumbList\",\"@id\":\"https:\/\/livresq.com\/pnrr-livresq-lab\/#breadcrumb\",\"itemListElement\":[{\"@type\":\"ListItem\",\"position\":1,\"name\":\"Prima pagin\u0103\",\"item\":\"https:\/\/livresq.com\/\"},{\"@type\":\"ListItem\",\"position\":2,\"name\":\"PNRR &#8211; Dotarea cu laboratoare inteligente a unit\u0103\u021bilor de \u00eenv\u0103\u021b\u0103m\u00e2nt secundar superior\"}]},{\"@type\":\"WebSite\",\"@id\":\"https:\/\/livresq.com\/en\/#website\",\"url\":\"https:\/\/livresq.com\/en\/\",\"name\":\"LIVRESQ\",\"description\":\"eLearning Authoring Tool\",\"publisher\":{\"@id\":\"https:\/\/livresq.com\/en\/#organization\"},\"potentialAction\":[{\"@type\":\"SearchAction\",\"target\":{\"@type\":\"EntryPoint\",\"urlTemplate\":\"https:\/\/livresq.com\/en\/?s={search_term_string}\"},\"query-input\":{\"@type\":\"PropertyValueSpecification\",\"valueRequired\":true,\"valueName\":\"search_term_string\"}}],\"inLanguage\":\"es\"},{\"@type\":\"Organization\",\"@id\":\"https:\/\/livresq.com\/en\/#organization\",\"name\":\"LIVRESQ - Authoring Tool\",\"url\":\"https:\/\/livresq.com\/en\/\",\"logo\":{\"@type\":\"ImageObject\",\"inLanguage\":\"es\",\"@id\":\"https:\/\/livresq.com\/en\/#\/schema\/logo\/image\/\",\"url\":\"https:\/\/i0.wp.com\/livresq.com\/wp-content\/uploads\/2019\/07\/cropped-Logo.png?fit=1054%2C575&ssl=1\",\"contentUrl\":\"https:\/\/i0.wp.com\/livresq.com\/wp-content\/uploads\/2019\/07\/cropped-Logo.png?fit=1054%2C575&ssl=1\",\"width\":1054,\"height\":575,\"caption\":\"LIVRESQ - Authoring Tool\"},\"image\":{\"@id\":\"https:\/\/livresq.com\/en\/#\/schema\/logo\/image\/\"}}]}<\/script>\n<!-- \/ Yoast SEO plugin. -->","yoast_head_json":{"title":"PNRR - Equipamiento de los centros de ense\u00f1anza secundaria superior con laboratorios inteligentes - LIVRESQ","robots":{"index":"index","follow":"follow","max-snippet":"max-snippet:-1","max-image-preview":"max-image-preview:large","max-video-preview":"max-video-preview:-1"},"canonical":"https:\/\/livresq.com\/es\/pnrr-librosq-laboratorio\/","og_locale":"es_ES","og_type":"article","og_title":"PNRR - Dotarea cu laboratoare inteligente a unit\u0103\u021bilor de \u00eenv\u0103\u021b\u0103m\u00e2nt secundar superior - LIVRESQ","og_description":"Dotarea cu laboratoare inteligente a unit\u0103\u021bilor de \u00eenv\u0103\u021b\u0103m\u00e2nt secundar superior, a palatelor \u0219i a cluburilor copiilor LIVRESQ LAB &#8211; component\u0103 fundamental\u0103 \u00een laboratorul inteligent LIVRESQ LAB este o component\u0103 fundamental\u0103 \u00een laboratoarele inteligente din unit\u0103\u021bile de \u00eenv\u0103\u021b\u0103m\u00e2nt secundar superior poate fi finan\u021bat\u0103 prin PNRR, inclus \u00een proiectul privind \u201cDotarea cu laboratoare inteligente a unit\u0103\u021bilor de [&hellip;]","og_url":"https:\/\/livresq.com\/es\/pnrr-librosq-laboratorio\/","og_site_name":"LIVRESQ","article_modified_time":"2023-02-17T08:42:11+00:00","og_image":[{"width":600,"height":314,"url":"https:\/\/i0.wp.com\/livresq.com\/wp-content\/uploads\/2023\/02\/20f73bab-8ca2-421a-ad83-d63f8c91c1bd.png?fit=600%2C314&ssl=1","type":"image\/png"}],"twitter_card":"summary_large_image","twitter_misc":{"Tiempo de lectura":"3 minutos"},"schema":{"@context":"https:\/\/schema.org","@graph":[{"@type":"WebPage","@id":"https:\/\/livresq.com\/pnrr-livresq-lab\/","url":"https:\/\/livresq.com\/pnrr-livresq-lab\/","name":"PNRR - Equipamiento de los centros de ense\u00f1anza secundaria superior con laboratorios inteligentes - LIVRESQ","isPartOf":{"@id":"https:\/\/livresq.com\/en\/#website"},"primaryImageOfPage":{"@id":"https:\/\/livresq.com\/pnrr-livresq-lab\/#primaryimage"},"image":{"@id":"https:\/\/livresq.com\/pnrr-livresq-lab\/#primaryimage"},"thumbnailUrl":"https:\/\/i0.wp.com\/livresq.com\/wp-content\/uploads\/2023\/02\/20f73bab-8ca2-421a-ad83-d63f8c91c1bd.png?fit=600%2C314&ssl=1","datePublished":"2023-02-16T13:36:19+00:00","dateModified":"2023-02-17T08:42:11+00:00","breadcrumb":{"@id":"https:\/\/livresq.com\/pnrr-livresq-lab\/#breadcrumb"},"inLanguage":"es","potentialAction":[{"@type":"ReadAction","target":["https:\/\/livresq.com\/pnrr-livresq-lab\/"]}]},{"@type":"ImageObject","inLanguage":"es","@id":"https:\/\/livresq.com\/pnrr-livresq-lab\/#primaryimage","url":"https:\/\/i0.wp.com\/livresq.com\/wp-content\/uploads\/2023\/02\/20f73bab-8ca2-421a-ad83-d63f8c91c1bd.png?fit=600%2C314&ssl=1","contentUrl":"https:\/\/i0.wp.com\/livresq.com\/wp-content\/uploads\/2023\/02\/20f73bab-8ca2-421a-ad83-d63f8c91c1bd.png?fit=600%2C314&ssl=1","width":600,"height":314},{"@type":"BreadcrumbList","@id":"https:\/\/livresq.com\/pnrr-livresq-lab\/#breadcrumb","itemListElement":[{"@type":"ListItem","position":1,"name":"Prima pagin\u0103","item":"https:\/\/livresq.com\/"},{"@type":"ListItem","position":2,"name":"PNRR &#8211; Dotarea cu laboratoare inteligente a unit\u0103\u021bilor de \u00eenv\u0103\u021b\u0103m\u00e2nt secundar superior"}]},{"@type":"WebSite","@id":"https:\/\/livresq.com\/en\/#website","url":"https:\/\/livresq.com\/en\/","name":"LIVRESQ","description":"Herramienta de creaci\u00f3n de eLearning","publisher":{"@id":"https:\/\/livresq.com\/en\/#organization"},"potentialAction":[{"@type":"SearchAction","target":{"@type":"EntryPoint","urlTemplate":"https:\/\/livresq.com\/en\/?s={search_term_string}"},"query-input":{"@type":"PropertyValueSpecification","valueRequired":true,"valueName":"search_term_string"}}],"inLanguage":"es"},{"@type":"Organization","@id":"https:\/\/livresq.com\/en\/#organization","name":"LIVRESQ - Herramienta de creaci\u00f3n","url":"https:\/\/livresq.com\/en\/","logo":{"@type":"ImageObject","inLanguage":"es","@id":"https:\/\/livresq.com\/en\/#\/schema\/logo\/image\/","url":"https:\/\/i0.wp.com\/livresq.com\/wp-content\/uploads\/2019\/07\/cropped-Logo.png?fit=1054%2C575&ssl=1","contentUrl":"https:\/\/i0.wp.com\/livresq.com\/wp-content\/uploads\/2019\/07\/cropped-Logo.png?fit=1054%2C575&ssl=1","width":1054,"height":575,"caption":"LIVRESQ - Authoring Tool"},"image":{"@id":"https:\/\/livresq.com\/en\/#\/schema\/logo\/image\/"}}]}},"_links":{"self":[{"href":"https:\/\/livresq.com\/es\/wp-json\/wp\/v2\/pages\/280847","targetHints":{"allow":["GET"]}}],"collection":[{"href":"https:\/\/livresq.com\/es\/wp-json\/wp\/v2\/pages"}],"about":[{"href":"https:\/\/livresq.com\/es\/wp-json\/wp\/v2\/types\/page"}],"author":[{"embeddable":true,"href":"https:\/\/livresq.com\/es\/wp-json\/wp\/v2\/users\/36627"}],"replies":[{"embeddable":true,"href":"https:\/\/livresq.com\/es\/wp-json\/wp\/v2\/comments?post=280847"}],"version-history":[{"count":6,"href":"https:\/\/livresq.com\/es\/wp-json\/wp\/v2\/pages\/280847\/revisions"}],"predecessor-version":[{"id":280961,"href":"https:\/\/livresq.com\/es\/wp-json\/wp\/v2\/pages\/280847\/revisions\/280961"}],"wp:featuredmedia":[{"embeddable":true,"href":"https:\/\/livresq.com\/es\/wp-json\/wp\/v2\/media\/280954"}],"wp:attachment":[{"href":"https:\/\/livresq.com\/es\/wp-json\/wp\/v2\/media?parent=280847"}],"curies":[{"name":"wp","href":"https:\/\/api.w.org\/{rel}","templated":true}]}}