



{"id":280853,"date":"2023-02-16T16:15:18","date_gmt":"2023-02-16T14:15:18","guid":{"rendered":"https:\/\/livresq.com\/?page_id=280853"},"modified":"2023-02-17T10:38:15","modified_gmt":"2023-02-17T08:38:15","slug":"pnrr-librosq-edu","status":"publish","type":"page","link":"https:\/\/livresq.com\/es\/pnrr-livresq-edu\/","title":{"rendered":"NRRP - Suministro de mobiliario, material did\u00e1ctico y equipo digital"},"content":{"rendered":"<div data-elementor-type=\"wp-page\" data-elementor-id=\"280853\" class=\"elementor elementor-280853\" data-elementor-post-type=\"page\">\n\t\t\t\t\t\t<section class=\"elementor-section elementor-top-section elementor-element elementor-element-54b9ba6 elementor-section-boxed elementor-section-height-default elementor-section-height-default\" data-id=\"54b9ba6\" data-element_type=\"section\">\n\t\t\t\t\t\t<div class=\"elementor-container elementor-column-gap-default\">\n\t\t\t\t\t<div class=\"elementor-column elementor-col-100 elementor-top-column elementor-element elementor-element-5df12a6\" data-id=\"5df12a6\" data-element_type=\"column\">\n\t\t\t<div class=\"elementor-widget-wrap elementor-element-populated\">\n\t\t\t\t\t\t<div class=\"elementor-element elementor-element-07ba861 elementor-widget elementor-widget-spacer\" data-id=\"07ba861\" data-element_type=\"widget\" data-widget_type=\"spacer.default\">\n\t\t\t\t<div class=\"elementor-widget-container\">\n\t\t\t\t\t\t\t<div class=\"elementor-spacer\">\n\t\t\t<div class=\"elementor-spacer-inner\"><\/div>\n\t\t<\/div>\n\t\t\t\t\t\t<\/div>\n\t\t\t\t<\/div>\n\t\t\t\t<div class=\"elementor-element elementor-element-95672b9 elementor-widget elementor-widget-heading\" data-id=\"95672b9\" data-element_type=\"widget\" data-settings=\"{&quot;_animation&quot;:&quot;none&quot;}\" data-widget_type=\"heading.default\">\n\t\t\t\t<div class=\"elementor-widget-container\">\n\t\t\t\t\t<h1 class=\"elementor-heading-title elementor-size-large\">Suministro de mobiliario, material did\u00e1ctico y equipos digitales para centros preuniversitarios y afines<\/h1>\t\t\t\t<\/div>\n\t\t\t\t<\/div>\n\t\t\t\t<div class=\"elementor-element elementor-element-7b16cbd elementor-widget elementor-widget-heading\" data-id=\"7b16cbd\" data-element_type=\"widget\" data-widget_type=\"heading.default\">\n\t\t\t\t<div class=\"elementor-widget-container\">\n\t\t\t\t\t<h2 class=\"elementor-heading-title elementor-size-default\">LIVRESQ EDU - componente fundamental para contenidos educativos<\/h2>\t\t\t\t<\/div>\n\t\t\t\t<\/div>\n\t\t\t\t\t<\/div>\n\t\t<\/div>\n\t\t\t\t\t<\/div>\n\t\t<\/section>\n\t\t\t\t<section class=\"elementor-section elementor-top-section elementor-element elementor-element-f0dfc1f elementor-section-height-min-height elementor-section-boxed elementor-section-height-default elementor-section-items-middle\" data-id=\"f0dfc1f\" data-element_type=\"section\">\n\t\t\t\t\t\t<div class=\"elementor-container elementor-column-gap-default\">\n\t\t\t\t\t<div class=\"elementor-column elementor-col-100 elementor-top-column elementor-element elementor-element-665b2dc\" data-id=\"665b2dc\" data-element_type=\"column\">\n\t\t\t<div class=\"elementor-widget-wrap elementor-element-populated\">\n\t\t\t\t\t\t<div class=\"elementor-element elementor-element-3be7b95 elementor-widget elementor-widget-text-editor\" data-id=\"3be7b95\" data-element_type=\"widget\" data-widget_type=\"text-editor.default\">\n\t\t\t\t<div class=\"elementor-widget-container\">\n\t\t\t\t\t\t\t\t\t<p><strong>LIVRESQ EDU<\/strong> ayuda a las instituciones educativas con soluciones de software y materiales educativos digitales, desarrollados y creados en lengua rumana, para ayudar a profesores, alumnos y ni\u00f1os en edad preescolar a utilizar equipos de hardware (pizarras interactivas, ordenadores, tabletas, etc.) con fines educativos, de acuerdo con las directrices de financiaci\u00f3n <strong>PNRR C15 \"Dotaci\u00f3n de mobiliario, material did\u00e1ctico y equipamiento digital de los centros de educaci\u00f3n preuniversitaria y unidades afines\".<\/strong><\/p><p>LIVRESQ EDU es un software educativo\/licencia para el desarrollo de materiales educativos digitales, que representa un gasto subvencionable seg\u00fan las especificaciones de la gu\u00eda del solicitante, proporcionando acceso a una biblioteca de recursos educativos digitales interactivos, accesibles desde cualquier dispositivo SMART (Pizarra digital interactiva, TV, Tel\u00e9fono, Tablet, Port\u00e1til, etc.).<\/p><p>Seg\u00fan la gu\u00eda de financiaci\u00f3n - La categor\u00eda \"Material did\u00e1ctico espec\u00edfico, incluso en formato digital, para el equipamiento de las aulas\/aulas, incluida la asistencia psicopedag\u00f3gica\/laboratorios escolares\" incluye: \"software educativo\/ did\u00e1ctico para la elaboraci\u00f3n de material did\u00e1ctico digital\", \"material gr\u00e1fico o en formato digital\", \"material did\u00e1ctico para actividades extraescolares\", \"material audiovisual\".<\/p><p>LIVRESQ EDU es una soluci\u00f3n rumana utilizada por m\u00e1s de 32.000 profesores de m\u00e1s de 6.300 instituciones educativas, que han publicado m\u00e1s de 16.400 lecciones interactivas, la mayor\u00eda de ellas aprobadas por el Ministerio de Educaci\u00f3n, contribuyendo significativamente a la evoluci\u00f3n del sistema educativo.<\/p><p>Si su instituci\u00f3n est\u00e1 implantando o necesita ayuda para implantar soluciones digitales para la educaci\u00f3n, p\u00f3ngase en contacto con nosotros directamente en contact@livresq.com o a trav\u00e9s del formulario que encontrar\u00e1 aqu\u00ed: <a href=\"https:\/\/livresq.com\/ro\/contact\/\">https:\/\/livresq.com\/ro\/contact\/<\/a><\/p>\t\t\t\t\t\t\t\t<\/div>\n\t\t\t\t<\/div>\n\t\t\t\t\t<\/div>\n\t\t<\/div>\n\t\t\t\t\t<\/div>\n\t\t<\/section>\n\t\t\t\t<\/div>","protected":false},"excerpt":{"rendered":"<p>Dotarea cu mobilier, materiale didactice \u0219i echipamente digitale a unit\u0103\u021bilor de \u00eenv\u0103\u021b\u0103m\u00e2nt preuniversitar \u0219i a unit\u0103\u021bilor conexe LIVRESQ EDU &#8211; component\u0103 fundamental\u0103 pentru con\u021binut educa\u021bional LIVRESQ EDU vine \u00een ajutorul unit\u0103\u021bilor de \u00eenv\u0103\u021b\u0103m\u00e2nt cu solu\u021bii software \u0219i materiale educa\u021bionale digitale \u2013 dezvoltate \u0219i create \u00een limba rom\u00e2n\u0103, pentru a sprijini profesorii, elevii \u0219i pre\u0219colarii \u00een [&hellip;]<\/p>\n","protected":false},"author":36627,"featured_media":280955,"parent":0,"menu_order":0,"comment_status":"closed","ping_status":"closed","template":"","meta":{"footnotes":""},"class_list":["post-280853","page","type-page","status-publish","has-post-thumbnail","hentry"],"yoast_head":"<!-- This site is optimized with the Yoast SEO plugin v27.2 - https:\/\/yoast.com\/product\/yoast-seo-wordpress\/ -->\n<title>PNRR - Dotarea cu mobilier, materiale didactice \u0219i echipamente digitale - LIVRESQ<\/title>\n<meta name=\"robots\" content=\"index, follow, max-snippet:-1, max-image-preview:large, max-video-preview:-1\" \/>\n<link rel=\"canonical\" href=\"https:\/\/livresq.com\/es\/pnrr-librosq-edu\/\" \/>\n<meta property=\"og:locale\" content=\"es_ES\" \/>\n<meta property=\"og:type\" content=\"article\" \/>\n<meta property=\"og:title\" content=\"PNRR - Dotarea cu mobilier, materiale didactice \u0219i echipamente digitale - LIVRESQ\" \/>\n<meta property=\"og:description\" content=\"Dotarea cu mobilier, materiale didactice \u0219i echipamente digitale a unit\u0103\u021bilor de \u00eenv\u0103\u021b\u0103m\u00e2nt preuniversitar \u0219i a unit\u0103\u021bilor conexe LIVRESQ EDU &#8211; component\u0103 fundamental\u0103 pentru con\u021binut educa\u021bional LIVRESQ EDU vine \u00een ajutorul unit\u0103\u021bilor de \u00eenv\u0103\u021b\u0103m\u00e2nt cu solu\u021bii software \u0219i materiale educa\u021bionale digitale \u2013 dezvoltate \u0219i create \u00een limba rom\u00e2n\u0103, pentru a sprijini profesorii, elevii \u0219i pre\u0219colarii \u00een [&hellip;]\" \/>\n<meta property=\"og:url\" content=\"https:\/\/livresq.com\/es\/pnrr-librosq-edu\/\" \/>\n<meta property=\"og:site_name\" content=\"LIVRESQ\" \/>\n<meta property=\"article:modified_time\" content=\"2023-02-17T08:38:15+00:00\" \/>\n<meta property=\"og:image\" content=\"https:\/\/i0.wp.com\/livresq.com\/wp-content\/uploads\/2023\/02\/b72bc655-389a-41f9-b712-1a93ce8ec485.png?fit=600%2C314&ssl=1\" \/>\n\t<meta property=\"og:image:width\" content=\"600\" \/>\n\t<meta property=\"og:image:height\" content=\"314\" \/>\n\t<meta property=\"og:image:type\" content=\"image\/png\" \/>\n<meta name=\"twitter:card\" content=\"summary_large_image\" \/>\n<meta name=\"twitter:label1\" content=\"Tiempo de lectura\" \/>\n\t<meta name=\"twitter:data1\" content=\"2 minutos\" \/>\n<script type=\"application\/ld+json\" class=\"yoast-schema-graph\">{\"@context\":\"https:\/\/schema.org\",\"@graph\":[{\"@type\":\"WebPage\",\"@id\":\"https:\/\/livresq.com\/pnrr-livresq-edu\/\",\"url\":\"https:\/\/livresq.com\/pnrr-livresq-edu\/\",\"name\":\"PNRR - Dotarea cu mobilier, materiale didactice \u0219i echipamente digitale - LIVRESQ\",\"isPartOf\":{\"@id\":\"https:\/\/livresq.com\/en\/#website\"},\"primaryImageOfPage\":{\"@id\":\"https:\/\/livresq.com\/pnrr-livresq-edu\/#primaryimage\"},\"image\":{\"@id\":\"https:\/\/livresq.com\/pnrr-livresq-edu\/#primaryimage\"},\"thumbnailUrl\":\"https:\/\/i0.wp.com\/livresq.com\/wp-content\/uploads\/2023\/02\/b72bc655-389a-41f9-b712-1a93ce8ec485.png?fit=600%2C314&ssl=1\",\"datePublished\":\"2023-02-16T14:15:18+00:00\",\"dateModified\":\"2023-02-17T08:38:15+00:00\",\"breadcrumb\":{\"@id\":\"https:\/\/livresq.com\/pnrr-livresq-edu\/#breadcrumb\"},\"inLanguage\":\"es\",\"potentialAction\":[{\"@type\":\"ReadAction\",\"target\":[\"https:\/\/livresq.com\/pnrr-livresq-edu\/\"]}]},{\"@type\":\"ImageObject\",\"inLanguage\":\"es\",\"@id\":\"https:\/\/livresq.com\/pnrr-livresq-edu\/#primaryimage\",\"url\":\"https:\/\/i0.wp.com\/livresq.com\/wp-content\/uploads\/2023\/02\/b72bc655-389a-41f9-b712-1a93ce8ec485.png?fit=600%2C314&ssl=1\",\"contentUrl\":\"https:\/\/i0.wp.com\/livresq.com\/wp-content\/uploads\/2023\/02\/b72bc655-389a-41f9-b712-1a93ce8ec485.png?fit=600%2C314&ssl=1\",\"width\":600,\"height\":314},{\"@type\":\"BreadcrumbList\",\"@id\":\"https:\/\/livresq.com\/pnrr-livresq-edu\/#breadcrumb\",\"itemListElement\":[{\"@type\":\"ListItem\",\"position\":1,\"name\":\"Prima pagin\u0103\",\"item\":\"https:\/\/livresq.com\/\"},{\"@type\":\"ListItem\",\"position\":2,\"name\":\"PNRR &#8211; Dotarea cu mobilier, materiale didactice \u0219i echipamente digitale\"}]},{\"@type\":\"WebSite\",\"@id\":\"https:\/\/livresq.com\/en\/#website\",\"url\":\"https:\/\/livresq.com\/en\/\",\"name\":\"LIVRESQ\",\"description\":\"eLearning Authoring Tool\",\"publisher\":{\"@id\":\"https:\/\/livresq.com\/en\/#organization\"},\"potentialAction\":[{\"@type\":\"SearchAction\",\"target\":{\"@type\":\"EntryPoint\",\"urlTemplate\":\"https:\/\/livresq.com\/en\/?s={search_term_string}\"},\"query-input\":{\"@type\":\"PropertyValueSpecification\",\"valueRequired\":true,\"valueName\":\"search_term_string\"}}],\"inLanguage\":\"es\"},{\"@type\":\"Organization\",\"@id\":\"https:\/\/livresq.com\/en\/#organization\",\"name\":\"LIVRESQ - Authoring Tool\",\"url\":\"https:\/\/livresq.com\/en\/\",\"logo\":{\"@type\":\"ImageObject\",\"inLanguage\":\"es\",\"@id\":\"https:\/\/livresq.com\/en\/#\/schema\/logo\/image\/\",\"url\":\"https:\/\/i0.wp.com\/livresq.com\/wp-content\/uploads\/2019\/07\/cropped-Logo.png?fit=1054%2C575&ssl=1\",\"contentUrl\":\"https:\/\/i0.wp.com\/livresq.com\/wp-content\/uploads\/2019\/07\/cropped-Logo.png?fit=1054%2C575&ssl=1\",\"width\":1054,\"height\":575,\"caption\":\"LIVRESQ - Authoring Tool\"},\"image\":{\"@id\":\"https:\/\/livresq.com\/en\/#\/schema\/logo\/image\/\"}}]}<\/script>\n<!-- \/ Yoast SEO plugin. -->","yoast_head_json":{"title":"PNRR - Suministro de mobiliario, material did\u00e1ctico y equipo digital - LIVRESQ","robots":{"index":"index","follow":"follow","max-snippet":"max-snippet:-1","max-image-preview":"max-image-preview:large","max-video-preview":"max-video-preview:-1"},"canonical":"https:\/\/livresq.com\/es\/pnrr-librosq-edu\/","og_locale":"es_ES","og_type":"article","og_title":"PNRR - Dotarea cu mobilier, materiale didactice \u0219i echipamente digitale - LIVRESQ","og_description":"Dotarea cu mobilier, materiale didactice \u0219i echipamente digitale a unit\u0103\u021bilor de \u00eenv\u0103\u021b\u0103m\u00e2nt preuniversitar \u0219i a unit\u0103\u021bilor conexe LIVRESQ EDU &#8211; component\u0103 fundamental\u0103 pentru con\u021binut educa\u021bional LIVRESQ EDU vine \u00een ajutorul unit\u0103\u021bilor de \u00eenv\u0103\u021b\u0103m\u00e2nt cu solu\u021bii software \u0219i materiale educa\u021bionale digitale \u2013 dezvoltate \u0219i create \u00een limba rom\u00e2n\u0103, pentru a sprijini profesorii, elevii \u0219i pre\u0219colarii \u00een [&hellip;]","og_url":"https:\/\/livresq.com\/es\/pnrr-librosq-edu\/","og_site_name":"LIVRESQ","article_modified_time":"2023-02-17T08:38:15+00:00","og_image":[{"width":600,"height":314,"url":"https:\/\/i0.wp.com\/livresq.com\/wp-content\/uploads\/2023\/02\/b72bc655-389a-41f9-b712-1a93ce8ec485.png?fit=600%2C314&ssl=1","type":"image\/png"}],"twitter_card":"summary_large_image","twitter_misc":{"Tiempo de lectura":"2 minutos"},"schema":{"@context":"https:\/\/schema.org","@graph":[{"@type":"WebPage","@id":"https:\/\/livresq.com\/pnrr-livresq-edu\/","url":"https:\/\/livresq.com\/pnrr-livresq-edu\/","name":"PNRR - Suministro de mobiliario, material did\u00e1ctico y equipo digital - LIVRESQ","isPartOf":{"@id":"https:\/\/livresq.com\/en\/#website"},"primaryImageOfPage":{"@id":"https:\/\/livresq.com\/pnrr-livresq-edu\/#primaryimage"},"image":{"@id":"https:\/\/livresq.com\/pnrr-livresq-edu\/#primaryimage"},"thumbnailUrl":"https:\/\/i0.wp.com\/livresq.com\/wp-content\/uploads\/2023\/02\/b72bc655-389a-41f9-b712-1a93ce8ec485.png?fit=600%2C314&ssl=1","datePublished":"2023-02-16T14:15:18+00:00","dateModified":"2023-02-17T08:38:15+00:00","breadcrumb":{"@id":"https:\/\/livresq.com\/pnrr-livresq-edu\/#breadcrumb"},"inLanguage":"es","potentialAction":[{"@type":"ReadAction","target":["https:\/\/livresq.com\/pnrr-livresq-edu\/"]}]},{"@type":"ImageObject","inLanguage":"es","@id":"https:\/\/livresq.com\/pnrr-livresq-edu\/#primaryimage","url":"https:\/\/i0.wp.com\/livresq.com\/wp-content\/uploads\/2023\/02\/b72bc655-389a-41f9-b712-1a93ce8ec485.png?fit=600%2C314&ssl=1","contentUrl":"https:\/\/i0.wp.com\/livresq.com\/wp-content\/uploads\/2023\/02\/b72bc655-389a-41f9-b712-1a93ce8ec485.png?fit=600%2C314&ssl=1","width":600,"height":314},{"@type":"BreadcrumbList","@id":"https:\/\/livresq.com\/pnrr-livresq-edu\/#breadcrumb","itemListElement":[{"@type":"ListItem","position":1,"name":"Prima pagin\u0103","item":"https:\/\/livresq.com\/"},{"@type":"ListItem","position":2,"name":"PNRR &#8211; Dotarea cu mobilier, materiale didactice \u0219i echipamente digitale"}]},{"@type":"WebSite","@id":"https:\/\/livresq.com\/en\/#website","url":"https:\/\/livresq.com\/en\/","name":"LIVRESQ","description":"Herramienta de creaci\u00f3n de eLearning","publisher":{"@id":"https:\/\/livresq.com\/en\/#organization"},"potentialAction":[{"@type":"SearchAction","target":{"@type":"EntryPoint","urlTemplate":"https:\/\/livresq.com\/en\/?s={search_term_string}"},"query-input":{"@type":"PropertyValueSpecification","valueRequired":true,"valueName":"search_term_string"}}],"inLanguage":"es"},{"@type":"Organization","@id":"https:\/\/livresq.com\/en\/#organization","name":"LIVRESQ - Herramienta de creaci\u00f3n","url":"https:\/\/livresq.com\/en\/","logo":{"@type":"ImageObject","inLanguage":"es","@id":"https:\/\/livresq.com\/en\/#\/schema\/logo\/image\/","url":"https:\/\/i0.wp.com\/livresq.com\/wp-content\/uploads\/2019\/07\/cropped-Logo.png?fit=1054%2C575&ssl=1","contentUrl":"https:\/\/i0.wp.com\/livresq.com\/wp-content\/uploads\/2019\/07\/cropped-Logo.png?fit=1054%2C575&ssl=1","width":1054,"height":575,"caption":"LIVRESQ - Authoring Tool"},"image":{"@id":"https:\/\/livresq.com\/en\/#\/schema\/logo\/image\/"}}]}},"_links":{"self":[{"href":"https:\/\/livresq.com\/es\/wp-json\/wp\/v2\/pages\/280853","targetHints":{"allow":["GET"]}}],"collection":[{"href":"https:\/\/livresq.com\/es\/wp-json\/wp\/v2\/pages"}],"about":[{"href":"https:\/\/livresq.com\/es\/wp-json\/wp\/v2\/types\/page"}],"author":[{"embeddable":true,"href":"https:\/\/livresq.com\/es\/wp-json\/wp\/v2\/users\/36627"}],"replies":[{"embeddable":true,"href":"https:\/\/livresq.com\/es\/wp-json\/wp\/v2\/comments?post=280853"}],"version-history":[{"count":6,"href":"https:\/\/livresq.com\/es\/wp-json\/wp\/v2\/pages\/280853\/revisions"}],"predecessor-version":[{"id":280958,"href":"https:\/\/livresq.com\/es\/wp-json\/wp\/v2\/pages\/280853\/revisions\/280958"}],"wp:featuredmedia":[{"embeddable":true,"href":"https:\/\/livresq.com\/es\/wp-json\/wp\/v2\/media\/280955"}],"wp:attachment":[{"href":"https:\/\/livresq.com\/es\/wp-json\/wp\/v2\/media?parent=280853"}],"curies":[{"name":"wp","href":"https:\/\/api.w.org\/{rel}","templated":true}]}}