



{"id":280860,"date":"2023-02-16T16:26:10","date_gmt":"2023-02-16T14:26:10","guid":{"rendered":"https:\/\/livresq.com\/?page_id=280860"},"modified":"2023-02-17T10:43:31","modified_gmt":"2023-02-17T08:43:31","slug":"pnrr-booksq-laboratorio-de-medios-digitales","status":"publish","type":"page","link":"https:\/\/livresq.com\/es\/pnrr-livresq-digital-media-lab\/","title":{"rendered":"PNRR - LIVRESQ Laboratorio de medios digitales"},"content":{"rendered":"<div data-elementor-type=\"wp-page\" data-elementor-id=\"280860\" class=\"elementor elementor-280860\" data-elementor-post-type=\"page\">\n\t\t\t\t\t\t<section class=\"elementor-section elementor-top-section elementor-element elementor-element-66910ef elementor-section-boxed elementor-section-height-default elementor-section-height-default\" data-id=\"66910ef\" data-element_type=\"section\">\n\t\t\t\t\t\t<div class=\"elementor-container elementor-column-gap-default\">\n\t\t\t\t\t<div class=\"elementor-column elementor-col-100 elementor-top-column elementor-element elementor-element-8cb78aa\" data-id=\"8cb78aa\" data-element_type=\"column\">\n\t\t\t<div class=\"elementor-widget-wrap elementor-element-populated\">\n\t\t\t\t\t\t<div class=\"elementor-element elementor-element-363343b elementor-widget elementor-widget-spacer\" data-id=\"363343b\" data-element_type=\"widget\" data-widget_type=\"spacer.default\">\n\t\t\t\t<div class=\"elementor-widget-container\">\n\t\t\t\t\t\t\t<div class=\"elementor-spacer\">\n\t\t\t<div class=\"elementor-spacer-inner\"><\/div>\n\t\t<\/div>\n\t\t\t\t\t\t<\/div>\n\t\t\t\t<\/div>\n\t\t\t\t<div class=\"elementor-element elementor-element-1c934b4 elementor-widget elementor-widget-heading\" data-id=\"1c934b4\" data-element_type=\"widget\" data-settings=\"{&quot;_animation&quot;:&quot;none&quot;}\" data-widget_type=\"heading.default\">\n\t\t\t\t<div class=\"elementor-widget-container\">\n\t\t\t\t\t<h1 class=\"elementor-heading-title elementor-size-large\">Financiaci\u00f3n para que las bibliotecas se conviertan en centros de desarrollo de competencias digitales<\/h1>\t\t\t\t<\/div>\n\t\t\t\t<\/div>\n\t\t\t\t<div class=\"elementor-element elementor-element-ca54b1c elementor-widget elementor-widget-heading\" data-id=\"ca54b1c\" data-element_type=\"widget\" data-widget_type=\"heading.default\">\n\t\t\t\t<div class=\"elementor-widget-container\">\n\t\t\t\t\t<h2 class=\"elementor-heading-title elementor-size-default\">LIVRESQ Laboratorio de medios digitales: componente fundamental de los centros de desarrollo de competencias digitales<\/h2>\t\t\t\t<\/div>\n\t\t\t\t<\/div>\n\t\t\t\t\t<\/div>\n\t\t<\/div>\n\t\t\t\t\t<\/div>\n\t\t<\/section>\n\t\t\t\t<section class=\"elementor-section elementor-top-section elementor-element elementor-element-5247ad2 elementor-section-height-min-height elementor-section-boxed elementor-section-height-default elementor-section-items-middle\" data-id=\"5247ad2\" data-element_type=\"section\">\n\t\t\t\t\t\t<div class=\"elementor-container elementor-column-gap-default\">\n\t\t\t\t\t<div class=\"elementor-column elementor-col-100 elementor-top-column elementor-element elementor-element-a8bea5e\" data-id=\"a8bea5e\" data-element_type=\"column\">\n\t\t\t<div class=\"elementor-widget-wrap elementor-element-populated\">\n\t\t\t\t\t\t<div class=\"elementor-element elementor-element-1c07ddc elementor-widget elementor-widget-text-editor\" data-id=\"1c07ddc\" data-element_type=\"widget\" data-widget_type=\"text-editor.default\">\n\t\t\t\t<div class=\"elementor-widget-container\">\n\t\t\t\t\t\t\t\t\t<p><strong>LIVRESQ Laboratorio de medios digitales<\/strong> pueden incluirse en el proyecto I17 INVESTMENT <strong>\"Financiar bibliotecas para convertirlas en centros de desarrollo de competencias digitales\"<\/strong>. La oferta se ajusta plenamente a la Gu\u00eda para los solicitantes del proyecto en el marco del COMPONENTE 7 - Transformaci\u00f3n digital, Operaci\u00f3n D - Competencias digitales, capital humano y uso de Internet.<\/p><p>En cuanto a la elegibilidad de los gastos, seg\u00fan las orientaciones (p\u00e1ginas 21-22), la soluci\u00f3n propuesta entra en la categor\u00eda de gastos recomendada (m\u00ednimo 25%) y forma parte del cap\u00edtulo 4. Gastos para la compra de servicios, licencias y aplicaciones\/programas\/soluciones inform\u00e1ticas.<\/p><p>Con el Laboratorio de Medios Digitales LIVRESQ, una biblioteca se convertir\u00e1 en un centro para el desarrollo de competencias digitales si dispone de al menos un ordenador conectado a Internet y ofrece a los ciudadanos la oportunidad de crear materiales intelectuales, utilizando recursos como ordenadores\/port\u00e1tiles, incluso sirviendo como herramienta de edici\u00f3n de audio y v\u00eddeo. As\u00ed, se dise\u00f1ar\u00e1 un espacio en la biblioteca que permita a los miembros de la comunidad experimentar tecnolog\u00edas o actividades a las que antes no pod\u00edan acceder.<\/p><p>El Hub despertar\u00e1 el inter\u00e9s por la ciencia, la tecnolog\u00eda, el dise\u00f1o y el aprendizaje permanente de los habitantes de la comunidad circundante a la biblioteca gracias a:<\/p><ul><li>Acceder a la biblioteca LIVRESQ (el espacio donde est\u00e1n disponibles los cursos y materiales) donde los usuarios aprender\u00e1n sobre tecnolog\u00edas como las impresoras 3D y\/o crear\u00e1n sus propios cursos sobre: m\u00e1quinas de coser, m\u00e1quinas de pegar, m\u00e1quinas de codificar, rob\u00f3tica y m\u00e1quinas de tallar madera, y estar\u00e1n disponibles para su libre exploraci\u00f3n\/explotaci\u00f3n.<\/li><li>Existencia de sesiones de formaci\u00f3n para bibliotecarios y ciudadanos de a pie en el uso de LIVRESQ, garantizando as\u00ed que los ciudadanos se utilicen y participen de forma significativa en la creaci\u00f3n, exploraci\u00f3n y experimentaci\u00f3n con tecnolog\u00edas y materiales digitales. Todos los miembros de la comunidad pueden implicarse como expertos locales, facilitadores y alumnos para crear materiales interactivos: cursos, materiales inform\u00e1ticos, seminarios, procedimientos, instrucciones (por ejemplo: procedimiento para la recogida selectiva a nivel local, c\u00f3mo pagar impuestos, c\u00f3mo utilizar una m\u00e1quina de coser, c\u00f3mo utilizar una m\u00e1quina de tallar madera, etc.).<\/li><\/ul><p>Algunas de las ventajas de utilizar<strong> LIVRESQ - Laboratorio de Medios Digitales:<\/strong><\/p><ul><li>LIVRESQ contiene una amplia gama de herramientas de creaci\u00f3n de contenidos;<br \/>Puede utilizarse para crear materiales\/cursos en los que ciudadanos de todas las edades aprendan a utilizar programas inform\u00e1ticos y, por tanto, puedan crear materiales\/contenidos educativos para resolver problemas reales;<\/li><li>Los materiales creados con LIVRESQ, conservados en la Biblioteca LIVRESQ, pueden entregarse electr\u00f3nicamente y constituir una extensi\u00f3n de la presencia de las bibliotecas en zonas a las que tradicionalmente no pod\u00edan llegar;<\/li><li>Se puede acceder a clases de ingl\u00e9s, franc\u00e9s, h\u00fangaro y otros idiomas en la biblioteca LIVRESQ, con el fin de prestar \"servicios de aprendizaje de idiomas utilizando medios digitales, como audiolibros y aprendizaje electr\u00f3nico interactivo;<\/li><li>LIVRESQ garantizar\u00e1 una coordinaci\u00f3n m\u00e1s estrecha con las escuelas locales ofreciendo una amplia gama de servicios digitales -creaci\u00f3n de contenidos y posibilidad de acceder a informaci\u00f3n\/lecciones-, incluidas lecciones aprobadas por el Ministerio de Educaci\u00f3n, directamente desde la Biblioteca LIVRESQ;<\/li><li>LIVRESQ ofrece a las personas la oportunidad de perfeccionar habilidades que no suelen estar disponibles en las aulas o en las salas de conferencias, gracias a una estrecha colaboraci\u00f3n con escuelas y profesores. Los centros escolares y los profesores pueden crear y utilizar materiales educativos para que cualquier categor\u00eda de alumnos mejore sus capacidades.<\/li><\/ul><p>\u00a0<\/p><p><strong>LIVRESQ Laboratorio de medios digitales<\/strong> contribuye al objetivo del proyecto de despertar el inter\u00e9s por la ciencia, la tecnolog\u00eda, el dise\u00f1o y el aprendizaje permanente entre los miembros de la comunidad bibliotecaria.<\/p><p>Adem\u00e1s, con la ayuda de LIVRESQ, los hubs permitir\u00e1n a minor\u00edas, mujeres o personas con discapacidades dedicarse a la tecnolog\u00eda y a \u00e1mbitos que antes no se hab\u00edan planteado (creaci\u00f3n de contenidos educativos, materiales interactivos...) en cualquier idioma, con la ayuda de asistentes virtuales de IA, capaces de convertir texto en audio (voz a partir de texto escrito desde un teclado) en cualquier lengua de circulaci\u00f3n internacional.<\/p><p>Si su instituci\u00f3n est\u00e1 implantando o necesita ayuda para implantar soluciones digitales para la educaci\u00f3n, p\u00f3ngase en contacto con nosotros directamente en contact@livresq.com o a trav\u00e9s del formulario que encontrar\u00e1 aqu\u00ed: <a href=\"https:\/\/livresq.com\/ro\/contact\/\">https:\/\/livresq.com\/ro\/contact\/<\/a><\/p>\t\t\t\t\t\t\t\t<\/div>\n\t\t\t\t<\/div>\n\t\t\t\t\t<\/div>\n\t\t<\/div>\n\t\t\t\t\t<\/div>\n\t\t<\/section>\n\t\t\t\t<\/div>","protected":false},"excerpt":{"rendered":"<p>Finan\u021barea bibliotecilor pentru a deveni hub-uri de dezvoltare a competen\u021belor digitale LIVRESQ Digital Media Lab &#8211; component\u0103 fundamental\u0103 \u00een hub-uri de dezvoltare a competen\u021belor digitale LIVRESQ Digital Media Lab poate fi inclus \u00een proiectul privind INVESTI\u021aIA I17 \u201cFinan\u021barea bibliotecilor pentru a deveni hub-uri de dezvoltare a competen\u021belor digitale\u201d. Oferta este \u00een concordan\u021b\u0103 deplin\u0103 cu Ghidul [&hellip;]<\/p>\n","protected":false},"author":36627,"featured_media":280953,"parent":0,"menu_order":0,"comment_status":"closed","ping_status":"closed","template":"","meta":{"footnotes":""},"class_list":["post-280860","page","type-page","status-publish","has-post-thumbnail","hentry"],"yoast_head":"<!-- This site is optimized with the Yoast SEO plugin v27.2 - https:\/\/yoast.com\/product\/yoast-seo-wordpress\/ -->\n<title>PNRR - LIVRESQ Digital Media Lab - LIVRESQ<\/title>\n<meta name=\"robots\" content=\"index, follow, max-snippet:-1, max-image-preview:large, max-video-preview:-1\" \/>\n<link rel=\"canonical\" href=\"https:\/\/livresq.com\/es\/pnrr-booksq-laboratorio-de-medios-digitales\/\" \/>\n<meta property=\"og:locale\" content=\"es_ES\" \/>\n<meta property=\"og:type\" content=\"article\" \/>\n<meta property=\"og:title\" content=\"PNRR - LIVRESQ Digital Media Lab - LIVRESQ\" \/>\n<meta property=\"og:description\" content=\"Finan\u021barea bibliotecilor pentru a deveni hub-uri de dezvoltare a competen\u021belor digitale LIVRESQ Digital Media Lab &#8211; component\u0103 fundamental\u0103 \u00een hub-uri de dezvoltare a competen\u021belor digitale LIVRESQ Digital Media Lab poate fi inclus \u00een proiectul privind INVESTI\u021aIA I17 \u201cFinan\u021barea bibliotecilor pentru a deveni hub-uri de dezvoltare a competen\u021belor digitale\u201d. Oferta este \u00een concordan\u021b\u0103 deplin\u0103 cu Ghidul [&hellip;]\" \/>\n<meta property=\"og:url\" content=\"https:\/\/livresq.com\/es\/pnrr-booksq-laboratorio-de-medios-digitales\/\" \/>\n<meta property=\"og:site_name\" content=\"LIVRESQ\" \/>\n<meta property=\"article:modified_time\" content=\"2023-02-17T08:43:31+00:00\" \/>\n<meta property=\"og:image\" content=\"https:\/\/i0.wp.com\/livresq.com\/wp-content\/uploads\/2023\/02\/e299e715-7761-4a4e-ad36-ebcc4dee70c8.png?fit=600%2C314&ssl=1\" \/>\n\t<meta property=\"og:image:width\" content=\"600\" \/>\n\t<meta property=\"og:image:height\" content=\"314\" \/>\n\t<meta property=\"og:image:type\" content=\"image\/png\" \/>\n<meta name=\"twitter:card\" content=\"summary_large_image\" \/>\n<meta name=\"twitter:label1\" content=\"Tiempo de lectura\" \/>\n\t<meta name=\"twitter:data1\" content=\"3 minutos\" \/>\n<script type=\"application\/ld+json\" class=\"yoast-schema-graph\">{\"@context\":\"https:\/\/schema.org\",\"@graph\":[{\"@type\":\"WebPage\",\"@id\":\"https:\/\/livresq.com\/pnrr-livresq-digital-media-lab\/\",\"url\":\"https:\/\/livresq.com\/pnrr-livresq-digital-media-lab\/\",\"name\":\"PNRR - LIVRESQ Digital Media Lab - LIVRESQ\",\"isPartOf\":{\"@id\":\"https:\/\/livresq.com\/en\/#website\"},\"primaryImageOfPage\":{\"@id\":\"https:\/\/livresq.com\/pnrr-livresq-digital-media-lab\/#primaryimage\"},\"image\":{\"@id\":\"https:\/\/livresq.com\/pnrr-livresq-digital-media-lab\/#primaryimage\"},\"thumbnailUrl\":\"https:\/\/i0.wp.com\/livresq.com\/wp-content\/uploads\/2023\/02\/e299e715-7761-4a4e-ad36-ebcc4dee70c8.png?fit=600%2C314&ssl=1\",\"datePublished\":\"2023-02-16T14:26:10+00:00\",\"dateModified\":\"2023-02-17T08:43:31+00:00\",\"breadcrumb\":{\"@id\":\"https:\/\/livresq.com\/pnrr-livresq-digital-media-lab\/#breadcrumb\"},\"inLanguage\":\"es\",\"potentialAction\":[{\"@type\":\"ReadAction\",\"target\":[\"https:\/\/livresq.com\/pnrr-livresq-digital-media-lab\/\"]}]},{\"@type\":\"ImageObject\",\"inLanguage\":\"es\",\"@id\":\"https:\/\/livresq.com\/pnrr-livresq-digital-media-lab\/#primaryimage\",\"url\":\"https:\/\/i0.wp.com\/livresq.com\/wp-content\/uploads\/2023\/02\/e299e715-7761-4a4e-ad36-ebcc4dee70c8.png?fit=600%2C314&ssl=1\",\"contentUrl\":\"https:\/\/i0.wp.com\/livresq.com\/wp-content\/uploads\/2023\/02\/e299e715-7761-4a4e-ad36-ebcc4dee70c8.png?fit=600%2C314&ssl=1\",\"width\":600,\"height\":314},{\"@type\":\"BreadcrumbList\",\"@id\":\"https:\/\/livresq.com\/pnrr-livresq-digital-media-lab\/#breadcrumb\",\"itemListElement\":[{\"@type\":\"ListItem\",\"position\":1,\"name\":\"Prima pagin\u0103\",\"item\":\"https:\/\/livresq.com\/\"},{\"@type\":\"ListItem\",\"position\":2,\"name\":\"PNRR &#8211; LIVRESQ Digital Media Lab\"}]},{\"@type\":\"WebSite\",\"@id\":\"https:\/\/livresq.com\/en\/#website\",\"url\":\"https:\/\/livresq.com\/en\/\",\"name\":\"LIVRESQ\",\"description\":\"eLearning Authoring Tool\",\"publisher\":{\"@id\":\"https:\/\/livresq.com\/en\/#organization\"},\"potentialAction\":[{\"@type\":\"SearchAction\",\"target\":{\"@type\":\"EntryPoint\",\"urlTemplate\":\"https:\/\/livresq.com\/en\/?s={search_term_string}\"},\"query-input\":{\"@type\":\"PropertyValueSpecification\",\"valueRequired\":true,\"valueName\":\"search_term_string\"}}],\"inLanguage\":\"es\"},{\"@type\":\"Organization\",\"@id\":\"https:\/\/livresq.com\/en\/#organization\",\"name\":\"LIVRESQ - Authoring Tool\",\"url\":\"https:\/\/livresq.com\/en\/\",\"logo\":{\"@type\":\"ImageObject\",\"inLanguage\":\"es\",\"@id\":\"https:\/\/livresq.com\/en\/#\/schema\/logo\/image\/\",\"url\":\"https:\/\/i0.wp.com\/livresq.com\/wp-content\/uploads\/2019\/07\/cropped-Logo.png?fit=1054%2C575&ssl=1\",\"contentUrl\":\"https:\/\/i0.wp.com\/livresq.com\/wp-content\/uploads\/2019\/07\/cropped-Logo.png?fit=1054%2C575&ssl=1\",\"width\":1054,\"height\":575,\"caption\":\"LIVRESQ - Authoring Tool\"},\"image\":{\"@id\":\"https:\/\/livresq.com\/en\/#\/schema\/logo\/image\/\"}}]}<\/script>\n<!-- \/ Yoast SEO plugin. -->","yoast_head_json":{"title":"PNRR - LIVRESQ Laboratorio de medios digitales - LIVRESQ","robots":{"index":"index","follow":"follow","max-snippet":"max-snippet:-1","max-image-preview":"max-image-preview:large","max-video-preview":"max-video-preview:-1"},"canonical":"https:\/\/livresq.com\/es\/pnrr-booksq-laboratorio-de-medios-digitales\/","og_locale":"es_ES","og_type":"article","og_title":"PNRR - LIVRESQ Digital Media Lab - LIVRESQ","og_description":"Finan\u021barea bibliotecilor pentru a deveni hub-uri de dezvoltare a competen\u021belor digitale LIVRESQ Digital Media Lab &#8211; component\u0103 fundamental\u0103 \u00een hub-uri de dezvoltare a competen\u021belor digitale LIVRESQ Digital Media Lab poate fi inclus \u00een proiectul privind INVESTI\u021aIA I17 \u201cFinan\u021barea bibliotecilor pentru a deveni hub-uri de dezvoltare a competen\u021belor digitale\u201d. Oferta este \u00een concordan\u021b\u0103 deplin\u0103 cu Ghidul [&hellip;]","og_url":"https:\/\/livresq.com\/es\/pnrr-booksq-laboratorio-de-medios-digitales\/","og_site_name":"LIVRESQ","article_modified_time":"2023-02-17T08:43:31+00:00","og_image":[{"width":600,"height":314,"url":"https:\/\/i0.wp.com\/livresq.com\/wp-content\/uploads\/2023\/02\/e299e715-7761-4a4e-ad36-ebcc4dee70c8.png?fit=600%2C314&ssl=1","type":"image\/png"}],"twitter_card":"summary_large_image","twitter_misc":{"Tiempo de lectura":"3 minutos"},"schema":{"@context":"https:\/\/schema.org","@graph":[{"@type":"WebPage","@id":"https:\/\/livresq.com\/pnrr-livresq-digital-media-lab\/","url":"https:\/\/livresq.com\/pnrr-livresq-digital-media-lab\/","name":"PNRR - LIVRESQ Laboratorio de medios digitales - LIVRESQ","isPartOf":{"@id":"https:\/\/livresq.com\/en\/#website"},"primaryImageOfPage":{"@id":"https:\/\/livresq.com\/pnrr-livresq-digital-media-lab\/#primaryimage"},"image":{"@id":"https:\/\/livresq.com\/pnrr-livresq-digital-media-lab\/#primaryimage"},"thumbnailUrl":"https:\/\/i0.wp.com\/livresq.com\/wp-content\/uploads\/2023\/02\/e299e715-7761-4a4e-ad36-ebcc4dee70c8.png?fit=600%2C314&ssl=1","datePublished":"2023-02-16T14:26:10+00:00","dateModified":"2023-02-17T08:43:31+00:00","breadcrumb":{"@id":"https:\/\/livresq.com\/pnrr-livresq-digital-media-lab\/#breadcrumb"},"inLanguage":"es","potentialAction":[{"@type":"ReadAction","target":["https:\/\/livresq.com\/pnrr-livresq-digital-media-lab\/"]}]},{"@type":"ImageObject","inLanguage":"es","@id":"https:\/\/livresq.com\/pnrr-livresq-digital-media-lab\/#primaryimage","url":"https:\/\/i0.wp.com\/livresq.com\/wp-content\/uploads\/2023\/02\/e299e715-7761-4a4e-ad36-ebcc4dee70c8.png?fit=600%2C314&ssl=1","contentUrl":"https:\/\/i0.wp.com\/livresq.com\/wp-content\/uploads\/2023\/02\/e299e715-7761-4a4e-ad36-ebcc4dee70c8.png?fit=600%2C314&ssl=1","width":600,"height":314},{"@type":"BreadcrumbList","@id":"https:\/\/livresq.com\/pnrr-livresq-digital-media-lab\/#breadcrumb","itemListElement":[{"@type":"ListItem","position":1,"name":"Prima pagin\u0103","item":"https:\/\/livresq.com\/"},{"@type":"ListItem","position":2,"name":"PNRR &#8211; LIVRESQ Digital Media Lab"}]},{"@type":"WebSite","@id":"https:\/\/livresq.com\/en\/#website","url":"https:\/\/livresq.com\/en\/","name":"LIVRESQ","description":"Herramienta de creaci\u00f3n de eLearning","publisher":{"@id":"https:\/\/livresq.com\/en\/#organization"},"potentialAction":[{"@type":"SearchAction","target":{"@type":"EntryPoint","urlTemplate":"https:\/\/livresq.com\/en\/?s={search_term_string}"},"query-input":{"@type":"PropertyValueSpecification","valueRequired":true,"valueName":"search_term_string"}}],"inLanguage":"es"},{"@type":"Organization","@id":"https:\/\/livresq.com\/en\/#organization","name":"LIVRESQ - Herramienta de creaci\u00f3n","url":"https:\/\/livresq.com\/en\/","logo":{"@type":"ImageObject","inLanguage":"es","@id":"https:\/\/livresq.com\/en\/#\/schema\/logo\/image\/","url":"https:\/\/i0.wp.com\/livresq.com\/wp-content\/uploads\/2019\/07\/cropped-Logo.png?fit=1054%2C575&ssl=1","contentUrl":"https:\/\/i0.wp.com\/livresq.com\/wp-content\/uploads\/2019\/07\/cropped-Logo.png?fit=1054%2C575&ssl=1","width":1054,"height":575,"caption":"LIVRESQ - Authoring Tool"},"image":{"@id":"https:\/\/livresq.com\/en\/#\/schema\/logo\/image\/"}}]}},"_links":{"self":[{"href":"https:\/\/livresq.com\/es\/wp-json\/wp\/v2\/pages\/280860","targetHints":{"allow":["GET"]}}],"collection":[{"href":"https:\/\/livresq.com\/es\/wp-json\/wp\/v2\/pages"}],"about":[{"href":"https:\/\/livresq.com\/es\/wp-json\/wp\/v2\/types\/page"}],"author":[{"embeddable":true,"href":"https:\/\/livresq.com\/es\/wp-json\/wp\/v2\/users\/36627"}],"replies":[{"embeddable":true,"href":"https:\/\/livresq.com\/es\/wp-json\/wp\/v2\/comments?post=280860"}],"version-history":[{"count":6,"href":"https:\/\/livresq.com\/es\/wp-json\/wp\/v2\/pages\/280860\/revisions"}],"predecessor-version":[{"id":280964,"href":"https:\/\/livresq.com\/es\/wp-json\/wp\/v2\/pages\/280860\/revisions\/280964"}],"wp:featuredmedia":[{"embeddable":true,"href":"https:\/\/livresq.com\/es\/wp-json\/wp\/v2\/media\/280953"}],"wp:attachment":[{"href":"https:\/\/livresq.com\/es\/wp-json\/wp\/v2\/media?parent=280860"}],"curies":[{"name":"wp","href":"https:\/\/api.w.org\/{rel}","templated":true}]}}