



{"id":73,"date":"2019-07-23T09:51:36","date_gmt":"2019-07-23T06:51:36","guid":{"rendered":"https:\/\/livresq.com\/?page_id=73"},"modified":"2020-01-17T16:51:13","modified_gmt":"2020-01-17T14:51:13","slug":"gdpr","status":"publish","type":"page","link":"https:\/\/livresq.com\/es\/gdpr\/","title":{"rendered":"GDPR"},"content":{"rendered":"<div data-elementor-type=\"wp-page\" data-elementor-id=\"73\" class=\"elementor elementor-73\" data-elementor-post-type=\"page\">\n\t\t\t\t\t\t<section class=\"elementor-section elementor-top-section elementor-element elementor-element-2b45bde elementor-section-boxed elementor-section-height-default elementor-section-height-default\" data-id=\"2b45bde\" data-element_type=\"section\">\n\t\t\t\t\t\t<div class=\"elementor-container elementor-column-gap-default\">\n\t\t\t\t\t<div class=\"elementor-column elementor-col-100 elementor-top-column elementor-element elementor-element-018260a\" data-id=\"018260a\" data-element_type=\"column\">\n\t\t\t<div class=\"elementor-widget-wrap elementor-element-populated\">\n\t\t\t\t\t\t<div class=\"elementor-element elementor-element-b484d93 elementor-widget elementor-widget-heading\" data-id=\"b484d93\" data-element_type=\"widget\" data-widget_type=\"heading.default\">\n\t\t\t\t<div class=\"elementor-widget-container\">\n\t\t\t\t\t<h3 class=\"elementor-heading-title elementor-size-default\"><b>Protecci\u00f3n de datos personales y pol\u00edtica de privacidad (GDPR)<\/b><\/h3>\t\t\t\t<\/div>\n\t\t\t\t<\/div>\n\t\t\t\t<div class=\"elementor-element elementor-element-a2b1182 elementor-widget elementor-widget-text-editor\" data-id=\"a2b1182\" data-element_type=\"widget\" data-widget_type=\"text-editor.default\">\n\t\t\t\t<div class=\"elementor-widget-container\">\n\t\t\t\t\t\t\t\t\t<header class=\"entry-header\"><p class=\"entry-title\">\u00a0<\/p><\/header><div class=\"entry-content\"><h2 style=\"margin-top: 64px; text-transform: uppercase; color: #000000; font-family: Roboto, sans-serif;\">\u00bfQU\u00c9 SON LOS DATOS PERSONALES?<\/h2><p style=\"font-size: medium;\">Los datos personales son cualquier informaci\u00f3n que se refiera a una persona f\u00edsica identificada o identificable. Las diferentes informaciones que, en conjunto, pueden conducir a la identificaci\u00f3n de una determinada persona son tambi\u00e9n datos personales. Los datos personales que han sido anonimizados, cifrados o seudonimizados, pero que pueden utilizarse para identificar a una persona, siguen siendo datos personales y est\u00e1n cubiertos por el RGPD. Los datos personales que se han convertido en an\u00f3nimos de tal manera que la persona f\u00edsica no es identificable o ha dejado de serlo ya no se consideran datos personales. Para que los datos sean realmente an\u00f3nimos, la anonimizaci\u00f3n debe ser irreversible.<\/p><p style=\"font-size: medium;\">El RGPD protege los datos personales con independencia de la tecnolog\u00eda utilizada para procesarlos: es \"tecnol\u00f3gicamente neutro\" y se aplica tanto al tratamiento autom\u00e1tico como al manual, siempre que los datos se organicen seg\u00fan criterios predefinidos (por ejemplo, por orden alfab\u00e9tico). Tampoco importa c\u00f3mo se almacenen los datos: en un sistema TIC, por videovigilancia o en papel; en todos estos casos, los datos personales est\u00e1n sujetos a los requisitos de protecci\u00f3n formulados en el RGPD.<\/p><h2 style=\"margin-top: 64px; text-transform: uppercase; color: #000000; font-family: Roboto, sans-serif;\">\u00bfQU\u00c9 TIPO DE DATOS PERSONALES RECOGEMOS DE USTED?<\/h2><p style=\"font-size: medium;\">La informaci\u00f3n y los datos personales que recopilamos sobre usted cuando visita nuestros sitios web o interact\u00faa con nosotros son:<\/p><p style=\"font-size: medium;\"><span style=\"font-weight: bold;\">Datos personales facilitados por usted<\/span>. Estos son:<\/p><ul style=\"font-size: medium;\"><li>direcci\u00f3n de correo electr\u00f3nico, al crear la cuenta de usuario;<\/li><li>su nombre, direcci\u00f3n de correo electr\u00f3nico, n\u00famero de tel\u00e9fono, recogidos al registrarse en l\u00ednea o por correo electr\u00f3nico sus solicitudes y reclamaciones, enviar mensajes o comentarios, participar en encuestas, en la medida en que usted los facilite voluntariamente;<\/li><li>direcci\u00f3n de correo electr\u00f3nico al suscribirse a nuestros boletines;<\/li><li>su nombre y direcci\u00f3n de facturaci\u00f3n al realizar compras en la plataforma;<\/li><li>su nombre, direcci\u00f3n de correo electr\u00f3nico y n\u00famero de tel\u00e9fono al participar en nuestras ofertas y promociones.<\/li><\/ul><h2 style=\"margin-top: 64px; text-transform: uppercase; color: #000000; font-family: Roboto, sans-serif;\">\u00bfQU\u00c9 TIPO DE DATOS PERSONALES RECOGEN DE USTED TERCEROS AL UTILIZAR LIVRESQ?<\/h2><p style=\"font-size: medium;\"><span style=\"font-weight: bold;\">Informaci\u00f3n de pago<\/span>\u00a0- los datos de su cuenta de pago, n\u00fameros de tarjetas de cr\u00e9dito y d\u00e9bito, fecha de caducidad, correo electr\u00f3nico, nombre de la tarjeta son recogidos directamente por la empresa que realiza la transferencia en l\u00ednea de los importes aprobados por usted. Los datos respectivos no se transmiten a Ascendia y est\u00e1n sujetos a las normas de protecci\u00f3n de datos espec\u00edficas del operador respectivo.<\/p><p style=\"font-size: medium;\"><span style=\"font-weight: bold;\">Informaci\u00f3n recogida autom\u00e1ticamente\u00a0<\/span>- informaci\u00f3n sobre su ordenador, direcci\u00f3n IP y navegador, la informaci\u00f3n del usuario es recogida por Google Analytics y es gestionada por \u00e9ste de acuerdo con sus propias pol\u00edticas GDPR. Ascendia no tiene acceso a los datos personales as\u00ed recogidos, siendo la \u00fanica informaci\u00f3n accesible de tipo estad\u00edstico. En la web de Livresq no se utilizan cookies propias de Ascendia.<\/p><h2 style=\"margin-top: 64px; text-transform: uppercase; color: #000000; font-family: Roboto, sans-serif;\">\u00bfPOR QU\u00c9 RECOGEMOS SUS DATOS PERSONALES?<\/h2><p style=\"font-size: medium;\">Recogemos y utilizamos sus datos personales para los fines indicados a continuaci\u00f3n y dentro de los l\u00edmites de la ley:<\/p><ul style=\"font-size: medium;\"><li>Para acceder a nuestros productos (para iniciar sesi\u00f3n);<\/li><li>Para el env\u00edo de boletines informativos, cuestionarios, informaci\u00f3n relacionada con eventos organizados por Ascendia, en la medida en que usted haya manifestado su conformidad al respecto;<\/li><li>Para responder a sus peticiones, comentarios o quejas;<\/li><li>Para elaborar facturas por las compras realizadas, de acuerdo con la legislaci\u00f3n vigente.<\/li><\/ul><h2 style=\"margin-top: 64px; text-transform: uppercase; color: #000000; font-family: Roboto, sans-serif;\">\u00bfCU\u00c1NTO TIEMPO CONSERVAMOS SUS DATOS PERSONALES?<\/h2><p style=\"font-size: medium;\">Conservaremos sus datos personales s\u00f3lo durante el tiempo necesario para cumplir la finalidad para la que nos fueron facilitados o recogidos (por ejemplo, durante el periodo necesario para responder a preguntas o resolver problemas).<\/p><p style=\"font-size: medium;\">Los datos de acceso se borrar\u00e1n cuando elimine su cuenta. Los datos relativos a la recepci\u00f3n de correspondencia de Ascendia se eliminar\u00e1n en cualquier momento a petici\u00f3n suya. Los datos relativos a transacciones financieras se conservar\u00e1n durante el tiempo exigido por la normativa legal.<\/p><h2 style=\"margin-top: 64px; text-transform: uppercase; color: #000000; font-family: Roboto, sans-serif;\">SU CONSENTIMIENTO<\/h2><p style=\"font-size: medium;\">Su consentimiento para el uso de datos personales se realiza al crear la cuenta de usuario, marcando la casilla GDPR correspondiente en la p\u00e1gina de creaci\u00f3n de la cuenta. El consentimiento no es impl\u00edcito y condiciona la realizaci\u00f3n de la cuenta. Puede retirar su consentimiento solicitando la eliminaci\u00f3n de su cuenta en cualquier momento.<\/p><h2 style=\"margin-top: 64px; text-transform: uppercase; color: #000000; font-family: Roboto, sans-serif;\">SEGURIDAD DE LOS DATOS PERSONALES<\/h2><p style=\"font-size: medium;\">Los datos personales est\u00e1n a salvo de amenazas y garantizamos su protecci\u00f3n mediante una infraestructura inform\u00e1tica y medidas de seguridad adecuadas. Adem\u00e1s, hemos implantado medidas internas que nos permiten descubrir, notificar y documentar las violaciones de seguridad lo antes posible.<\/p><p style=\"font-size: medium;\">Si descubrimos alguna violaci\u00f3n de datos personales que suponga un riesgo para sus derechos y libertades, informaremos a la Autoridad Nacional de Supervisi\u00f3n para el tratamiento de Datos Personales. Se le informar\u00e1 de la violaci\u00f3n de sus datos personales si ello conlleva un alto riesgo para sus derechos y libertades.<\/p><h2 style=\"margin-top: 64px; text-transform: uppercase; color: #000000; font-family: Roboto, sans-serif;\">CONTACTO<\/h2><p style=\"font-size: medium;\">Gracias por confiar en nosotros y por dedicar parte de su tiempo a leer nuestra notificaci\u00f3n relativa al tratamiento de sus datos personales. Si necesita m\u00e1s informaci\u00f3n y no la encuentra arriba, puede ponerse en contacto con nosotros en la direcci\u00f3n de correo electr\u00f3nico <a href=\"mailto:contact@livresq.com\">contact@livresq.com<\/a>.<\/p><\/div>\t\t\t\t\t\t\t\t<\/div>\n\t\t\t\t<\/div>\n\t\t\t\t\t<\/div>\n\t\t<\/div>\n\t\t\t\t\t<\/div>\n\t\t<\/section>\n\t\t\t\t<\/div>","protected":false},"excerpt":{"rendered":"<p>Personal Data Protection and Privacy Policy (GDPR) \u00a0 WHAT ARE PERSONAL DATA? Personal data are any information, which refers to an identified or identifiable natural person. The different information that, together, can lead to the identification of a certain person is also personal data. Personal data that has been anonymized, encrypted or pseudonymized but can [&hellip;]<\/p>\n","protected":false},"author":2,"featured_media":0,"parent":0,"menu_order":0,"comment_status":"closed","ping_status":"closed","template":"","meta":{"footnotes":""},"class_list":["post-73","page","type-page","status-publish","hentry"],"yoast_head":"<!-- This site is optimized with the Yoast SEO plugin v27.2 - https:\/\/yoast.com\/product\/yoast-seo-wordpress\/ -->\n<title>GDPR - LIVRESQ<\/title>\n<meta name=\"robots\" content=\"index, follow, max-snippet:-1, max-image-preview:large, max-video-preview:-1\" \/>\n<link rel=\"canonical\" href=\"https:\/\/livresq.com\/es\/gdpr\/\" \/>\n<meta property=\"og:locale\" content=\"es_ES\" \/>\n<meta property=\"og:type\" content=\"article\" \/>\n<meta property=\"og:title\" content=\"GDPR - LIVRESQ\" \/>\n<meta property=\"og:description\" content=\"Personal Data Protection and Privacy Policy (GDPR) \u00a0 WHAT ARE PERSONAL DATA? Personal data are any information, which refers to an identified or identifiable natural person. The different information that, together, can lead to the identification of a certain person is also personal data. Personal data that has been anonymized, encrypted or pseudonymized but can [&hellip;]\" \/>\n<meta property=\"og:url\" content=\"https:\/\/livresq.com\/es\/gdpr\/\" \/>\n<meta property=\"og:site_name\" content=\"LIVRESQ\" \/>\n<meta property=\"article:modified_time\" content=\"2020-01-17T14:51:13+00:00\" \/>\n<meta name=\"twitter:card\" content=\"summary_large_image\" \/>\n<meta name=\"twitter:label1\" content=\"Tiempo de lectura\" \/>\n\t<meta name=\"twitter:data1\" content=\"4 minutos\" \/>\n<script type=\"application\/ld+json\" class=\"yoast-schema-graph\">{\"@context\":\"https:\/\/schema.org\",\"@graph\":[{\"@type\":\"WebPage\",\"@id\":\"https:\/\/livresq.com\/gdpr\/\",\"url\":\"https:\/\/livresq.com\/gdpr\/\",\"name\":\"GDPR - LIVRESQ\",\"isPartOf\":{\"@id\":\"https:\/\/livresq.com\/en\/#website\"},\"datePublished\":\"2019-07-23T06:51:36+00:00\",\"dateModified\":\"2020-01-17T14:51:13+00:00\",\"breadcrumb\":{\"@id\":\"https:\/\/livresq.com\/gdpr\/#breadcrumb\"},\"inLanguage\":\"es\",\"potentialAction\":[{\"@type\":\"ReadAction\",\"target\":[\"https:\/\/livresq.com\/gdpr\/\"]}]},{\"@type\":\"BreadcrumbList\",\"@id\":\"https:\/\/livresq.com\/gdpr\/#breadcrumb\",\"itemListElement\":[{\"@type\":\"ListItem\",\"position\":1,\"name\":\"Prima pagin\u0103\",\"item\":\"https:\/\/livresq.com\/\"},{\"@type\":\"ListItem\",\"position\":2,\"name\":\"GDPR\"}]},{\"@type\":\"WebSite\",\"@id\":\"https:\/\/livresq.com\/en\/#website\",\"url\":\"https:\/\/livresq.com\/en\/\",\"name\":\"LIVRESQ\",\"description\":\"eLearning Authoring Tool\",\"publisher\":{\"@id\":\"https:\/\/livresq.com\/en\/#organization\"},\"potentialAction\":[{\"@type\":\"SearchAction\",\"target\":{\"@type\":\"EntryPoint\",\"urlTemplate\":\"https:\/\/livresq.com\/en\/?s={search_term_string}\"},\"query-input\":{\"@type\":\"PropertyValueSpecification\",\"valueRequired\":true,\"valueName\":\"search_term_string\"}}],\"inLanguage\":\"es\"},{\"@type\":\"Organization\",\"@id\":\"https:\/\/livresq.com\/en\/#organization\",\"name\":\"LIVRESQ - Authoring Tool\",\"url\":\"https:\/\/livresq.com\/en\/\",\"logo\":{\"@type\":\"ImageObject\",\"inLanguage\":\"es\",\"@id\":\"https:\/\/livresq.com\/en\/#\/schema\/logo\/image\/\",\"url\":\"https:\/\/i0.wp.com\/livresq.com\/wp-content\/uploads\/2019\/07\/cropped-Logo.png?fit=1054%2C575&ssl=1\",\"contentUrl\":\"https:\/\/i0.wp.com\/livresq.com\/wp-content\/uploads\/2019\/07\/cropped-Logo.png?fit=1054%2C575&ssl=1\",\"width\":1054,\"height\":575,\"caption\":\"LIVRESQ - Authoring Tool\"},\"image\":{\"@id\":\"https:\/\/livresq.com\/en\/#\/schema\/logo\/image\/\"}}]}<\/script>\n<!-- \/ Yoast SEO plugin. -->","yoast_head_json":{"title":"GDPR - LIVRESQ","robots":{"index":"index","follow":"follow","max-snippet":"max-snippet:-1","max-image-preview":"max-image-preview:large","max-video-preview":"max-video-preview:-1"},"canonical":"https:\/\/livresq.com\/es\/gdpr\/","og_locale":"es_ES","og_type":"article","og_title":"GDPR - LIVRESQ","og_description":"Personal Data Protection and Privacy Policy (GDPR) \u00a0 WHAT ARE PERSONAL DATA? Personal data are any information, which refers to an identified or identifiable natural person. The different information that, together, can lead to the identification of a certain person is also personal data. Personal data that has been anonymized, encrypted or pseudonymized but can [&hellip;]","og_url":"https:\/\/livresq.com\/es\/gdpr\/","og_site_name":"LIVRESQ","article_modified_time":"2020-01-17T14:51:13+00:00","twitter_card":"summary_large_image","twitter_misc":{"Tiempo de lectura":"4 minutos"},"schema":{"@context":"https:\/\/schema.org","@graph":[{"@type":"WebPage","@id":"https:\/\/livresq.com\/gdpr\/","url":"https:\/\/livresq.com\/gdpr\/","name":"GDPR - LIVRESQ","isPartOf":{"@id":"https:\/\/livresq.com\/en\/#website"},"datePublished":"2019-07-23T06:51:36+00:00","dateModified":"2020-01-17T14:51:13+00:00","breadcrumb":{"@id":"https:\/\/livresq.com\/gdpr\/#breadcrumb"},"inLanguage":"es","potentialAction":[{"@type":"ReadAction","target":["https:\/\/livresq.com\/gdpr\/"]}]},{"@type":"BreadcrumbList","@id":"https:\/\/livresq.com\/gdpr\/#breadcrumb","itemListElement":[{"@type":"ListItem","position":1,"name":"Prima pagin\u0103","item":"https:\/\/livresq.com\/"},{"@type":"ListItem","position":2,"name":"GDPR"}]},{"@type":"WebSite","@id":"https:\/\/livresq.com\/en\/#website","url":"https:\/\/livresq.com\/en\/","name":"LIVRESQ","description":"Herramienta de creaci\u00f3n de eLearning","publisher":{"@id":"https:\/\/livresq.com\/en\/#organization"},"potentialAction":[{"@type":"SearchAction","target":{"@type":"EntryPoint","urlTemplate":"https:\/\/livresq.com\/en\/?s={search_term_string}"},"query-input":{"@type":"PropertyValueSpecification","valueRequired":true,"valueName":"search_term_string"}}],"inLanguage":"es"},{"@type":"Organization","@id":"https:\/\/livresq.com\/en\/#organization","name":"LIVRESQ - Herramienta de creaci\u00f3n","url":"https:\/\/livresq.com\/en\/","logo":{"@type":"ImageObject","inLanguage":"es","@id":"https:\/\/livresq.com\/en\/#\/schema\/logo\/image\/","url":"https:\/\/i0.wp.com\/livresq.com\/wp-content\/uploads\/2019\/07\/cropped-Logo.png?fit=1054%2C575&ssl=1","contentUrl":"https:\/\/i0.wp.com\/livresq.com\/wp-content\/uploads\/2019\/07\/cropped-Logo.png?fit=1054%2C575&ssl=1","width":1054,"height":575,"caption":"LIVRESQ - Authoring Tool"},"image":{"@id":"https:\/\/livresq.com\/en\/#\/schema\/logo\/image\/"}}]}},"_links":{"self":[{"href":"https:\/\/livresq.com\/es\/wp-json\/wp\/v2\/pages\/73","targetHints":{"allow":["GET"]}}],"collection":[{"href":"https:\/\/livresq.com\/es\/wp-json\/wp\/v2\/pages"}],"about":[{"href":"https:\/\/livresq.com\/es\/wp-json\/wp\/v2\/types\/page"}],"author":[{"embeddable":true,"href":"https:\/\/livresq.com\/es\/wp-json\/wp\/v2\/users\/2"}],"replies":[{"embeddable":true,"href":"https:\/\/livresq.com\/es\/wp-json\/wp\/v2\/comments?post=73"}],"version-history":[{"count":0,"href":"https:\/\/livresq.com\/es\/wp-json\/wp\/v2\/pages\/73\/revisions"}],"wp:attachment":[{"href":"https:\/\/livresq.com\/es\/wp-json\/wp\/v2\/media?parent=73"}],"curies":[{"name":"wp","href":"https:\/\/api.w.org\/{rel}","templated":true}]}}