



{"id":8264,"date":"2020-01-17T16:42:36","date_gmt":"2020-01-17T14:42:36","guid":{"rendered":"https:\/\/livresq.com\/?page_id=8264"},"modified":"2026-03-31T12:33:09","modified_gmt":"2026-03-31T09:33:09","slug":"gdpr-ro","status":"publish","type":"page","link":"https:\/\/livresq.com\/es\/gdpr-ro\/","title":{"rendered":"GDPR-RO"},"content":{"rendered":"<div data-elementor-type=\"wp-page\" data-elementor-id=\"8264\" class=\"elementor elementor-8264\" data-elementor-post-type=\"page\">\n\t\t\t\t\t\t<section class=\"elementor-section elementor-top-section elementor-element elementor-element-2100a55 elementor-section-boxed elementor-section-height-default elementor-section-height-default\" data-id=\"2100a55\" data-element_type=\"section\">\n\t\t\t\t\t\t<div class=\"elementor-container elementor-column-gap-default\">\n\t\t\t\t\t<div class=\"elementor-column elementor-col-100 elementor-top-column elementor-element elementor-element-5157ade\" data-id=\"5157ade\" data-element_type=\"column\">\n\t\t\t<div class=\"elementor-widget-wrap\">\n\t\t\t\t\t\t\t<\/div>\n\t\t<\/div>\n\t\t\t\t\t<\/div>\n\t\t<\/section>\n\t\t\t\t<section class=\"elementor-section elementor-top-section elementor-element elementor-element-3111aaf elementor-section-boxed elementor-section-height-default elementor-section-height-default\" data-id=\"3111aaf\" data-element_type=\"section\">\n\t\t\t\t\t\t<div class=\"elementor-container elementor-column-gap-default\">\n\t\t\t\t\t<div class=\"elementor-column elementor-col-100 elementor-top-column elementor-element elementor-element-847dc75\" data-id=\"847dc75\" data-element_type=\"column\">\n\t\t\t<div class=\"elementor-widget-wrap elementor-element-populated\">\n\t\t\t\t\t\t<div class=\"elementor-element elementor-element-bbd61a1 elementor-widget elementor-widget-heading\" data-id=\"bbd61a1\" data-element_type=\"widget\" data-widget_type=\"heading.default\">\n\t\t\t\t<div class=\"elementor-widget-container\">\n\t\t\t\t\t<h3 class=\"elementor-heading-title elementor-size-default\"><b>Tratamiento de datos personales y pol\u00edtica de privacidad (GDPR)<\/b><\/h3>\t\t\t\t<\/div>\n\t\t\t\t<\/div>\n\t\t\t\t<div class=\"elementor-element elementor-element-9e33ed4 elementor-widget elementor-widget-text-editor\" data-id=\"9e33ed4\" data-element_type=\"widget\" data-widget_type=\"text-editor.default\">\n\t\t\t\t<div class=\"elementor-widget-container\">\n\t\t\t\t\t\t\t\t\t<header class=\"entry-header\"><p class=\"entry-title\">\u00a0<\/p><\/header><div class=\"entry-content\"><h2>\u00bfQU\u00c9 SON LOS DATOS PERSONALES?<\/h2><p>Los datos personales son cualquier informaci\u00f3n relativa a una persona f\u00edsica identificada o identificable. Los distintos elementos de informaci\u00f3n que, en conjunto, pueden conducir a la identificaci\u00f3n de una persona concreta tambi\u00e9n constituyen datos personales. Los datos personales anonimizados, cifrados o seudoanonimizados, pero que pueden utilizarse para volver a identificar a una persona, siguen siendo datos personales y est\u00e1n cubiertos por el RGPD. Los datos personales que han sido anonimizados de tal manera que la persona f\u00edsica no es o ha dejado de ser identificable ya no se consideran datos personales. Para que los datos sean realmente an\u00f3nimos, la anonimizaci\u00f3n debe ser irreversible.<\/p><p>El RGPD protege los datos personales con independencia de la tecnolog\u00eda utilizada para tratarlos: es \"tecnol\u00f3gicamente neutro\" y se aplica tanto al tratamiento automatizado como al manual, siempre que los datos se organicen con arreglo a criterios predefinidos (por ejemplo, alfab\u00e9ticamente). Tampoco importa c\u00f3mo se almacenen los datos: en un sistema TIC, mediante videovigilancia o en papel; en todos estos casos, los datos personales est\u00e1n sujetos a los requisitos de protecci\u00f3n establecidos en el RGPD.<\/p><h2>\u00bfQU\u00c9 DATOS PERSONALES RECOGEMOS DE USTED?<\/h2><p>La informaci\u00f3n y los datos personales que recopilamos sobre usted cuando visita nuestros sitios web o interact\u00faa con nosotros son:<\/p><p><b>Datos personales facilitados por usted<\/b>. Lo son:<\/p><ul><li>su direcci\u00f3n de correo electr\u00f3nico al crear su cuenta de usuario;<\/li><li>su nombre, direcci\u00f3n de correo electr\u00f3nico, n\u00famero de tel\u00e9fono, recogidos al registrarse en l\u00ednea o por correo electr\u00f3nico para las solicitudes y reclamaciones que realice, el env\u00edo de mensajes o comentarios, la participaci\u00f3n en encuestas, en la medida en que usted los facilite voluntariamente;<\/li><li>su direcci\u00f3n de correo electr\u00f3nico al suscribirse a nuestro bolet\u00edn;<\/li><li>su nombre y direcci\u00f3n de facturaci\u00f3n al realizar compras en la plataforma;<\/li><li>su nombre, direcci\u00f3n de correo electr\u00f3nico y n\u00famero de tel\u00e9fono cuando participe en nuestras ofertas y promociones.<\/li><\/ul><h2>QU\u00c9 DATOS PERSONALES RECOGEN DE USTED TERCEROS \u00bfCU\u00c1NDO UTILIZA LIVRESQ?<\/h2><p><b>Informaci\u00f3n de pago<\/b>\u00a0- Los datos de su cuenta de pago, n\u00fameros de tarjetas de cr\u00e9dito y d\u00e9bito, fecha de caducidad, correo electr\u00f3nico, nombre de la tarjeta son recogidos directamente por la empresa que realiza la transferencia en l\u00ednea de los importes aprobados por usted. Estos datos no se transmiten a Ascendia y est\u00e1n sujetos a las normas de protecci\u00f3n de datos espec\u00edficas de dicho operador.<\/p><p><b>Informaci\u00f3n recogida autom\u00e1ticamente<\/b>\u00a0- La informaci\u00f3n sobre su ordenador, direcci\u00f3n IP y navegador, informaci\u00f3n de usuario es recogida por Google Analytics y es gestionada por Google Analytics de acuerdo con sus propias pol\u00edticas GDPR. Ascendia no tiene acceso a los datos personales as\u00ed recogidos, la \u00fanica informaci\u00f3n accesible es estad\u00edstica. En el sitio web de LIVRESQ no se utilizan cookies propias de Ascendia.<\/p><h2>POR QU\u00c9 RECOGEMOS SUS DATOS \u00bfDATOS PERSONALES?<\/h2><p>Recogemos y utilizamos sus datos personales para los fines indicados a continuaci\u00f3n y dentro de los l\u00edmites de la ley:<\/p><ul><li>Para acceder a nuestros productos (inicio de sesi\u00f3n);<\/li><li>Para la transmisi\u00f3n de boletines informativos, cuestionarios, informaci\u00f3n relacionada con eventos organizados por Ascendia, en la medida en que usted haya dado su consentimiento;<\/li><li>Para responder a sus peticiones, comentarios o quejas;<\/li><li>Para preparar las facturas de las compras realizadas, de conformidad con la legislaci\u00f3n vigente.<\/li><\/ul><h2>CU\u00c1NTO TIEMPO CONSERVAMOS SUS DATOS \u00bfDATOS PERSONALES?<\/h2><p>Conservaremos sus datos personales s\u00f3lo durante el tiempo necesario para cumplir la finalidad para la que nos los proporcion\u00f3 o recopilamos (por ejemplo, durante el periodo de tiempo necesario para responder a su consulta o resolver problemas).<\/p><p>Los datos de inicio de sesi\u00f3n se eliminar\u00e1n al eliminar la cuenta. Los datos relacionados con la recepci\u00f3n de correspondencia de Ascendia se eliminar\u00e1n en cualquier momento a petici\u00f3n suya. Los datos relacionados con transacciones financieras se conservar\u00e1n durante el tiempo requerido por la normativa legal.<\/p><h2>SU CONSENTIMIENTO<\/h2><p>Su consentimiento para el uso de sus datos personales se da al crear una cuenta de usuario, marcando la casilla GDPR correspondiente en la p\u00e1gina de creaci\u00f3n de la cuenta. El consentimiento no es impl\u00edcito y est\u00e1 condicionado a la creaci\u00f3n de la cuenta. Puede retirar su consentimiento solicitando la eliminaci\u00f3n de su cuenta en cualquier momento.<\/p><h2>SEGURIDAD DE LOS DATOS PERSONALES<\/h2><p>Los datos personales est\u00e1n a salvo de amenazas y nos aseguramos de que est\u00e9n protegidos por una infraestructura inform\u00e1tica y unas medidas de seguridad adecuadas. Adem\u00e1s, hemos implantado medidas internas que nos permiten descubrir, notificar y documentar las violaciones de seguridad lo antes posible.<\/p><p>Si descubrimos alguna violaci\u00f3n de datos personales que suponga un riesgo para sus derechos y libertades, informaremos a la Autoridad Nacional de Supervisi\u00f3n del Tratamiento de Datos Personales. Se le informar\u00e1 de la violaci\u00f3n de sus datos personales si ello conlleva un alto riesgo para sus derechos y libertades.<\/p><h2>CONTACTO<\/h2><p>Gracias por confiarnos sus datos personales y por tomarse el tiempo de leer nuestro aviso sobre el tratamiento de datos personales. En caso de que necesite m\u00e1s informaci\u00f3n y no figure en la lista anterior, puede ponerse en contacto con nosotros por correo electr\u00f3nico:\u00a0<a href=\"mailto:contact@livresq.com\">contact@livresq.com<\/a>.<\/p><\/div>\t\t\t\t\t\t\t\t<\/div>\n\t\t\t\t<\/div>\n\t\t\t\t\t<\/div>\n\t\t<\/div>\n\t\t\t\t\t<\/div>\n\t\t<\/section>\n\t\t\t\t<\/div>","protected":false},"excerpt":{"rendered":"<p>Politica privind prelucrarea datelor cu caracter personal \u0219i confiden\u021bialitatea datelor (GDPR) \u00a0 CE SUNT DATELE CU CARACTER PERSONAL? Datele cu caracter personal sunt orice informa\u021bii care se refer\u0103 la o persoan\u0103 fizic\u0103 identificat\u0103 sau identificabil\u0103. Informa\u021biile diferite care, adunate, pot duce la identificarea unei anumite persoane constituie \u0219i ele date cu caracter personal. Datele cu [&hellip;]<\/p>\n","protected":false},"author":2,"featured_media":0,"parent":0,"menu_order":0,"comment_status":"closed","ping_status":"closed","template":"","meta":{"footnotes":""},"class_list":["post-8264","page","type-page","status-publish","hentry"],"yoast_head":"<!-- This site is optimized with the Yoast SEO plugin v27.2 - https:\/\/yoast.com\/product\/yoast-seo-wordpress\/ -->\n<title>GDPR-RO - LIVRESQ<\/title>\n<meta name=\"robots\" content=\"index, follow, max-snippet:-1, max-image-preview:large, max-video-preview:-1\" \/>\n<link rel=\"canonical\" href=\"https:\/\/livresq.com\/es\/gdpr-ro\/\" \/>\n<meta property=\"og:locale\" content=\"es_ES\" \/>\n<meta property=\"og:type\" content=\"article\" \/>\n<meta property=\"og:title\" content=\"GDPR-RO - LIVRESQ\" \/>\n<meta property=\"og:description\" content=\"Politica privind prelucrarea datelor cu caracter personal \u0219i confiden\u021bialitatea datelor (GDPR) \u00a0 CE SUNT DATELE CU CARACTER PERSONAL? Datele cu caracter personal sunt orice informa\u021bii care se refer\u0103 la o persoan\u0103 fizic\u0103 identificat\u0103 sau identificabil\u0103. Informa\u021biile diferite care, adunate, pot duce la identificarea unei anumite persoane constituie \u0219i ele date cu caracter personal. Datele cu [&hellip;]\" \/>\n<meta property=\"og:url\" content=\"https:\/\/livresq.com\/es\/gdpr-ro\/\" \/>\n<meta property=\"og:site_name\" content=\"LIVRESQ\" \/>\n<meta property=\"article:modified_time\" content=\"2026-03-31T09:33:09+00:00\" \/>\n<meta name=\"twitter:card\" content=\"summary_large_image\" \/>\n<meta name=\"twitter:label1\" content=\"Tiempo de lectura\" \/>\n\t<meta name=\"twitter:data1\" content=\"4 minutos\" \/>\n<script type=\"application\/ld+json\" class=\"yoast-schema-graph\">{\"@context\":\"https:\/\/schema.org\",\"@graph\":[{\"@type\":\"WebPage\",\"@id\":\"https:\/\/livresq.com\/en\/gdpr-ro\/\",\"url\":\"https:\/\/livresq.com\/en\/gdpr-ro\/\",\"name\":\"GDPR-RO - LIVRESQ\",\"isPartOf\":{\"@id\":\"https:\/\/livresq.com\/en\/#website\"},\"datePublished\":\"2020-01-17T14:42:36+00:00\",\"dateModified\":\"2026-03-31T09:33:09+00:00\",\"breadcrumb\":{\"@id\":\"https:\/\/livresq.com\/en\/gdpr-ro\/#breadcrumb\"},\"inLanguage\":\"es\",\"potentialAction\":[{\"@type\":\"ReadAction\",\"target\":[\"https:\/\/livresq.com\/en\/gdpr-ro\/\"]}]},{\"@type\":\"BreadcrumbList\",\"@id\":\"https:\/\/livresq.com\/en\/gdpr-ro\/#breadcrumb\",\"itemListElement\":[{\"@type\":\"ListItem\",\"position\":1,\"name\":\"Prima pagin\u0103\",\"item\":\"https:\/\/livresq.com\/\"},{\"@type\":\"ListItem\",\"position\":2,\"name\":\"GDPR-RO\"}]},{\"@type\":\"WebSite\",\"@id\":\"https:\/\/livresq.com\/en\/#website\",\"url\":\"https:\/\/livresq.com\/en\/\",\"name\":\"LIVRESQ\",\"description\":\"eLearning Authoring Tool\",\"publisher\":{\"@id\":\"https:\/\/livresq.com\/en\/#organization\"},\"potentialAction\":[{\"@type\":\"SearchAction\",\"target\":{\"@type\":\"EntryPoint\",\"urlTemplate\":\"https:\/\/livresq.com\/en\/?s={search_term_string}\"},\"query-input\":{\"@type\":\"PropertyValueSpecification\",\"valueRequired\":true,\"valueName\":\"search_term_string\"}}],\"inLanguage\":\"es\"},{\"@type\":\"Organization\",\"@id\":\"https:\/\/livresq.com\/en\/#organization\",\"name\":\"LIVRESQ - Authoring Tool\",\"url\":\"https:\/\/livresq.com\/en\/\",\"logo\":{\"@type\":\"ImageObject\",\"inLanguage\":\"es\",\"@id\":\"https:\/\/livresq.com\/en\/#\/schema\/logo\/image\/\",\"url\":\"https:\/\/i0.wp.com\/livresq.com\/wp-content\/uploads\/2019\/07\/cropped-Logo.png?fit=1054%2C575&ssl=1\",\"contentUrl\":\"https:\/\/i0.wp.com\/livresq.com\/wp-content\/uploads\/2019\/07\/cropped-Logo.png?fit=1054%2C575&ssl=1\",\"width\":1054,\"height\":575,\"caption\":\"LIVRESQ - Authoring Tool\"},\"image\":{\"@id\":\"https:\/\/livresq.com\/en\/#\/schema\/logo\/image\/\"}}]}<\/script>\n<!-- \/ Yoast SEO plugin. -->","yoast_head_json":{"title":"GDPR-RO - LIVRESQ","robots":{"index":"index","follow":"follow","max-snippet":"max-snippet:-1","max-image-preview":"max-image-preview:large","max-video-preview":"max-video-preview:-1"},"canonical":"https:\/\/livresq.com\/es\/gdpr-ro\/","og_locale":"es_ES","og_type":"article","og_title":"GDPR-RO - LIVRESQ","og_description":"Politica privind prelucrarea datelor cu caracter personal \u0219i confiden\u021bialitatea datelor (GDPR) \u00a0 CE SUNT DATELE CU CARACTER PERSONAL? Datele cu caracter personal sunt orice informa\u021bii care se refer\u0103 la o persoan\u0103 fizic\u0103 identificat\u0103 sau identificabil\u0103. Informa\u021biile diferite care, adunate, pot duce la identificarea unei anumite persoane constituie \u0219i ele date cu caracter personal. Datele cu [&hellip;]","og_url":"https:\/\/livresq.com\/es\/gdpr-ro\/","og_site_name":"LIVRESQ","article_modified_time":"2026-03-31T09:33:09+00:00","twitter_card":"summary_large_image","twitter_misc":{"Tiempo de lectura":"4 minutos"},"schema":{"@context":"https:\/\/schema.org","@graph":[{"@type":"WebPage","@id":"https:\/\/livresq.com\/en\/gdpr-ro\/","url":"https:\/\/livresq.com\/en\/gdpr-ro\/","name":"GDPR-RO - LIVRESQ","isPartOf":{"@id":"https:\/\/livresq.com\/en\/#website"},"datePublished":"2020-01-17T14:42:36+00:00","dateModified":"2026-03-31T09:33:09+00:00","breadcrumb":{"@id":"https:\/\/livresq.com\/en\/gdpr-ro\/#breadcrumb"},"inLanguage":"es","potentialAction":[{"@type":"ReadAction","target":["https:\/\/livresq.com\/en\/gdpr-ro\/"]}]},{"@type":"BreadcrumbList","@id":"https:\/\/livresq.com\/en\/gdpr-ro\/#breadcrumb","itemListElement":[{"@type":"ListItem","position":1,"name":"Prima pagin\u0103","item":"https:\/\/livresq.com\/"},{"@type":"ListItem","position":2,"name":"GDPR-RO"}]},{"@type":"WebSite","@id":"https:\/\/livresq.com\/en\/#website","url":"https:\/\/livresq.com\/en\/","name":"LIVRESQ","description":"Herramienta de creaci\u00f3n de eLearning","publisher":{"@id":"https:\/\/livresq.com\/en\/#organization"},"potentialAction":[{"@type":"SearchAction","target":{"@type":"EntryPoint","urlTemplate":"https:\/\/livresq.com\/en\/?s={search_term_string}"},"query-input":{"@type":"PropertyValueSpecification","valueRequired":true,"valueName":"search_term_string"}}],"inLanguage":"es"},{"@type":"Organization","@id":"https:\/\/livresq.com\/en\/#organization","name":"LIVRESQ - Herramienta de creaci\u00f3n","url":"https:\/\/livresq.com\/en\/","logo":{"@type":"ImageObject","inLanguage":"es","@id":"https:\/\/livresq.com\/en\/#\/schema\/logo\/image\/","url":"https:\/\/i0.wp.com\/livresq.com\/wp-content\/uploads\/2019\/07\/cropped-Logo.png?fit=1054%2C575&ssl=1","contentUrl":"https:\/\/i0.wp.com\/livresq.com\/wp-content\/uploads\/2019\/07\/cropped-Logo.png?fit=1054%2C575&ssl=1","width":1054,"height":575,"caption":"LIVRESQ - Authoring Tool"},"image":{"@id":"https:\/\/livresq.com\/en\/#\/schema\/logo\/image\/"}}]}},"_links":{"self":[{"href":"https:\/\/livresq.com\/es\/wp-json\/wp\/v2\/pages\/8264","targetHints":{"allow":["GET"]}}],"collection":[{"href":"https:\/\/livresq.com\/es\/wp-json\/wp\/v2\/pages"}],"about":[{"href":"https:\/\/livresq.com\/es\/wp-json\/wp\/v2\/types\/page"}],"author":[{"embeddable":true,"href":"https:\/\/livresq.com\/es\/wp-json\/wp\/v2\/users\/2"}],"replies":[{"embeddable":true,"href":"https:\/\/livresq.com\/es\/wp-json\/wp\/v2\/comments?post=8264"}],"version-history":[{"count":3,"href":"https:\/\/livresq.com\/es\/wp-json\/wp\/v2\/pages\/8264\/revisions"}],"predecessor-version":[{"id":490851,"href":"https:\/\/livresq.com\/es\/wp-json\/wp\/v2\/pages\/8264\/revisions\/490851"}],"wp:attachment":[{"href":"https:\/\/livresq.com\/es\/wp-json\/wp\/v2\/media?parent=8264"}],"curies":[{"name":"wp","href":"https:\/\/api.w.org\/{rel}","templated":true}]}}