



{"id":280860,"date":"2023-02-16T16:26:10","date_gmt":"2023-02-16T14:26:10","guid":{"rendered":"https:\/\/livresq.com\/?page_id=280860"},"modified":"2023-02-17T10:43:31","modified_gmt":"2023-02-17T08:43:31","slug":"pnrr-booksq-digital-media-lab","status":"publish","type":"page","link":"https:\/\/livresq.com\/fr\/pnrr-livresq-digital-media-lab\/","title":{"rendered":"PNRR - LIVRESQ Laboratoire de m\u00e9dias num\u00e9riques"},"content":{"rendered":"<div data-elementor-type=\"wp-page\" data-elementor-id=\"280860\" class=\"elementor elementor-280860\" data-elementor-post-type=\"page\">\n\t\t\t\t\t\t<section class=\"elementor-section elementor-top-section elementor-element elementor-element-66910ef elementor-section-boxed elementor-section-height-default elementor-section-height-default\" data-id=\"66910ef\" data-element_type=\"section\">\n\t\t\t\t\t\t<div class=\"elementor-container elementor-column-gap-default\">\n\t\t\t\t\t<div class=\"elementor-column elementor-col-100 elementor-top-column elementor-element elementor-element-8cb78aa\" data-id=\"8cb78aa\" data-element_type=\"column\">\n\t\t\t<div class=\"elementor-widget-wrap elementor-element-populated\">\n\t\t\t\t\t\t<div class=\"elementor-element elementor-element-363343b elementor-widget elementor-widget-spacer\" data-id=\"363343b\" data-element_type=\"widget\" data-widget_type=\"spacer.default\">\n\t\t\t\t<div class=\"elementor-widget-container\">\n\t\t\t\t\t\t\t<div class=\"elementor-spacer\">\n\t\t\t<div class=\"elementor-spacer-inner\"><\/div>\n\t\t<\/div>\n\t\t\t\t\t\t<\/div>\n\t\t\t\t<\/div>\n\t\t\t\t<div class=\"elementor-element elementor-element-1c934b4 elementor-widget elementor-widget-heading\" data-id=\"1c934b4\" data-element_type=\"widget\" data-settings=\"{&quot;_animation&quot;:&quot;none&quot;}\" data-widget_type=\"heading.default\">\n\t\t\t\t<div class=\"elementor-widget-container\">\n\t\t\t\t\t<h1 class=\"elementor-heading-title elementor-size-large\">Financement des biblioth\u00e8ques pour qu'elles deviennent des centres de d\u00e9veloppement des comp\u00e9tences num\u00e9riques<\/h1>\t\t\t\t<\/div>\n\t\t\t\t<\/div>\n\t\t\t\t<div class=\"elementor-element elementor-element-ca54b1c elementor-widget elementor-widget-heading\" data-id=\"ca54b1c\" data-element_type=\"widget\" data-widget_type=\"heading.default\">\n\t\t\t\t<div class=\"elementor-widget-container\">\n\t\t\t\t\t<h2 class=\"elementor-heading-title elementor-size-default\">LIVRESQ Laboratoire de m\u00e9dias num\u00e9riques - \u00e9l\u00e9ment fondamental des centres de d\u00e9veloppement des comp\u00e9tences num\u00e9riques<\/h2>\t\t\t\t<\/div>\n\t\t\t\t<\/div>\n\t\t\t\t\t<\/div>\n\t\t<\/div>\n\t\t\t\t\t<\/div>\n\t\t<\/section>\n\t\t\t\t<section class=\"elementor-section elementor-top-section elementor-element elementor-element-5247ad2 elementor-section-height-min-height elementor-section-boxed elementor-section-height-default elementor-section-items-middle\" data-id=\"5247ad2\" data-element_type=\"section\">\n\t\t\t\t\t\t<div class=\"elementor-container elementor-column-gap-default\">\n\t\t\t\t\t<div class=\"elementor-column elementor-col-100 elementor-top-column elementor-element elementor-element-a8bea5e\" data-id=\"a8bea5e\" data-element_type=\"column\">\n\t\t\t<div class=\"elementor-widget-wrap elementor-element-populated\">\n\t\t\t\t\t\t<div class=\"elementor-element elementor-element-1c07ddc elementor-widget elementor-widget-text-editor\" data-id=\"1c07ddc\" data-element_type=\"widget\" data-widget_type=\"text-editor.default\">\n\t\t\t\t<div class=\"elementor-widget-container\">\n\t\t\t\t\t\t\t\t\t<p><strong>LIVRESQ Laboratoire de m\u00e9dias num\u00e9riques<\/strong> peuvent \u00eatre inclus dans le projet I17 INVESTMENT <strong>\"Financement des biblioth\u00e8ques pour qu'elles deviennent des centres de d\u00e9veloppement des comp\u00e9tences num\u00e9riques<\/strong>. L'offre est enti\u00e8rement conforme aux lignes directrices \u00e0 l'intention des candidats pour le projet au titre de la COMPOSANTE 7 - Transformation num\u00e9rique, Op\u00e9ration D - Comp\u00e9tences num\u00e9riques, capital humain et utilisation de l'internet.<\/p><p>En termes d'\u00e9ligibilit\u00e9 des d\u00e9penses, conform\u00e9ment aux lignes directrices (pages 21-22), la solution propos\u00e9e rel\u00e8ve de la cat\u00e9gorie de d\u00e9penses recommand\u00e9e (minimum 25%) et fait partie du chapitre 4. D\u00e9penses pour l'achat de services, de licences et d'applications\/programmes\/solutions logicielles.<\/p><p>Avec le laboratoire de m\u00e9dias num\u00e9riques du LIVRESQ, une biblioth\u00e8que deviendra un centre de d\u00e9veloppement des comp\u00e9tences num\u00e9riques si elle dispose d'au moins un ordinateur connect\u00e9 \u00e0 l'internet et offre aux citoyens la possibilit\u00e9 de cr\u00e9er du mat\u00e9riel intellectuel en utilisant des ressources telles que des ordinateurs\/portables, y compris en servant d'outil de montage audio et vid\u00e9o. Ainsi, un espace de la biblioth\u00e8que sera con\u00e7u pour permettre aux membres de la communaut\u00e9 d'exp\u00e9rimenter des technologies ou des activit\u00e9s auxquelles ils n'avaient pas acc\u00e8s auparavant.<\/p><p>Le centre suscitera l'int\u00e9r\u00eat pour la science, la technologie, la conception et l'apprentissage tout au long de la vie chez les habitants de la communaut\u00e9 environnante de la biblioth\u00e8que gr\u00e2ce \u00e0 :<\/p><ul><li>Acc\u00e9der \u00e0 la biblioth\u00e8que LIVRESQ (l'espace o\u00f9 les cours et le mat\u00e9riel sont disponibles) o\u00f9 les utilisateurs apprendront les technologies telles que les imprimantes 3D et\/ou cr\u00e9eront leurs propres cours sur : les machines \u00e0 coudre, les machines \u00e0 coller, les machines \u00e0 coder, la robotique et les machines \u00e0 sculpter le bois, et seront mis \u00e0 disposition pour une exploration\/exploitation libre.<\/li><li>L'existence de sessions de formation pour les biblioth\u00e9caires et les citoyens ordinaires dans l'utilisation de LIVRESQ, garantissant ainsi que les citoyens sont utilis\u00e9s et engag\u00e9s de mani\u00e8re significative dans la cr\u00e9ation, l'exploration et l'exp\u00e9rimentation des technologies et des mat\u00e9riaux num\u00e9riques. Tous les membres de la communaut\u00e9 peuvent s'impliquer en tant qu'experts locaux, facilitateurs et apprenants pour cr\u00e9er du mat\u00e9riel interactif - cours, mat\u00e9riel informatique, s\u00e9minaires, proc\u00e9dures, instructions (par exemple : proc\u00e9dure de collecte s\u00e9lective au niveau local, comment payer ses imp\u00f4ts, comment utiliser une machine \u00e0 coudre, comment utiliser une machine \u00e0 sculpter le bois, etc.)<\/li><\/ul><p>Certains des avantages de l'utilisation de<strong> LIVRESQ - Laboratoire de m\u00e9dias num\u00e9riques :<\/strong><\/p><ul><li>LIVRESQ contient une large gamme d'outils de cr\u00e9ation de contenu ;<br \/>Il peut \u00eatre utilis\u00e9 pour cr\u00e9er des mat\u00e9riels\/cours dans lesquels les citoyens de tous \u00e2ges apprennent \u00e0 utiliser des logiciels et peuvent donc cr\u00e9er des mat\u00e9riels\/contenus \u00e9ducatifs pour r\u00e9soudre des probl\u00e8mes r\u00e9els ;<\/li><li>Les documents cr\u00e9\u00e9s avec LIVRESQ, conserv\u00e9s dans la biblioth\u00e8que LIVRESQ, peuvent \u00eatre diffus\u00e9s par voie \u00e9lectronique et constituer une extension de la pr\u00e9sence des biblioth\u00e8ques dans des r\u00e9gions qu'elles n'auraient pas pu atteindre traditionnellement ;<\/li><li>Des cours d'anglais, de fran\u00e7ais, de hongrois et d'autres langues sont accessibles dans la biblioth\u00e8que de LIVRESQ, dans le but de fournir des \"services d'apprentissage des langues \u00e0 l'aide de supports num\u00e9riques, tels que des livres audio\" et l'apprentissage interactif en ligne ;<\/li><li>LIVRESQ assurera une coordination plus \u00e9troite avec les \u00e9coles locales en offrant une large gamme de services num\u00e9riques - cr\u00e9ation de contenu et possibilit\u00e9 d'acc\u00e9der \u00e0 des informations\/le\u00e7ons - y compris des le\u00e7ons approuv\u00e9es par le minist\u00e8re de l'\u00e9ducation, directement \u00e0 partir de la biblioth\u00e8que de LIVRESQ ;<\/li><li>LIVRESQ permet aux individus de perfectionner des comp\u00e9tences qui ne sont g\u00e9n\u00e9ralement pas disponibles dans les salles de classe ou les amphith\u00e9\u00e2tres, gr\u00e2ce \u00e0 une collaboration \u00e9troite avec les \u00e9coles et les enseignants. Les \u00e9coles et les enseignants peuvent cr\u00e9er et utiliser du mat\u00e9riel p\u00e9dagogique pour toute cat\u00e9gorie d'apprenants afin d'am\u00e9liorer leurs comp\u00e9tences.<\/li><\/ul><p>\u00a0<\/p><p><strong>LIVRESQ Laboratoire de m\u00e9dias num\u00e9riques<\/strong> contribue \u00e0 l'objectif du projet de susciter l'int\u00e9r\u00eat pour la science, la technologie, la conception et l'apprentissage tout au long de la vie chez les membres de la communaut\u00e9 des biblioth\u00e8ques.<\/p><p>En outre, avec l'aide de LIVRESQ, les centres permettront aux minorit\u00e9s, aux femmes ou aux personnes handicap\u00e9es de s'engager dans la technologie et dans des domaines qu'elles n'auraient peut-\u00eatre pas envisag\u00e9s auparavant (cr\u00e9ation de contenu \u00e9ducatif, de mat\u00e9riel interactif - dans n'importe quelle langue, avec l'aide d'assistants virtuels IA, capables de transformer un texte en audio (voix \u00e0 partir d'un texte tap\u00e9 sur un clavier) dans n'importe quelle langue de circulation internationale).<\/p><p>Si votre institution met en \u0153uvre ou a besoin d'aide pour mettre en \u0153uvre des solutions num\u00e9riques pour l'\u00e9ducation, veuillez nous contacter directement \u00e0 l'adresse contact@livresq.com ou via le formulaire ici : <a href=\"https:\/\/livresq.com\/ro\/contact\/\">https:\/\/livresq.com\/ro\/contact\/<\/a><\/p>\t\t\t\t\t\t\t\t<\/div>\n\t\t\t\t<\/div>\n\t\t\t\t\t<\/div>\n\t\t<\/div>\n\t\t\t\t\t<\/div>\n\t\t<\/section>\n\t\t\t\t<\/div>","protected":false},"excerpt":{"rendered":"<p>Finan\u021barea bibliotecilor pentru a deveni hub-uri de dezvoltare a competen\u021belor digitale LIVRESQ Digital Media Lab &#8211; component\u0103 fundamental\u0103 \u00een hub-uri de dezvoltare a competen\u021belor digitale LIVRESQ Digital Media Lab poate fi inclus \u00een proiectul privind INVESTI\u021aIA I17 \u201cFinan\u021barea bibliotecilor pentru a deveni hub-uri de dezvoltare a competen\u021belor digitale\u201d. Oferta este \u00een concordan\u021b\u0103 deplin\u0103 cu Ghidul [&hellip;]<\/p>\n","protected":false},"author":36627,"featured_media":280953,"parent":0,"menu_order":0,"comment_status":"closed","ping_status":"closed","template":"","meta":{"footnotes":""},"class_list":["post-280860","page","type-page","status-publish","has-post-thumbnail","hentry"],"yoast_head":"<!-- This site is optimized with the Yoast SEO plugin v27.2 - https:\/\/yoast.com\/product\/yoast-seo-wordpress\/ -->\n<title>PNRR - LIVRESQ Digital Media Lab - LIVRESQ<\/title>\n<meta name=\"robots\" content=\"index, follow, max-snippet:-1, max-image-preview:large, max-video-preview:-1\" \/>\n<link rel=\"canonical\" href=\"https:\/\/livresq.com\/fr\/pnrr-booksq-digital-media-lab\/\" \/>\n<meta property=\"og:locale\" content=\"fr_FR\" \/>\n<meta property=\"og:type\" content=\"article\" \/>\n<meta property=\"og:title\" content=\"PNRR - LIVRESQ Digital Media Lab - LIVRESQ\" \/>\n<meta property=\"og:description\" content=\"Finan\u021barea bibliotecilor pentru a deveni hub-uri de dezvoltare a competen\u021belor digitale LIVRESQ Digital Media Lab &#8211; component\u0103 fundamental\u0103 \u00een hub-uri de dezvoltare a competen\u021belor digitale LIVRESQ Digital Media Lab poate fi inclus \u00een proiectul privind INVESTI\u021aIA I17 \u201cFinan\u021barea bibliotecilor pentru a deveni hub-uri de dezvoltare a competen\u021belor digitale\u201d. Oferta este \u00een concordan\u021b\u0103 deplin\u0103 cu Ghidul [&hellip;]\" \/>\n<meta property=\"og:url\" content=\"https:\/\/livresq.com\/fr\/pnrr-booksq-digital-media-lab\/\" \/>\n<meta property=\"og:site_name\" content=\"LIVRESQ\" \/>\n<meta property=\"article:modified_time\" content=\"2023-02-17T08:43:31+00:00\" \/>\n<meta property=\"og:image\" content=\"https:\/\/i0.wp.com\/livresq.com\/wp-content\/uploads\/2023\/02\/e299e715-7761-4a4e-ad36-ebcc4dee70c8.png?fit=600%2C314&ssl=1\" \/>\n\t<meta property=\"og:image:width\" content=\"600\" \/>\n\t<meta property=\"og:image:height\" content=\"314\" \/>\n\t<meta property=\"og:image:type\" content=\"image\/png\" \/>\n<meta name=\"twitter:card\" content=\"summary_large_image\" \/>\n<meta name=\"twitter:label1\" content=\"Dur\u00e9e de lecture estim\u00e9e\" \/>\n\t<meta name=\"twitter:data1\" content=\"3 minutes\" \/>\n<script type=\"application\/ld+json\" class=\"yoast-schema-graph\">{\"@context\":\"https:\/\/schema.org\",\"@graph\":[{\"@type\":\"WebPage\",\"@id\":\"https:\/\/livresq.com\/pnrr-livresq-digital-media-lab\/\",\"url\":\"https:\/\/livresq.com\/pnrr-livresq-digital-media-lab\/\",\"name\":\"PNRR - LIVRESQ Digital Media Lab - LIVRESQ\",\"isPartOf\":{\"@id\":\"https:\/\/livresq.com\/en\/#website\"},\"primaryImageOfPage\":{\"@id\":\"https:\/\/livresq.com\/pnrr-livresq-digital-media-lab\/#primaryimage\"},\"image\":{\"@id\":\"https:\/\/livresq.com\/pnrr-livresq-digital-media-lab\/#primaryimage\"},\"thumbnailUrl\":\"https:\/\/i0.wp.com\/livresq.com\/wp-content\/uploads\/2023\/02\/e299e715-7761-4a4e-ad36-ebcc4dee70c8.png?fit=600%2C314&ssl=1\",\"datePublished\":\"2023-02-16T14:26:10+00:00\",\"dateModified\":\"2023-02-17T08:43:31+00:00\",\"breadcrumb\":{\"@id\":\"https:\/\/livresq.com\/pnrr-livresq-digital-media-lab\/#breadcrumb\"},\"inLanguage\":\"fr-FR\",\"potentialAction\":[{\"@type\":\"ReadAction\",\"target\":[\"https:\/\/livresq.com\/pnrr-livresq-digital-media-lab\/\"]}]},{\"@type\":\"ImageObject\",\"inLanguage\":\"fr-FR\",\"@id\":\"https:\/\/livresq.com\/pnrr-livresq-digital-media-lab\/#primaryimage\",\"url\":\"https:\/\/i0.wp.com\/livresq.com\/wp-content\/uploads\/2023\/02\/e299e715-7761-4a4e-ad36-ebcc4dee70c8.png?fit=600%2C314&ssl=1\",\"contentUrl\":\"https:\/\/i0.wp.com\/livresq.com\/wp-content\/uploads\/2023\/02\/e299e715-7761-4a4e-ad36-ebcc4dee70c8.png?fit=600%2C314&ssl=1\",\"width\":600,\"height\":314},{\"@type\":\"BreadcrumbList\",\"@id\":\"https:\/\/livresq.com\/pnrr-livresq-digital-media-lab\/#breadcrumb\",\"itemListElement\":[{\"@type\":\"ListItem\",\"position\":1,\"name\":\"Prima pagin\u0103\",\"item\":\"https:\/\/livresq.com\/\"},{\"@type\":\"ListItem\",\"position\":2,\"name\":\"PNRR &#8211; LIVRESQ Digital Media Lab\"}]},{\"@type\":\"WebSite\",\"@id\":\"https:\/\/livresq.com\/en\/#website\",\"url\":\"https:\/\/livresq.com\/en\/\",\"name\":\"LIVRESQ\",\"description\":\"eLearning Authoring Tool\",\"publisher\":{\"@id\":\"https:\/\/livresq.com\/en\/#organization\"},\"potentialAction\":[{\"@type\":\"SearchAction\",\"target\":{\"@type\":\"EntryPoint\",\"urlTemplate\":\"https:\/\/livresq.com\/en\/?s={search_term_string}\"},\"query-input\":{\"@type\":\"PropertyValueSpecification\",\"valueRequired\":true,\"valueName\":\"search_term_string\"}}],\"inLanguage\":\"fr-FR\"},{\"@type\":\"Organization\",\"@id\":\"https:\/\/livresq.com\/en\/#organization\",\"name\":\"LIVRESQ - Authoring Tool\",\"url\":\"https:\/\/livresq.com\/en\/\",\"logo\":{\"@type\":\"ImageObject\",\"inLanguage\":\"fr-FR\",\"@id\":\"https:\/\/livresq.com\/en\/#\/schema\/logo\/image\/\",\"url\":\"https:\/\/i0.wp.com\/livresq.com\/wp-content\/uploads\/2019\/07\/cropped-Logo.png?fit=1054%2C575&ssl=1\",\"contentUrl\":\"https:\/\/i0.wp.com\/livresq.com\/wp-content\/uploads\/2019\/07\/cropped-Logo.png?fit=1054%2C575&ssl=1\",\"width\":1054,\"height\":575,\"caption\":\"LIVRESQ - Authoring Tool\"},\"image\":{\"@id\":\"https:\/\/livresq.com\/en\/#\/schema\/logo\/image\/\"}}]}<\/script>\n<!-- \/ Yoast SEO plugin. -->","yoast_head_json":{"title":"PNRR - LIVRESQ Laboratoire de m\u00e9dias num\u00e9riques - LIVRESQ","robots":{"index":"index","follow":"follow","max-snippet":"max-snippet:-1","max-image-preview":"max-image-preview:large","max-video-preview":"max-video-preview:-1"},"canonical":"https:\/\/livresq.com\/fr\/pnrr-booksq-digital-media-lab\/","og_locale":"fr_FR","og_type":"article","og_title":"PNRR - LIVRESQ Digital Media Lab - LIVRESQ","og_description":"Finan\u021barea bibliotecilor pentru a deveni hub-uri de dezvoltare a competen\u021belor digitale LIVRESQ Digital Media Lab &#8211; component\u0103 fundamental\u0103 \u00een hub-uri de dezvoltare a competen\u021belor digitale LIVRESQ Digital Media Lab poate fi inclus \u00een proiectul privind INVESTI\u021aIA I17 \u201cFinan\u021barea bibliotecilor pentru a deveni hub-uri de dezvoltare a competen\u021belor digitale\u201d. Oferta este \u00een concordan\u021b\u0103 deplin\u0103 cu Ghidul [&hellip;]","og_url":"https:\/\/livresq.com\/fr\/pnrr-booksq-digital-media-lab\/","og_site_name":"LIVRESQ","article_modified_time":"2023-02-17T08:43:31+00:00","og_image":[{"width":600,"height":314,"url":"https:\/\/i0.wp.com\/livresq.com\/wp-content\/uploads\/2023\/02\/e299e715-7761-4a4e-ad36-ebcc4dee70c8.png?fit=600%2C314&ssl=1","type":"image\/png"}],"twitter_card":"summary_large_image","twitter_misc":{"Dur\u00e9e de lecture estim\u00e9e":"3 minutes"},"schema":{"@context":"https:\/\/schema.org","@graph":[{"@type":"WebPage","@id":"https:\/\/livresq.com\/pnrr-livresq-digital-media-lab\/","url":"https:\/\/livresq.com\/pnrr-livresq-digital-media-lab\/","name":"PNRR - LIVRESQ Laboratoire de m\u00e9dias num\u00e9riques - LIVRESQ","isPartOf":{"@id":"https:\/\/livresq.com\/en\/#website"},"primaryImageOfPage":{"@id":"https:\/\/livresq.com\/pnrr-livresq-digital-media-lab\/#primaryimage"},"image":{"@id":"https:\/\/livresq.com\/pnrr-livresq-digital-media-lab\/#primaryimage"},"thumbnailUrl":"https:\/\/i0.wp.com\/livresq.com\/wp-content\/uploads\/2023\/02\/e299e715-7761-4a4e-ad36-ebcc4dee70c8.png?fit=600%2C314&ssl=1","datePublished":"2023-02-16T14:26:10+00:00","dateModified":"2023-02-17T08:43:31+00:00","breadcrumb":{"@id":"https:\/\/livresq.com\/pnrr-livresq-digital-media-lab\/#breadcrumb"},"inLanguage":"fr-FR","potentialAction":[{"@type":"ReadAction","target":["https:\/\/livresq.com\/pnrr-livresq-digital-media-lab\/"]}]},{"@type":"ImageObject","inLanguage":"fr-FR","@id":"https:\/\/livresq.com\/pnrr-livresq-digital-media-lab\/#primaryimage","url":"https:\/\/i0.wp.com\/livresq.com\/wp-content\/uploads\/2023\/02\/e299e715-7761-4a4e-ad36-ebcc4dee70c8.png?fit=600%2C314&ssl=1","contentUrl":"https:\/\/i0.wp.com\/livresq.com\/wp-content\/uploads\/2023\/02\/e299e715-7761-4a4e-ad36-ebcc4dee70c8.png?fit=600%2C314&ssl=1","width":600,"height":314},{"@type":"BreadcrumbList","@id":"https:\/\/livresq.com\/pnrr-livresq-digital-media-lab\/#breadcrumb","itemListElement":[{"@type":"ListItem","position":1,"name":"Prima pagin\u0103","item":"https:\/\/livresq.com\/"},{"@type":"ListItem","position":2,"name":"PNRR &#8211; LIVRESQ Digital Media Lab"}]},{"@type":"WebSite","@id":"https:\/\/livresq.com\/en\/#website","url":"https:\/\/livresq.com\/en\/","name":"LIVRESQ","description":"Outil de cr\u00e9ation eLearning","publisher":{"@id":"https:\/\/livresq.com\/en\/#organization"},"potentialAction":[{"@type":"SearchAction","target":{"@type":"EntryPoint","urlTemplate":"https:\/\/livresq.com\/en\/?s={search_term_string}"},"query-input":{"@type":"PropertyValueSpecification","valueRequired":true,"valueName":"search_term_string"}}],"inLanguage":"fr-FR"},{"@type":"Organization","@id":"https:\/\/livresq.com\/en\/#organization","name":"LIVRESQ - Outil de cr\u00e9ation","url":"https:\/\/livresq.com\/en\/","logo":{"@type":"ImageObject","inLanguage":"fr-FR","@id":"https:\/\/livresq.com\/en\/#\/schema\/logo\/image\/","url":"https:\/\/i0.wp.com\/livresq.com\/wp-content\/uploads\/2019\/07\/cropped-Logo.png?fit=1054%2C575&ssl=1","contentUrl":"https:\/\/i0.wp.com\/livresq.com\/wp-content\/uploads\/2019\/07\/cropped-Logo.png?fit=1054%2C575&ssl=1","width":1054,"height":575,"caption":"LIVRESQ - Authoring Tool"},"image":{"@id":"https:\/\/livresq.com\/en\/#\/schema\/logo\/image\/"}}]}},"_links":{"self":[{"href":"https:\/\/livresq.com\/fr\/wp-json\/wp\/v2\/pages\/280860","targetHints":{"allow":["GET"]}}],"collection":[{"href":"https:\/\/livresq.com\/fr\/wp-json\/wp\/v2\/pages"}],"about":[{"href":"https:\/\/livresq.com\/fr\/wp-json\/wp\/v2\/types\/page"}],"author":[{"embeddable":true,"href":"https:\/\/livresq.com\/fr\/wp-json\/wp\/v2\/users\/36627"}],"replies":[{"embeddable":true,"href":"https:\/\/livresq.com\/fr\/wp-json\/wp\/v2\/comments?post=280860"}],"version-history":[{"count":6,"href":"https:\/\/livresq.com\/fr\/wp-json\/wp\/v2\/pages\/280860\/revisions"}],"predecessor-version":[{"id":280964,"href":"https:\/\/livresq.com\/fr\/wp-json\/wp\/v2\/pages\/280860\/revisions\/280964"}],"wp:featuredmedia":[{"embeddable":true,"href":"https:\/\/livresq.com\/fr\/wp-json\/wp\/v2\/media\/280953"}],"wp:attachment":[{"href":"https:\/\/livresq.com\/fr\/wp-json\/wp\/v2\/media?parent=280860"}],"curies":[{"name":"wp","href":"https:\/\/api.w.org\/{rel}","templated":true}]}}