



{"id":48287,"date":"2020-07-17T12:15:59","date_gmt":"2020-07-17T09:15:59","guid":{"rendered":"https:\/\/livresq.com\/?page_id=48287"},"modified":"2020-07-17T12:20:26","modified_gmt":"2020-07-17T09:20:26","slug":"horizon-aerodynamique","status":"publish","type":"page","link":"https:\/\/livresq.com\/fr\/elearning-templates\/aero-skyline\/","title":{"rendered":"Aero Skyline - Mod\u00e8le eLearning"},"content":{"rendered":"<div data-elementor-type=\"wp-page\" data-elementor-id=\"48287\" class=\"elementor elementor-48287\" data-elementor-post-type=\"page\">\n\t\t\t\t\t\t<section class=\"elementor-section elementor-top-section elementor-element elementor-element-9139144 elementor-section-boxed elementor-section-height-default elementor-section-height-default\" data-id=\"9139144\" data-element_type=\"section\">\n\t\t\t\t\t\t<div class=\"elementor-container elementor-column-gap-default\">\n\t\t\t\t\t<div class=\"elementor-column elementor-col-100 elementor-top-column elementor-element elementor-element-6fc1499\" data-id=\"6fc1499\" data-element_type=\"column\">\n\t\t\t<div class=\"elementor-widget-wrap elementor-element-populated\">\n\t\t\t\t\t\t<div class=\"elementor-element elementor-element-919eead elementor-widget elementor-widget-spacer\" data-id=\"919eead\" data-element_type=\"widget\" data-widget_type=\"spacer.default\">\n\t\t\t\t<div class=\"elementor-widget-container\">\n\t\t\t\t\t\t\t<div class=\"elementor-spacer\">\n\t\t\t<div class=\"elementor-spacer-inner\"><\/div>\n\t\t<\/div>\n\t\t\t\t\t\t<\/div>\n\t\t\t\t<\/div>\n\t\t\t\t<div class=\"elementor-element elementor-element-acacf0a elementor-widget elementor-widget-heading\" data-id=\"acacf0a\" data-element_type=\"widget\" data-widget_type=\"heading.default\">\n\t\t\t\t<div class=\"elementor-widget-container\">\n\t\t\t\t\t<h2 class=\"elementor-heading-title elementor-size-default\">Mod\u00e8le A\u00e9ro Skyline<\/h2>\t\t\t\t<\/div>\n\t\t\t\t<\/div>\n\t\t\t\t<div class=\"elementor-element elementor-element-306e0c1 elementor-widget elementor-widget-heading\" data-id=\"306e0c1\" data-element_type=\"widget\" data-widget_type=\"heading.default\">\n\t\t\t\t<div class=\"elementor-widget-container\">\n\t\t\t\t\t<h2 class=\"elementor-heading-title elementor-size-default\">Un magnifique mod\u00e8le d'apprentissage en ligne pour les cours d'entreprise<\/h2>\t\t\t\t<\/div>\n\t\t\t\t<\/div>\n\t\t\t\t\t<\/div>\n\t\t<\/div>\n\t\t\t\t\t<\/div>\n\t\t<\/section>\n\t\t\t\t<section class=\"elementor-section elementor-top-section elementor-element elementor-element-0791ccb elementor-section-boxed elementor-section-height-default elementor-section-height-default\" data-id=\"0791ccb\" data-element_type=\"section\">\n\t\t\t\t\t\t<div class=\"elementor-container elementor-column-gap-default\">\n\t\t\t\t\t<div class=\"elementor-column elementor-col-100 elementor-top-column elementor-element elementor-element-90af4df\" data-id=\"90af4df\" data-element_type=\"column\">\n\t\t\t<div class=\"elementor-widget-wrap elementor-element-populated\">\n\t\t\t\t\t\t<div class=\"elementor-element elementor-element-6cf187f elementor-widget elementor-widget-image\" data-id=\"6cf187f\" data-element_type=\"widget\" data-widget_type=\"image.default\">\n\t\t\t\t<div class=\"elementor-widget-container\">\n\t\t\t\t\t\t\t\t\t\t\t\t\t\t\t\t<a href=\"https:\/\/library.livresq.com\/view\/5e8f17afb90fa163a047b58f\">\n\t\t\t\t\t\t\t<img fetchpriority=\"high\" decoding=\"async\" width=\"800\" height=\"466\" src=\"https:\/\/i0.wp.com\/livresq.com\/wp-content\/uploads\/2020\/04\/Aero-Skyline.png?fit=800%2C466&amp;ssl=1\" class=\"attachment-large size-large wp-image-21008\" alt=\"\" srcset=\"https:\/\/i0.wp.com\/livresq.com\/wp-content\/uploads\/2020\/04\/Aero-Skyline.png?w=1200&amp;ssl=1 1200w, https:\/\/i0.wp.com\/livresq.com\/wp-content\/uploads\/2020\/04\/Aero-Skyline.png?resize=300%2C175&amp;ssl=1 300w, https:\/\/i0.wp.com\/livresq.com\/wp-content\/uploads\/2020\/04\/Aero-Skyline.png?resize=768%2C447&amp;ssl=1 768w, https:\/\/i0.wp.com\/livresq.com\/wp-content\/uploads\/2020\/04\/Aero-Skyline.png?resize=1024%2C596&amp;ssl=1 1024w, https:\/\/i0.wp.com\/livresq.com\/wp-content\/uploads\/2020\/04\/Aero-Skyline.png?resize=600%2C350&amp;ssl=1 600w\" sizes=\"(max-width: 800px) 100vw, 800px\" \/>\t\t\t\t\t\t\t\t<\/a>\n\t\t\t\t\t\t\t\t\t\t\t\t\t\t\t<\/div>\n\t\t\t\t<\/div>\n\t\t\t\t<div class=\"elementor-element elementor-element-1b72d3c elementor-widget elementor-widget-text-editor\" data-id=\"1b72d3c\" data-element_type=\"widget\" data-widget_type=\"text-editor.default\">\n\t\t\t\t<div class=\"elementor-widget-container\">\n\t\t\t\t\t\t\t\t\t<p style=\"text-align: center;\"><span dir=\"auto\">Acc\u00e9dez \u00e0 la d\u00e9mo, ici : <a href=\"https:\/\/library.livresq.com\/view\/5e8f17afb90fa163a047b58f\">Entreprise - Aero - Skyline eLearning Template<\/a><\/span><\/p>\t\t\t\t\t\t\t\t<\/div>\n\t\t\t\t<\/div>\n\t\t\t\t\t<\/div>\n\t\t<\/div>\n\t\t\t\t\t<\/div>\n\t\t<\/section>\n\t\t\t\t<\/div>","protected":false},"excerpt":{"rendered":"<p>Mod\u00e8le Aero Skyline Un magnifique mod\u00e8le d'apprentissage en ligne pour les cours d'entreprise Acc\u00e9dez \u00e0 la d\u00e9mo, ici : Corporate - Aero - Skyline eLearning Template<\/p>","protected":false},"author":2,"featured_media":21008,"parent":48269,"menu_order":0,"comment_status":"closed","ping_status":"closed","template":"","meta":{"footnotes":""},"class_list":["post-48287","page","type-page","status-publish","has-post-thumbnail","hentry"],"yoast_head":"<!-- This site is optimized with the Yoast SEO plugin v27.2 - https:\/\/yoast.com\/product\/yoast-seo-wordpress\/ -->\n<title>Aero Skyline - eLearning template - LIVRESQ<\/title>\n<meta name=\"robots\" content=\"index, follow, max-snippet:-1, max-image-preview:large, max-video-preview:-1\" \/>\n<link rel=\"canonical\" href=\"https:\/\/livresq.com\/fr\/modeles-dapprentissage-en-ligne\/horizon-aerodynamique\/\" \/>\n<meta property=\"og:locale\" content=\"fr_FR\" \/>\n<meta property=\"og:type\" content=\"article\" \/>\n<meta property=\"og:title\" content=\"Aero Skyline - eLearning template - LIVRESQ\" \/>\n<meta property=\"og:description\" content=\"Aero Skyline Template A beautiful elearning template for corporate courses Access the demo, here: Corporate &#8211; Aero &#8211; Skyline eLearning Template\" \/>\n<meta property=\"og:url\" content=\"https:\/\/livresq.com\/fr\/modeles-dapprentissage-en-ligne\/horizon-aerodynamique\/\" \/>\n<meta property=\"og:site_name\" content=\"LIVRESQ\" \/>\n<meta property=\"article:modified_time\" content=\"2020-07-17T09:20:26+00:00\" \/>\n<meta property=\"og:image\" content=\"https:\/\/i0.wp.com\/livresq.com\/wp-content\/uploads\/2020\/04\/Aero-Skyline.png?fit=1200%2C699&ssl=1\" \/>\n\t<meta property=\"og:image:width\" content=\"1200\" \/>\n\t<meta property=\"og:image:height\" content=\"699\" \/>\n\t<meta property=\"og:image:type\" content=\"image\/png\" \/>\n<meta name=\"twitter:card\" content=\"summary_large_image\" \/>\n<script type=\"application\/ld+json\" class=\"yoast-schema-graph\">{\"@context\":\"https:\/\/schema.org\",\"@graph\":[{\"@type\":\"WebPage\",\"@id\":\"https:\/\/livresq.com\/elearning-templates\/aero-skyline\/\",\"url\":\"https:\/\/livresq.com\/elearning-templates\/aero-skyline\/\",\"name\":\"Aero Skyline - eLearning template - LIVRESQ\",\"isPartOf\":{\"@id\":\"https:\/\/livresq.com\/en\/#website\"},\"primaryImageOfPage\":{\"@id\":\"https:\/\/livresq.com\/elearning-templates\/aero-skyline\/#primaryimage\"},\"image\":{\"@id\":\"https:\/\/livresq.com\/elearning-templates\/aero-skyline\/#primaryimage\"},\"thumbnailUrl\":\"https:\/\/i0.wp.com\/livresq.com\/wp-content\/uploads\/2020\/04\/Aero-Skyline.png?fit=1200%2C699&ssl=1\",\"datePublished\":\"2020-07-17T09:15:59+00:00\",\"dateModified\":\"2020-07-17T09:20:26+00:00\",\"breadcrumb\":{\"@id\":\"https:\/\/livresq.com\/elearning-templates\/aero-skyline\/#breadcrumb\"},\"inLanguage\":\"fr-FR\",\"potentialAction\":[{\"@type\":\"ReadAction\",\"target\":[\"https:\/\/livresq.com\/elearning-templates\/aero-skyline\/\"]}]},{\"@type\":\"ImageObject\",\"inLanguage\":\"fr-FR\",\"@id\":\"https:\/\/livresq.com\/elearning-templates\/aero-skyline\/#primaryimage\",\"url\":\"https:\/\/i0.wp.com\/livresq.com\/wp-content\/uploads\/2020\/04\/Aero-Skyline.png?fit=1200%2C699&ssl=1\",\"contentUrl\":\"https:\/\/i0.wp.com\/livresq.com\/wp-content\/uploads\/2020\/04\/Aero-Skyline.png?fit=1200%2C699&ssl=1\",\"width\":1200,\"height\":699},{\"@type\":\"BreadcrumbList\",\"@id\":\"https:\/\/livresq.com\/elearning-templates\/aero-skyline\/#breadcrumb\",\"itemListElement\":[{\"@type\":\"ListItem\",\"position\":1,\"name\":\"Prima pagin\u0103\",\"item\":\"https:\/\/livresq.com\/\"},{\"@type\":\"ListItem\",\"position\":2,\"name\":\"eLearning Templates\",\"item\":\"https:\/\/livresq.com\/elearning-templates\/\"},{\"@type\":\"ListItem\",\"position\":3,\"name\":\"Aero Skyline &#8211; eLearning template\"}]},{\"@type\":\"WebSite\",\"@id\":\"https:\/\/livresq.com\/en\/#website\",\"url\":\"https:\/\/livresq.com\/en\/\",\"name\":\"LIVRESQ\",\"description\":\"eLearning Authoring Tool\",\"publisher\":{\"@id\":\"https:\/\/livresq.com\/en\/#organization\"},\"potentialAction\":[{\"@type\":\"SearchAction\",\"target\":{\"@type\":\"EntryPoint\",\"urlTemplate\":\"https:\/\/livresq.com\/en\/?s={search_term_string}\"},\"query-input\":{\"@type\":\"PropertyValueSpecification\",\"valueRequired\":true,\"valueName\":\"search_term_string\"}}],\"inLanguage\":\"fr-FR\"},{\"@type\":\"Organization\",\"@id\":\"https:\/\/livresq.com\/en\/#organization\",\"name\":\"LIVRESQ - Authoring Tool\",\"url\":\"https:\/\/livresq.com\/en\/\",\"logo\":{\"@type\":\"ImageObject\",\"inLanguage\":\"fr-FR\",\"@id\":\"https:\/\/livresq.com\/en\/#\/schema\/logo\/image\/\",\"url\":\"https:\/\/i0.wp.com\/livresq.com\/wp-content\/uploads\/2019\/07\/cropped-Logo.png?fit=1054%2C575&ssl=1\",\"contentUrl\":\"https:\/\/i0.wp.com\/livresq.com\/wp-content\/uploads\/2019\/07\/cropped-Logo.png?fit=1054%2C575&ssl=1\",\"width\":1054,\"height\":575,\"caption\":\"LIVRESQ - Authoring Tool\"},\"image\":{\"@id\":\"https:\/\/livresq.com\/en\/#\/schema\/logo\/image\/\"}}]}<\/script>\n<!-- \/ Yoast SEO plugin. -->","yoast_head_json":{"title":"Aero Skyline - Mod\u00e8le eLearning - LIVRESQ","robots":{"index":"index","follow":"follow","max-snippet":"max-snippet:-1","max-image-preview":"max-image-preview:large","max-video-preview":"max-video-preview:-1"},"canonical":"https:\/\/livresq.com\/fr\/modeles-dapprentissage-en-ligne\/horizon-aerodynamique\/","og_locale":"fr_FR","og_type":"article","og_title":"Aero Skyline - eLearning template - LIVRESQ","og_description":"Aero Skyline Template A beautiful elearning template for corporate courses Access the demo, here: Corporate &#8211; Aero &#8211; Skyline eLearning Template","og_url":"https:\/\/livresq.com\/fr\/modeles-dapprentissage-en-ligne\/horizon-aerodynamique\/","og_site_name":"LIVRESQ","article_modified_time":"2020-07-17T09:20:26+00:00","og_image":[{"width":1200,"height":699,"url":"https:\/\/i0.wp.com\/livresq.com\/wp-content\/uploads\/2020\/04\/Aero-Skyline.png?fit=1200%2C699&ssl=1","type":"image\/png"}],"twitter_card":"summary_large_image","schema":{"@context":"https:\/\/schema.org","@graph":[{"@type":"WebPage","@id":"https:\/\/livresq.com\/elearning-templates\/aero-skyline\/","url":"https:\/\/livresq.com\/elearning-templates\/aero-skyline\/","name":"Aero Skyline - Mod\u00e8le eLearning - LIVRESQ","isPartOf":{"@id":"https:\/\/livresq.com\/en\/#website"},"primaryImageOfPage":{"@id":"https:\/\/livresq.com\/elearning-templates\/aero-skyline\/#primaryimage"},"image":{"@id":"https:\/\/livresq.com\/elearning-templates\/aero-skyline\/#primaryimage"},"thumbnailUrl":"https:\/\/i0.wp.com\/livresq.com\/wp-content\/uploads\/2020\/04\/Aero-Skyline.png?fit=1200%2C699&ssl=1","datePublished":"2020-07-17T09:15:59+00:00","dateModified":"2020-07-17T09:20:26+00:00","breadcrumb":{"@id":"https:\/\/livresq.com\/elearning-templates\/aero-skyline\/#breadcrumb"},"inLanguage":"fr-FR","potentialAction":[{"@type":"ReadAction","target":["https:\/\/livresq.com\/elearning-templates\/aero-skyline\/"]}]},{"@type":"ImageObject","inLanguage":"fr-FR","@id":"https:\/\/livresq.com\/elearning-templates\/aero-skyline\/#primaryimage","url":"https:\/\/i0.wp.com\/livresq.com\/wp-content\/uploads\/2020\/04\/Aero-Skyline.png?fit=1200%2C699&ssl=1","contentUrl":"https:\/\/i0.wp.com\/livresq.com\/wp-content\/uploads\/2020\/04\/Aero-Skyline.png?fit=1200%2C699&ssl=1","width":1200,"height":699},{"@type":"BreadcrumbList","@id":"https:\/\/livresq.com\/elearning-templates\/aero-skyline\/#breadcrumb","itemListElement":[{"@type":"ListItem","position":1,"name":"Prima pagin\u0103","item":"https:\/\/livresq.com\/"},{"@type":"ListItem","position":2,"name":"eLearning Templates","item":"https:\/\/livresq.com\/elearning-templates\/"},{"@type":"ListItem","position":3,"name":"Aero Skyline &#8211; eLearning template"}]},{"@type":"WebSite","@id":"https:\/\/livresq.com\/en\/#website","url":"https:\/\/livresq.com\/en\/","name":"LIVRESQ","description":"Outil de cr\u00e9ation eLearning","publisher":{"@id":"https:\/\/livresq.com\/en\/#organization"},"potentialAction":[{"@type":"SearchAction","target":{"@type":"EntryPoint","urlTemplate":"https:\/\/livresq.com\/en\/?s={search_term_string}"},"query-input":{"@type":"PropertyValueSpecification","valueRequired":true,"valueName":"search_term_string"}}],"inLanguage":"fr-FR"},{"@type":"Organization","@id":"https:\/\/livresq.com\/en\/#organization","name":"LIVRESQ - Outil de cr\u00e9ation","url":"https:\/\/livresq.com\/en\/","logo":{"@type":"ImageObject","inLanguage":"fr-FR","@id":"https:\/\/livresq.com\/en\/#\/schema\/logo\/image\/","url":"https:\/\/i0.wp.com\/livresq.com\/wp-content\/uploads\/2019\/07\/cropped-Logo.png?fit=1054%2C575&ssl=1","contentUrl":"https:\/\/i0.wp.com\/livresq.com\/wp-content\/uploads\/2019\/07\/cropped-Logo.png?fit=1054%2C575&ssl=1","width":1054,"height":575,"caption":"LIVRESQ - Authoring Tool"},"image":{"@id":"https:\/\/livresq.com\/en\/#\/schema\/logo\/image\/"}}]}},"_links":{"self":[{"href":"https:\/\/livresq.com\/fr\/wp-json\/wp\/v2\/pages\/48287","targetHints":{"allow":["GET"]}}],"collection":[{"href":"https:\/\/livresq.com\/fr\/wp-json\/wp\/v2\/pages"}],"about":[{"href":"https:\/\/livresq.com\/fr\/wp-json\/wp\/v2\/types\/page"}],"author":[{"embeddable":true,"href":"https:\/\/livresq.com\/fr\/wp-json\/wp\/v2\/users\/2"}],"replies":[{"embeddable":true,"href":"https:\/\/livresq.com\/fr\/wp-json\/wp\/v2\/comments?post=48287"}],"version-history":[{"count":0,"href":"https:\/\/livresq.com\/fr\/wp-json\/wp\/v2\/pages\/48287\/revisions"}],"up":[{"embeddable":true,"href":"https:\/\/livresq.com\/fr\/wp-json\/wp\/v2\/pages\/48269"}],"wp:featuredmedia":[{"embeddable":true,"href":"https:\/\/livresq.com\/fr\/wp-json\/wp\/v2\/media\/21008"}],"wp:attachment":[{"href":"https:\/\/livresq.com\/fr\/wp-json\/wp\/v2\/media?parent=48287"}],"curies":[{"name":"wp","href":"https:\/\/api.w.org\/{rel}","templated":true}]}}