



{"id":73,"date":"2019-07-23T09:51:36","date_gmt":"2019-07-23T06:51:36","guid":{"rendered":"https:\/\/livresq.com\/?page_id=73"},"modified":"2020-01-17T16:51:13","modified_gmt":"2020-01-17T14:51:13","slug":"gdpr","status":"publish","type":"page","link":"https:\/\/livresq.com\/fr\/gdpr\/","title":{"rendered":"GDPR"},"content":{"rendered":"<div data-elementor-type=\"wp-page\" data-elementor-id=\"73\" class=\"elementor elementor-73\" data-elementor-post-type=\"page\">\n\t\t\t\t\t\t<section class=\"elementor-section elementor-top-section elementor-element elementor-element-2b45bde elementor-section-boxed elementor-section-height-default elementor-section-height-default\" data-id=\"2b45bde\" data-element_type=\"section\">\n\t\t\t\t\t\t<div class=\"elementor-container elementor-column-gap-default\">\n\t\t\t\t\t<div class=\"elementor-column elementor-col-100 elementor-top-column elementor-element elementor-element-018260a\" data-id=\"018260a\" data-element_type=\"column\">\n\t\t\t<div class=\"elementor-widget-wrap elementor-element-populated\">\n\t\t\t\t\t\t<div class=\"elementor-element elementor-element-b484d93 elementor-widget elementor-widget-heading\" data-id=\"b484d93\" data-element_type=\"widget\" data-widget_type=\"heading.default\">\n\t\t\t\t<div class=\"elementor-widget-container\">\n\t\t\t\t\t<h3 class=\"elementor-heading-title elementor-size-default\"><b>Protection des donn\u00e9es personnelles et politique de confidentialit\u00e9 (GDPR)<\/b><\/h3>\t\t\t\t<\/div>\n\t\t\t\t<\/div>\n\t\t\t\t<div class=\"elementor-element elementor-element-a2b1182 elementor-widget elementor-widget-text-editor\" data-id=\"a2b1182\" data-element_type=\"widget\" data-widget_type=\"text-editor.default\">\n\t\t\t\t<div class=\"elementor-widget-container\">\n\t\t\t\t\t\t\t\t\t<header class=\"entry-header\"><p class=\"entry-title\">\u00a0<\/p><\/header><div class=\"entry-content\"><h2 style=\"margin-top: 64px; text-transform: uppercase; color: #000000; font-family: Roboto, sans-serif;\">QUE SONT LES DONN\u00c9ES PERSONNELLES ?<\/h2><p style=\"font-size: medium;\">Les donn\u00e9es \u00e0 caract\u00e8re personnel sont toutes les informations qui se rapportent \u00e0 une personne physique identifi\u00e9e ou identifiable. Les diff\u00e9rentes informations qui, ensemble, peuvent conduire \u00e0 l'identification d'une certaine personne sont \u00e9galement des donn\u00e9es \u00e0 caract\u00e8re personnel. Les donn\u00e9es \u00e0 caract\u00e8re personnel qui ont \u00e9t\u00e9 anonymis\u00e9es, crypt\u00e9es ou pseudonymis\u00e9es mais qui peuvent \u00eatre utilis\u00e9es pour identifier une personne restent des donn\u00e9es \u00e0 caract\u00e8re personnel et sont couvertes par le GDPR. Les donn\u00e9es \u00e0 caract\u00e8re personnel qui ont \u00e9t\u00e9 rendues anonymes de telle sorte que la personne physique n'est pas ou plus identifiable ne sont plus consid\u00e9r\u00e9es comme des donn\u00e9es \u00e0 caract\u00e8re personnel. Pour que les donn\u00e9es soient r\u00e9ellement anonymes, l'anonymisation doit \u00eatre irr\u00e9versible.<\/p><p style=\"font-size: medium;\">Le GDPR prot\u00e8ge les donn\u00e9es personnelles ind\u00e9pendamment de la technologie utilis\u00e9e pour traiter les donn\u00e9es - il est \"technologiquement neutre\" et s'applique \u00e0 la fois au traitement automatique et au traitement manuel, \u00e0 condition que les donn\u00e9es soient organis\u00e9es selon des crit\u00e8res pr\u00e9d\u00e9finis (par exemple, par ordre alphab\u00e9tique). La mani\u00e8re dont les donn\u00e9es sont stock\u00e9es n'a pas non plus d'importance : dans un syst\u00e8me informatique, par vid\u00e9osurveillance ou sur papier. Dans tous ces cas, les donn\u00e9es \u00e0 caract\u00e8re personnel sont soumises aux exigences de protection formul\u00e9es dans le GDPR.<\/p><h2 style=\"margin-top: 64px; text-transform: uppercase; color: #000000; font-family: Roboto, sans-serif;\">QUEL TYPE DE DONN\u00c9ES PERSONNELLES RECUEILLONS-NOUS AUPR\u00c8S DE VOUS ?<\/h2><p style=\"font-size: medium;\">Les informations et donn\u00e9es personnelles que nous recueillons \u00e0 votre sujet lorsque vous visitez nos sites web ou interagissez avec nous sont les suivantes :<\/p><p style=\"font-size: medium;\"><span style=\"font-weight: bold;\">Donn\u00e9es personnelles fournies par vous<\/span>. Il s'agit de<\/p><ul style=\"font-size: medium;\"><li>lors de la cr\u00e9ation du compte utilisateur ;<\/li><li>votre nom, votre adresse \u00e9lectronique, votre num\u00e9ro de t\u00e9l\u00e9phone, recueillis lors de l'enregistrement en ligne ou par courrier \u00e9lectronique de vos demandes et r\u00e9clamations, de l'envoi de messages ou de commentaires, de la participation \u00e0 des enqu\u00eates, dans la mesure o\u00f9 vous les fournissez volontairement ;<\/li><li>l'adresse \u00e9lectronique lorsque vous vous inscrivez \u00e0 nos bulletins d'information ;<\/li><li>votre nom et votre adresse de facturation lorsque vous effectuez des achats sur la plateforme ;<\/li><li>votre nom, votre adresse \u00e9lectronique et votre num\u00e9ro de t\u00e9l\u00e9phone lorsque vous participez \u00e0 nos offres et promotions.<\/li><\/ul><h2 style=\"margin-top: 64px; text-transform: uppercase; color: #000000; font-family: Roboto, sans-serif;\">QUEL TYPE DE DONN\u00c9ES PERSONNELLES LES TIERS RECUEILLENT-ILS AUPR\u00c8S DE VOUS LORS DE L'UTILISATION DE LIVRESQ ?<\/h2><p style=\"font-size: medium;\"><span style=\"font-weight: bold;\">Informations sur le paiement<\/span>\u00a0- les d\u00e9tails de votre compte de paiement, les num\u00e9ros de cartes de cr\u00e9dit et de d\u00e9bit, la date d'expiration, l'adresse \u00e9lectronique, le nom figurant sur la carte sont collect\u00e9s directement par la soci\u00e9t\u00e9 qui assure le transfert en ligne des montants que vous avez approuv\u00e9s. Les donn\u00e9es respectives ne sont pas transmises \u00e0 Ascendia et sont soumises aux r\u00e8gles de protection des donn\u00e9es sp\u00e9cifiques \u00e0 l'op\u00e9rateur respectif.<\/p><p style=\"font-size: medium;\"><span style=\"font-weight: bold;\">Informations collect\u00e9es automatiquement\u00a0<\/span>- des informations sur votre ordinateur, votre adresse IP et votre navigateur, les informations sur l'utilisateur sont collect\u00e9es par Google Analytics et sont g\u00e9r\u00e9es par celui-ci selon ses propres politiques GDPR. Ascendia n'a pas acc\u00e8s aux donn\u00e9es personnelles ainsi collect\u00e9es, les seules informations accessibles \u00e9tant de type statistique. Sur le site Livresq, les cookies propres \u00e0 Ascendia ne sont pas utilis\u00e9s.<\/p><h2 style=\"margin-top: 64px; text-transform: uppercase; color: #000000; font-family: Roboto, sans-serif;\">POURQUOI RECUEILLONS-NOUS VOS DONN\u00c9ES PERSONNELLES ?<\/h2><p style=\"font-size: medium;\">Nous collectons et utilisons vos donn\u00e9es personnelles aux fins indiqu\u00e9es ci-dessous et dans les limites de la loi :<\/p><ul style=\"font-size: medium;\"><li>Pour acc\u00e9der \u00e0 nos produits (pour se connecter) ;<\/li><li>Pour l'envoi de bulletins d'information, de questionnaires, d'informations relatives \u00e0 des \u00e9v\u00e9nements organis\u00e9s par Ascendia, dans la mesure o\u00f9 vous avez exprim\u00e9 votre accord \u00e0 cet \u00e9gard ;<\/li><li>Pour r\u00e9pondre \u00e0 vos demandes, commentaires ou plaintes ;<\/li><li>Afin d'\u00e9laborer des factures pour les achats effectu\u00e9s, conform\u00e9ment \u00e0 la l\u00e9gislation en vigueur.<\/li><\/ul><h2 style=\"margin-top: 64px; text-transform: uppercase; color: #000000; font-family: Roboto, sans-serif;\">COMBIEN DE TEMPS CONSERVONS-NOUS VOS DONN\u00c9ES PERSONNELLES ?<\/h2><p style=\"font-size: medium;\">Nous ne conserverons vos donn\u00e9es personnelles qu'aussi longtemps que n\u00e9cessaire pour atteindre l'objectif pour lequel elles ont \u00e9t\u00e9 fournies ou collect\u00e9es par nous (par exemple, pendant la p\u00e9riode n\u00e9cessaire pour r\u00e9pondre aux questions ou r\u00e9soudre les probl\u00e8mes).<\/p><p style=\"font-size: medium;\">Les donn\u00e9es de connexion sont effac\u00e9es lorsque vous supprimez votre compte. Les donn\u00e9es relatives \u00e0 la r\u00e9ception de la correspondance d'Ascendia seront supprim\u00e9es \u00e0 tout moment \u00e0 votre demande. Les donn\u00e9es relatives aux transactions financi\u00e8res seront conserv\u00e9es pendant la dur\u00e9e requise par les dispositions l\u00e9gales.<\/p><h2 style=\"margin-top: 64px; text-transform: uppercase; color: #000000; font-family: Roboto, sans-serif;\">VOTRE CONSENTEMENT<\/h2><p style=\"font-size: medium;\">Votre consentement \u00e0 l'utilisation de donn\u00e9es \u00e0 caract\u00e8re personnel est donn\u00e9 lors de la cr\u00e9ation du compte utilisateur en cochant la case GDPR appropri\u00e9e sur la page de cr\u00e9ation du compte. Le consentement n'est pas implicite et conditionne la cr\u00e9ation du compte. Vous pouvez retirer votre consentement en demandant la suppression de votre compte \u00e0 tout moment.<\/p><h2 style=\"margin-top: 64px; text-transform: uppercase; color: #000000; font-family: Roboto, sans-serif;\">S\u00c9CURIT\u00c9 DES DONN\u00c9ES PERSONNELLES<\/h2><p style=\"font-size: medium;\">Les donn\u00e9es \u00e0 caract\u00e8re personnel sont prot\u00e9g\u00e9es contre les menaces et nous veillons \u00e0 ce qu'elles soient prot\u00e9g\u00e9es par une infrastructure informatique et des mesures de s\u00e9curit\u00e9 appropri\u00e9es. En outre, nous avons mis en place des mesures internes qui nous permettent de d\u00e9couvrir, de notifier et de documenter les failles de s\u00e9curit\u00e9 dans les meilleurs d\u00e9lais.<\/p><p style=\"font-size: medium;\">Si nous d\u00e9couvrons des violations de donn\u00e9es \u00e0 caract\u00e8re personnel qui pr\u00e9sentent un risque pour vos droits et libert\u00e9s, nous en informerons l'Autorit\u00e9 nationale de contr\u00f4le du traitement des donn\u00e9es \u00e0 caract\u00e8re personnel. Vous serez inform\u00e9 de la violation de vos donn\u00e9es personnelles si cela entra\u00eene un risque \u00e9lev\u00e9 pour vos droits et libert\u00e9s.<\/p><h2 style=\"margin-top: 64px; text-transform: uppercase; color: #000000; font-family: Roboto, sans-serif;\">CONTACT<\/h2><p style=\"font-size: medium;\">Nous vous remercions de la confiance que vous accordez \u00e0 vos donn\u00e9es personnelles et du temps que vous consacrez \u00e0 la lecture de notre notification concernant le traitement de vos donn\u00e9es personnelles. Si vous avez besoin de plus d'informations, et qu'elles ne figurent pas ci-dessus, vous pouvez nous contacter \u00e0 l'adresse \u00e9lectronique : <a href=\"mailto:contact@livresq.com\">contact@livresq.com<\/a>.<\/p><\/div>\t\t\t\t\t\t\t\t<\/div>\n\t\t\t\t<\/div>\n\t\t\t\t\t<\/div>\n\t\t<\/div>\n\t\t\t\t\t<\/div>\n\t\t<\/section>\n\t\t\t\t<\/div>","protected":false},"excerpt":{"rendered":"<p>Personal Data Protection and Privacy Policy (GDPR) \u00a0 WHAT ARE PERSONAL DATA? Personal data are any information, which refers to an identified or identifiable natural person. The different information that, together, can lead to the identification of a certain person is also personal data. Personal data that has been anonymized, encrypted or pseudonymized but can [&hellip;]<\/p>\n","protected":false},"author":2,"featured_media":0,"parent":0,"menu_order":0,"comment_status":"closed","ping_status":"closed","template":"","meta":{"footnotes":""},"class_list":["post-73","page","type-page","status-publish","hentry"],"yoast_head":"<!-- This site is optimized with the Yoast SEO plugin v27.2 - https:\/\/yoast.com\/product\/yoast-seo-wordpress\/ -->\n<title>GDPR - LIVRESQ<\/title>\n<meta name=\"robots\" content=\"index, follow, max-snippet:-1, max-image-preview:large, max-video-preview:-1\" \/>\n<link rel=\"canonical\" href=\"https:\/\/livresq.com\/fr\/gdpr\/\" \/>\n<meta property=\"og:locale\" content=\"fr_FR\" \/>\n<meta property=\"og:type\" content=\"article\" \/>\n<meta property=\"og:title\" content=\"GDPR - LIVRESQ\" \/>\n<meta property=\"og:description\" content=\"Personal Data Protection and Privacy Policy (GDPR) \u00a0 WHAT ARE PERSONAL DATA? Personal data are any information, which refers to an identified or identifiable natural person. The different information that, together, can lead to the identification of a certain person is also personal data. Personal data that has been anonymized, encrypted or pseudonymized but can [&hellip;]\" \/>\n<meta property=\"og:url\" content=\"https:\/\/livresq.com\/fr\/gdpr\/\" \/>\n<meta property=\"og:site_name\" content=\"LIVRESQ\" \/>\n<meta property=\"article:modified_time\" content=\"2020-01-17T14:51:13+00:00\" \/>\n<meta name=\"twitter:card\" content=\"summary_large_image\" \/>\n<meta name=\"twitter:label1\" content=\"Dur\u00e9e de lecture estim\u00e9e\" \/>\n\t<meta name=\"twitter:data1\" content=\"4 minutes\" \/>\n<script type=\"application\/ld+json\" class=\"yoast-schema-graph\">{\"@context\":\"https:\/\/schema.org\",\"@graph\":[{\"@type\":\"WebPage\",\"@id\":\"https:\/\/livresq.com\/gdpr\/\",\"url\":\"https:\/\/livresq.com\/gdpr\/\",\"name\":\"GDPR - LIVRESQ\",\"isPartOf\":{\"@id\":\"https:\/\/livresq.com\/en\/#website\"},\"datePublished\":\"2019-07-23T06:51:36+00:00\",\"dateModified\":\"2020-01-17T14:51:13+00:00\",\"breadcrumb\":{\"@id\":\"https:\/\/livresq.com\/gdpr\/#breadcrumb\"},\"inLanguage\":\"fr-FR\",\"potentialAction\":[{\"@type\":\"ReadAction\",\"target\":[\"https:\/\/livresq.com\/gdpr\/\"]}]},{\"@type\":\"BreadcrumbList\",\"@id\":\"https:\/\/livresq.com\/gdpr\/#breadcrumb\",\"itemListElement\":[{\"@type\":\"ListItem\",\"position\":1,\"name\":\"Prima pagin\u0103\",\"item\":\"https:\/\/livresq.com\/\"},{\"@type\":\"ListItem\",\"position\":2,\"name\":\"GDPR\"}]},{\"@type\":\"WebSite\",\"@id\":\"https:\/\/livresq.com\/en\/#website\",\"url\":\"https:\/\/livresq.com\/en\/\",\"name\":\"LIVRESQ\",\"description\":\"eLearning Authoring Tool\",\"publisher\":{\"@id\":\"https:\/\/livresq.com\/en\/#organization\"},\"potentialAction\":[{\"@type\":\"SearchAction\",\"target\":{\"@type\":\"EntryPoint\",\"urlTemplate\":\"https:\/\/livresq.com\/en\/?s={search_term_string}\"},\"query-input\":{\"@type\":\"PropertyValueSpecification\",\"valueRequired\":true,\"valueName\":\"search_term_string\"}}],\"inLanguage\":\"fr-FR\"},{\"@type\":\"Organization\",\"@id\":\"https:\/\/livresq.com\/en\/#organization\",\"name\":\"LIVRESQ - Authoring Tool\",\"url\":\"https:\/\/livresq.com\/en\/\",\"logo\":{\"@type\":\"ImageObject\",\"inLanguage\":\"fr-FR\",\"@id\":\"https:\/\/livresq.com\/en\/#\/schema\/logo\/image\/\",\"url\":\"https:\/\/i0.wp.com\/livresq.com\/wp-content\/uploads\/2019\/07\/cropped-Logo.png?fit=1054%2C575&ssl=1\",\"contentUrl\":\"https:\/\/i0.wp.com\/livresq.com\/wp-content\/uploads\/2019\/07\/cropped-Logo.png?fit=1054%2C575&ssl=1\",\"width\":1054,\"height\":575,\"caption\":\"LIVRESQ - Authoring Tool\"},\"image\":{\"@id\":\"https:\/\/livresq.com\/en\/#\/schema\/logo\/image\/\"}}]}<\/script>\n<!-- \/ Yoast SEO plugin. -->","yoast_head_json":{"title":"GDPR - LIVRESQ","robots":{"index":"index","follow":"follow","max-snippet":"max-snippet:-1","max-image-preview":"max-image-preview:large","max-video-preview":"max-video-preview:-1"},"canonical":"https:\/\/livresq.com\/fr\/gdpr\/","og_locale":"fr_FR","og_type":"article","og_title":"GDPR - LIVRESQ","og_description":"Personal Data Protection and Privacy Policy (GDPR) \u00a0 WHAT ARE PERSONAL DATA? Personal data are any information, which refers to an identified or identifiable natural person. The different information that, together, can lead to the identification of a certain person is also personal data. Personal data that has been anonymized, encrypted or pseudonymized but can [&hellip;]","og_url":"https:\/\/livresq.com\/fr\/gdpr\/","og_site_name":"LIVRESQ","article_modified_time":"2020-01-17T14:51:13+00:00","twitter_card":"summary_large_image","twitter_misc":{"Dur\u00e9e de lecture estim\u00e9e":"4 minutes"},"schema":{"@context":"https:\/\/schema.org","@graph":[{"@type":"WebPage","@id":"https:\/\/livresq.com\/gdpr\/","url":"https:\/\/livresq.com\/gdpr\/","name":"GDPR - LIVRESQ","isPartOf":{"@id":"https:\/\/livresq.com\/en\/#website"},"datePublished":"2019-07-23T06:51:36+00:00","dateModified":"2020-01-17T14:51:13+00:00","breadcrumb":{"@id":"https:\/\/livresq.com\/gdpr\/#breadcrumb"},"inLanguage":"fr-FR","potentialAction":[{"@type":"ReadAction","target":["https:\/\/livresq.com\/gdpr\/"]}]},{"@type":"BreadcrumbList","@id":"https:\/\/livresq.com\/gdpr\/#breadcrumb","itemListElement":[{"@type":"ListItem","position":1,"name":"Prima pagin\u0103","item":"https:\/\/livresq.com\/"},{"@type":"ListItem","position":2,"name":"GDPR"}]},{"@type":"WebSite","@id":"https:\/\/livresq.com\/en\/#website","url":"https:\/\/livresq.com\/en\/","name":"LIVRESQ","description":"Outil de cr\u00e9ation eLearning","publisher":{"@id":"https:\/\/livresq.com\/en\/#organization"},"potentialAction":[{"@type":"SearchAction","target":{"@type":"EntryPoint","urlTemplate":"https:\/\/livresq.com\/en\/?s={search_term_string}"},"query-input":{"@type":"PropertyValueSpecification","valueRequired":true,"valueName":"search_term_string"}}],"inLanguage":"fr-FR"},{"@type":"Organization","@id":"https:\/\/livresq.com\/en\/#organization","name":"LIVRESQ - Outil de cr\u00e9ation","url":"https:\/\/livresq.com\/en\/","logo":{"@type":"ImageObject","inLanguage":"fr-FR","@id":"https:\/\/livresq.com\/en\/#\/schema\/logo\/image\/","url":"https:\/\/i0.wp.com\/livresq.com\/wp-content\/uploads\/2019\/07\/cropped-Logo.png?fit=1054%2C575&ssl=1","contentUrl":"https:\/\/i0.wp.com\/livresq.com\/wp-content\/uploads\/2019\/07\/cropped-Logo.png?fit=1054%2C575&ssl=1","width":1054,"height":575,"caption":"LIVRESQ - Authoring Tool"},"image":{"@id":"https:\/\/livresq.com\/en\/#\/schema\/logo\/image\/"}}]}},"_links":{"self":[{"href":"https:\/\/livresq.com\/fr\/wp-json\/wp\/v2\/pages\/73","targetHints":{"allow":["GET"]}}],"collection":[{"href":"https:\/\/livresq.com\/fr\/wp-json\/wp\/v2\/pages"}],"about":[{"href":"https:\/\/livresq.com\/fr\/wp-json\/wp\/v2\/types\/page"}],"author":[{"embeddable":true,"href":"https:\/\/livresq.com\/fr\/wp-json\/wp\/v2\/users\/2"}],"replies":[{"embeddable":true,"href":"https:\/\/livresq.com\/fr\/wp-json\/wp\/v2\/comments?post=73"}],"version-history":[{"count":0,"href":"https:\/\/livresq.com\/fr\/wp-json\/wp\/v2\/pages\/73\/revisions"}],"wp:attachment":[{"href":"https:\/\/livresq.com\/fr\/wp-json\/wp\/v2\/media?parent=73"}],"curies":[{"name":"wp","href":"https:\/\/api.w.org\/{rel}","templated":true}]}}