



{"id":8264,"date":"2020-01-17T16:42:36","date_gmt":"2020-01-17T14:42:36","guid":{"rendered":"https:\/\/livresq.com\/?page_id=8264"},"modified":"2026-03-31T12:33:09","modified_gmt":"2026-03-31T09:33:09","slug":"gdpr-ro","status":"publish","type":"page","link":"https:\/\/livresq.com\/fr\/gdpr-ro\/","title":{"rendered":"GDPR-RO"},"content":{"rendered":"<div data-elementor-type=\"wp-page\" data-elementor-id=\"8264\" class=\"elementor elementor-8264\" data-elementor-post-type=\"page\">\n\t\t\t\t\t\t<section class=\"elementor-section elementor-top-section elementor-element elementor-element-2100a55 elementor-section-boxed elementor-section-height-default elementor-section-height-default\" data-id=\"2100a55\" data-element_type=\"section\">\n\t\t\t\t\t\t<div class=\"elementor-container elementor-column-gap-default\">\n\t\t\t\t\t<div class=\"elementor-column elementor-col-100 elementor-top-column elementor-element elementor-element-5157ade\" data-id=\"5157ade\" data-element_type=\"column\">\n\t\t\t<div class=\"elementor-widget-wrap\">\n\t\t\t\t\t\t\t<\/div>\n\t\t<\/div>\n\t\t\t\t\t<\/div>\n\t\t<\/section>\n\t\t\t\t<section class=\"elementor-section elementor-top-section elementor-element elementor-element-3111aaf elementor-section-boxed elementor-section-height-default elementor-section-height-default\" data-id=\"3111aaf\" data-element_type=\"section\">\n\t\t\t\t\t\t<div class=\"elementor-container elementor-column-gap-default\">\n\t\t\t\t\t<div class=\"elementor-column elementor-col-100 elementor-top-column elementor-element elementor-element-847dc75\" data-id=\"847dc75\" data-element_type=\"column\">\n\t\t\t<div class=\"elementor-widget-wrap elementor-element-populated\">\n\t\t\t\t\t\t<div class=\"elementor-element elementor-element-bbd61a1 elementor-widget elementor-widget-heading\" data-id=\"bbd61a1\" data-element_type=\"widget\" data-widget_type=\"heading.default\">\n\t\t\t\t<div class=\"elementor-widget-container\">\n\t\t\t\t\t<h3 class=\"elementor-heading-title elementor-size-default\"><b>Traitement des donn\u00e9es personnelles et politique de confidentialit\u00e9 des donn\u00e9es (GDPR)<\/b><\/h3>\t\t\t\t<\/div>\n\t\t\t\t<\/div>\n\t\t\t\t<div class=\"elementor-element elementor-element-9e33ed4 elementor-widget elementor-widget-text-editor\" data-id=\"9e33ed4\" data-element_type=\"widget\" data-widget_type=\"text-editor.default\">\n\t\t\t\t<div class=\"elementor-widget-container\">\n\t\t\t\t\t\t\t\t\t<header class=\"entry-header\"><p class=\"entry-title\">\u00a0<\/p><\/header><div class=\"entry-content\"><h2>QU'EST-CE QU'UNE DONN\u00c9E PERSONNELLE ?<\/h2><p>Les donn\u00e9es \u00e0 caract\u00e8re personnel sont toutes les informations relatives \u00e0 une personne physique identifi\u00e9e ou identifiable. Les diff\u00e9rents \u00e9l\u00e9ments d'information qui, pris ensemble, peuvent conduire \u00e0 l'identification d'une personne sp\u00e9cifique constituent \u00e9galement des donn\u00e9es \u00e0 caract\u00e8re personnel. Les donn\u00e9es \u00e0 caract\u00e8re personnel qui ont \u00e9t\u00e9 anonymis\u00e9es, crypt\u00e9es ou pseudo-anonymis\u00e9es mais qui peuvent \u00eatre utilis\u00e9es pour r\u00e9-identifier une personne restent des donn\u00e9es \u00e0 caract\u00e8re personnel et sont couvertes par le GDPR. Les donn\u00e9es \u00e0 caract\u00e8re personnel qui ont \u00e9t\u00e9 rendues anonymes de telle sorte que la personne physique n'est pas ou plus identifiable ne sont plus consid\u00e9r\u00e9es comme des donn\u00e9es \u00e0 caract\u00e8re personnel. Pour que les donn\u00e9es soient r\u00e9ellement anonymes, l'anonymisation doit \u00eatre irr\u00e9versible.<\/p><p>Le GDPR prot\u00e8ge les donn\u00e9es personnelles ind\u00e9pendamment de la technologie utilis\u00e9e pour traiter ces donn\u00e9es - il est \"technologiquement neutre\" et s'applique \u00e0 la fois au traitement automatis\u00e9 et manuel, \u00e0 condition que les donn\u00e9es soient organis\u00e9es selon des crit\u00e8res pr\u00e9d\u00e9finis (par exemple, par ordre alphab\u00e9tique). La mani\u00e8re dont les donn\u00e9es sont stock\u00e9es n'a pas non plus d'importance : dans un syst\u00e8me informatique, par vid\u00e9osurveillance ou sur papier ; dans tous ces cas, les donn\u00e9es \u00e0 caract\u00e8re personnel sont soumises aux exigences de protection \u00e9nonc\u00e9es dans le GDPR.<\/p><h2>QUELLES SONT LES DONN\u00c9ES PERSONNELLES QUE NOUS RECUEILLONS AUPR\u00c8S DE VOUS ?<\/h2><p>Les informations et donn\u00e9es personnelles que nous recueillons \u00e0 votre sujet lorsque vous visitez nos sites web ou interagissez avec nous sont les suivantes :<\/p><p><b>Donn\u00e9es personnelles fournies par vous<\/b>. Il s'agit de<\/p><ul><li>votre adresse \u00e9lectronique lors de la cr\u00e9ation de votre compte utilisateur ;<\/li><li>votre nom, votre adresse \u00e9lectronique, votre num\u00e9ro de t\u00e9l\u00e9phone, collect\u00e9s lors de l'enregistrement en ligne ou par courrier \u00e9lectronique pour les demandes et les plaintes que vous formulez, l'envoi de messages ou de commentaires, la participation \u00e0 des enqu\u00eates, dans la mesure o\u00f9 vous les fournissez volontairement ;<\/li><li>votre adresse \u00e9lectronique lorsque vous vous inscrivez \u00e0 notre bulletin d'information ;<\/li><li>votre nom et votre adresse de facturation lorsque vous effectuez des achats sur la plateforme ;<\/li><li>votre nom, votre adresse \u00e9lectronique et votre num\u00e9ro de t\u00e9l\u00e9phone lorsque vous participez \u00e0 nos offres et promotions.<\/li><\/ul><h2>LES DONN\u00c9ES \u00c0 CARACT\u00c8RE PERSONNEL QUE DES TIERS RECUEILLENT AUPR\u00c8S DE VOUS. LORSQUE VOUS UTILISEZ LIVRESQ ?<\/h2><p><b>Informations sur le paiement<\/b>\u00a0- Les d\u00e9tails de votre compte de paiement, les num\u00e9ros de cartes de cr\u00e9dit et de d\u00e9bit, la date d'expiration, l'adresse \u00e9lectronique, le nom figurant sur la carte sont collect\u00e9s directement par la soci\u00e9t\u00e9 qui assure le transfert en ligne des montants que vous avez approuv\u00e9s. Ces donn\u00e9es ne sont pas transmises \u00e0 Ascendia et sont soumises aux r\u00e8gles de protection des donn\u00e9es sp\u00e9cifiques \u00e0 cet op\u00e9rateur.<\/p><p><b>Informations collect\u00e9es automatiquement<\/b>\u00a0- Les informations concernant votre ordinateur, l'adresse IP et le navigateur, les informations sur l'utilisateur sont collect\u00e9es par Google Analytics et sont g\u00e9r\u00e9es par Google Analytics conform\u00e9ment \u00e0 ses propres politiques GDPR. Ascendia n'a pas acc\u00e8s aux donn\u00e9es personnelles ainsi collect\u00e9es, les seules informations accessibles sont statistiques. Les propres cookies d'Ascendia ne sont pas utilis\u00e9s sur le site LIVRESQ.<\/p><h2>POURQUOI NOUS COLLECTONS VOS DONN\u00c9ES DONN\u00c9ES PERSONNELLES ?<\/h2><p>Nous collectons et utilisons vos donn\u00e9es personnelles aux fins indiqu\u00e9es ci-dessous et dans les limites de la loi :<\/p><ul><li>Pour acc\u00e9der \u00e0 nos produits (login) ;<\/li><li>Pour la transmission de bulletins d'information, de questionnaires, d'informations relatives \u00e0 des \u00e9v\u00e9nements organis\u00e9s par Ascendia, dans la mesure o\u00f9 vous avez donn\u00e9 votre consentement ;<\/li><li>Pour r\u00e9pondre \u00e0 vos demandes, commentaires ou plaintes ;<\/li><li>Afin de pr\u00e9parer les factures pour les achats effectu\u00e9s, conform\u00e9ment \u00e0 la l\u00e9gislation en vigueur.<\/li><\/ul><h2>DUR\u00c9E DE CONSERVATION DE VOS DONN\u00c9ES DONN\u00c9ES PERSONNELLES ?<\/h2><p>Nous ne conserverons vos donn\u00e9es personnelles que pendant la dur\u00e9e n\u00e9cessaire \u00e0 la r\u00e9alisation de l'objectif pour lequel vous les avez fournies ou pour lequel nous les avons collect\u00e9es (par exemple, pendant la p\u00e9riode n\u00e9cessaire pour r\u00e9pondre \u00e0 votre demande ou pour r\u00e9soudre les probl\u00e8mes).<\/p><p>Les donn\u00e9es de connexion seront supprim\u00e9es lors de la suppression du compte. Les donn\u00e9es relatives \u00e0 la r\u00e9ception de la correspondance d'Ascendia seront supprim\u00e9es \u00e0 tout moment \u00e0 votre demande. Les donn\u00e9es relatives aux transactions financi\u00e8res seront conserv\u00e9es pendant la dur\u00e9e requise par les r\u00e9glementations l\u00e9gales.<\/p><h2>VOTRE CONSENTEMENT<\/h2><p>Votre consentement \u00e0 l'utilisation de vos donn\u00e9es personnelles est donn\u00e9 lors de la cr\u00e9ation d'un compte utilisateur en cochant la case GDPR appropri\u00e9e sur la page de cr\u00e9ation du compte. Le consentement n'est pas implicite et est subordonn\u00e9 \u00e0 la cr\u00e9ation du compte. Vous pouvez retirer votre consentement en demandant la suppression de votre compte \u00e0 tout moment.<\/p><h2>S\u00c9CURIT\u00c9 DES DONN\u00c9ES PERSONNELLES<\/h2><p>Les donn\u00e9es \u00e0 caract\u00e8re personnel sont prot\u00e9g\u00e9es contre les menaces et nous veillons \u00e0 ce qu'elles soient prot\u00e9g\u00e9es par une infrastructure informatique et des mesures de s\u00e9curit\u00e9 appropri\u00e9es. En outre, nous avons mis en place des mesures internes qui nous permettent de d\u00e9couvrir, de notifier et de documenter les failles de s\u00e9curit\u00e9 le plus rapidement possible.<\/p><p>Si nous d\u00e9couvrons une violation de donn\u00e9es \u00e0 caract\u00e8re personnel pr\u00e9sentant un risque pour vos droits et libert\u00e9s, nous en informerons l'Autorit\u00e9 nationale de contr\u00f4le du traitement des donn\u00e9es \u00e0 caract\u00e8re personnel. Vous serez inform\u00e9 de la violation de vos donn\u00e9es personnelles si celle-ci entra\u00eene un risque \u00e9lev\u00e9 pour vos droits et libert\u00e9s.<\/p><h2>CONTACT<\/h2><p>Nous vous remercions de nous avoir confi\u00e9 vos donn\u00e9es personnelles et d'avoir pris le temps de lire notre avis sur le traitement des donn\u00e9es personnelles. Si vous avez besoin de plus d'informations et que celles-ci ne figurent pas dans la liste ci-dessus, vous pouvez nous contacter par courrier \u00e9lectronique :\u00a0<a href=\"mailto:contact@livresq.com\">contact@livresq.com<\/a>.<\/p><\/div>\t\t\t\t\t\t\t\t<\/div>\n\t\t\t\t<\/div>\n\t\t\t\t\t<\/div>\n\t\t<\/div>\n\t\t\t\t\t<\/div>\n\t\t<\/section>\n\t\t\t\t<\/div>","protected":false},"excerpt":{"rendered":"<p>Politica privind prelucrarea datelor cu caracter personal \u0219i confiden\u021bialitatea datelor (GDPR) \u00a0 CE SUNT DATELE CU CARACTER PERSONAL? Datele cu caracter personal sunt orice informa\u021bii care se refer\u0103 la o persoan\u0103 fizic\u0103 identificat\u0103 sau identificabil\u0103. Informa\u021biile diferite care, adunate, pot duce la identificarea unei anumite persoane constituie \u0219i ele date cu caracter personal. Datele cu [&hellip;]<\/p>\n","protected":false},"author":2,"featured_media":0,"parent":0,"menu_order":0,"comment_status":"closed","ping_status":"closed","template":"","meta":{"footnotes":""},"class_list":["post-8264","page","type-page","status-publish","hentry"],"yoast_head":"<!-- This site is optimized with the Yoast SEO plugin v27.2 - https:\/\/yoast.com\/product\/yoast-seo-wordpress\/ -->\n<title>GDPR-RO - LIVRESQ<\/title>\n<meta name=\"robots\" content=\"index, follow, max-snippet:-1, max-image-preview:large, max-video-preview:-1\" \/>\n<link rel=\"canonical\" href=\"https:\/\/livresq.com\/fr\/gdpr-ro\/\" \/>\n<meta property=\"og:locale\" content=\"fr_FR\" \/>\n<meta property=\"og:type\" content=\"article\" \/>\n<meta property=\"og:title\" content=\"GDPR-RO - LIVRESQ\" \/>\n<meta property=\"og:description\" content=\"Politica privind prelucrarea datelor cu caracter personal \u0219i confiden\u021bialitatea datelor (GDPR) \u00a0 CE SUNT DATELE CU CARACTER PERSONAL? Datele cu caracter personal sunt orice informa\u021bii care se refer\u0103 la o persoan\u0103 fizic\u0103 identificat\u0103 sau identificabil\u0103. Informa\u021biile diferite care, adunate, pot duce la identificarea unei anumite persoane constituie \u0219i ele date cu caracter personal. Datele cu [&hellip;]\" \/>\n<meta property=\"og:url\" content=\"https:\/\/livresq.com\/fr\/gdpr-ro\/\" \/>\n<meta property=\"og:site_name\" content=\"LIVRESQ\" \/>\n<meta property=\"article:modified_time\" content=\"2026-03-31T09:33:09+00:00\" \/>\n<meta name=\"twitter:card\" content=\"summary_large_image\" \/>\n<meta name=\"twitter:label1\" content=\"Dur\u00e9e de lecture estim\u00e9e\" \/>\n\t<meta name=\"twitter:data1\" content=\"4 minutes\" \/>\n<script type=\"application\/ld+json\" class=\"yoast-schema-graph\">{\"@context\":\"https:\/\/schema.org\",\"@graph\":[{\"@type\":\"WebPage\",\"@id\":\"https:\/\/livresq.com\/en\/gdpr-ro\/\",\"url\":\"https:\/\/livresq.com\/en\/gdpr-ro\/\",\"name\":\"GDPR-RO - LIVRESQ\",\"isPartOf\":{\"@id\":\"https:\/\/livresq.com\/en\/#website\"},\"datePublished\":\"2020-01-17T14:42:36+00:00\",\"dateModified\":\"2026-03-31T09:33:09+00:00\",\"breadcrumb\":{\"@id\":\"https:\/\/livresq.com\/en\/gdpr-ro\/#breadcrumb\"},\"inLanguage\":\"fr-FR\",\"potentialAction\":[{\"@type\":\"ReadAction\",\"target\":[\"https:\/\/livresq.com\/en\/gdpr-ro\/\"]}]},{\"@type\":\"BreadcrumbList\",\"@id\":\"https:\/\/livresq.com\/en\/gdpr-ro\/#breadcrumb\",\"itemListElement\":[{\"@type\":\"ListItem\",\"position\":1,\"name\":\"Prima pagin\u0103\",\"item\":\"https:\/\/livresq.com\/\"},{\"@type\":\"ListItem\",\"position\":2,\"name\":\"GDPR-RO\"}]},{\"@type\":\"WebSite\",\"@id\":\"https:\/\/livresq.com\/en\/#website\",\"url\":\"https:\/\/livresq.com\/en\/\",\"name\":\"LIVRESQ\",\"description\":\"eLearning Authoring Tool\",\"publisher\":{\"@id\":\"https:\/\/livresq.com\/en\/#organization\"},\"potentialAction\":[{\"@type\":\"SearchAction\",\"target\":{\"@type\":\"EntryPoint\",\"urlTemplate\":\"https:\/\/livresq.com\/en\/?s={search_term_string}\"},\"query-input\":{\"@type\":\"PropertyValueSpecification\",\"valueRequired\":true,\"valueName\":\"search_term_string\"}}],\"inLanguage\":\"fr-FR\"},{\"@type\":\"Organization\",\"@id\":\"https:\/\/livresq.com\/en\/#organization\",\"name\":\"LIVRESQ - Authoring Tool\",\"url\":\"https:\/\/livresq.com\/en\/\",\"logo\":{\"@type\":\"ImageObject\",\"inLanguage\":\"fr-FR\",\"@id\":\"https:\/\/livresq.com\/en\/#\/schema\/logo\/image\/\",\"url\":\"https:\/\/i0.wp.com\/livresq.com\/wp-content\/uploads\/2019\/07\/cropped-Logo.png?fit=1054%2C575&ssl=1\",\"contentUrl\":\"https:\/\/i0.wp.com\/livresq.com\/wp-content\/uploads\/2019\/07\/cropped-Logo.png?fit=1054%2C575&ssl=1\",\"width\":1054,\"height\":575,\"caption\":\"LIVRESQ - Authoring Tool\"},\"image\":{\"@id\":\"https:\/\/livresq.com\/en\/#\/schema\/logo\/image\/\"}}]}<\/script>\n<!-- \/ Yoast SEO plugin. -->","yoast_head_json":{"title":"GDPR-RO - LIVRESQ","robots":{"index":"index","follow":"follow","max-snippet":"max-snippet:-1","max-image-preview":"max-image-preview:large","max-video-preview":"max-video-preview:-1"},"canonical":"https:\/\/livresq.com\/fr\/gdpr-ro\/","og_locale":"fr_FR","og_type":"article","og_title":"GDPR-RO - LIVRESQ","og_description":"Politica privind prelucrarea datelor cu caracter personal \u0219i confiden\u021bialitatea datelor (GDPR) \u00a0 CE SUNT DATELE CU CARACTER PERSONAL? Datele cu caracter personal sunt orice informa\u021bii care se refer\u0103 la o persoan\u0103 fizic\u0103 identificat\u0103 sau identificabil\u0103. Informa\u021biile diferite care, adunate, pot duce la identificarea unei anumite persoane constituie \u0219i ele date cu caracter personal. Datele cu [&hellip;]","og_url":"https:\/\/livresq.com\/fr\/gdpr-ro\/","og_site_name":"LIVRESQ","article_modified_time":"2026-03-31T09:33:09+00:00","twitter_card":"summary_large_image","twitter_misc":{"Dur\u00e9e de lecture estim\u00e9e":"4 minutes"},"schema":{"@context":"https:\/\/schema.org","@graph":[{"@type":"WebPage","@id":"https:\/\/livresq.com\/en\/gdpr-ro\/","url":"https:\/\/livresq.com\/en\/gdpr-ro\/","name":"GDPR-RO - LIVRESQ","isPartOf":{"@id":"https:\/\/livresq.com\/en\/#website"},"datePublished":"2020-01-17T14:42:36+00:00","dateModified":"2026-03-31T09:33:09+00:00","breadcrumb":{"@id":"https:\/\/livresq.com\/en\/gdpr-ro\/#breadcrumb"},"inLanguage":"fr-FR","potentialAction":[{"@type":"ReadAction","target":["https:\/\/livresq.com\/en\/gdpr-ro\/"]}]},{"@type":"BreadcrumbList","@id":"https:\/\/livresq.com\/en\/gdpr-ro\/#breadcrumb","itemListElement":[{"@type":"ListItem","position":1,"name":"Prima pagin\u0103","item":"https:\/\/livresq.com\/"},{"@type":"ListItem","position":2,"name":"GDPR-RO"}]},{"@type":"WebSite","@id":"https:\/\/livresq.com\/en\/#website","url":"https:\/\/livresq.com\/en\/","name":"LIVRESQ","description":"Outil de cr\u00e9ation eLearning","publisher":{"@id":"https:\/\/livresq.com\/en\/#organization"},"potentialAction":[{"@type":"SearchAction","target":{"@type":"EntryPoint","urlTemplate":"https:\/\/livresq.com\/en\/?s={search_term_string}"},"query-input":{"@type":"PropertyValueSpecification","valueRequired":true,"valueName":"search_term_string"}}],"inLanguage":"fr-FR"},{"@type":"Organization","@id":"https:\/\/livresq.com\/en\/#organization","name":"LIVRESQ - Outil de cr\u00e9ation","url":"https:\/\/livresq.com\/en\/","logo":{"@type":"ImageObject","inLanguage":"fr-FR","@id":"https:\/\/livresq.com\/en\/#\/schema\/logo\/image\/","url":"https:\/\/i0.wp.com\/livresq.com\/wp-content\/uploads\/2019\/07\/cropped-Logo.png?fit=1054%2C575&ssl=1","contentUrl":"https:\/\/i0.wp.com\/livresq.com\/wp-content\/uploads\/2019\/07\/cropped-Logo.png?fit=1054%2C575&ssl=1","width":1054,"height":575,"caption":"LIVRESQ - Authoring Tool"},"image":{"@id":"https:\/\/livresq.com\/en\/#\/schema\/logo\/image\/"}}]}},"_links":{"self":[{"href":"https:\/\/livresq.com\/fr\/wp-json\/wp\/v2\/pages\/8264","targetHints":{"allow":["GET"]}}],"collection":[{"href":"https:\/\/livresq.com\/fr\/wp-json\/wp\/v2\/pages"}],"about":[{"href":"https:\/\/livresq.com\/fr\/wp-json\/wp\/v2\/types\/page"}],"author":[{"embeddable":true,"href":"https:\/\/livresq.com\/fr\/wp-json\/wp\/v2\/users\/2"}],"replies":[{"embeddable":true,"href":"https:\/\/livresq.com\/fr\/wp-json\/wp\/v2\/comments?post=8264"}],"version-history":[{"count":3,"href":"https:\/\/livresq.com\/fr\/wp-json\/wp\/v2\/pages\/8264\/revisions"}],"predecessor-version":[{"id":490851,"href":"https:\/\/livresq.com\/fr\/wp-json\/wp\/v2\/pages\/8264\/revisions\/490851"}],"wp:attachment":[{"href":"https:\/\/livresq.com\/fr\/wp-json\/wp\/v2\/media?parent=8264"}],"curies":[{"name":"wp","href":"https:\/\/api.w.org\/{rel}","templated":true}]}}