



{"id":12067,"date":"2020-03-17T14:23:04","date_gmt":"2020-03-17T12:23:04","guid":{"rendered":"https:\/\/livresq.com\/?post_type=product&#038;p=12067"},"modified":"2023-08-11T16:21:24","modified_gmt":"2023-08-11T13:21:24","slug":"exclusive-lifetime-deal-livresq","status":"publish","type":"product","link":"https:\/\/livresq.com\/fr\/product\/exclusive-lifetime-deal-livresq\/","title":{"rendered":"EXCLUSIVE LIFETIME DEAL LIVRESQ"},"content":{"rendered":"<div class=\"elementor-element elementor-element-5e117f8 elementor-widget elementor-widget-text-editor\" data-id=\"5e117f8\" data-element_type=\"widget\" data-widget_type=\"text-editor.default\">\n<div class=\"elementor-widget-container\">\n<div class=\"elementor-text-editor elementor-clearfix\">\n<p>L'\u00e9diteur Livresq est un outil facile \u00e0 utiliser pour cr\u00e9er des projets num\u00e9riques interactifs avec une application tr\u00e8s large.<\/p>\n<\/div>\n<\/div>\n<\/div>\n<div class=\"elementor-element elementor-element-ed3cb10 elementor-widget elementor-widget-text-editor\" data-id=\"ed3cb10\" data-element_type=\"widget\" data-widget_type=\"text-editor.default\">\n<div class=\"elementor-widget-container\">\n<div class=\"elementor-text-editor elementor-clearfix\">\n<p>Utiliser les ressources de LIVRESQ, combiner des textes, des images, des films\/animations, des sons, des requ\u00eates et des applications, et cr\u00e9er rapidement\u00a0<strong>projets num\u00e9riques interactifs<\/strong>:<\/p>\n<\/div>\n<\/div>\n<\/div>\n<section class=\"elementor-element elementor-element-1eca022 elementor-section-boxed elementor-section-height-default elementor-section-height-default elementor-section elementor-inner-section\" data-id=\"1eca022\" data-element_type=\"section\">\n<div class=\"elementor-container elementor-column-gap-default\">\n<div class=\"elementor-row\">\n<div class=\"elementor-element elementor-element-873cf7b elementor-column elementor-col-50 elementor-inner-column\" data-id=\"873cf7b\" data-element_type=\"column\">\n<div class=\"elementor-column-wrap elementor-element-populated\">\n<div class=\"elementor-widget-wrap\">\n<div class=\"elementor-element elementor-element-64e0cee elementor-widget elementor-widget-text-editor\" data-id=\"64e0cee\" data-element_type=\"widget\" data-widget_type=\"text-editor.default\">\n<div class=\"elementor-widget-container\">\n<div class=\"elementor-text-editor elementor-clearfix\">\n<ul>\n<li>Cours en ligne<\/li>\n<li>Manuels scolaires<\/li>\n<li>Cahiers d'exercices<\/li>\n<li>Atlase<\/li>\n<li>Histoires interactives<\/li>\n<li>Magazines<\/li>\n<li>Journaux<\/li>\n<\/ul>\n<\/div>\n<\/div>\n<\/div>\n<\/div>\n<\/div>\n<\/div>\n<\/div>\n<\/div>\n<\/section>","protected":false},"excerpt":{"rendered":"<p>L'\u00e9diteur Livresq est un outil facile \u00e0 utiliser pour cr\u00e9er des projets num\u00e9riques interactifs avec un large \u00e9ventail d'applications. Utilisez les ressources de LIVRESQ, combinez des textes, des images, des films\/animations, des sons, des quiz et des applications et cr\u00e9ez rapidement des projets num\u00e9riques interactifs : Cours en ligne Manuels scolaires Cahiers d'exercices Atlas Cahiers d'exercices Histoires interactives Magazines Journaux<\/p>","protected":false},"featured_media":1654,"template":"","meta":[],"product_brand":[],"product_cat":[43],"product_tag":[],"class_list":{"0":"post-12067","1":"product","2":"type-product","3":"status-publish","4":"has-post-thumbnail","6":"product_cat-subscription-licenses","8":"first","9":"instock","10":"virtual","11":"taxable","12":"purchasable","13":"product-type-simple"},"yoast_head":"<!-- This site is optimized with the Yoast SEO plugin v27.2 - https:\/\/yoast.com\/product\/yoast-seo-wordpress\/ -->\n<title>EXCLUSIVE LIFETIME DEAL LIVRESQ - LIVRESQ<\/title>\n<meta name=\"description\" content=\"Editorul Livresq este un instrument u\u0219or de folosit pentru crearea proiectelor digitale interactive, cu o aplicabilitate foarte larg\u0103.\" \/>\n<meta name=\"robots\" content=\"index, follow, max-snippet:-1, max-image-preview:large, max-video-preview:-1\" \/>\n<link rel=\"canonical\" href=\"https:\/\/livresq.com\/fr\/produit-2\/exclusive-lifetime-deal-livresq\/\" \/>\n<meta property=\"og:locale\" content=\"fr_FR\" \/>\n<meta property=\"og:type\" content=\"article\" \/>\n<meta property=\"og:title\" content=\"EXCLUSIVE LIFETIME DEAL LIVRESQ - LIVRESQ\" \/>\n<meta property=\"og:description\" content=\"Editorul Livresq este un instrument u\u0219or de folosit pentru crearea proiectelor digitale interactive, cu o aplicabilitate foarte larg\u0103.\" \/>\n<meta property=\"og:url\" content=\"https:\/\/livresq.com\/fr\/produit-2\/exclusive-lifetime-deal-livresq\/\" \/>\n<meta property=\"og:site_name\" content=\"LIVRESQ\" \/>\n<meta property=\"article:modified_time\" content=\"2023-08-11T13:21:24+00:00\" \/>\n<meta property=\"og:image\" content=\"https:\/\/i0.wp.com\/livresq.com\/wp-content\/uploads\/2019\/10\/Corporate_Livresq.png?fit=244%2C244&ssl=1\" \/>\n\t<meta property=\"og:image:width\" content=\"244\" \/>\n\t<meta property=\"og:image:height\" content=\"244\" \/>\n\t<meta property=\"og:image:type\" content=\"image\/png\" \/>\n<meta name=\"twitter:card\" content=\"summary_large_image\" \/>\n<meta name=\"twitter:label1\" content=\"Dur\u00e9e de lecture estim\u00e9e\" \/>\n\t<meta name=\"twitter:data1\" content=\"1 minute\" \/>\n<script type=\"application\/ld+json\" class=\"yoast-schema-graph\">{\"@context\":\"https:\/\/schema.org\",\"@graph\":[{\"@type\":\"WebPage\",\"@id\":\"https:\/\/livresq.com\/en\/product\/exclusive-lifetime-deal-livresq\/\",\"url\":\"https:\/\/livresq.com\/en\/product\/exclusive-lifetime-deal-livresq\/\",\"name\":\"EXCLUSIVE LIFETIME DEAL LIVRESQ - LIVRESQ\",\"isPartOf\":{\"@id\":\"https:\/\/livresq.com\/en\/#website\"},\"primaryImageOfPage\":{\"@id\":\"https:\/\/livresq.com\/en\/product\/exclusive-lifetime-deal-livresq\/#primaryimage\"},\"image\":{\"@id\":\"https:\/\/livresq.com\/en\/product\/exclusive-lifetime-deal-livresq\/#primaryimage\"},\"thumbnailUrl\":\"https:\/\/i0.wp.com\/livresq.com\/wp-content\/uploads\/2019\/10\/Corporate_Livresq.png?fit=244%2C244&ssl=1\",\"datePublished\":\"2020-03-17T12:23:04+00:00\",\"dateModified\":\"2023-08-11T13:21:24+00:00\",\"description\":\"Editorul Livresq este un instrument u\u0219or de folosit pentru crearea proiectelor digitale interactive, cu o aplicabilitate foarte larg\u0103.\",\"breadcrumb\":{\"@id\":\"https:\/\/livresq.com\/en\/product\/exclusive-lifetime-deal-livresq\/#breadcrumb\"},\"inLanguage\":\"fr-FR\",\"potentialAction\":[{\"@type\":\"ReadAction\",\"target\":[\"https:\/\/livresq.com\/en\/product\/exclusive-lifetime-deal-livresq\/\"]}]},{\"@type\":\"ImageObject\",\"inLanguage\":\"fr-FR\",\"@id\":\"https:\/\/livresq.com\/en\/product\/exclusive-lifetime-deal-livresq\/#primaryimage\",\"url\":\"https:\/\/i0.wp.com\/livresq.com\/wp-content\/uploads\/2019\/10\/Corporate_Livresq.png?fit=244%2C244&ssl=1\",\"contentUrl\":\"https:\/\/i0.wp.com\/livresq.com\/wp-content\/uploads\/2019\/10\/Corporate_Livresq.png?fit=244%2C244&ssl=1\",\"width\":244,\"height\":244},{\"@type\":\"BreadcrumbList\",\"@id\":\"https:\/\/livresq.com\/en\/product\/exclusive-lifetime-deal-livresq\/#breadcrumb\",\"itemListElement\":[{\"@type\":\"ListItem\",\"position\":1,\"name\":\"Prima pagin\u0103\",\"item\":\"https:\/\/livresq.com\/\"},{\"@type\":\"ListItem\",\"position\":2,\"name\":\"Magazin\",\"item\":\"https:\/\/livresq.com\/en\/magazin\/\"},{\"@type\":\"ListItem\",\"position\":3,\"name\":\"EXCLUSIVE LIFETIME DEAL LIVRESQ\"}]},{\"@type\":\"WebSite\",\"@id\":\"https:\/\/livresq.com\/en\/#website\",\"url\":\"https:\/\/livresq.com\/en\/\",\"name\":\"LIVRESQ\",\"description\":\"eLearning Authoring Tool\",\"publisher\":{\"@id\":\"https:\/\/livresq.com\/en\/#organization\"},\"potentialAction\":[{\"@type\":\"SearchAction\",\"target\":{\"@type\":\"EntryPoint\",\"urlTemplate\":\"https:\/\/livresq.com\/en\/?s={search_term_string}\"},\"query-input\":{\"@type\":\"PropertyValueSpecification\",\"valueRequired\":true,\"valueName\":\"search_term_string\"}}],\"inLanguage\":\"fr-FR\"},{\"@type\":\"Organization\",\"@id\":\"https:\/\/livresq.com\/en\/#organization\",\"name\":\"LIVRESQ - Authoring Tool\",\"url\":\"https:\/\/livresq.com\/en\/\",\"logo\":{\"@type\":\"ImageObject\",\"inLanguage\":\"fr-FR\",\"@id\":\"https:\/\/livresq.com\/en\/#\/schema\/logo\/image\/\",\"url\":\"https:\/\/i0.wp.com\/livresq.com\/wp-content\/uploads\/2019\/07\/cropped-Logo.png?fit=1054%2C575&ssl=1\",\"contentUrl\":\"https:\/\/i0.wp.com\/livresq.com\/wp-content\/uploads\/2019\/07\/cropped-Logo.png?fit=1054%2C575&ssl=1\",\"width\":1054,\"height\":575,\"caption\":\"LIVRESQ - Authoring Tool\"},\"image\":{\"@id\":\"https:\/\/livresq.com\/en\/#\/schema\/logo\/image\/\"}}]}<\/script>\n<!-- \/ Yoast SEO plugin. -->","yoast_head_json":{"title":"EXCLUSIVE LIFETIME DEAL LIVRESQ - LIVRESQ","description":"L'\u00e9diteur Livresq est un outil facile \u00e0 utiliser pour cr\u00e9er des projets num\u00e9riques interactifs avec une application tr\u00e8s large.","robots":{"index":"index","follow":"follow","max-snippet":"max-snippet:-1","max-image-preview":"max-image-preview:large","max-video-preview":"max-video-preview:-1"},"canonical":"https:\/\/livresq.com\/fr\/produit-2\/exclusive-lifetime-deal-livresq\/","og_locale":"fr_FR","og_type":"article","og_title":"EXCLUSIVE LIFETIME DEAL LIVRESQ - LIVRESQ","og_description":"Editorul Livresq este un instrument u\u0219or de folosit pentru crearea proiectelor digitale interactive, cu o aplicabilitate foarte larg\u0103.","og_url":"https:\/\/livresq.com\/fr\/produit-2\/exclusive-lifetime-deal-livresq\/","og_site_name":"LIVRESQ","article_modified_time":"2023-08-11T13:21:24+00:00","og_image":[{"width":244,"height":244,"url":"https:\/\/i0.wp.com\/livresq.com\/wp-content\/uploads\/2019\/10\/Corporate_Livresq.png?fit=244%2C244&ssl=1","type":"image\/png"}],"twitter_card":"summary_large_image","twitter_misc":{"Dur\u00e9e de lecture estim\u00e9e":"1 minute"},"schema":{"@context":"https:\/\/schema.org","@graph":[{"@type":"WebPage","@id":"https:\/\/livresq.com\/en\/product\/exclusive-lifetime-deal-livresq\/","url":"https:\/\/livresq.com\/en\/product\/exclusive-lifetime-deal-livresq\/","name":"EXCLUSIVE LIFETIME DEAL LIVRESQ - LIVRESQ","isPartOf":{"@id":"https:\/\/livresq.com\/en\/#website"},"primaryImageOfPage":{"@id":"https:\/\/livresq.com\/en\/product\/exclusive-lifetime-deal-livresq\/#primaryimage"},"image":{"@id":"https:\/\/livresq.com\/en\/product\/exclusive-lifetime-deal-livresq\/#primaryimage"},"thumbnailUrl":"https:\/\/i0.wp.com\/livresq.com\/wp-content\/uploads\/2019\/10\/Corporate_Livresq.png?fit=244%2C244&ssl=1","datePublished":"2020-03-17T12:23:04+00:00","dateModified":"2023-08-11T13:21:24+00:00","description":"L'\u00e9diteur Livresq est un outil facile \u00e0 utiliser pour cr\u00e9er des projets num\u00e9riques interactifs avec une application tr\u00e8s large.","breadcrumb":{"@id":"https:\/\/livresq.com\/en\/product\/exclusive-lifetime-deal-livresq\/#breadcrumb"},"inLanguage":"fr-FR","potentialAction":[{"@type":"ReadAction","target":["https:\/\/livresq.com\/en\/product\/exclusive-lifetime-deal-livresq\/"]}]},{"@type":"ImageObject","inLanguage":"fr-FR","@id":"https:\/\/livresq.com\/en\/product\/exclusive-lifetime-deal-livresq\/#primaryimage","url":"https:\/\/i0.wp.com\/livresq.com\/wp-content\/uploads\/2019\/10\/Corporate_Livresq.png?fit=244%2C244&ssl=1","contentUrl":"https:\/\/i0.wp.com\/livresq.com\/wp-content\/uploads\/2019\/10\/Corporate_Livresq.png?fit=244%2C244&ssl=1","width":244,"height":244},{"@type":"BreadcrumbList","@id":"https:\/\/livresq.com\/en\/product\/exclusive-lifetime-deal-livresq\/#breadcrumb","itemListElement":[{"@type":"ListItem","position":1,"name":"Prima pagin\u0103","item":"https:\/\/livresq.com\/"},{"@type":"ListItem","position":2,"name":"Magazin","item":"https:\/\/livresq.com\/en\/magazin\/"},{"@type":"ListItem","position":3,"name":"EXCLUSIVE LIFETIME DEAL LIVRESQ"}]},{"@type":"WebSite","@id":"https:\/\/livresq.com\/en\/#website","url":"https:\/\/livresq.com\/en\/","name":"LIVRESQ","description":"Outil de cr\u00e9ation eLearning","publisher":{"@id":"https:\/\/livresq.com\/en\/#organization"},"potentialAction":[{"@type":"SearchAction","target":{"@type":"EntryPoint","urlTemplate":"https:\/\/livresq.com\/en\/?s={search_term_string}"},"query-input":{"@type":"PropertyValueSpecification","valueRequired":true,"valueName":"search_term_string"}}],"inLanguage":"fr-FR"},{"@type":"Organization","@id":"https:\/\/livresq.com\/en\/#organization","name":"LIVRESQ - Outil de cr\u00e9ation","url":"https:\/\/livresq.com\/en\/","logo":{"@type":"ImageObject","inLanguage":"fr-FR","@id":"https:\/\/livresq.com\/en\/#\/schema\/logo\/image\/","url":"https:\/\/i0.wp.com\/livresq.com\/wp-content\/uploads\/2019\/07\/cropped-Logo.png?fit=1054%2C575&ssl=1","contentUrl":"https:\/\/i0.wp.com\/livresq.com\/wp-content\/uploads\/2019\/07\/cropped-Logo.png?fit=1054%2C575&ssl=1","width":1054,"height":575,"caption":"LIVRESQ - Authoring Tool"},"image":{"@id":"https:\/\/livresq.com\/en\/#\/schema\/logo\/image\/"}}]}},"_links":{"self":[{"href":"https:\/\/livresq.com\/fr\/wp-json\/wp\/v2\/product\/12067","targetHints":{"allow":["GET"]}}],"collection":[{"href":"https:\/\/livresq.com\/fr\/wp-json\/wp\/v2\/product"}],"about":[{"href":"https:\/\/livresq.com\/fr\/wp-json\/wp\/v2\/types\/product"}],"version-history":[{"count":1,"href":"https:\/\/livresq.com\/fr\/wp-json\/wp\/v2\/product\/12067\/revisions"}],"predecessor-version":[{"id":249713,"href":"https:\/\/livresq.com\/fr\/wp-json\/wp\/v2\/product\/12067\/revisions\/249713"}],"wp:featuredmedia":[{"embeddable":true,"href":"https:\/\/livresq.com\/fr\/wp-json\/wp\/v2\/media\/1654"}],"wp:attachment":[{"href":"https:\/\/livresq.com\/fr\/wp-json\/wp\/v2\/media?parent=12067"}],"wp:term":[{"taxonomy":"product_brand","embeddable":true,"href":"https:\/\/livresq.com\/fr\/wp-json\/wp\/v2\/product_brand?post=12067"},{"taxonomy":"product_cat","embeddable":true,"href":"https:\/\/livresq.com\/fr\/wp-json\/wp\/v2\/product_cat?post=12067"},{"taxonomy":"product_tag","embeddable":true,"href":"https:\/\/livresq.com\/fr\/wp-json\/wp\/v2\/product_tag?post=12067"}],"curies":[{"name":"wp","href":"https:\/\/api.w.org\/{rel}","templated":true}]}}