



{"id":280847,"date":"2023-02-16T15:36:19","date_gmt":"2023-02-16T13:36:19","guid":{"rendered":"https:\/\/livresq.com\/?page_id=280847"},"modified":"2023-02-17T10:42:11","modified_gmt":"2023-02-17T08:42:11","slug":"pnrr-booksq-labor","status":"publish","type":"page","link":"https:\/\/livresq.com\/hu\/pnrr-livresq-lab\/","title":{"rendered":"NRRP - A fels\u0151 k\u00f6z\u00e9piskol\u00e1k intelligens laborat\u00f3riumokkal val\u00f3 felszerel\u00e9se"},"content":{"rendered":"<div data-elementor-type=\"wp-page\" data-elementor-id=\"280847\" class=\"elementor elementor-280847\" data-elementor-post-type=\"page\">\n\t\t\t\t\t\t<section class=\"elementor-section elementor-top-section elementor-element elementor-element-ec40d0f elementor-section-boxed elementor-section-height-default elementor-section-height-default\" data-id=\"ec40d0f\" data-element_type=\"section\">\n\t\t\t\t\t\t<div class=\"elementor-container elementor-column-gap-default\">\n\t\t\t\t\t<div class=\"elementor-column elementor-col-100 elementor-top-column elementor-element elementor-element-ae17758\" data-id=\"ae17758\" data-element_type=\"column\">\n\t\t\t<div class=\"elementor-widget-wrap elementor-element-populated\">\n\t\t\t\t\t\t<div class=\"elementor-element elementor-element-7561e33 elementor-widget elementor-widget-spacer\" data-id=\"7561e33\" data-element_type=\"widget\" data-widget_type=\"spacer.default\">\n\t\t\t\t<div class=\"elementor-widget-container\">\n\t\t\t\t\t\t\t<div class=\"elementor-spacer\">\n\t\t\t<div class=\"elementor-spacer-inner\"><\/div>\n\t\t<\/div>\n\t\t\t\t\t\t<\/div>\n\t\t\t\t<\/div>\n\t\t\t\t<div class=\"elementor-element elementor-element-4a04b12 elementor-widget elementor-widget-heading\" data-id=\"4a04b12\" data-element_type=\"widget\" data-settings=\"{&quot;_animation&quot;:&quot;none&quot;}\" data-widget_type=\"heading.default\">\n\t\t\t\t<div class=\"elementor-widget-container\">\n\t\t\t\t\t<h1 class=\"elementor-heading-title elementor-size-large\">Fels\u0151 k\u00f6z\u00e9piskol\u00e1k, palot\u00e1k \u00e9s gyermekklubok felszerel\u00e9se intelligens laborat\u00f3riumokkal<\/h1>\t\t\t\t<\/div>\n\t\t\t\t<\/div>\n\t\t\t\t<div class=\"elementor-element elementor-element-a0c7993 elementor-widget elementor-widget-heading\" data-id=\"a0c7993\" data-element_type=\"widget\" data-widget_type=\"heading.default\">\n\t\t\t\t<div class=\"elementor-widget-container\">\n\t\t\t\t\t<h2 class=\"elementor-heading-title elementor-size-default\">LIVRESQ LAB - az intelligens laborat\u00f3rium alapvet\u0151 \u00f6sszetev\u0151je<\/h2>\t\t\t\t<\/div>\n\t\t\t\t<\/div>\n\t\t\t\t\t<\/div>\n\t\t<\/div>\n\t\t\t\t\t<\/div>\n\t\t<\/section>\n\t\t\t\t<section class=\"elementor-section elementor-top-section elementor-element elementor-element-2b10550 elementor-section-height-min-height elementor-section-boxed elementor-section-height-default elementor-section-items-middle\" data-id=\"2b10550\" data-element_type=\"section\">\n\t\t\t\t\t\t<div class=\"elementor-container elementor-column-gap-default\">\n\t\t\t\t\t<div class=\"elementor-column elementor-col-100 elementor-top-column elementor-element elementor-element-aa2d051\" data-id=\"aa2d051\" data-element_type=\"column\">\n\t\t\t<div class=\"elementor-widget-wrap elementor-element-populated\">\n\t\t\t\t\t\t<div class=\"elementor-element elementor-element-ffe47c1 elementor-widget elementor-widget-text-editor\" data-id=\"ffe47c1\" data-element_type=\"widget\" data-widget_type=\"text-editor.default\">\n\t\t\t\t<div class=\"elementor-widget-container\">\n\t\t\t\t\t\t\t\t\t<p><strong>LIVRESQ LAB<\/strong> a fels\u0151 k\u00f6z\u00e9piskol\u00e1kban m\u0171k\u00f6d\u0151 intelligens laborat\u00f3riumok alapvet\u0151 eleme, a PNRR finansz\u00edrozhatja, \u00e9s a k\u00f6vetkez\u0151 projektben is szerepel <strong>\"Fels\u0151 tagozatos iskol\u00e1k, palot\u00e1k \u00e9s gyermekklubok felszerel\u00e9se intelligens laborat\u00f3riumokkal\".<\/strong><\/p><p>A kiad\u00e1sok t\u00e1mogathat\u00f3s\u00e1ga szempontj\u00e1b\u00f3l az LIVRESQ LAB az 1.4.2. pont szerinti k\u00f6telez\u0151en t\u00e1mogathat\u00f3 tev\u00e9kenys\u00e9gek kateg\u00f3ri\u00e1j\u00e1ba tartozik - az iskolai tanterv ter\u00fcleteit lefed\u0151 oktat\u00e1si tartalmak \u00e9s a tananyagoknak a helyi h\u00e1l\u00f3zaton l\u00e9v\u0151 eszk\u00f6z\u00f6kre t\u00f6rt\u00e9n\u0151 k\u00f6zpontos\u00edtott terjeszt\u00e9s\u00e9t biztos\u00edt\u00f3 oktat\u00e1si szoftverek\/licencek beszerz\u00e9se (p. 9. o.), a \"k\u00f6telez\u0151 k\u00f6z\u00f6s maggal\" z\u00f6kken\u0151mentesen kommunik\u00e1l, f\u00fcggetlen\u00fcl a v\u00e1lasztott m\u0171szaki specifik\u00e1ci\u00f3kt\u00f3l \u00e9s sz\u00e1ll\u00edt\u00f3kt\u00f3l, \u00e9s integr\u00e1lhat\u00f3 a k\u00f6z\u00f6s magba, vagy kategoriz\u00e1lhat\u00f3 az \"e-learning platform\", \"egy\u00e9b szoftverek \u00e9s berendez\u00e9sek\"\/\"speci\u00e1lis oktat\u00e1si eszk\u00f6z\u00f6k\"\/\"speci\u00e1lis berendez\u00e9sek\" kateg\u00f3ri\u00e1ba (12. o.).<\/p><p>K\u00f6nyvt\u00e1r\u00e1val az LIVRESQ LAB hozz\u00e1f\u00e9r\u00e9st biztos\u00edt az oktat\u00e1si tartalmakhoz, amelyek a t\u00e9m\u00e1k, tant\u00e1rgyak \u00e9s programok sz\u00e9les k\u00f6r\u00e9t fedik le a fels\u0151 k\u00f6z\u00e9piskol\u00e1k, palot\u00e1k \u00e9s gyermekklubok sz\u00e1m\u00e1ra. A Smart Lab felhaszn\u00e1l\u00f3i, tan\u00e1rok vagy di\u00e1kok, k\u00f6zvetlen\u00fcl hozz\u00e1f\u00e9rhetnek a tartalmakhoz b\u00e1rmilyen megl\u00e9v\u0151 vagy \u00fajonnan v\u00e1s\u00e1rolt mobileszk\u00f6zr\u0151l, t\u00e1blag\u00e9pr\u0151l, laptopr\u00f3l vagy internetkapcsolattal rendelkez\u0151 asztali sz\u00e1m\u00edt\u00f3g\u00e9pr\u0151l.<\/p><p>Az LIVRESQ LAB egy olyan oktat\u00e1si szoftverlicenc, amely biztos\u00edtja a tananyagok k\u00f6zpontos\u00edtott, helyi h\u00e1l\u00f3zaton bel\u00fcli terjeszt\u00e9s\u00e9t b\u00e1rmilyen eszk\u00f6z\u00f6n, biztos\u00edtva a hardvereszk\u00f6z\u00f6k (interakt\u00edv t\u00e1bl\u00e1k, laptopok, asztali sz\u00e1m\u00edt\u00f3g\u00e9pek, t\u00e1blag\u00e9pek) integr\u00e1l\u00e1s\u00e1t a Smart LAB megold\u00e1sba, amely ebben a projektben t\u00f6bbszerepl\u0151s szoftverk\u00e9nt m\u0171k\u00f6dik:<\/p><ul><li>az iskolai tanterv ter\u00fcleteit lefed\u0151 oktat\u00e1si tartalom.<br \/>oktat\u00e1si szoftver\/licenc, amely a tananyagok helyi h\u00e1l\u00f3zaton t\u00f6rt\u00e9n\u0151 k\u00f6zponti terjeszt\u00e9s\u00e9t biztos\u00edtja<\/li><li>digit\u00e1lis szerz\u0151i eszk\u00f6z interakt\u00edv digit\u00e1lis tartalmak l\u00e9trehoz\u00e1s\u00e1ra (szerz\u0151i eszk\u00f6z) a nemzetk\u00f6zi SCORM szabv\u00e1nyoknak megfelel\u0151 digit\u00e1lis anyagok\/tanfolyamok megval\u00f3s\u00edt\u00e1s\u00e1hoz (kompatibilit\u00e1s t\u00f6bb sz\u00e1z platformmal, interakt\u00edv elemek, k\u00e9pek, vide\u00f3k, rom\u00e1n nyelv\u0171 hanggener\u00e1l\u00e1s \u00e9s sok m\u00e1s besz\u00far\u00e1sa).<\/li><li>t\u00e1mogatja a hat\u00e9kony, magas sz\u00ednvonal\u00fa, inkluz\u00edv digit\u00e1lis oktat\u00e1s el\u0151mozd\u00edt\u00e1s\u00e1t egy nagy teljes\u00edtm\u00e9ny\u0171 digit\u00e1lis oktat\u00e1si \u00f6kosziszt\u00e9ma l\u00e9trehoz\u00e1sa c\u00e9lj\u00e1b\u00f3l (jelenleg t\u00f6bb mint 4800 digit\u00e1lis anyag \u00e9rhet\u0151 el k\u00fcl\u00f6nb\u00f6z\u0151 t\u00e9m\u00e1kban).<\/li><li>a Livresq LAB platformmal a tan\u00e1rok\/oktat\u00e1si tervez\u0151k a lehet\u0151 legt\u00f6bbet hozhatj\u00e1k ki az \u00e1ltala k\u00edn\u00e1lt lehet\u0151s\u00e9geket a tanul\u00e1s m\u00f3dj\u00e1nak megv\u00e1ltoztat\u00e1s\u00e1ra, hogy a hat\u00e9kony oktat\u00e1s minden kedvezm\u00e9nyezett sz\u00e1m\u00e1ra el\u00e9rhet\u0151 legyen, biztons\u00e1gosan, b\u00e1rmilyen intelligens eszk\u00f6zr\u0151l, b\u00e1rhol.<\/li><li>a fels\u0151 k\u00f6z\u00e9piskol\u00e1k, palot\u00e1k \u00e9s gyermekklubok tagjai (tan\u00e1rok \u00e9s tanul\u00f3k) fejleszthetik digit\u00e1lis kompetenci\u00e1ikat - oktat\u00e1si tartalmak k\u00e9sz\u00edt\u00e9se<\/li><li>A Livresq LAB megk\u00f6nny\u00edti a tanul\u00e1si folyamatot, az \u00faj technol\u00f3gia seg\u00edt a di\u00e1koknak, hogy komplex megold\u00e1sokat l\u00e1ssanak a probl\u00e9m\u00e1k megold\u00e1s\u00e1ra.<\/li><li>Az LIVRESQ LAB tartalomszerkeszt\u0151 (szerz\u0151i eszk\u00f6z) lehet\u0151v\u00e9 teszi digit\u00e1lis anyagok - oktat\u00e1si tartalmak, interakt\u00edv tanfolyamok \u00e9s leck\u00e9k l\u00e9trehoz\u00e1s\u00e1t b\u00e1rmilyen t\u00e9m\u00e1ban, amely a fels\u0151 k\u00f6z\u00e9piskol\u00e1k, palot\u00e1k \u00e9s gyermekklubok sz\u00e1m\u00e1ra \u00e9rdekes, kezdve az iskolai technikai eszk\u00f6z\u00f6k haszn\u00e1lat\u00e1t\u00f3l, egy oktat\u00e1si robot, a 3D nyomtat\u00f3val val\u00f3 munka vagy egy robot viselked\u00e9s\u00e9nek programoz\u00e1sa.<\/li><li>a k\u00f6nyvt\u00e1rban tal\u00e1lhat\u00f3, vagy az LIVRESQ LAB seg\u00edts\u00e9g\u00e9vel l\u00e9trehozott leck\u00e9k lehet\u0151v\u00e9 teszik, hogy minden tanul\u00e1si st\u00edlust megsz\u00f3l\u00edtsanak, \u00e9s mindenki a saj\u00e1t temp\u00f3j\u00e1ban dolgozhasson.<\/li><\/ul><p>Az LIVRESQ LAB hozz\u00e1j\u00e1rul a projekt azon c\u00e9lj\u00e1hoz, hogy a rom\u00e1niai di\u00e1kok \u00e9rdekl\u0151d\u00e9s\u00e9t felkeltse a tudom\u00e1ny, a technol\u00f3gia \u00e9s a tervez\u00e9s ir\u00e1nt, \u00e9s jav\u00edtsa a tanul\u00e1st.<\/p><p>Ha az \u00d6n int\u00e9zm\u00e9nye digit\u00e1lis megold\u00e1sokat alkalmaz vagy seg\u00edts\u00e9gre van sz\u00fcks\u00e9ge az oktat\u00e1sban, k\u00e9rj\u00fck, vegye fel vel\u00fcnk a kapcsolatot k\u00f6zvetlen\u00fcl a contact@livresq.com e-mail c\u00edmen vagy az itt tal\u00e1lhat\u00f3 \u0171rlapon kereszt\u00fcl: <a href=\"https:\/\/livresq.com\/ro\/contact\/\">https:\/\/livresq.com\/ro\/contact\/<\/a><\/p>\t\t\t\t\t\t\t\t<\/div>\n\t\t\t\t<\/div>\n\t\t\t\t\t<\/div>\n\t\t<\/div>\n\t\t\t\t\t<\/div>\n\t\t<\/section>\n\t\t\t\t<\/div>","protected":false},"excerpt":{"rendered":"<p>Dotarea cu laboratoare inteligente a unit\u0103\u021bilor de \u00eenv\u0103\u021b\u0103m\u00e2nt secundar superior, a palatelor \u0219i a cluburilor copiilor LIVRESQ LAB &#8211; component\u0103 fundamental\u0103 \u00een laboratorul inteligent LIVRESQ LAB este o component\u0103 fundamental\u0103 \u00een laboratoarele inteligente din unit\u0103\u021bile de \u00eenv\u0103\u021b\u0103m\u00e2nt secundar superior poate fi finan\u021bat\u0103 prin PNRR, inclus \u00een proiectul privind \u201cDotarea cu laboratoare inteligente a unit\u0103\u021bilor de [&hellip;]<\/p>\n","protected":false},"author":36627,"featured_media":280954,"parent":0,"menu_order":0,"comment_status":"closed","ping_status":"closed","template":"","meta":{"footnotes":""},"class_list":["post-280847","page","type-page","status-publish","has-post-thumbnail","hentry"],"yoast_head":"<!-- This site is optimized with the Yoast SEO plugin v27.2 - https:\/\/yoast.com\/product\/yoast-seo-wordpress\/ -->\n<title>PNRR - Dotarea cu laboratoare inteligente a unit\u0103\u021bilor de \u00eenv\u0103\u021b\u0103m\u00e2nt secundar superior - LIVRESQ<\/title>\n<meta name=\"robots\" content=\"index, follow, max-snippet:-1, max-image-preview:large, max-video-preview:-1\" \/>\n<link rel=\"canonical\" href=\"https:\/\/livresq.com\/hu\/pnrr-booksq-labor\/\" \/>\n<meta property=\"og:locale\" content=\"hu_HU\" \/>\n<meta property=\"og:type\" content=\"article\" \/>\n<meta property=\"og:title\" content=\"PNRR - Dotarea cu laboratoare inteligente a unit\u0103\u021bilor de \u00eenv\u0103\u021b\u0103m\u00e2nt secundar superior - LIVRESQ\" \/>\n<meta property=\"og:description\" content=\"Dotarea cu laboratoare inteligente a unit\u0103\u021bilor de \u00eenv\u0103\u021b\u0103m\u00e2nt secundar superior, a palatelor \u0219i a cluburilor copiilor LIVRESQ LAB &#8211; component\u0103 fundamental\u0103 \u00een laboratorul inteligent LIVRESQ LAB este o component\u0103 fundamental\u0103 \u00een laboratoarele inteligente din unit\u0103\u021bile de \u00eenv\u0103\u021b\u0103m\u00e2nt secundar superior poate fi finan\u021bat\u0103 prin PNRR, inclus \u00een proiectul privind \u201cDotarea cu laboratoare inteligente a unit\u0103\u021bilor de [&hellip;]\" \/>\n<meta property=\"og:url\" content=\"https:\/\/livresq.com\/hu\/pnrr-booksq-labor\/\" \/>\n<meta property=\"og:site_name\" content=\"LIVRESQ\" \/>\n<meta property=\"article:modified_time\" content=\"2023-02-17T08:42:11+00:00\" \/>\n<meta property=\"og:image\" content=\"https:\/\/i0.wp.com\/livresq.com\/wp-content\/uploads\/2023\/02\/20f73bab-8ca2-421a-ad83-d63f8c91c1bd.png?fit=600%2C314&ssl=1\" \/>\n\t<meta property=\"og:image:width\" content=\"600\" \/>\n\t<meta property=\"og:image:height\" content=\"314\" \/>\n\t<meta property=\"og:image:type\" content=\"image\/png\" \/>\n<meta name=\"twitter:card\" content=\"summary_large_image\" \/>\n<meta name=\"twitter:label1\" content=\"Becs\u00fclt olvas\u00e1si id\u0151\" \/>\n\t<meta name=\"twitter:data1\" content=\"3 perc\" \/>\n<script type=\"application\/ld+json\" class=\"yoast-schema-graph\">{\"@context\":\"https:\/\/schema.org\",\"@graph\":[{\"@type\":\"WebPage\",\"@id\":\"https:\/\/livresq.com\/pnrr-livresq-lab\/\",\"url\":\"https:\/\/livresq.com\/pnrr-livresq-lab\/\",\"name\":\"PNRR - Dotarea cu laboratoare inteligente a unit\u0103\u021bilor de \u00eenv\u0103\u021b\u0103m\u00e2nt secundar superior - LIVRESQ\",\"isPartOf\":{\"@id\":\"https:\/\/livresq.com\/en\/#website\"},\"primaryImageOfPage\":{\"@id\":\"https:\/\/livresq.com\/pnrr-livresq-lab\/#primaryimage\"},\"image\":{\"@id\":\"https:\/\/livresq.com\/pnrr-livresq-lab\/#primaryimage\"},\"thumbnailUrl\":\"https:\/\/i0.wp.com\/livresq.com\/wp-content\/uploads\/2023\/02\/20f73bab-8ca2-421a-ad83-d63f8c91c1bd.png?fit=600%2C314&ssl=1\",\"datePublished\":\"2023-02-16T13:36:19+00:00\",\"dateModified\":\"2023-02-17T08:42:11+00:00\",\"breadcrumb\":{\"@id\":\"https:\/\/livresq.com\/pnrr-livresq-lab\/#breadcrumb\"},\"inLanguage\":\"hu\",\"potentialAction\":[{\"@type\":\"ReadAction\",\"target\":[\"https:\/\/livresq.com\/pnrr-livresq-lab\/\"]}]},{\"@type\":\"ImageObject\",\"inLanguage\":\"hu\",\"@id\":\"https:\/\/livresq.com\/pnrr-livresq-lab\/#primaryimage\",\"url\":\"https:\/\/i0.wp.com\/livresq.com\/wp-content\/uploads\/2023\/02\/20f73bab-8ca2-421a-ad83-d63f8c91c1bd.png?fit=600%2C314&ssl=1\",\"contentUrl\":\"https:\/\/i0.wp.com\/livresq.com\/wp-content\/uploads\/2023\/02\/20f73bab-8ca2-421a-ad83-d63f8c91c1bd.png?fit=600%2C314&ssl=1\",\"width\":600,\"height\":314},{\"@type\":\"BreadcrumbList\",\"@id\":\"https:\/\/livresq.com\/pnrr-livresq-lab\/#breadcrumb\",\"itemListElement\":[{\"@type\":\"ListItem\",\"position\":1,\"name\":\"Prima pagin\u0103\",\"item\":\"https:\/\/livresq.com\/\"},{\"@type\":\"ListItem\",\"position\":2,\"name\":\"PNRR &#8211; Dotarea cu laboratoare inteligente a unit\u0103\u021bilor de \u00eenv\u0103\u021b\u0103m\u00e2nt secundar superior\"}]},{\"@type\":\"WebSite\",\"@id\":\"https:\/\/livresq.com\/en\/#website\",\"url\":\"https:\/\/livresq.com\/en\/\",\"name\":\"LIVRESQ\",\"description\":\"eLearning Authoring Tool\",\"publisher\":{\"@id\":\"https:\/\/livresq.com\/en\/#organization\"},\"potentialAction\":[{\"@type\":\"SearchAction\",\"target\":{\"@type\":\"EntryPoint\",\"urlTemplate\":\"https:\/\/livresq.com\/en\/?s={search_term_string}\"},\"query-input\":{\"@type\":\"PropertyValueSpecification\",\"valueRequired\":true,\"valueName\":\"search_term_string\"}}],\"inLanguage\":\"hu\"},{\"@type\":\"Organization\",\"@id\":\"https:\/\/livresq.com\/en\/#organization\",\"name\":\"LIVRESQ - Authoring Tool\",\"url\":\"https:\/\/livresq.com\/en\/\",\"logo\":{\"@type\":\"ImageObject\",\"inLanguage\":\"hu\",\"@id\":\"https:\/\/livresq.com\/en\/#\/schema\/logo\/image\/\",\"url\":\"https:\/\/i0.wp.com\/livresq.com\/wp-content\/uploads\/2019\/07\/cropped-Logo.png?fit=1054%2C575&ssl=1\",\"contentUrl\":\"https:\/\/i0.wp.com\/livresq.com\/wp-content\/uploads\/2019\/07\/cropped-Logo.png?fit=1054%2C575&ssl=1\",\"width\":1054,\"height\":575,\"caption\":\"LIVRESQ - Authoring Tool\"},\"image\":{\"@id\":\"https:\/\/livresq.com\/en\/#\/schema\/logo\/image\/\"}}]}<\/script>\n<!-- \/ Yoast SEO plugin. -->","yoast_head_json":{"title":"PNRR - A fels\u0151 k\u00f6z\u00e9piskol\u00e1k intelligens laborat\u00f3riumokkal val\u00f3 felszerel\u00e9se - LIVRESQ","robots":{"index":"index","follow":"follow","max-snippet":"max-snippet:-1","max-image-preview":"max-image-preview:large","max-video-preview":"max-video-preview:-1"},"canonical":"https:\/\/livresq.com\/hu\/pnrr-booksq-labor\/","og_locale":"hu_HU","og_type":"article","og_title":"PNRR - Dotarea cu laboratoare inteligente a unit\u0103\u021bilor de \u00eenv\u0103\u021b\u0103m\u00e2nt secundar superior - LIVRESQ","og_description":"Dotarea cu laboratoare inteligente a unit\u0103\u021bilor de \u00eenv\u0103\u021b\u0103m\u00e2nt secundar superior, a palatelor \u0219i a cluburilor copiilor LIVRESQ LAB &#8211; component\u0103 fundamental\u0103 \u00een laboratorul inteligent LIVRESQ LAB este o component\u0103 fundamental\u0103 \u00een laboratoarele inteligente din unit\u0103\u021bile de \u00eenv\u0103\u021b\u0103m\u00e2nt secundar superior poate fi finan\u021bat\u0103 prin PNRR, inclus \u00een proiectul privind \u201cDotarea cu laboratoare inteligente a unit\u0103\u021bilor de [&hellip;]","og_url":"https:\/\/livresq.com\/hu\/pnrr-booksq-labor\/","og_site_name":"LIVRESQ","article_modified_time":"2023-02-17T08:42:11+00:00","og_image":[{"width":600,"height":314,"url":"https:\/\/i0.wp.com\/livresq.com\/wp-content\/uploads\/2023\/02\/20f73bab-8ca2-421a-ad83-d63f8c91c1bd.png?fit=600%2C314&ssl=1","type":"image\/png"}],"twitter_card":"summary_large_image","twitter_misc":{"Becs\u00fclt olvas\u00e1si id\u0151":"3 perc"},"schema":{"@context":"https:\/\/schema.org","@graph":[{"@type":"WebPage","@id":"https:\/\/livresq.com\/pnrr-livresq-lab\/","url":"https:\/\/livresq.com\/pnrr-livresq-lab\/","name":"PNRR - A fels\u0151 k\u00f6z\u00e9piskol\u00e1k intelligens laborat\u00f3riumokkal val\u00f3 felszerel\u00e9se - LIVRESQ","isPartOf":{"@id":"https:\/\/livresq.com\/en\/#website"},"primaryImageOfPage":{"@id":"https:\/\/livresq.com\/pnrr-livresq-lab\/#primaryimage"},"image":{"@id":"https:\/\/livresq.com\/pnrr-livresq-lab\/#primaryimage"},"thumbnailUrl":"https:\/\/i0.wp.com\/livresq.com\/wp-content\/uploads\/2023\/02\/20f73bab-8ca2-421a-ad83-d63f8c91c1bd.png?fit=600%2C314&ssl=1","datePublished":"2023-02-16T13:36:19+00:00","dateModified":"2023-02-17T08:42:11+00:00","breadcrumb":{"@id":"https:\/\/livresq.com\/pnrr-livresq-lab\/#breadcrumb"},"inLanguage":"hu","potentialAction":[{"@type":"ReadAction","target":["https:\/\/livresq.com\/pnrr-livresq-lab\/"]}]},{"@type":"ImageObject","inLanguage":"hu","@id":"https:\/\/livresq.com\/pnrr-livresq-lab\/#primaryimage","url":"https:\/\/i0.wp.com\/livresq.com\/wp-content\/uploads\/2023\/02\/20f73bab-8ca2-421a-ad83-d63f8c91c1bd.png?fit=600%2C314&ssl=1","contentUrl":"https:\/\/i0.wp.com\/livresq.com\/wp-content\/uploads\/2023\/02\/20f73bab-8ca2-421a-ad83-d63f8c91c1bd.png?fit=600%2C314&ssl=1","width":600,"height":314},{"@type":"BreadcrumbList","@id":"https:\/\/livresq.com\/pnrr-livresq-lab\/#breadcrumb","itemListElement":[{"@type":"ListItem","position":1,"name":"Prima pagin\u0103","item":"https:\/\/livresq.com\/"},{"@type":"ListItem","position":2,"name":"PNRR &#8211; Dotarea cu laboratoare inteligente a unit\u0103\u021bilor de \u00eenv\u0103\u021b\u0103m\u00e2nt secundar superior"}]},{"@type":"WebSite","@id":"https:\/\/livresq.com\/en\/#website","url":"https:\/\/livresq.com\/en\/","name":"LIVRESQ","description":"eLearning szerz\u0151i eszk\u00f6z","publisher":{"@id":"https:\/\/livresq.com\/en\/#organization"},"potentialAction":[{"@type":"SearchAction","target":{"@type":"EntryPoint","urlTemplate":"https:\/\/livresq.com\/en\/?s={search_term_string}"},"query-input":{"@type":"PropertyValueSpecification","valueRequired":true,"valueName":"search_term_string"}}],"inLanguage":"hu"},{"@type":"Organization","@id":"https:\/\/livresq.com\/en\/#organization","name":"LIVRESQ - Szerz\u0151i eszk\u00f6z","url":"https:\/\/livresq.com\/en\/","logo":{"@type":"ImageObject","inLanguage":"hu","@id":"https:\/\/livresq.com\/en\/#\/schema\/logo\/image\/","url":"https:\/\/i0.wp.com\/livresq.com\/wp-content\/uploads\/2019\/07\/cropped-Logo.png?fit=1054%2C575&ssl=1","contentUrl":"https:\/\/i0.wp.com\/livresq.com\/wp-content\/uploads\/2019\/07\/cropped-Logo.png?fit=1054%2C575&ssl=1","width":1054,"height":575,"caption":"LIVRESQ - Authoring Tool"},"image":{"@id":"https:\/\/livresq.com\/en\/#\/schema\/logo\/image\/"}}]}},"_links":{"self":[{"href":"https:\/\/livresq.com\/hu\/wp-json\/wp\/v2\/pages\/280847","targetHints":{"allow":["GET"]}}],"collection":[{"href":"https:\/\/livresq.com\/hu\/wp-json\/wp\/v2\/pages"}],"about":[{"href":"https:\/\/livresq.com\/hu\/wp-json\/wp\/v2\/types\/page"}],"author":[{"embeddable":true,"href":"https:\/\/livresq.com\/hu\/wp-json\/wp\/v2\/users\/36627"}],"replies":[{"embeddable":true,"href":"https:\/\/livresq.com\/hu\/wp-json\/wp\/v2\/comments?post=280847"}],"version-history":[{"count":6,"href":"https:\/\/livresq.com\/hu\/wp-json\/wp\/v2\/pages\/280847\/revisions"}],"predecessor-version":[{"id":280961,"href":"https:\/\/livresq.com\/hu\/wp-json\/wp\/v2\/pages\/280847\/revisions\/280961"}],"wp:featuredmedia":[{"embeddable":true,"href":"https:\/\/livresq.com\/hu\/wp-json\/wp\/v2\/media\/280954"}],"wp:attachment":[{"href":"https:\/\/livresq.com\/hu\/wp-json\/wp\/v2\/media?parent=280847"}],"curies":[{"name":"wp","href":"https:\/\/api.w.org\/{rel}","templated":true}]}}