



{"id":280853,"date":"2023-02-16T16:15:18","date_gmt":"2023-02-16T14:15:18","guid":{"rendered":"https:\/\/livresq.com\/?page_id=280853"},"modified":"2023-02-17T10:38:15","modified_gmt":"2023-02-17T08:38:15","slug":"pnrr-booksq-edu","status":"publish","type":"page","link":"https:\/\/livresq.com\/hu\/pnrr-livresq-edu\/","title":{"rendered":"NRRP - B\u00fatorok, taneszk\u00f6z\u00f6k \u00e9s digit\u00e1lis berendez\u00e9sek biztos\u00edt\u00e1sa"},"content":{"rendered":"<div data-elementor-type=\"wp-page\" data-elementor-id=\"280853\" class=\"elementor elementor-280853\" data-elementor-post-type=\"page\">\n\t\t\t\t\t\t<section class=\"elementor-section elementor-top-section elementor-element elementor-element-54b9ba6 elementor-section-boxed elementor-section-height-default elementor-section-height-default\" data-id=\"54b9ba6\" data-element_type=\"section\">\n\t\t\t\t\t\t<div class=\"elementor-container elementor-column-gap-default\">\n\t\t\t\t\t<div class=\"elementor-column elementor-col-100 elementor-top-column elementor-element elementor-element-5df12a6\" data-id=\"5df12a6\" data-element_type=\"column\">\n\t\t\t<div class=\"elementor-widget-wrap elementor-element-populated\">\n\t\t\t\t\t\t<div class=\"elementor-element elementor-element-07ba861 elementor-widget elementor-widget-spacer\" data-id=\"07ba861\" data-element_type=\"widget\" data-widget_type=\"spacer.default\">\n\t\t\t\t<div class=\"elementor-widget-container\">\n\t\t\t\t\t\t\t<div class=\"elementor-spacer\">\n\t\t\t<div class=\"elementor-spacer-inner\"><\/div>\n\t\t<\/div>\n\t\t\t\t\t\t<\/div>\n\t\t\t\t<\/div>\n\t\t\t\t<div class=\"elementor-element elementor-element-95672b9 elementor-widget elementor-widget-heading\" data-id=\"95672b9\" data-element_type=\"widget\" data-settings=\"{&quot;_animation&quot;:&quot;none&quot;}\" data-widget_type=\"heading.default\">\n\t\t\t\t<div class=\"elementor-widget-container\">\n\t\t\t\t\t<h1 class=\"elementor-heading-title elementor-size-large\">B\u00fatorok, tananyagok \u00e9s digit\u00e1lis berendez\u00e9sek biztos\u00edt\u00e1sa az egyetem el\u0151tti \u00e9s kapcsol\u00f3d\u00f3 int\u00e9zm\u00e9nyek sz\u00e1m\u00e1ra.<\/h1>\t\t\t\t<\/div>\n\t\t\t\t<\/div>\n\t\t\t\t<div class=\"elementor-element elementor-element-7b16cbd elementor-widget elementor-widget-heading\" data-id=\"7b16cbd\" data-element_type=\"widget\" data-widget_type=\"heading.default\">\n\t\t\t\t<div class=\"elementor-widget-container\">\n\t\t\t\t\t<h2 class=\"elementor-heading-title elementor-size-default\">LIVRESQ EDU - alapvet\u0151 \u00f6sszetev\u0151 az oktat\u00e1si tartalmakhoz<\/h2>\t\t\t\t<\/div>\n\t\t\t\t<\/div>\n\t\t\t\t\t<\/div>\n\t\t<\/div>\n\t\t\t\t\t<\/div>\n\t\t<\/section>\n\t\t\t\t<section class=\"elementor-section elementor-top-section elementor-element elementor-element-f0dfc1f elementor-section-height-min-height elementor-section-boxed elementor-section-height-default elementor-section-items-middle\" data-id=\"f0dfc1f\" data-element_type=\"section\">\n\t\t\t\t\t\t<div class=\"elementor-container elementor-column-gap-default\">\n\t\t\t\t\t<div class=\"elementor-column elementor-col-100 elementor-top-column elementor-element elementor-element-665b2dc\" data-id=\"665b2dc\" data-element_type=\"column\">\n\t\t\t<div class=\"elementor-widget-wrap elementor-element-populated\">\n\t\t\t\t\t\t<div class=\"elementor-element elementor-element-3be7b95 elementor-widget elementor-widget-text-editor\" data-id=\"3be7b95\" data-element_type=\"widget\" data-widget_type=\"text-editor.default\">\n\t\t\t\t<div class=\"elementor-widget-container\">\n\t\t\t\t\t\t\t\t\t<p><strong>LIVRESQ EDU<\/strong> az oktat\u00e1si int\u00e9zm\u00e9nyeket rom\u00e1n nyelven fejlesztett \u00e9s k\u00e9sz\u00edtett szoftvermegold\u00e1sokkal \u00e9s digit\u00e1lis oktat\u00e1si anyagokkal seg\u00edti, hogy a tan\u00e1rok, tanul\u00f3k \u00e9s \u00f3vod\u00e1skor\u00fa gyermekek a hardvereszk\u00f6z\u00f6k (interakt\u00edv t\u00e1bl\u00e1k, sz\u00e1m\u00edt\u00f3g\u00e9pek, t\u00e1blag\u00e9pek stb.) oktat\u00e1si c\u00e9l\u00fa haszn\u00e1lat\u00e1t a finansz\u00edroz\u00e1si ir\u00e1nyelveknek megfelel\u0151en t\u00e1mogass\u00e1k. <strong>PNRR C15 \"Az egyetem el\u0151tti oktat\u00e1si k\u00f6zpontok \u00e9s a kapcsol\u00f3d\u00f3 egys\u00e9gek b\u00fatorokkal, tananyagokkal \u00e9s digit\u00e1lis berendez\u00e9sekkel val\u00f3 felszerel\u00e9se\".<\/strong><\/p><p>Az LIVRESQ EDU egy oktat\u00e1si szoftver\/licenc digit\u00e1lis oktat\u00e1si anyagok fejleszt\u00e9s\u00e9re, amely a p\u00e1ly\u00e1z\u00f3i \u00fatmutat\u00f3ban szerepl\u0151 el\u0151\u00edr\u00e1soknak megfelel\u0151en t\u00e1mogathat\u00f3 kiad\u00e1st jelent, \u00e9s hozz\u00e1f\u00e9r\u00e9st biztos\u00edt egy interakt\u00edv digit\u00e1lis oktat\u00e1si forr\u00e1sokb\u00f3l \u00e1ll\u00f3 k\u00f6nyvt\u00e1rhoz, amely b\u00e1rmilyen SMART eszk\u00f6zr\u0151l (interakt\u00edv t\u00e1bla, TV, telefon, t\u00e1blag\u00e9p, laptop stb.) el\u00e9rhet\u0151.<\/p><p>A finansz\u00edroz\u00e1si \u00fatmutat\u00f3 szerint - A \"Speci\u00e1lis tananyagok, bele\u00e9rtve a digit\u00e1lis form\u00e1tum\u00faakat is, oszt\u00e1lytermek\/oszt\u00e1lytermek felszerel\u00e9s\u00e9hez, bele\u00e9rtve a pszichopedag\u00f3giai seg\u00edts\u00e9gny\u00fajt\u00e1st\/iskolai laborat\u00f3riumokat\" kateg\u00f3ria a k\u00f6vetkez\u0151ket tartalmazza: \"oktat\u00e1si\/tan\u00edt\u00e1si szoftverek digit\u00e1lis oktat\u00e1si anyagok fejleszt\u00e9s\u00e9hez\", \"grafikus vagy digit\u00e1lis form\u00e1tum\u00fa anyagok\", \"tan\u00f3r\u00e1n k\u00edv\u00fcli tev\u00e9kenys\u00e9gekhez sz\u00fcks\u00e9ges tananyagok\", \"audiovizu\u00e1lis anyagok\".<\/p><p>Az LIVRESQ EDU egy rom\u00e1niai megold\u00e1s, amelyet t\u00f6bb mint 6.300 oktat\u00e1si int\u00e9zm\u00e9ny t\u00f6bb mint 32.000 tan\u00e1ra haszn\u00e1l, akik t\u00f6bb mint 16.400 interakt\u00edv leck\u00e9t tettek k\u00f6zz\u00e9, amelyek t\u00f6bbs\u00e9g\u00e9t az Oktat\u00e1si Miniszt\u00e9rium j\u00f3v\u00e1hagyta, jelent\u0151sen hozz\u00e1j\u00e1rulva az oktat\u00e1si rendszer fejl\u0151d\u00e9s\u00e9hez.<\/p><p>Ha az \u00d6n int\u00e9zm\u00e9nye digit\u00e1lis megold\u00e1sokat alkalmaz vagy seg\u00edts\u00e9gre van sz\u00fcks\u00e9ge az oktat\u00e1sban, k\u00e9rj\u00fck, vegye fel vel\u00fcnk a kapcsolatot k\u00f6zvetlen\u00fcl a contact@livresq.com e-mail c\u00edmen vagy az itt tal\u00e1lhat\u00f3 \u0171rlapon kereszt\u00fcl: <a href=\"https:\/\/livresq.com\/ro\/contact\/\">https:\/\/livresq.com\/ro\/contact\/<\/a><\/p>\t\t\t\t\t\t\t\t<\/div>\n\t\t\t\t<\/div>\n\t\t\t\t\t<\/div>\n\t\t<\/div>\n\t\t\t\t\t<\/div>\n\t\t<\/section>\n\t\t\t\t<\/div>","protected":false},"excerpt":{"rendered":"<p>Dotarea cu mobilier, materiale didactice \u0219i echipamente digitale a unit\u0103\u021bilor de \u00eenv\u0103\u021b\u0103m\u00e2nt preuniversitar \u0219i a unit\u0103\u021bilor conexe LIVRESQ EDU &#8211; component\u0103 fundamental\u0103 pentru con\u021binut educa\u021bional LIVRESQ EDU vine \u00een ajutorul unit\u0103\u021bilor de \u00eenv\u0103\u021b\u0103m\u00e2nt cu solu\u021bii software \u0219i materiale educa\u021bionale digitale \u2013 dezvoltate \u0219i create \u00een limba rom\u00e2n\u0103, pentru a sprijini profesorii, elevii \u0219i pre\u0219colarii \u00een [&hellip;]<\/p>\n","protected":false},"author":36627,"featured_media":280955,"parent":0,"menu_order":0,"comment_status":"closed","ping_status":"closed","template":"","meta":{"footnotes":""},"class_list":["post-280853","page","type-page","status-publish","has-post-thumbnail","hentry"],"yoast_head":"<!-- This site is optimized with the Yoast SEO plugin v27.2 - https:\/\/yoast.com\/product\/yoast-seo-wordpress\/ -->\n<title>PNRR - Dotarea cu mobilier, materiale didactice \u0219i echipamente digitale - LIVRESQ<\/title>\n<meta name=\"robots\" content=\"index, follow, max-snippet:-1, max-image-preview:large, max-video-preview:-1\" \/>\n<link rel=\"canonical\" href=\"https:\/\/livresq.com\/hu\/pnrr-booksq-edu\/\" \/>\n<meta property=\"og:locale\" content=\"hu_HU\" \/>\n<meta property=\"og:type\" content=\"article\" \/>\n<meta property=\"og:title\" content=\"PNRR - Dotarea cu mobilier, materiale didactice \u0219i echipamente digitale - LIVRESQ\" \/>\n<meta property=\"og:description\" content=\"Dotarea cu mobilier, materiale didactice \u0219i echipamente digitale a unit\u0103\u021bilor de \u00eenv\u0103\u021b\u0103m\u00e2nt preuniversitar \u0219i a unit\u0103\u021bilor conexe LIVRESQ EDU &#8211; component\u0103 fundamental\u0103 pentru con\u021binut educa\u021bional LIVRESQ EDU vine \u00een ajutorul unit\u0103\u021bilor de \u00eenv\u0103\u021b\u0103m\u00e2nt cu solu\u021bii software \u0219i materiale educa\u021bionale digitale \u2013 dezvoltate \u0219i create \u00een limba rom\u00e2n\u0103, pentru a sprijini profesorii, elevii \u0219i pre\u0219colarii \u00een [&hellip;]\" \/>\n<meta property=\"og:url\" content=\"https:\/\/livresq.com\/hu\/pnrr-booksq-edu\/\" \/>\n<meta property=\"og:site_name\" content=\"LIVRESQ\" \/>\n<meta property=\"article:modified_time\" content=\"2023-02-17T08:38:15+00:00\" \/>\n<meta property=\"og:image\" content=\"https:\/\/i0.wp.com\/livresq.com\/wp-content\/uploads\/2023\/02\/b72bc655-389a-41f9-b712-1a93ce8ec485.png?fit=600%2C314&ssl=1\" \/>\n\t<meta property=\"og:image:width\" content=\"600\" \/>\n\t<meta property=\"og:image:height\" content=\"314\" \/>\n\t<meta property=\"og:image:type\" content=\"image\/png\" \/>\n<meta name=\"twitter:card\" content=\"summary_large_image\" \/>\n<meta name=\"twitter:label1\" content=\"Becs\u00fclt olvas\u00e1si id\u0151\" \/>\n\t<meta name=\"twitter:data1\" content=\"2 perc\" \/>\n<script type=\"application\/ld+json\" class=\"yoast-schema-graph\">{\"@context\":\"https:\/\/schema.org\",\"@graph\":[{\"@type\":\"WebPage\",\"@id\":\"https:\/\/livresq.com\/pnrr-livresq-edu\/\",\"url\":\"https:\/\/livresq.com\/pnrr-livresq-edu\/\",\"name\":\"PNRR - Dotarea cu mobilier, materiale didactice \u0219i echipamente digitale - LIVRESQ\",\"isPartOf\":{\"@id\":\"https:\/\/livresq.com\/en\/#website\"},\"primaryImageOfPage\":{\"@id\":\"https:\/\/livresq.com\/pnrr-livresq-edu\/#primaryimage\"},\"image\":{\"@id\":\"https:\/\/livresq.com\/pnrr-livresq-edu\/#primaryimage\"},\"thumbnailUrl\":\"https:\/\/i0.wp.com\/livresq.com\/wp-content\/uploads\/2023\/02\/b72bc655-389a-41f9-b712-1a93ce8ec485.png?fit=600%2C314&ssl=1\",\"datePublished\":\"2023-02-16T14:15:18+00:00\",\"dateModified\":\"2023-02-17T08:38:15+00:00\",\"breadcrumb\":{\"@id\":\"https:\/\/livresq.com\/pnrr-livresq-edu\/#breadcrumb\"},\"inLanguage\":\"hu\",\"potentialAction\":[{\"@type\":\"ReadAction\",\"target\":[\"https:\/\/livresq.com\/pnrr-livresq-edu\/\"]}]},{\"@type\":\"ImageObject\",\"inLanguage\":\"hu\",\"@id\":\"https:\/\/livresq.com\/pnrr-livresq-edu\/#primaryimage\",\"url\":\"https:\/\/i0.wp.com\/livresq.com\/wp-content\/uploads\/2023\/02\/b72bc655-389a-41f9-b712-1a93ce8ec485.png?fit=600%2C314&ssl=1\",\"contentUrl\":\"https:\/\/i0.wp.com\/livresq.com\/wp-content\/uploads\/2023\/02\/b72bc655-389a-41f9-b712-1a93ce8ec485.png?fit=600%2C314&ssl=1\",\"width\":600,\"height\":314},{\"@type\":\"BreadcrumbList\",\"@id\":\"https:\/\/livresq.com\/pnrr-livresq-edu\/#breadcrumb\",\"itemListElement\":[{\"@type\":\"ListItem\",\"position\":1,\"name\":\"Prima pagin\u0103\",\"item\":\"https:\/\/livresq.com\/\"},{\"@type\":\"ListItem\",\"position\":2,\"name\":\"PNRR &#8211; Dotarea cu mobilier, materiale didactice \u0219i echipamente digitale\"}]},{\"@type\":\"WebSite\",\"@id\":\"https:\/\/livresq.com\/en\/#website\",\"url\":\"https:\/\/livresq.com\/en\/\",\"name\":\"LIVRESQ\",\"description\":\"eLearning Authoring Tool\",\"publisher\":{\"@id\":\"https:\/\/livresq.com\/en\/#organization\"},\"potentialAction\":[{\"@type\":\"SearchAction\",\"target\":{\"@type\":\"EntryPoint\",\"urlTemplate\":\"https:\/\/livresq.com\/en\/?s={search_term_string}\"},\"query-input\":{\"@type\":\"PropertyValueSpecification\",\"valueRequired\":true,\"valueName\":\"search_term_string\"}}],\"inLanguage\":\"hu\"},{\"@type\":\"Organization\",\"@id\":\"https:\/\/livresq.com\/en\/#organization\",\"name\":\"LIVRESQ - Authoring Tool\",\"url\":\"https:\/\/livresq.com\/en\/\",\"logo\":{\"@type\":\"ImageObject\",\"inLanguage\":\"hu\",\"@id\":\"https:\/\/livresq.com\/en\/#\/schema\/logo\/image\/\",\"url\":\"https:\/\/i0.wp.com\/livresq.com\/wp-content\/uploads\/2019\/07\/cropped-Logo.png?fit=1054%2C575&ssl=1\",\"contentUrl\":\"https:\/\/i0.wp.com\/livresq.com\/wp-content\/uploads\/2019\/07\/cropped-Logo.png?fit=1054%2C575&ssl=1\",\"width\":1054,\"height\":575,\"caption\":\"LIVRESQ - Authoring Tool\"},\"image\":{\"@id\":\"https:\/\/livresq.com\/en\/#\/schema\/logo\/image\/\"}}]}<\/script>\n<!-- \/ Yoast SEO plugin. -->","yoast_head_json":{"title":"PNRR - B\u00fatorok, taneszk\u00f6z\u00f6k \u00e9s digit\u00e1lis berendez\u00e9sek beszerz\u00e9se - LIVRESQ","robots":{"index":"index","follow":"follow","max-snippet":"max-snippet:-1","max-image-preview":"max-image-preview:large","max-video-preview":"max-video-preview:-1"},"canonical":"https:\/\/livresq.com\/hu\/pnrr-booksq-edu\/","og_locale":"hu_HU","og_type":"article","og_title":"PNRR - Dotarea cu mobilier, materiale didactice \u0219i echipamente digitale - LIVRESQ","og_description":"Dotarea cu mobilier, materiale didactice \u0219i echipamente digitale a unit\u0103\u021bilor de \u00eenv\u0103\u021b\u0103m\u00e2nt preuniversitar \u0219i a unit\u0103\u021bilor conexe LIVRESQ EDU &#8211; component\u0103 fundamental\u0103 pentru con\u021binut educa\u021bional LIVRESQ EDU vine \u00een ajutorul unit\u0103\u021bilor de \u00eenv\u0103\u021b\u0103m\u00e2nt cu solu\u021bii software \u0219i materiale educa\u021bionale digitale \u2013 dezvoltate \u0219i create \u00een limba rom\u00e2n\u0103, pentru a sprijini profesorii, elevii \u0219i pre\u0219colarii \u00een [&hellip;]","og_url":"https:\/\/livresq.com\/hu\/pnrr-booksq-edu\/","og_site_name":"LIVRESQ","article_modified_time":"2023-02-17T08:38:15+00:00","og_image":[{"width":600,"height":314,"url":"https:\/\/i0.wp.com\/livresq.com\/wp-content\/uploads\/2023\/02\/b72bc655-389a-41f9-b712-1a93ce8ec485.png?fit=600%2C314&ssl=1","type":"image\/png"}],"twitter_card":"summary_large_image","twitter_misc":{"Becs\u00fclt olvas\u00e1si id\u0151":"2 perc"},"schema":{"@context":"https:\/\/schema.org","@graph":[{"@type":"WebPage","@id":"https:\/\/livresq.com\/pnrr-livresq-edu\/","url":"https:\/\/livresq.com\/pnrr-livresq-edu\/","name":"PNRR - B\u00fatorok, taneszk\u00f6z\u00f6k \u00e9s digit\u00e1lis berendez\u00e9sek beszerz\u00e9se - LIVRESQ","isPartOf":{"@id":"https:\/\/livresq.com\/en\/#website"},"primaryImageOfPage":{"@id":"https:\/\/livresq.com\/pnrr-livresq-edu\/#primaryimage"},"image":{"@id":"https:\/\/livresq.com\/pnrr-livresq-edu\/#primaryimage"},"thumbnailUrl":"https:\/\/i0.wp.com\/livresq.com\/wp-content\/uploads\/2023\/02\/b72bc655-389a-41f9-b712-1a93ce8ec485.png?fit=600%2C314&ssl=1","datePublished":"2023-02-16T14:15:18+00:00","dateModified":"2023-02-17T08:38:15+00:00","breadcrumb":{"@id":"https:\/\/livresq.com\/pnrr-livresq-edu\/#breadcrumb"},"inLanguage":"hu","potentialAction":[{"@type":"ReadAction","target":["https:\/\/livresq.com\/pnrr-livresq-edu\/"]}]},{"@type":"ImageObject","inLanguage":"hu","@id":"https:\/\/livresq.com\/pnrr-livresq-edu\/#primaryimage","url":"https:\/\/i0.wp.com\/livresq.com\/wp-content\/uploads\/2023\/02\/b72bc655-389a-41f9-b712-1a93ce8ec485.png?fit=600%2C314&ssl=1","contentUrl":"https:\/\/i0.wp.com\/livresq.com\/wp-content\/uploads\/2023\/02\/b72bc655-389a-41f9-b712-1a93ce8ec485.png?fit=600%2C314&ssl=1","width":600,"height":314},{"@type":"BreadcrumbList","@id":"https:\/\/livresq.com\/pnrr-livresq-edu\/#breadcrumb","itemListElement":[{"@type":"ListItem","position":1,"name":"Prima pagin\u0103","item":"https:\/\/livresq.com\/"},{"@type":"ListItem","position":2,"name":"PNRR &#8211; Dotarea cu mobilier, materiale didactice \u0219i echipamente digitale"}]},{"@type":"WebSite","@id":"https:\/\/livresq.com\/en\/#website","url":"https:\/\/livresq.com\/en\/","name":"LIVRESQ","description":"eLearning szerz\u0151i eszk\u00f6z","publisher":{"@id":"https:\/\/livresq.com\/en\/#organization"},"potentialAction":[{"@type":"SearchAction","target":{"@type":"EntryPoint","urlTemplate":"https:\/\/livresq.com\/en\/?s={search_term_string}"},"query-input":{"@type":"PropertyValueSpecification","valueRequired":true,"valueName":"search_term_string"}}],"inLanguage":"hu"},{"@type":"Organization","@id":"https:\/\/livresq.com\/en\/#organization","name":"LIVRESQ - Szerz\u0151i eszk\u00f6z","url":"https:\/\/livresq.com\/en\/","logo":{"@type":"ImageObject","inLanguage":"hu","@id":"https:\/\/livresq.com\/en\/#\/schema\/logo\/image\/","url":"https:\/\/i0.wp.com\/livresq.com\/wp-content\/uploads\/2019\/07\/cropped-Logo.png?fit=1054%2C575&ssl=1","contentUrl":"https:\/\/i0.wp.com\/livresq.com\/wp-content\/uploads\/2019\/07\/cropped-Logo.png?fit=1054%2C575&ssl=1","width":1054,"height":575,"caption":"LIVRESQ - Authoring Tool"},"image":{"@id":"https:\/\/livresq.com\/en\/#\/schema\/logo\/image\/"}}]}},"_links":{"self":[{"href":"https:\/\/livresq.com\/hu\/wp-json\/wp\/v2\/pages\/280853","targetHints":{"allow":["GET"]}}],"collection":[{"href":"https:\/\/livresq.com\/hu\/wp-json\/wp\/v2\/pages"}],"about":[{"href":"https:\/\/livresq.com\/hu\/wp-json\/wp\/v2\/types\/page"}],"author":[{"embeddable":true,"href":"https:\/\/livresq.com\/hu\/wp-json\/wp\/v2\/users\/36627"}],"replies":[{"embeddable":true,"href":"https:\/\/livresq.com\/hu\/wp-json\/wp\/v2\/comments?post=280853"}],"version-history":[{"count":6,"href":"https:\/\/livresq.com\/hu\/wp-json\/wp\/v2\/pages\/280853\/revisions"}],"predecessor-version":[{"id":280958,"href":"https:\/\/livresq.com\/hu\/wp-json\/wp\/v2\/pages\/280853\/revisions\/280958"}],"wp:featuredmedia":[{"embeddable":true,"href":"https:\/\/livresq.com\/hu\/wp-json\/wp\/v2\/media\/280955"}],"wp:attachment":[{"href":"https:\/\/livresq.com\/hu\/wp-json\/wp\/v2\/media?parent=280853"}],"curies":[{"name":"wp","href":"https:\/\/api.w.org\/{rel}","templated":true}]}}