



{"id":280860,"date":"2023-02-16T16:26:10","date_gmt":"2023-02-16T14:26:10","guid":{"rendered":"https:\/\/livresq.com\/?page_id=280860"},"modified":"2023-02-17T10:43:31","modified_gmt":"2023-02-17T08:43:31","slug":"pnrr-booksq-digitalis-media-labor","status":"publish","type":"page","link":"https:\/\/livresq.com\/hu\/pnrr-livresq-digital-media-lab\/","title":{"rendered":"PNRR - LIVRESQ Digit\u00e1lis m\u00e9dia laborat\u00f3rium"},"content":{"rendered":"<div data-elementor-type=\"wp-page\" data-elementor-id=\"280860\" class=\"elementor elementor-280860\" data-elementor-post-type=\"page\">\n\t\t\t\t\t\t<section class=\"elementor-section elementor-top-section elementor-element elementor-element-66910ef elementor-section-boxed elementor-section-height-default elementor-section-height-default\" data-id=\"66910ef\" data-element_type=\"section\">\n\t\t\t\t\t\t<div class=\"elementor-container elementor-column-gap-default\">\n\t\t\t\t\t<div class=\"elementor-column elementor-col-100 elementor-top-column elementor-element elementor-element-8cb78aa\" data-id=\"8cb78aa\" data-element_type=\"column\">\n\t\t\t<div class=\"elementor-widget-wrap elementor-element-populated\">\n\t\t\t\t\t\t<div class=\"elementor-element elementor-element-363343b elementor-widget elementor-widget-spacer\" data-id=\"363343b\" data-element_type=\"widget\" data-widget_type=\"spacer.default\">\n\t\t\t\t<div class=\"elementor-widget-container\">\n\t\t\t\t\t\t\t<div class=\"elementor-spacer\">\n\t\t\t<div class=\"elementor-spacer-inner\"><\/div>\n\t\t<\/div>\n\t\t\t\t\t\t<\/div>\n\t\t\t\t<\/div>\n\t\t\t\t<div class=\"elementor-element elementor-element-1c934b4 elementor-widget elementor-widget-heading\" data-id=\"1c934b4\" data-element_type=\"widget\" data-settings=\"{&quot;_animation&quot;:&quot;none&quot;}\" data-widget_type=\"heading.default\">\n\t\t\t\t<div class=\"elementor-widget-container\">\n\t\t\t\t\t<h1 class=\"elementor-heading-title elementor-size-large\">A k\u00f6nyvt\u00e1rak t\u00e1mogat\u00e1sa, hogy a digit\u00e1lis k\u00e9szs\u00e9gek fejleszt\u00e9s\u00e9nek k\u00f6zpontjaiv\u00e1 v\u00e1ljanak<\/h1>\t\t\t\t<\/div>\n\t\t\t\t<\/div>\n\t\t\t\t<div class=\"elementor-element elementor-element-ca54b1c elementor-widget elementor-widget-heading\" data-id=\"ca54b1c\" data-element_type=\"widget\" data-widget_type=\"heading.default\">\n\t\t\t\t<div class=\"elementor-widget-container\">\n\t\t\t\t\t<h2 class=\"elementor-heading-title elementor-size-default\">LIVRESQ Digit\u00e1lis M\u00e9dialabor - a digit\u00e1lis kompetenciafejleszt\u0151 k\u00f6zpontok alapvet\u0151 \u00f6sszetev\u0151je<\/h2>\t\t\t\t<\/div>\n\t\t\t\t<\/div>\n\t\t\t\t\t<\/div>\n\t\t<\/div>\n\t\t\t\t\t<\/div>\n\t\t<\/section>\n\t\t\t\t<section class=\"elementor-section elementor-top-section elementor-element elementor-element-5247ad2 elementor-section-height-min-height elementor-section-boxed elementor-section-height-default elementor-section-items-middle\" data-id=\"5247ad2\" data-element_type=\"section\">\n\t\t\t\t\t\t<div class=\"elementor-container elementor-column-gap-default\">\n\t\t\t\t\t<div class=\"elementor-column elementor-col-100 elementor-top-column elementor-element elementor-element-a8bea5e\" data-id=\"a8bea5e\" data-element_type=\"column\">\n\t\t\t<div class=\"elementor-widget-wrap elementor-element-populated\">\n\t\t\t\t\t\t<div class=\"elementor-element elementor-element-1c07ddc elementor-widget elementor-widget-text-editor\" data-id=\"1c07ddc\" data-element_type=\"widget\" data-widget_type=\"text-editor.default\">\n\t\t\t\t<div class=\"elementor-widget-container\">\n\t\t\t\t\t\t\t\t\t<p><strong>LIVRESQ Digit\u00e1lis m\u00e9dia laborat\u00f3rium<\/strong> az I17 INVESTMENT projektben is szerepelhet <strong>\"A k\u00f6nyvt\u00e1rak t\u00e1mogat\u00e1sa, hogy a digit\u00e1lis k\u00e9szs\u00e9gek fejleszt\u00e9s\u00e9nek k\u00f6zpontjaiv\u00e1 v\u00e1ljanak\"<\/strong>. Az aj\u00e1nlat teljes m\u00e9rt\u00e9kben \u00f6sszhangban van a 7. KOMPONENSE - Digit\u00e1lis \u00e1talakul\u00e1s, D m\u0171velet - Digit\u00e1lis kompetenci\u00e1k, hum\u00e1n t\u0151ke \u00e9s internethaszn\u00e1lat c\u00edm\u0171 projektre vonatkoz\u00f3 p\u00e1ly\u00e1zati \u00fatmutat\u00f3val.<\/p><p>A kiad\u00e1sok t\u00e1mogathat\u00f3s\u00e1g\u00e1t illet\u0151en az ir\u00e1nymutat\u00e1sok szerint (21-22. oldal) a javasolt megold\u00e1s az aj\u00e1nlott kiad\u00e1si kateg\u00f3ri\u00e1ba (legal\u00e1bb 25%) tartozik, \u00e9s a 4. fejezet r\u00e9sz\u00e9t k\u00e9pezi. Szolg\u00e1ltat\u00e1sok, licencek \u00e9s szoftveralkalmaz\u00e1sok\/programok\/megold\u00e1sok beszerz\u00e9s\u00e9vel kapcsolatos kiad\u00e1sok.<\/p><p>Az LIVRESQ digit\u00e1lis m\u00e9dialaborral a k\u00f6nyvt\u00e1r a digit\u00e1lis kompetenci\u00e1k fejleszt\u00e9s\u00e9nek k\u00f6zpontj\u00e1v\u00e1 v\u00e1lik, ha rendelkezik legal\u00e1bb egy internetkapcsolattal rendelkez\u0151 sz\u00e1m\u00edt\u00f3g\u00e9ppel, \u00e9s lehet\u0151s\u00e9get biztos\u00edt a polg\u00e1roknak arra, hogy szellemi anyagokat k\u00e9sz\u00edtsenek olyan eszk\u00f6z\u00f6kkel, mint a sz\u00e1m\u00edt\u00f3g\u00e9pek\/laptopok, bele\u00e9rtve a hang- \u00e9s videoszerkeszt\u00e9st is. \u00cdgy a k\u00f6nyvt\u00e1rban olyan teret alak\u00edtanak ki, amely lehet\u0151v\u00e9 teszi a k\u00f6z\u00f6ss\u00e9g tagjai sz\u00e1m\u00e1ra, hogy olyan technol\u00f3gi\u00e1kat vagy tev\u00e9kenys\u00e9geket tapasztaljanak meg, amelyekhez kor\u00e1bban nem tudtak hozz\u00e1f\u00e9rni.<\/p><p>A k\u00f6zpont a k\u00f6nyvt\u00e1rat k\u00f6r\u00fclvev\u0151 k\u00f6z\u00f6ss\u00e9gben \u00e9l\u0151k \u00e9rdekl\u0151d\u00e9s\u00e9t a tudom\u00e1ny, a technol\u00f3gia, a tervez\u00e9s \u00e9s az eg\u00e9sz \u00e9leten \u00e1t tart\u00f3 tanul\u00e1s ir\u00e1nt fogja felkelteni, k\u00f6sz\u00f6nhet\u0151en:<\/p><ul><li>Hozz\u00e1f\u00e9r\u00e9s az LIVRESQ k\u00f6nyvt\u00e1rhoz (az a hely, ahol a tanfolyamok \u00e9s anyagok el\u00e9rhet\u0151k), ahol a felhaszn\u00e1l\u00f3k olyan technol\u00f3gi\u00e1kkal ismerkedhetnek meg, mint a 3D nyomtat\u00f3k \u00e9s\/vagy saj\u00e1t tanfolyamokat hozhatnak l\u00e9tre: varr\u00f3g\u00e9pek, ragaszt\u00f3g\u00e9pek, k\u00f3dol\u00f3g\u00e9pek, robotika \u00e9s fafarag\u00f3g\u00e9pek, \u00e9s amelyek szabadon felfedezhet\u0151k\/kiakn\u00e1zhat\u00f3k.<\/li><li>A k\u00f6nyvt\u00e1rosok \u00e9s a h\u00e9tk\u00f6znapi polg\u00e1rok sz\u00e1m\u00e1ra az LIVRESQ haszn\u00e1lat\u00e1r\u00f3l sz\u00f3l\u00f3 k\u00e9pz\u00e9sek megtart\u00e1sa, ez\u00e1ltal biztos\u00edtva, hogy a polg\u00e1rokat a digit\u00e1lis technol\u00f3gi\u00e1k \u00e9s anyagok l\u00e9trehoz\u00e1s\u00e1ban, felfedez\u00e9s\u00e9ben \u00e9s a vel\u00fck val\u00f3 k\u00eds\u00e9rletez\u00e9sben \u00e9rtelmes m\u00f3don haszn\u00e1lj\u00e1k fel \u00e9s vonj\u00e1k be. A k\u00f6z\u00f6ss\u00e9g minden tagja helyi szak\u00e9rt\u0151k\u00e9nt, facilit\u00e1tork\u00e9nt \u00e9s tanul\u00f3k\u00e9nt r\u00e9szt vehet az interakt\u00edv anyagok - tanfolyamok, informatikai anyagok, szemin\u00e1riumok, elj\u00e1r\u00e1sok, \u00fatmutat\u00f3k (pl.: helyi szelekt\u00edv gy\u0171jt\u00e9si elj\u00e1r\u00e1s, hogyan kell ad\u00f3t fizetni, hogyan kell varr\u00f3g\u00e9pet haszn\u00e1lni, hogyan kell fafarag\u00f3g\u00e9pet haszn\u00e1lni stb.)<\/li><\/ul><p>A k\u00f6vetkez\u0151k haszn\u00e1lat\u00e1nak n\u00e9h\u00e1ny el\u0151nye<strong> LIVRESQ - Digit\u00e1lis m\u00e9dia laborat\u00f3rium:<\/strong><\/p><ul><li>Az LIVRESQ tartalomk\u00e9sz\u00edt\u0151 eszk\u00f6z\u00f6k sz\u00e9les sk\u00e1l\u00e1j\u00e1t tartalmazza;<br \/>Olyan anyagok\/tanfolyamok l\u00e9trehoz\u00e1s\u00e1ra haszn\u00e1lhat\u00f3, amelyekben minden koroszt\u00e1ly megtanulja a szoftverek haszn\u00e1lat\u00e1t, \u00e9s \u00edgy val\u00f3s probl\u00e9m\u00e1k megold\u00e1s\u00e1ra alkalmas oktat\u00e1si anyagokat\/tartalmakat hozhat l\u00e9tre;<\/li><li>Az LIVRESQ seg\u00edts\u00e9g\u00e9vel l\u00e9trehozott, az LIVRESQ k\u00f6nyvt\u00e1rban t\u00e1rolt anyagok elektronikusan is el\u00e9rhet\u0151ek, \u00e9s a k\u00f6nyvt\u00e1rak jelenl\u00e9t\u00e9nek kiterjeszt\u00e9s\u00e9t jelenthetik olyan ter\u00fcleteken, ahov\u00e1 hagyom\u00e1nyosan nem jutn\u00e1nak el;<\/li><li>Az LIVRESQ k\u00f6nyvt\u00e1r angol, francia, magyar \u00e9s m\u00e1s nyelvi \u00f3r\u00e1kat is tartalmaz, \u00e9s a \"Nyelvtanul\u00e1si szolg\u00e1ltat\u00e1sok ny\u00fajt\u00e1sa digit\u00e1lis m\u00e9dia, p\u00e9ld\u00e1ul hangosk\u00f6nyvek seg\u00edts\u00e9g\u00e9vel\" c\u00e9lj\u00e1t szolg\u00e1lja. \u00e9s az interakt\u00edv e-learninget;<\/li><li>Az LIVRESQ szorosabb egy\u00fcttm\u0171k\u00f6d\u00e9st biztos\u00edt a helyi iskol\u00e1kkal az\u00e1ltal, hogy digit\u00e1lis szolg\u00e1ltat\u00e1sok sz\u00e9les sk\u00e1l\u00e1j\u00e1t k\u00edn\u00e1lja - tartalomk\u00e9sz\u00edt\u00e9s \u00e9s az inform\u00e1ci\u00f3khoz\/tan\u00f3r\u00e1khoz val\u00f3 hozz\u00e1f\u00e9r\u00e9s lehet\u0151s\u00e9ge -, bele\u00e9rtve az Oktat\u00e1si Miniszt\u00e9rium \u00e1ltal j\u00f3v\u00e1hagyott tan\u00f3r\u00e1kat is, k\u00f6zvetlen\u00fcl az LIVRESQ k\u00f6nyvt\u00e1r\u00e1b\u00f3l;<\/li><li>Az LIVRESQ lehet\u0151v\u00e9 teszi, hogy az iskol\u00e1kkal \u00e9s tan\u00e1rokkal val\u00f3 szoros egy\u00fcttm\u0171k\u00f6d\u00e9s r\u00e9v\u00e9n az egy\u00e9nek olyan k\u00e9szs\u00e9geket fejlesszenek, amelyek jellemz\u0151en nem \u00e1llnak rendelkez\u00e9sre az oszt\u00e1lyteremben vagy az el\u0151ad\u00f3teremben. Az iskol\u00e1k \u00e9s a tan\u00e1rok a tanul\u00f3k b\u00e1rmely kateg\u00f3ri\u00e1ja sz\u00e1m\u00e1ra l\u00e9trehozhatnak \u00e9s felhaszn\u00e1lhatnak oktat\u00e1si anyagokat k\u00e9szs\u00e9geik fejleszt\u00e9se \u00e9rdek\u00e9ben.<\/li><\/ul><p>\u00a0<\/p><p><strong>LIVRESQ Digit\u00e1lis m\u00e9dia laborat\u00f3rium<\/strong> hozz\u00e1j\u00e1rul a projekt azon c\u00e9lj\u00e1hoz, hogy a k\u00f6nyvt\u00e1ri k\u00f6z\u00f6ss\u00e9gben \u00e9l\u0151k \u00e9rdekl\u0151d\u00e9s\u00e9t felkeltse a tudom\u00e1ny, a technol\u00f3gia, a formatervez\u00e9s \u00e9s az eg\u00e9sz \u00e9leten \u00e1t tart\u00f3 tanul\u00e1s ir\u00e1nt.<\/p><p>Ezenk\u00edv\u00fcl az LIVRESQ seg\u00edts\u00e9g\u00e9vel a k\u00f6zpontok lehet\u0151v\u00e9 teszik a kisebbs\u00e9gek, a n\u0151k \u00e9s a fogyat\u00e9kkal \u00e9l\u0151k sz\u00e1m\u00e1ra, hogy olyan technol\u00f3gi\u00e1val \u00e9s olyan ter\u00fcletekkel foglalkozzanak, amelyekkel kor\u00e1bban tal\u00e1n nem is foglalkoztak (oktat\u00e1si tartalmak, interakt\u00edv anyagok k\u00e9sz\u00edt\u00e9se - b\u00e1rmilyen nyelven, mesters\u00e9ges intelligenci\u00e1val rendelkez\u0151 virtu\u00e1lis asszisztensek seg\u00edts\u00e9g\u00e9vel, akik k\u00e9pesek a sz\u00f6veget hangg\u00e1 alak\u00edtani (a billenty\u0171zetr\u0151l be\u00edrt sz\u00f6vegb\u0151l hang), b\u00e1rmely nemzetk\u00f6zi forgalomban l\u00e9v\u0151 nyelven.<\/p><p>Ha az \u00d6n int\u00e9zm\u00e9nye digit\u00e1lis megold\u00e1sokat alkalmaz vagy seg\u00edts\u00e9gre van sz\u00fcks\u00e9ge az oktat\u00e1sban, k\u00e9rj\u00fck, vegye fel vel\u00fcnk a kapcsolatot k\u00f6zvetlen\u00fcl a contact@livresq.com e-mail c\u00edmen vagy az itt tal\u00e1lhat\u00f3 \u0171rlapon kereszt\u00fcl: <a href=\"https:\/\/livresq.com\/ro\/contact\/\">https:\/\/livresq.com\/ro\/contact\/<\/a><\/p>\t\t\t\t\t\t\t\t<\/div>\n\t\t\t\t<\/div>\n\t\t\t\t\t<\/div>\n\t\t<\/div>\n\t\t\t\t\t<\/div>\n\t\t<\/section>\n\t\t\t\t<\/div>","protected":false},"excerpt":{"rendered":"<p>Finan\u021barea bibliotecilor pentru a deveni hub-uri de dezvoltare a competen\u021belor digitale LIVRESQ Digital Media Lab &#8211; component\u0103 fundamental\u0103 \u00een hub-uri de dezvoltare a competen\u021belor digitale LIVRESQ Digital Media Lab poate fi inclus \u00een proiectul privind INVESTI\u021aIA I17 \u201cFinan\u021barea bibliotecilor pentru a deveni hub-uri de dezvoltare a competen\u021belor digitale\u201d. Oferta este \u00een concordan\u021b\u0103 deplin\u0103 cu Ghidul [&hellip;]<\/p>\n","protected":false},"author":36627,"featured_media":280953,"parent":0,"menu_order":0,"comment_status":"closed","ping_status":"closed","template":"","meta":{"footnotes":""},"class_list":["post-280860","page","type-page","status-publish","has-post-thumbnail","hentry"],"yoast_head":"<!-- This site is optimized with the Yoast SEO plugin v27.2 - https:\/\/yoast.com\/product\/yoast-seo-wordpress\/ -->\n<title>PNRR - LIVRESQ Digital Media Lab - LIVRESQ<\/title>\n<meta name=\"robots\" content=\"index, follow, max-snippet:-1, max-image-preview:large, max-video-preview:-1\" \/>\n<link rel=\"canonical\" href=\"https:\/\/livresq.com\/hu\/pnrr-booksq-digitalis-media-labor\/\" \/>\n<meta property=\"og:locale\" content=\"hu_HU\" \/>\n<meta property=\"og:type\" content=\"article\" \/>\n<meta property=\"og:title\" content=\"PNRR - LIVRESQ Digital Media Lab - LIVRESQ\" \/>\n<meta property=\"og:description\" content=\"Finan\u021barea bibliotecilor pentru a deveni hub-uri de dezvoltare a competen\u021belor digitale LIVRESQ Digital Media Lab &#8211; component\u0103 fundamental\u0103 \u00een hub-uri de dezvoltare a competen\u021belor digitale LIVRESQ Digital Media Lab poate fi inclus \u00een proiectul privind INVESTI\u021aIA I17 \u201cFinan\u021barea bibliotecilor pentru a deveni hub-uri de dezvoltare a competen\u021belor digitale\u201d. Oferta este \u00een concordan\u021b\u0103 deplin\u0103 cu Ghidul [&hellip;]\" \/>\n<meta property=\"og:url\" content=\"https:\/\/livresq.com\/hu\/pnrr-booksq-digitalis-media-labor\/\" \/>\n<meta property=\"og:site_name\" content=\"LIVRESQ\" \/>\n<meta property=\"article:modified_time\" content=\"2023-02-17T08:43:31+00:00\" \/>\n<meta property=\"og:image\" content=\"https:\/\/i0.wp.com\/livresq.com\/wp-content\/uploads\/2023\/02\/e299e715-7761-4a4e-ad36-ebcc4dee70c8.png?fit=600%2C314&ssl=1\" \/>\n\t<meta property=\"og:image:width\" content=\"600\" \/>\n\t<meta property=\"og:image:height\" content=\"314\" \/>\n\t<meta property=\"og:image:type\" content=\"image\/png\" \/>\n<meta name=\"twitter:card\" content=\"summary_large_image\" \/>\n<meta name=\"twitter:label1\" content=\"Becs\u00fclt olvas\u00e1si id\u0151\" \/>\n\t<meta name=\"twitter:data1\" content=\"3 perc\" \/>\n<script type=\"application\/ld+json\" class=\"yoast-schema-graph\">{\"@context\":\"https:\/\/schema.org\",\"@graph\":[{\"@type\":\"WebPage\",\"@id\":\"https:\/\/livresq.com\/pnrr-livresq-digital-media-lab\/\",\"url\":\"https:\/\/livresq.com\/pnrr-livresq-digital-media-lab\/\",\"name\":\"PNRR - LIVRESQ Digital Media Lab - LIVRESQ\",\"isPartOf\":{\"@id\":\"https:\/\/livresq.com\/en\/#website\"},\"primaryImageOfPage\":{\"@id\":\"https:\/\/livresq.com\/pnrr-livresq-digital-media-lab\/#primaryimage\"},\"image\":{\"@id\":\"https:\/\/livresq.com\/pnrr-livresq-digital-media-lab\/#primaryimage\"},\"thumbnailUrl\":\"https:\/\/i0.wp.com\/livresq.com\/wp-content\/uploads\/2023\/02\/e299e715-7761-4a4e-ad36-ebcc4dee70c8.png?fit=600%2C314&ssl=1\",\"datePublished\":\"2023-02-16T14:26:10+00:00\",\"dateModified\":\"2023-02-17T08:43:31+00:00\",\"breadcrumb\":{\"@id\":\"https:\/\/livresq.com\/pnrr-livresq-digital-media-lab\/#breadcrumb\"},\"inLanguage\":\"hu\",\"potentialAction\":[{\"@type\":\"ReadAction\",\"target\":[\"https:\/\/livresq.com\/pnrr-livresq-digital-media-lab\/\"]}]},{\"@type\":\"ImageObject\",\"inLanguage\":\"hu\",\"@id\":\"https:\/\/livresq.com\/pnrr-livresq-digital-media-lab\/#primaryimage\",\"url\":\"https:\/\/i0.wp.com\/livresq.com\/wp-content\/uploads\/2023\/02\/e299e715-7761-4a4e-ad36-ebcc4dee70c8.png?fit=600%2C314&ssl=1\",\"contentUrl\":\"https:\/\/i0.wp.com\/livresq.com\/wp-content\/uploads\/2023\/02\/e299e715-7761-4a4e-ad36-ebcc4dee70c8.png?fit=600%2C314&ssl=1\",\"width\":600,\"height\":314},{\"@type\":\"BreadcrumbList\",\"@id\":\"https:\/\/livresq.com\/pnrr-livresq-digital-media-lab\/#breadcrumb\",\"itemListElement\":[{\"@type\":\"ListItem\",\"position\":1,\"name\":\"Prima pagin\u0103\",\"item\":\"https:\/\/livresq.com\/\"},{\"@type\":\"ListItem\",\"position\":2,\"name\":\"PNRR &#8211; LIVRESQ Digital Media Lab\"}]},{\"@type\":\"WebSite\",\"@id\":\"https:\/\/livresq.com\/en\/#website\",\"url\":\"https:\/\/livresq.com\/en\/\",\"name\":\"LIVRESQ\",\"description\":\"eLearning Authoring Tool\",\"publisher\":{\"@id\":\"https:\/\/livresq.com\/en\/#organization\"},\"potentialAction\":[{\"@type\":\"SearchAction\",\"target\":{\"@type\":\"EntryPoint\",\"urlTemplate\":\"https:\/\/livresq.com\/en\/?s={search_term_string}\"},\"query-input\":{\"@type\":\"PropertyValueSpecification\",\"valueRequired\":true,\"valueName\":\"search_term_string\"}}],\"inLanguage\":\"hu\"},{\"@type\":\"Organization\",\"@id\":\"https:\/\/livresq.com\/en\/#organization\",\"name\":\"LIVRESQ - Authoring Tool\",\"url\":\"https:\/\/livresq.com\/en\/\",\"logo\":{\"@type\":\"ImageObject\",\"inLanguage\":\"hu\",\"@id\":\"https:\/\/livresq.com\/en\/#\/schema\/logo\/image\/\",\"url\":\"https:\/\/i0.wp.com\/livresq.com\/wp-content\/uploads\/2019\/07\/cropped-Logo.png?fit=1054%2C575&ssl=1\",\"contentUrl\":\"https:\/\/i0.wp.com\/livresq.com\/wp-content\/uploads\/2019\/07\/cropped-Logo.png?fit=1054%2C575&ssl=1\",\"width\":1054,\"height\":575,\"caption\":\"LIVRESQ - Authoring Tool\"},\"image\":{\"@id\":\"https:\/\/livresq.com\/en\/#\/schema\/logo\/image\/\"}}]}<\/script>\n<!-- \/ Yoast SEO plugin. -->","yoast_head_json":{"title":"PNRR - LIVRESQ Digit\u00e1lis m\u00e9dia laborat\u00f3rium - LIVRESQ","robots":{"index":"index","follow":"follow","max-snippet":"max-snippet:-1","max-image-preview":"max-image-preview:large","max-video-preview":"max-video-preview:-1"},"canonical":"https:\/\/livresq.com\/hu\/pnrr-booksq-digitalis-media-labor\/","og_locale":"hu_HU","og_type":"article","og_title":"PNRR - LIVRESQ Digital Media Lab - LIVRESQ","og_description":"Finan\u021barea bibliotecilor pentru a deveni hub-uri de dezvoltare a competen\u021belor digitale LIVRESQ Digital Media Lab &#8211; component\u0103 fundamental\u0103 \u00een hub-uri de dezvoltare a competen\u021belor digitale LIVRESQ Digital Media Lab poate fi inclus \u00een proiectul privind INVESTI\u021aIA I17 \u201cFinan\u021barea bibliotecilor pentru a deveni hub-uri de dezvoltare a competen\u021belor digitale\u201d. Oferta este \u00een concordan\u021b\u0103 deplin\u0103 cu Ghidul [&hellip;]","og_url":"https:\/\/livresq.com\/hu\/pnrr-booksq-digitalis-media-labor\/","og_site_name":"LIVRESQ","article_modified_time":"2023-02-17T08:43:31+00:00","og_image":[{"width":600,"height":314,"url":"https:\/\/i0.wp.com\/livresq.com\/wp-content\/uploads\/2023\/02\/e299e715-7761-4a4e-ad36-ebcc4dee70c8.png?fit=600%2C314&ssl=1","type":"image\/png"}],"twitter_card":"summary_large_image","twitter_misc":{"Becs\u00fclt olvas\u00e1si id\u0151":"3 perc"},"schema":{"@context":"https:\/\/schema.org","@graph":[{"@type":"WebPage","@id":"https:\/\/livresq.com\/pnrr-livresq-digital-media-lab\/","url":"https:\/\/livresq.com\/pnrr-livresq-digital-media-lab\/","name":"PNRR - LIVRESQ Digit\u00e1lis m\u00e9dia laborat\u00f3rium - LIVRESQ","isPartOf":{"@id":"https:\/\/livresq.com\/en\/#website"},"primaryImageOfPage":{"@id":"https:\/\/livresq.com\/pnrr-livresq-digital-media-lab\/#primaryimage"},"image":{"@id":"https:\/\/livresq.com\/pnrr-livresq-digital-media-lab\/#primaryimage"},"thumbnailUrl":"https:\/\/i0.wp.com\/livresq.com\/wp-content\/uploads\/2023\/02\/e299e715-7761-4a4e-ad36-ebcc4dee70c8.png?fit=600%2C314&ssl=1","datePublished":"2023-02-16T14:26:10+00:00","dateModified":"2023-02-17T08:43:31+00:00","breadcrumb":{"@id":"https:\/\/livresq.com\/pnrr-livresq-digital-media-lab\/#breadcrumb"},"inLanguage":"hu","potentialAction":[{"@type":"ReadAction","target":["https:\/\/livresq.com\/pnrr-livresq-digital-media-lab\/"]}]},{"@type":"ImageObject","inLanguage":"hu","@id":"https:\/\/livresq.com\/pnrr-livresq-digital-media-lab\/#primaryimage","url":"https:\/\/i0.wp.com\/livresq.com\/wp-content\/uploads\/2023\/02\/e299e715-7761-4a4e-ad36-ebcc4dee70c8.png?fit=600%2C314&ssl=1","contentUrl":"https:\/\/i0.wp.com\/livresq.com\/wp-content\/uploads\/2023\/02\/e299e715-7761-4a4e-ad36-ebcc4dee70c8.png?fit=600%2C314&ssl=1","width":600,"height":314},{"@type":"BreadcrumbList","@id":"https:\/\/livresq.com\/pnrr-livresq-digital-media-lab\/#breadcrumb","itemListElement":[{"@type":"ListItem","position":1,"name":"Prima pagin\u0103","item":"https:\/\/livresq.com\/"},{"@type":"ListItem","position":2,"name":"PNRR &#8211; LIVRESQ Digital Media Lab"}]},{"@type":"WebSite","@id":"https:\/\/livresq.com\/en\/#website","url":"https:\/\/livresq.com\/en\/","name":"LIVRESQ","description":"eLearning szerz\u0151i eszk\u00f6z","publisher":{"@id":"https:\/\/livresq.com\/en\/#organization"},"potentialAction":[{"@type":"SearchAction","target":{"@type":"EntryPoint","urlTemplate":"https:\/\/livresq.com\/en\/?s={search_term_string}"},"query-input":{"@type":"PropertyValueSpecification","valueRequired":true,"valueName":"search_term_string"}}],"inLanguage":"hu"},{"@type":"Organization","@id":"https:\/\/livresq.com\/en\/#organization","name":"LIVRESQ - Szerz\u0151i eszk\u00f6z","url":"https:\/\/livresq.com\/en\/","logo":{"@type":"ImageObject","inLanguage":"hu","@id":"https:\/\/livresq.com\/en\/#\/schema\/logo\/image\/","url":"https:\/\/i0.wp.com\/livresq.com\/wp-content\/uploads\/2019\/07\/cropped-Logo.png?fit=1054%2C575&ssl=1","contentUrl":"https:\/\/i0.wp.com\/livresq.com\/wp-content\/uploads\/2019\/07\/cropped-Logo.png?fit=1054%2C575&ssl=1","width":1054,"height":575,"caption":"LIVRESQ - Authoring Tool"},"image":{"@id":"https:\/\/livresq.com\/en\/#\/schema\/logo\/image\/"}}]}},"_links":{"self":[{"href":"https:\/\/livresq.com\/hu\/wp-json\/wp\/v2\/pages\/280860","targetHints":{"allow":["GET"]}}],"collection":[{"href":"https:\/\/livresq.com\/hu\/wp-json\/wp\/v2\/pages"}],"about":[{"href":"https:\/\/livresq.com\/hu\/wp-json\/wp\/v2\/types\/page"}],"author":[{"embeddable":true,"href":"https:\/\/livresq.com\/hu\/wp-json\/wp\/v2\/users\/36627"}],"replies":[{"embeddable":true,"href":"https:\/\/livresq.com\/hu\/wp-json\/wp\/v2\/comments?post=280860"}],"version-history":[{"count":6,"href":"https:\/\/livresq.com\/hu\/wp-json\/wp\/v2\/pages\/280860\/revisions"}],"predecessor-version":[{"id":280964,"href":"https:\/\/livresq.com\/hu\/wp-json\/wp\/v2\/pages\/280860\/revisions\/280964"}],"wp:featuredmedia":[{"embeddable":true,"href":"https:\/\/livresq.com\/hu\/wp-json\/wp\/v2\/media\/280953"}],"wp:attachment":[{"href":"https:\/\/livresq.com\/hu\/wp-json\/wp\/v2\/media?parent=280860"}],"curies":[{"name":"wp","href":"https:\/\/api.w.org\/{rel}","templated":true}]}}