



{"id":73,"date":"2019-07-23T09:51:36","date_gmt":"2019-07-23T06:51:36","guid":{"rendered":"https:\/\/livresq.com\/?page_id=73"},"modified":"2020-01-17T16:51:13","modified_gmt":"2020-01-17T14:51:13","slug":"gdpr","status":"publish","type":"page","link":"https:\/\/livresq.com\/hu\/gdpr\/","title":{"rendered":"GDPR"},"content":{"rendered":"<div data-elementor-type=\"wp-page\" data-elementor-id=\"73\" class=\"elementor elementor-73\" data-elementor-post-type=\"page\">\n\t\t\t\t\t\t<section class=\"elementor-section elementor-top-section elementor-element elementor-element-2b45bde elementor-section-boxed elementor-section-height-default elementor-section-height-default\" data-id=\"2b45bde\" data-element_type=\"section\">\n\t\t\t\t\t\t<div class=\"elementor-container elementor-column-gap-default\">\n\t\t\t\t\t<div class=\"elementor-column elementor-col-100 elementor-top-column elementor-element elementor-element-018260a\" data-id=\"018260a\" data-element_type=\"column\">\n\t\t\t<div class=\"elementor-widget-wrap elementor-element-populated\">\n\t\t\t\t\t\t<div class=\"elementor-element elementor-element-b484d93 elementor-widget elementor-widget-heading\" data-id=\"b484d93\" data-element_type=\"widget\" data-widget_type=\"heading.default\">\n\t\t\t\t<div class=\"elementor-widget-container\">\n\t\t\t\t\t<h3 class=\"elementor-heading-title elementor-size-default\"><b>Szem\u00e9lyes adatok v\u00e9delme \u00e9s adatv\u00e9delmi politika (GDPR)<\/b><\/h3>\t\t\t\t<\/div>\n\t\t\t\t<\/div>\n\t\t\t\t<div class=\"elementor-element elementor-element-a2b1182 elementor-widget elementor-widget-text-editor\" data-id=\"a2b1182\" data-element_type=\"widget\" data-widget_type=\"text-editor.default\">\n\t\t\t\t<div class=\"elementor-widget-container\">\n\t\t\t\t\t\t\t\t\t<header class=\"entry-header\"><p class=\"entry-title\">\u00a0<\/p><\/header><div class=\"entry-content\"><h2 style=\"margin-top: 64px; text-transform: uppercase; color: #000000; font-family: Roboto, sans-serif;\">MIK A SZEM\u00c9LYES ADATOK?<\/h2><p style=\"font-size: medium;\">Szem\u00e9lyes adatnak min\u0151s\u00fcl minden olyan inform\u00e1ci\u00f3, amely azonos\u00edtott vagy azonos\u00edthat\u00f3 term\u00e9szetes szem\u00e9lyre vonatkozik. Azok a k\u00fcl\u00f6nb\u00f6z\u0151 inform\u00e1ci\u00f3k, amelyek egy\u00fcttesen egy adott szem\u00e9ly azonos\u00edt\u00e1s\u00e1hoz vezethetnek, szint\u00e9n szem\u00e9lyes adatok. Az anonimiz\u00e1lt, titkos\u00edtott vagy \u00e1lneves\u00edtett, de egy szem\u00e9ly azonos\u00edt\u00e1s\u00e1ra felhaszn\u00e1lhat\u00f3 szem\u00e9lyes adatok tov\u00e1bbra is szem\u00e9lyes adatok maradnak, \u00e9s a GDPR hat\u00e1lya al\u00e1 tartoznak. Azok a szem\u00e9lyes adatok, amelyeket oly m\u00f3don anonimiz\u00e1ltak, hogy a term\u00e9szetes szem\u00e9ly nem vagy m\u00e1r nem azonos\u00edthat\u00f3, m\u00e1r nem min\u0151s\u00fclnek szem\u00e9lyes adatnak. Ahhoz, hogy az adatok val\u00f3ban anonimiz\u00e1ltak legyenek, az anonimiz\u00e1l\u00e1snak visszaford\u00edthatatlannak kell lennie.<\/p><p style=\"font-size: medium;\">A GDPR az adatok feldolgoz\u00e1s\u00e1hoz haszn\u00e1lt technol\u00f3gi\u00e1t\u00f3l f\u00fcggetlen\u00fcl v\u00e9di a szem\u00e9lyes adatokat - \"technol\u00f3giailag semleges\", \u00e9s mind az automatikus, mind a manu\u00e1lis feldolgoz\u00e1sra vonatkozik, felt\u00e9ve, hogy az adatokat el\u0151re meghat\u00e1rozott krit\u00e9riumok szerint (p\u00e9ld\u00e1ul \u00e1b\u00e9c\u00e9rendben) rendezik. Az sem mindegy, hogy az adatokat hogyan t\u00e1rolj\u00e1k - IKT-rendszerben, videokamer\u00e1s megfigyel\u00e9ssel vagy pap\u00edron; a szem\u00e9lyes adatokra minden ilyen esetben vonatkoznak a GDPR-ban megfogalmazott v\u00e9delmi k\u00f6vetelm\u00e9nyek.<\/p><h2 style=\"margin-top: 64px; text-transform: uppercase; color: #000000; font-family: Roboto, sans-serif;\">MILYEN SZEM\u00c9LYES ADATOKAT GY\u0170JT\u00dcNK \u00d6NR\u0150L?<\/h2><p style=\"font-size: medium;\">A k\u00f6vetkez\u0151 inform\u00e1ci\u00f3kat \u00e9s szem\u00e9lyes adatokat gy\u0171jtj\u00fck \u00d6nr\u0151l, amikor megl\u00e1togatja weboldalainkat vagy kapcsolatba l\u00e9p vel\u00fcnk:<\/p><p style=\"font-size: medium;\"><span style=\"font-weight: bold;\">Az \u00d6n \u00e1ltal megadott szem\u00e9lyes adatok<\/span>. Ezek a k\u00f6vetkez\u0151k:<\/p><ul style=\"font-size: medium;\"><li>e-mail c\u00edm, a felhaszn\u00e1l\u00f3i fi\u00f3k l\u00e9trehoz\u00e1sakor;<\/li><li>az \u00d6n neve, e-mail c\u00edme, telefonsz\u00e1ma, amelyet az online regisztr\u00e1ci\u00f3 vagy az e-mailben t\u00f6rt\u00e9n\u0151 regisztr\u00e1ci\u00f3 sor\u00e1n gy\u0171jt\u00f6ttek be, az \u00d6n k\u00e9r\u00e9sei \u00e9s panaszai, \u00fczenetek vagy visszajelz\u00e9sek k\u00fcld\u00e9se, felm\u00e9r\u00e9sekben val\u00f3 r\u00e9szv\u00e9tel sor\u00e1n, amennyiben \u00d6n ezeket \u00f6nk\u00e9ntesen megadja;<\/li><li>e-mail c\u00edm\u00e9t, amikor feliratkozik h\u00edrlevel\u00fcnkre;<\/li><li>az \u00d6n neve \u00e9s sz\u00e1ml\u00e1z\u00e1si c\u00edme, amikor a platformon v\u00e1s\u00e1rol;<\/li><li>az \u00d6n neve, e-mail c\u00edme, telefonsz\u00e1ma, amikor aj\u00e1nlatainkban \u00e9s prom\u00f3ci\u00f3inkban vesz r\u00e9szt.<\/li><\/ul><h2 style=\"margin-top: 64px; text-transform: uppercase; color: #000000; font-family: Roboto, sans-serif;\">MILYEN SZEM\u00c9LYES ADATOKAT GY\u0170JTENEK \u00d6NR\u0150L HARMADIK FELEK AZ LIVRESQ HASZN\u00c1LATA SOR\u00c1N?<\/h2><p style=\"font-size: medium;\"><span style=\"font-weight: bold;\">Fizet\u00e9si inform\u00e1ci\u00f3k<\/span>\u00a0- az \u00d6n fizet\u00e9si sz\u00e1mlaadatait, hitel- \u00e9s bet\u00e9ti k\u00e1rtyasz\u00e1m\u00e1t, lej\u00e1rati d\u00e1tum\u00e1t, e-mail c\u00edm\u00e9t, a k\u00e1rty\u00e1n szerepl\u0151 nevet k\u00f6zvetlen\u00fcl az \u00d6n \u00e1ltal j\u00f3v\u00e1hagyott \u00f6sszegek online \u00e1tutal\u00e1s\u00e1t biztos\u00edt\u00f3 v\u00e1llalat gy\u0171jti \u00f6ssze. A vonatkoz\u00f3 adatokat nem tov\u00e1bb\u00edtj\u00e1k az Ascendia r\u00e9sz\u00e9re, \u00e9s azokra az adott szolg\u00e1ltat\u00f3ra vonatkoz\u00f3 adatv\u00e9delmi szab\u00e1lyok vonatkoznak.<\/p><p style=\"font-size: medium;\"><span style=\"font-weight: bold;\">Automatikusan gy\u0171jt\u00f6tt inform\u00e1ci\u00f3k\u00a0<\/span>- az \u00d6n sz\u00e1m\u00edt\u00f3g\u00e9p\u00e9re, IP-c\u00edm\u00e9re \u00e9s b\u00f6ng\u00e9sz\u0151j\u00e9re vonatkoz\u00f3 inform\u00e1ci\u00f3kat, a felhaszn\u00e1l\u00f3i inform\u00e1ci\u00f3kat a Google Analytics gy\u0171jti, \u00e9s saj\u00e1t GDPR-ir\u00e1nyelvei szerint kezeli. Az Ascendia nem f\u00e9r hozz\u00e1 az \u00edgy gy\u0171jt\u00f6tt szem\u00e9lyes adatokhoz, az egyetlen hozz\u00e1f\u00e9rhet\u0151 inform\u00e1ci\u00f3 statisztikai jelleg\u0171. A Livresq weboldal\u00e1n az Ascendia saj\u00e1t s\u00fctiket nem haszn\u00e1l.<\/p><h2 style=\"margin-top: 64px; text-transform: uppercase; color: #000000; font-family: Roboto, sans-serif;\">MI\u00c9RT GY\u0170JTJ\u00dcK AZ \u00d6N SZEM\u00c9LYES ADATAIT?<\/h2><p style=\"font-size: medium;\">Szem\u00e9lyes adatait az al\u00e1bbi c\u00e9lokra \u00e9s a t\u00f6rv\u00e9nyes keretek k\u00f6z\u00f6tt gy\u0171jtj\u00fck \u00e9s haszn\u00e1ljuk fel:<\/p><ul style=\"font-size: medium;\"><li>Term\u00e9keink el\u00e9r\u00e9s\u00e9hez (bejelentkez\u00e9shez);<\/li><li>H\u00edrlevelek, k\u00e9rd\u0151\u00edvek, az Ascendia \u00e1ltal szervezett esem\u00e9nyekkel kapcsolatos inform\u00e1ci\u00f3k k\u00fcld\u00e9s\u00e9re, amennyiben \u00d6n ehhez hozz\u00e1j\u00e1rult;<\/li><li>Az \u00d6n k\u00e9r\u00e9seinek, \u00e9szrev\u00e9teleinek vagy panaszainak megv\u00e1laszol\u00e1sa;<\/li><li>A hat\u00e1lyos jogszab\u00e1lyoknak megfelel\u0151en a beszerz\u00e9sekr\u0151l sz\u00f3l\u00f3 sz\u00e1ml\u00e1k elk\u00e9sz\u00edt\u00e9se \u00e9rdek\u00e9ben.<\/li><\/ul><h2 style=\"margin-top: 64px; text-transform: uppercase; color: #000000; font-family: Roboto, sans-serif;\">MENNYI IDEIG \u0150RIZZ\u00dcK MEG AZ \u00d6N SZEM\u00c9LYES ADATAIT?<\/h2><p style=\"font-size: medium;\">Szem\u00e9lyes adatait csak addig \u0151rizz\u00fck meg, am\u00edg az sz\u00fcks\u00e9ges ahhoz, hogy teljes\u00edts\u00fck azt a c\u00e9lt, ami\u00e9rt azokat megadtuk vagy gy\u0171jt\u00f6tt\u00fck (p\u00e9ld\u00e1ul a k\u00e9rd\u00e9sek megv\u00e1laszol\u00e1s\u00e1hoz vagy a probl\u00e9m\u00e1k megold\u00e1s\u00e1hoz sz\u00fcks\u00e9ges ideig).<\/p><p style=\"font-size: medium;\">A bejelentkez\u00e9si adatok t\u00f6rl\u0151dnek, amikor fi\u00f3kj\u00e1t t\u00f6rli. Az Ascendia levelez\u00e9s\u00e9nek fogad\u00e1s\u00e1ra vonatkoz\u00f3 adatok az \u00d6n k\u00e9r\u00e9s\u00e9re b\u00e1rmikor t\u00f6rl\u00e9sre ker\u00fclnek. A p\u00e9nz\u00fcgyi tranzakci\u00f3kkal kapcsolatos adatokat a jogszab\u00e1lyi el\u0151\u00edr\u00e1sok \u00e1ltal el\u0151\u00edrt ideig t\u00e1roljuk.<\/p><h2 style=\"margin-top: 64px; text-transform: uppercase; color: #000000; font-family: Roboto, sans-serif;\">AZ \u00d6N BELEEGYEZ\u00c9SE<\/h2><p style=\"font-size: medium;\">A szem\u00e9lyes adatok felhaszn\u00e1l\u00e1s\u00e1hoz val\u00f3 hozz\u00e1j\u00e1rul\u00e1sa a felhaszn\u00e1l\u00f3i fi\u00f3k l\u00e9trehoz\u00e1sakor t\u00f6rt\u00e9nik a GDPR megfelel\u0151 n\u00e9gyzet\u00e9nek bejel\u00f6l\u00e9s\u00e9vel a fi\u00f3k l\u00e9trehoz\u00e1s\u00e1ra szolg\u00e1l\u00f3 oldalon. A hozz\u00e1j\u00e1rul\u00e1s nem hallgat\u00f3lagos, \u00e9s a fi\u00f3k l\u00e9trehoz\u00e1s\u00e1nak felt\u00e9tele. Hozz\u00e1j\u00e1rul\u00e1s\u00e1t b\u00e1rmikor visszavonhatja, ha fi\u00f3kja t\u00f6rl\u00e9s\u00e9t k\u00e9ri.<\/p><h2 style=\"margin-top: 64px; text-transform: uppercase; color: #000000; font-family: Roboto, sans-serif;\">A SZEM\u00c9LYES ADATOK BIZTONS\u00c1GA<\/h2><p style=\"font-size: medium;\">A szem\u00e9lyes adatokat v\u00e9dj\u00fck a fenyeget\u00e9sekkel szemben, \u00e9s gondoskodunk arr\u00f3l, hogy azokat egy informatikai infrastrukt\u00fara \u00e9s megfelel\u0151 biztons\u00e1gi int\u00e9zked\u00e9sek v\u00e9dj\u00e9k. Ezen t\u00falmen\u0151en olyan bels\u0151 int\u00e9zked\u00e9seket vezett\u00fcnk be, amelyek lehet\u0151v\u00e9 teszik sz\u00e1munkra, hogy a lehet\u0151 leghamarabb felfedezz\u00fck, \u00e9rtes\u00edts\u00fck \u00e9s dokument\u00e1ljuk a biztons\u00e1g megs\u00e9rt\u00e9s\u00e9t.<\/p><p style=\"font-size: medium;\">Ha olyan szem\u00e9lyes adatok megs\u00e9rt\u00e9s\u00e9t fedezz\u00fck fel, amely kock\u00e1zatot jelent az \u00d6n jogaira \u00e9s szabads\u00e1gaira n\u00e9zve, t\u00e1j\u00e9koztatjuk a szem\u00e9lyes adatok feldolgoz\u00e1s\u00e1val foglalkoz\u00f3 nemzeti fel\u00fcgyeleti hat\u00f3s\u00e1got. T\u00e1j\u00e9koztatjuk \u00d6nt a szem\u00e9lyes adatainak megs\u00e9rt\u00e9s\u00e9r\u0151l, ha az az \u00d6n jogaira \u00e9s szabads\u00e1gaira n\u00e9zve magas kock\u00e1zattal j\u00e1r.<\/p><h2 style=\"margin-top: 64px; text-transform: uppercase; color: #000000; font-family: Roboto, sans-serif;\">KAPCSOLAT<\/h2><p style=\"font-size: medium;\">K\u00f6sz\u00f6nj\u00fck, hogy szem\u00e9lyes adataiba vetett bizalm\u00e1t, \u00e9s hogy id\u0151t sz\u00e1n szem\u00e9lyes adatainak feldolgoz\u00e1s\u00e1ra vonatkoz\u00f3 \u00e9rtes\u00edt\u00e9s\u00fcnk elolvas\u00e1s\u00e1ra. Ha tov\u00e1bbi inform\u00e1ci\u00f3kra van sz\u00fcks\u00e9ge, \u00e9s azokat nem tal\u00e1lja a fentiekben, akkor vegye fel vel\u00fcnk a kapcsolatot az e-mail c\u00edmen: <a href=\"mailto:contact@livresq.com\">contact@livresq.com<\/a>.<\/p><\/div>\t\t\t\t\t\t\t\t<\/div>\n\t\t\t\t<\/div>\n\t\t\t\t\t<\/div>\n\t\t<\/div>\n\t\t\t\t\t<\/div>\n\t\t<\/section>\n\t\t\t\t<\/div>","protected":false},"excerpt":{"rendered":"<p>Personal Data Protection and Privacy Policy (GDPR) \u00a0 WHAT ARE PERSONAL DATA? Personal data are any information, which refers to an identified or identifiable natural person. The different information that, together, can lead to the identification of a certain person is also personal data. Personal data that has been anonymized, encrypted or pseudonymized but can [&hellip;]<\/p>\n","protected":false},"author":2,"featured_media":0,"parent":0,"menu_order":0,"comment_status":"closed","ping_status":"closed","template":"","meta":{"footnotes":""},"class_list":["post-73","page","type-page","status-publish","hentry"],"yoast_head":"<!-- This site is optimized with the Yoast SEO plugin v27.2 - https:\/\/yoast.com\/product\/yoast-seo-wordpress\/ -->\n<title>GDPR - LIVRESQ<\/title>\n<meta name=\"robots\" content=\"index, follow, max-snippet:-1, max-image-preview:large, max-video-preview:-1\" \/>\n<link rel=\"canonical\" href=\"https:\/\/livresq.com\/hu\/gdpr\/\" \/>\n<meta property=\"og:locale\" content=\"hu_HU\" \/>\n<meta property=\"og:type\" content=\"article\" \/>\n<meta property=\"og:title\" content=\"GDPR - LIVRESQ\" \/>\n<meta property=\"og:description\" content=\"Personal Data Protection and Privacy Policy (GDPR) \u00a0 WHAT ARE PERSONAL DATA? Personal data are any information, which refers to an identified or identifiable natural person. The different information that, together, can lead to the identification of a certain person is also personal data. Personal data that has been anonymized, encrypted or pseudonymized but can [&hellip;]\" \/>\n<meta property=\"og:url\" content=\"https:\/\/livresq.com\/hu\/gdpr\/\" \/>\n<meta property=\"og:site_name\" content=\"LIVRESQ\" \/>\n<meta property=\"article:modified_time\" content=\"2020-01-17T14:51:13+00:00\" \/>\n<meta name=\"twitter:card\" content=\"summary_large_image\" \/>\n<meta name=\"twitter:label1\" content=\"Becs\u00fclt olvas\u00e1si id\u0151\" \/>\n\t<meta name=\"twitter:data1\" content=\"4 perc\" \/>\n<script type=\"application\/ld+json\" class=\"yoast-schema-graph\">{\"@context\":\"https:\/\/schema.org\",\"@graph\":[{\"@type\":\"WebPage\",\"@id\":\"https:\/\/livresq.com\/gdpr\/\",\"url\":\"https:\/\/livresq.com\/gdpr\/\",\"name\":\"GDPR - LIVRESQ\",\"isPartOf\":{\"@id\":\"https:\/\/livresq.com\/en\/#website\"},\"datePublished\":\"2019-07-23T06:51:36+00:00\",\"dateModified\":\"2020-01-17T14:51:13+00:00\",\"breadcrumb\":{\"@id\":\"https:\/\/livresq.com\/gdpr\/#breadcrumb\"},\"inLanguage\":\"hu\",\"potentialAction\":[{\"@type\":\"ReadAction\",\"target\":[\"https:\/\/livresq.com\/gdpr\/\"]}]},{\"@type\":\"BreadcrumbList\",\"@id\":\"https:\/\/livresq.com\/gdpr\/#breadcrumb\",\"itemListElement\":[{\"@type\":\"ListItem\",\"position\":1,\"name\":\"Prima pagin\u0103\",\"item\":\"https:\/\/livresq.com\/\"},{\"@type\":\"ListItem\",\"position\":2,\"name\":\"GDPR\"}]},{\"@type\":\"WebSite\",\"@id\":\"https:\/\/livresq.com\/en\/#website\",\"url\":\"https:\/\/livresq.com\/en\/\",\"name\":\"LIVRESQ\",\"description\":\"eLearning Authoring Tool\",\"publisher\":{\"@id\":\"https:\/\/livresq.com\/en\/#organization\"},\"potentialAction\":[{\"@type\":\"SearchAction\",\"target\":{\"@type\":\"EntryPoint\",\"urlTemplate\":\"https:\/\/livresq.com\/en\/?s={search_term_string}\"},\"query-input\":{\"@type\":\"PropertyValueSpecification\",\"valueRequired\":true,\"valueName\":\"search_term_string\"}}],\"inLanguage\":\"hu\"},{\"@type\":\"Organization\",\"@id\":\"https:\/\/livresq.com\/en\/#organization\",\"name\":\"LIVRESQ - Authoring Tool\",\"url\":\"https:\/\/livresq.com\/en\/\",\"logo\":{\"@type\":\"ImageObject\",\"inLanguage\":\"hu\",\"@id\":\"https:\/\/livresq.com\/en\/#\/schema\/logo\/image\/\",\"url\":\"https:\/\/i0.wp.com\/livresq.com\/wp-content\/uploads\/2019\/07\/cropped-Logo.png?fit=1054%2C575&ssl=1\",\"contentUrl\":\"https:\/\/i0.wp.com\/livresq.com\/wp-content\/uploads\/2019\/07\/cropped-Logo.png?fit=1054%2C575&ssl=1\",\"width\":1054,\"height\":575,\"caption\":\"LIVRESQ - Authoring Tool\"},\"image\":{\"@id\":\"https:\/\/livresq.com\/en\/#\/schema\/logo\/image\/\"}}]}<\/script>\n<!-- \/ Yoast SEO plugin. -->","yoast_head_json":{"title":"GDPR - LIVRESQ","robots":{"index":"index","follow":"follow","max-snippet":"max-snippet:-1","max-image-preview":"max-image-preview:large","max-video-preview":"max-video-preview:-1"},"canonical":"https:\/\/livresq.com\/hu\/gdpr\/","og_locale":"hu_HU","og_type":"article","og_title":"GDPR - LIVRESQ","og_description":"Personal Data Protection and Privacy Policy (GDPR) \u00a0 WHAT ARE PERSONAL DATA? Personal data are any information, which refers to an identified or identifiable natural person. The different information that, together, can lead to the identification of a certain person is also personal data. Personal data that has been anonymized, encrypted or pseudonymized but can [&hellip;]","og_url":"https:\/\/livresq.com\/hu\/gdpr\/","og_site_name":"LIVRESQ","article_modified_time":"2020-01-17T14:51:13+00:00","twitter_card":"summary_large_image","twitter_misc":{"Becs\u00fclt olvas\u00e1si id\u0151":"4 perc"},"schema":{"@context":"https:\/\/schema.org","@graph":[{"@type":"WebPage","@id":"https:\/\/livresq.com\/gdpr\/","url":"https:\/\/livresq.com\/gdpr\/","name":"GDPR - LIVRESQ","isPartOf":{"@id":"https:\/\/livresq.com\/en\/#website"},"datePublished":"2019-07-23T06:51:36+00:00","dateModified":"2020-01-17T14:51:13+00:00","breadcrumb":{"@id":"https:\/\/livresq.com\/gdpr\/#breadcrumb"},"inLanguage":"hu","potentialAction":[{"@type":"ReadAction","target":["https:\/\/livresq.com\/gdpr\/"]}]},{"@type":"BreadcrumbList","@id":"https:\/\/livresq.com\/gdpr\/#breadcrumb","itemListElement":[{"@type":"ListItem","position":1,"name":"Prima pagin\u0103","item":"https:\/\/livresq.com\/"},{"@type":"ListItem","position":2,"name":"GDPR"}]},{"@type":"WebSite","@id":"https:\/\/livresq.com\/en\/#website","url":"https:\/\/livresq.com\/en\/","name":"LIVRESQ","description":"eLearning szerz\u0151i eszk\u00f6z","publisher":{"@id":"https:\/\/livresq.com\/en\/#organization"},"potentialAction":[{"@type":"SearchAction","target":{"@type":"EntryPoint","urlTemplate":"https:\/\/livresq.com\/en\/?s={search_term_string}"},"query-input":{"@type":"PropertyValueSpecification","valueRequired":true,"valueName":"search_term_string"}}],"inLanguage":"hu"},{"@type":"Organization","@id":"https:\/\/livresq.com\/en\/#organization","name":"LIVRESQ - Szerz\u0151i eszk\u00f6z","url":"https:\/\/livresq.com\/en\/","logo":{"@type":"ImageObject","inLanguage":"hu","@id":"https:\/\/livresq.com\/en\/#\/schema\/logo\/image\/","url":"https:\/\/i0.wp.com\/livresq.com\/wp-content\/uploads\/2019\/07\/cropped-Logo.png?fit=1054%2C575&ssl=1","contentUrl":"https:\/\/i0.wp.com\/livresq.com\/wp-content\/uploads\/2019\/07\/cropped-Logo.png?fit=1054%2C575&ssl=1","width":1054,"height":575,"caption":"LIVRESQ - Authoring Tool"},"image":{"@id":"https:\/\/livresq.com\/en\/#\/schema\/logo\/image\/"}}]}},"_links":{"self":[{"href":"https:\/\/livresq.com\/hu\/wp-json\/wp\/v2\/pages\/73","targetHints":{"allow":["GET"]}}],"collection":[{"href":"https:\/\/livresq.com\/hu\/wp-json\/wp\/v2\/pages"}],"about":[{"href":"https:\/\/livresq.com\/hu\/wp-json\/wp\/v2\/types\/page"}],"author":[{"embeddable":true,"href":"https:\/\/livresq.com\/hu\/wp-json\/wp\/v2\/users\/2"}],"replies":[{"embeddable":true,"href":"https:\/\/livresq.com\/hu\/wp-json\/wp\/v2\/comments?post=73"}],"version-history":[{"count":0,"href":"https:\/\/livresq.com\/hu\/wp-json\/wp\/v2\/pages\/73\/revisions"}],"wp:attachment":[{"href":"https:\/\/livresq.com\/hu\/wp-json\/wp\/v2\/media?parent=73"}],"curies":[{"name":"wp","href":"https:\/\/api.w.org\/{rel}","templated":true}]}}