



{"id":280847,"date":"2023-02-16T15:36:19","date_gmt":"2023-02-16T13:36:19","guid":{"rendered":"https:\/\/livresq.com\/?page_id=280847"},"modified":"2023-02-17T10:42:11","modified_gmt":"2023-02-17T08:42:11","slug":"pnrr-booksq-lab","status":"publish","type":"page","link":"https:\/\/livresq.com\/pl\/pnrr-livresq-lab\/","title":{"rendered":"KPR - Wyposa\u017cenie szk\u00f3\u0142 ponadgimnazjalnych w inteligentne laboratoria"},"content":{"rendered":"<div data-elementor-type=\"wp-page\" data-elementor-id=\"280847\" class=\"elementor elementor-280847\" data-elementor-post-type=\"page\">\n\t\t\t\t\t\t<section class=\"elementor-section elementor-top-section elementor-element elementor-element-ec40d0f elementor-section-boxed elementor-section-height-default elementor-section-height-default\" data-id=\"ec40d0f\" data-element_type=\"section\">\n\t\t\t\t\t\t<div class=\"elementor-container elementor-column-gap-default\">\n\t\t\t\t\t<div class=\"elementor-column elementor-col-100 elementor-top-column elementor-element elementor-element-ae17758\" data-id=\"ae17758\" data-element_type=\"column\">\n\t\t\t<div class=\"elementor-widget-wrap elementor-element-populated\">\n\t\t\t\t\t\t<div class=\"elementor-element elementor-element-7561e33 elementor-widget elementor-widget-spacer\" data-id=\"7561e33\" data-element_type=\"widget\" data-widget_type=\"spacer.default\">\n\t\t\t\t<div class=\"elementor-widget-container\">\n\t\t\t\t\t\t\t<div class=\"elementor-spacer\">\n\t\t\t<div class=\"elementor-spacer-inner\"><\/div>\n\t\t<\/div>\n\t\t\t\t\t\t<\/div>\n\t\t\t\t<\/div>\n\t\t\t\t<div class=\"elementor-element elementor-element-4a04b12 elementor-widget elementor-widget-heading\" data-id=\"4a04b12\" data-element_type=\"widget\" data-settings=\"{&quot;_animation&quot;:&quot;none&quot;}\" data-widget_type=\"heading.default\">\n\t\t\t\t<div class=\"elementor-widget-container\">\n\t\t\t\t\t<h1 class=\"elementor-heading-title elementor-size-large\">Wyposa\u017cenie szk\u00f3\u0142 \u015brednich, pa\u0142ac\u00f3w i klub\u00f3w dzieci\u0119cych w inteligentne laboratoria<\/h1>\t\t\t\t<\/div>\n\t\t\t\t<\/div>\n\t\t\t\t<div class=\"elementor-element elementor-element-a0c7993 elementor-widget elementor-widget-heading\" data-id=\"a0c7993\" data-element_type=\"widget\" data-widget_type=\"heading.default\">\n\t\t\t\t<div class=\"elementor-widget-container\">\n\t\t\t\t\t<h2 class=\"elementor-heading-title elementor-size-default\">LIVRESQ LAB - podstawowy komponent inteligentnego laboratorium<\/h2>\t\t\t\t<\/div>\n\t\t\t\t<\/div>\n\t\t\t\t\t<\/div>\n\t\t<\/div>\n\t\t\t\t\t<\/div>\n\t\t<\/section>\n\t\t\t\t<section class=\"elementor-section elementor-top-section elementor-element elementor-element-2b10550 elementor-section-height-min-height elementor-section-boxed elementor-section-height-default elementor-section-items-middle\" data-id=\"2b10550\" data-element_type=\"section\">\n\t\t\t\t\t\t<div class=\"elementor-container elementor-column-gap-default\">\n\t\t\t\t\t<div class=\"elementor-column elementor-col-100 elementor-top-column elementor-element elementor-element-aa2d051\" data-id=\"aa2d051\" data-element_type=\"column\">\n\t\t\t<div class=\"elementor-widget-wrap elementor-element-populated\">\n\t\t\t\t\t\t<div class=\"elementor-element elementor-element-ffe47c1 elementor-widget elementor-widget-text-editor\" data-id=\"ffe47c1\" data-element_type=\"widget\" data-widget_type=\"text-editor.default\">\n\t\t\t\t<div class=\"elementor-widget-container\">\n\t\t\t\t\t\t\t\t\t<p><strong>LIVRESQ LAB<\/strong> jest podstawowym elementem inteligentnych laboratori\u00f3w w szko\u0142ach ponadgimnazjalnych mo\u017ce by\u0107 finansowany przez PNRR, w\u0142\u0105czony do projektu na temat <strong>\"Wyposa\u017cenie szk\u00f3\u0142 ponadgimnazjalnych, pa\u0142ac\u00f3w i klub\u00f3w dzieci\u0119cych w inteligentne laboratoria\".<\/strong><\/p><p>Pod wzgl\u0119dem kwalifikowalno\u015bci wydatk\u00f3w LIVRESQ LAB mie\u015bci si\u0119 w kategorii obowi\u0105zkowych dzia\u0142a\u0144 kwalifikowalnych w pkt 1.4.2 - zakup tre\u015bci edukacyjnych, kt\u00f3re obejm\u0105 obszary szkolnego programu nauczania oraz oprogramowania edukacyjnego\/licencji, kt\u00f3re zapewni\u0105 scentralizowan\u0105 dystrybucj\u0119 materia\u0142\u00f3w edukacyjnych na urz\u0105dzeniach w sieci lokalnej (s. 9). 9), p\u0142ynnie komunikuje si\u0119 z \"obowi\u0105zkow\u0105 wsp\u00f3ln\u0105 podstaw\u0105\", niezale\u017cnie od specyfikacji technicznych i wybranych dostawc\u00f3w, i mo\u017ce by\u0107 zintegrowany ze wsp\u00f3ln\u0105 podstaw\u0105 lub skategoryzowany jako \"platforma e-learningowa\", \"inne oprogramowanie i sprz\u0119t\"\/\"specjalistyczny sprz\u0119t edukacyjny\"\/\"specjalistyczny sprz\u0119t\" (s. 12).<\/p><p>Dzi\u0119ki swojej bibliotece LIVRESQ LAB zapewnia dost\u0119p do tre\u015bci edukacyjnych obejmuj\u0105cych szeroki zakres temat\u00f3w, przedmiot\u00f3w i program\u00f3w specyficznych dla szk\u00f3\u0142 \u015brednich, pa\u0142ac\u00f3w i klub\u00f3w dzieci\u0119cych. U\u017cytkownicy inteligentnego laboratorium, nauczyciele lub uczniowie, mog\u0105 uzyska\u0107 dost\u0119p do tre\u015bci bezpo\u015brednio z dowolnego istniej\u0105cego lub nowo zakupionego urz\u0105dzenia mobilnego, tabletu, laptopa lub komputera stacjonarnego pod\u0142\u0105czonego do Internetu.<\/p><p>LIVRESQ LAB to licencja na oprogramowanie edukacyjne, kt\u00f3ra zapewnia scentralizowan\u0105 dystrybucj\u0119, w sieci lokalnej, materia\u0142\u00f3w dydaktycznych na dowolnym urz\u0105dzeniu, zapewniaj\u0105c integracj\u0119 urz\u0105dze\u0144 sprz\u0119towych (tablice interaktywne, laptopy, komputery stacjonarne, tablety) w rozwi\u0105zaniu Smart LAB, kt\u00f3re dzia\u0142a w tym projekcie jako oprogramowanie wielozadaniowe:<\/p><ul><li>tre\u015bci edukacyjne obejmuj\u0105ce obszary szkolnego programu nauczania.<br \/>oprogramowanie\/licencja edukacyjna zapewniaj\u0105ca scentralizowan\u0105 dystrybucj\u0119 materia\u0142\u00f3w dydaktycznych w sieci lokalnej<\/li><li>cyfrowe narz\u0119dzie autorskie do tworzenia interaktywnych tre\u015bci cyfrowych (narz\u0119dzie autorskie) do realizacji materia\u0142\u00f3w cyfrowych\/kurs\u00f3w zgodnie z mi\u0119dzynarodowymi standardami SCORM (kompatybilno\u015b\u0107 z setkami platform, wstawianie element\u00f3w interaktywnych, obraz\u00f3w, film\u00f3w, generowanie g\u0142osu w j\u0119zyku rumu\u0144skim i wiele innych)<\/li><li>wspiera promocj\u0119 skutecznej, wysokiej jako\u015bci edukacji cyfrowej sprzyjaj\u0105cej w\u0142\u0105czeniu spo\u0142ecznemu w celu stworzenia wydajnego ekosystemu edukacji cyfrowej (obecnie dost\u0119pnych jest ponad 4800 materia\u0142\u00f3w cyfrowych na r\u00f3\u017cne tematy)<\/li><li>Dzi\u0119ki platformie Livresq LAB nauczyciele\/projektanci edukacyjni mog\u0105 w pe\u0142ni wykorzysta\u0107 mo\u017cliwo\u015bci, jakie oferuje, aby zmieni\u0107 spos\u00f3b, w jaki odbywa si\u0119 nauka, tak aby skuteczna edukacja by\u0142a dost\u0119pna dla wszystkich beneficjent\u00f3w, bezpiecznie, z dowolnego inteligentnego urz\u0105dzenia, w dowolnym miejscu.<\/li><li>cz\u0142onkowie szk\u00f3\u0142 ponadgimnazjalnych, pa\u0142ac\u00f3w i klub\u00f3w dzieci\u0119cych (nauczyciele i uczniowie) mog\u0105 rozwija\u0107 swoje kompetencje cyfrowe - tworzenie tre\u015bci edukacyjnych<\/li><li>Livresq LAB u\u0142atwia proces uczenia si\u0119, nowa technologia pomaga uczniom dostrzec z\u0142o\u017cone rozwi\u0105zania w rozwi\u0105zywaniu problem\u00f3w<\/li><li>Edytor tre\u015bci LIVRESQ LAB (narz\u0119dzie autorskie) umo\u017cliwia tworzenie materia\u0142\u00f3w cyfrowych - tre\u015bci edukacyjnych, interaktywnych kurs\u00f3w i lekcji na dowolny temat dla szk\u00f3\u0142 ponadgimnazjalnych, pa\u0142ac\u00f3w i klub\u00f3w dzieci\u0119cych, od tego, jak korzysta\u0107 z wyposa\u017cenia technicznego w szkole, robota edukacyjnego, po prac\u0119 z drukark\u0105 3D lub programowanie zachowania robota.<\/li><li>lekcje z biblioteki lub utworzone za pomoc\u0105 LIVRESQ LAB pozwalaj\u0105 na zaj\u0119cie si\u0119 wszystkimi stylami uczenia si\u0119, umo\u017cliwiaj\u0105c ka\u017cdemu prac\u0119 we w\u0142asnym tempie<\/li><\/ul><p>LIVRESQ LAB przyczynia si\u0119 do realizacji celu projektu, jakim jest wzbudzenie zainteresowania naukami \u015bcis\u0142ymi, technologi\u0105, projektowaniem i popraw\u0105 uczenia si\u0119 w\u015br\u00f3d rumu\u0144skich uczni\u00f3w.<\/p><p>Je\u015bli Twoja instytucja wdra\u017ca lub potrzebuje pomocy we wdra\u017caniu rozwi\u0105za\u0144 cyfrowych dla edukacji, skontaktuj si\u0119 z nami bezpo\u015brednio pod adresem contact@livresq.com lub za po\u015brednictwem formularza tutaj: <a href=\"https:\/\/livresq.com\/ro\/contact\/\">https:\/\/livresq.com\/ro\/contact\/<\/a><\/p>\t\t\t\t\t\t\t\t<\/div>\n\t\t\t\t<\/div>\n\t\t\t\t\t<\/div>\n\t\t<\/div>\n\t\t\t\t\t<\/div>\n\t\t<\/section>\n\t\t\t\t<\/div>","protected":false},"excerpt":{"rendered":"<p>Dotarea cu laboratoare inteligente a unit\u0103\u021bilor de \u00eenv\u0103\u021b\u0103m\u00e2nt secundar superior, a palatelor \u0219i a cluburilor copiilor LIVRESQ LAB &#8211; component\u0103 fundamental\u0103 \u00een laboratorul inteligent LIVRESQ LAB este o component\u0103 fundamental\u0103 \u00een laboratoarele inteligente din unit\u0103\u021bile de \u00eenv\u0103\u021b\u0103m\u00e2nt secundar superior poate fi finan\u021bat\u0103 prin PNRR, inclus \u00een proiectul privind \u201cDotarea cu laboratoare inteligente a unit\u0103\u021bilor de [&hellip;]<\/p>\n","protected":false},"author":36627,"featured_media":280954,"parent":0,"menu_order":0,"comment_status":"closed","ping_status":"closed","template":"","meta":{"footnotes":""},"class_list":["post-280847","page","type-page","status-publish","has-post-thumbnail","hentry"],"yoast_head":"<!-- This site is optimized with the Yoast SEO plugin v27.2 - https:\/\/yoast.com\/product\/yoast-seo-wordpress\/ -->\n<title>PNRR - Dotarea cu laboratoare inteligente a unit\u0103\u021bilor de \u00eenv\u0103\u021b\u0103m\u00e2nt secundar superior - LIVRESQ<\/title>\n<meta name=\"robots\" content=\"index, follow, max-snippet:-1, max-image-preview:large, max-video-preview:-1\" \/>\n<link rel=\"canonical\" href=\"https:\/\/livresq.com\/pl\/pnrr-booksq-lab\/\" \/>\n<meta property=\"og:locale\" content=\"pl_PL\" \/>\n<meta property=\"og:type\" content=\"article\" \/>\n<meta property=\"og:title\" content=\"PNRR - Dotarea cu laboratoare inteligente a unit\u0103\u021bilor de \u00eenv\u0103\u021b\u0103m\u00e2nt secundar superior - LIVRESQ\" \/>\n<meta property=\"og:description\" content=\"Dotarea cu laboratoare inteligente a unit\u0103\u021bilor de \u00eenv\u0103\u021b\u0103m\u00e2nt secundar superior, a palatelor \u0219i a cluburilor copiilor LIVRESQ LAB &#8211; component\u0103 fundamental\u0103 \u00een laboratorul inteligent LIVRESQ LAB este o component\u0103 fundamental\u0103 \u00een laboratoarele inteligente din unit\u0103\u021bile de \u00eenv\u0103\u021b\u0103m\u00e2nt secundar superior poate fi finan\u021bat\u0103 prin PNRR, inclus \u00een proiectul privind \u201cDotarea cu laboratoare inteligente a unit\u0103\u021bilor de [&hellip;]\" \/>\n<meta property=\"og:url\" content=\"https:\/\/livresq.com\/pl\/pnrr-booksq-lab\/\" \/>\n<meta property=\"og:site_name\" content=\"LIVRESQ\" \/>\n<meta property=\"article:modified_time\" content=\"2023-02-17T08:42:11+00:00\" \/>\n<meta property=\"og:image\" content=\"https:\/\/i0.wp.com\/livresq.com\/wp-content\/uploads\/2023\/02\/20f73bab-8ca2-421a-ad83-d63f8c91c1bd.png?fit=600%2C314&ssl=1\" \/>\n\t<meta property=\"og:image:width\" content=\"600\" \/>\n\t<meta property=\"og:image:height\" content=\"314\" \/>\n\t<meta property=\"og:image:type\" content=\"image\/png\" \/>\n<meta name=\"twitter:card\" content=\"summary_large_image\" \/>\n<meta name=\"twitter:label1\" content=\"Szacowany czas czytania\" \/>\n\t<meta name=\"twitter:data1\" content=\"3 minuty\" \/>\n<script type=\"application\/ld+json\" class=\"yoast-schema-graph\">{\"@context\":\"https:\/\/schema.org\",\"@graph\":[{\"@type\":\"WebPage\",\"@id\":\"https:\/\/livresq.com\/pnrr-livresq-lab\/\",\"url\":\"https:\/\/livresq.com\/pnrr-livresq-lab\/\",\"name\":\"PNRR - Dotarea cu laboratoare inteligente a unit\u0103\u021bilor de \u00eenv\u0103\u021b\u0103m\u00e2nt secundar superior - LIVRESQ\",\"isPartOf\":{\"@id\":\"https:\/\/livresq.com\/en\/#website\"},\"primaryImageOfPage\":{\"@id\":\"https:\/\/livresq.com\/pnrr-livresq-lab\/#primaryimage\"},\"image\":{\"@id\":\"https:\/\/livresq.com\/pnrr-livresq-lab\/#primaryimage\"},\"thumbnailUrl\":\"https:\/\/i0.wp.com\/livresq.com\/wp-content\/uploads\/2023\/02\/20f73bab-8ca2-421a-ad83-d63f8c91c1bd.png?fit=600%2C314&ssl=1\",\"datePublished\":\"2023-02-16T13:36:19+00:00\",\"dateModified\":\"2023-02-17T08:42:11+00:00\",\"breadcrumb\":{\"@id\":\"https:\/\/livresq.com\/pnrr-livresq-lab\/#breadcrumb\"},\"inLanguage\":\"pl-PL\",\"potentialAction\":[{\"@type\":\"ReadAction\",\"target\":[\"https:\/\/livresq.com\/pnrr-livresq-lab\/\"]}]},{\"@type\":\"ImageObject\",\"inLanguage\":\"pl-PL\",\"@id\":\"https:\/\/livresq.com\/pnrr-livresq-lab\/#primaryimage\",\"url\":\"https:\/\/i0.wp.com\/livresq.com\/wp-content\/uploads\/2023\/02\/20f73bab-8ca2-421a-ad83-d63f8c91c1bd.png?fit=600%2C314&ssl=1\",\"contentUrl\":\"https:\/\/i0.wp.com\/livresq.com\/wp-content\/uploads\/2023\/02\/20f73bab-8ca2-421a-ad83-d63f8c91c1bd.png?fit=600%2C314&ssl=1\",\"width\":600,\"height\":314},{\"@type\":\"BreadcrumbList\",\"@id\":\"https:\/\/livresq.com\/pnrr-livresq-lab\/#breadcrumb\",\"itemListElement\":[{\"@type\":\"ListItem\",\"position\":1,\"name\":\"Prima pagin\u0103\",\"item\":\"https:\/\/livresq.com\/\"},{\"@type\":\"ListItem\",\"position\":2,\"name\":\"PNRR &#8211; Dotarea cu laboratoare inteligente a unit\u0103\u021bilor de \u00eenv\u0103\u021b\u0103m\u00e2nt secundar superior\"}]},{\"@type\":\"WebSite\",\"@id\":\"https:\/\/livresq.com\/en\/#website\",\"url\":\"https:\/\/livresq.com\/en\/\",\"name\":\"LIVRESQ\",\"description\":\"eLearning Authoring Tool\",\"publisher\":{\"@id\":\"https:\/\/livresq.com\/en\/#organization\"},\"potentialAction\":[{\"@type\":\"SearchAction\",\"target\":{\"@type\":\"EntryPoint\",\"urlTemplate\":\"https:\/\/livresq.com\/en\/?s={search_term_string}\"},\"query-input\":{\"@type\":\"PropertyValueSpecification\",\"valueRequired\":true,\"valueName\":\"search_term_string\"}}],\"inLanguage\":\"pl-PL\"},{\"@type\":\"Organization\",\"@id\":\"https:\/\/livresq.com\/en\/#organization\",\"name\":\"LIVRESQ - Authoring Tool\",\"url\":\"https:\/\/livresq.com\/en\/\",\"logo\":{\"@type\":\"ImageObject\",\"inLanguage\":\"pl-PL\",\"@id\":\"https:\/\/livresq.com\/en\/#\/schema\/logo\/image\/\",\"url\":\"https:\/\/i0.wp.com\/livresq.com\/wp-content\/uploads\/2019\/07\/cropped-Logo.png?fit=1054%2C575&ssl=1\",\"contentUrl\":\"https:\/\/i0.wp.com\/livresq.com\/wp-content\/uploads\/2019\/07\/cropped-Logo.png?fit=1054%2C575&ssl=1\",\"width\":1054,\"height\":575,\"caption\":\"LIVRESQ - Authoring Tool\"},\"image\":{\"@id\":\"https:\/\/livresq.com\/en\/#\/schema\/logo\/image\/\"}}]}<\/script>\n<!-- \/ Yoast SEO plugin. -->","yoast_head_json":{"title":"PNRR - Wyposa\u017cenie szk\u00f3\u0142 ponadgimnazjalnych w inteligentne laboratoria - LIVRESQ","robots":{"index":"index","follow":"follow","max-snippet":"max-snippet:-1","max-image-preview":"max-image-preview:large","max-video-preview":"max-video-preview:-1"},"canonical":"https:\/\/livresq.com\/pl\/pnrr-booksq-lab\/","og_locale":"pl_PL","og_type":"article","og_title":"PNRR - Dotarea cu laboratoare inteligente a unit\u0103\u021bilor de \u00eenv\u0103\u021b\u0103m\u00e2nt secundar superior - LIVRESQ","og_description":"Dotarea cu laboratoare inteligente a unit\u0103\u021bilor de \u00eenv\u0103\u021b\u0103m\u00e2nt secundar superior, a palatelor \u0219i a cluburilor copiilor LIVRESQ LAB &#8211; component\u0103 fundamental\u0103 \u00een laboratorul inteligent LIVRESQ LAB este o component\u0103 fundamental\u0103 \u00een laboratoarele inteligente din unit\u0103\u021bile de \u00eenv\u0103\u021b\u0103m\u00e2nt secundar superior poate fi finan\u021bat\u0103 prin PNRR, inclus \u00een proiectul privind \u201cDotarea cu laboratoare inteligente a unit\u0103\u021bilor de [&hellip;]","og_url":"https:\/\/livresq.com\/pl\/pnrr-booksq-lab\/","og_site_name":"LIVRESQ","article_modified_time":"2023-02-17T08:42:11+00:00","og_image":[{"width":600,"height":314,"url":"https:\/\/i0.wp.com\/livresq.com\/wp-content\/uploads\/2023\/02\/20f73bab-8ca2-421a-ad83-d63f8c91c1bd.png?fit=600%2C314&ssl=1","type":"image\/png"}],"twitter_card":"summary_large_image","twitter_misc":{"Szacowany czas czytania":"3 minuty"},"schema":{"@context":"https:\/\/schema.org","@graph":[{"@type":"WebPage","@id":"https:\/\/livresq.com\/pnrr-livresq-lab\/","url":"https:\/\/livresq.com\/pnrr-livresq-lab\/","name":"PNRR - Wyposa\u017cenie szk\u00f3\u0142 ponadgimnazjalnych w inteligentne laboratoria - LIVRESQ","isPartOf":{"@id":"https:\/\/livresq.com\/en\/#website"},"primaryImageOfPage":{"@id":"https:\/\/livresq.com\/pnrr-livresq-lab\/#primaryimage"},"image":{"@id":"https:\/\/livresq.com\/pnrr-livresq-lab\/#primaryimage"},"thumbnailUrl":"https:\/\/i0.wp.com\/livresq.com\/wp-content\/uploads\/2023\/02\/20f73bab-8ca2-421a-ad83-d63f8c91c1bd.png?fit=600%2C314&ssl=1","datePublished":"2023-02-16T13:36:19+00:00","dateModified":"2023-02-17T08:42:11+00:00","breadcrumb":{"@id":"https:\/\/livresq.com\/pnrr-livresq-lab\/#breadcrumb"},"inLanguage":"pl-PL","potentialAction":[{"@type":"ReadAction","target":["https:\/\/livresq.com\/pnrr-livresq-lab\/"]}]},{"@type":"ImageObject","inLanguage":"pl-PL","@id":"https:\/\/livresq.com\/pnrr-livresq-lab\/#primaryimage","url":"https:\/\/i0.wp.com\/livresq.com\/wp-content\/uploads\/2023\/02\/20f73bab-8ca2-421a-ad83-d63f8c91c1bd.png?fit=600%2C314&ssl=1","contentUrl":"https:\/\/i0.wp.com\/livresq.com\/wp-content\/uploads\/2023\/02\/20f73bab-8ca2-421a-ad83-d63f8c91c1bd.png?fit=600%2C314&ssl=1","width":600,"height":314},{"@type":"BreadcrumbList","@id":"https:\/\/livresq.com\/pnrr-livresq-lab\/#breadcrumb","itemListElement":[{"@type":"ListItem","position":1,"name":"Prima pagin\u0103","item":"https:\/\/livresq.com\/"},{"@type":"ListItem","position":2,"name":"PNRR &#8211; Dotarea cu laboratoare inteligente a unit\u0103\u021bilor de \u00eenv\u0103\u021b\u0103m\u00e2nt secundar superior"}]},{"@type":"WebSite","@id":"https:\/\/livresq.com\/en\/#website","url":"https:\/\/livresq.com\/en\/","name":"LIVRESQ","description":"Narz\u0119dzie do tworzenia e-learningu","publisher":{"@id":"https:\/\/livresq.com\/en\/#organization"},"potentialAction":[{"@type":"SearchAction","target":{"@type":"EntryPoint","urlTemplate":"https:\/\/livresq.com\/en\/?s={search_term_string}"},"query-input":{"@type":"PropertyValueSpecification","valueRequired":true,"valueName":"search_term_string"}}],"inLanguage":"pl-PL"},{"@type":"Organization","@id":"https:\/\/livresq.com\/en\/#organization","name":"LIVRESQ - Narz\u0119dzie autorskie","url":"https:\/\/livresq.com\/en\/","logo":{"@type":"ImageObject","inLanguage":"pl-PL","@id":"https:\/\/livresq.com\/en\/#\/schema\/logo\/image\/","url":"https:\/\/i0.wp.com\/livresq.com\/wp-content\/uploads\/2019\/07\/cropped-Logo.png?fit=1054%2C575&ssl=1","contentUrl":"https:\/\/i0.wp.com\/livresq.com\/wp-content\/uploads\/2019\/07\/cropped-Logo.png?fit=1054%2C575&ssl=1","width":1054,"height":575,"caption":"LIVRESQ - Authoring Tool"},"image":{"@id":"https:\/\/livresq.com\/en\/#\/schema\/logo\/image\/"}}]}},"_links":{"self":[{"href":"https:\/\/livresq.com\/pl\/wp-json\/wp\/v2\/pages\/280847","targetHints":{"allow":["GET"]}}],"collection":[{"href":"https:\/\/livresq.com\/pl\/wp-json\/wp\/v2\/pages"}],"about":[{"href":"https:\/\/livresq.com\/pl\/wp-json\/wp\/v2\/types\/page"}],"author":[{"embeddable":true,"href":"https:\/\/livresq.com\/pl\/wp-json\/wp\/v2\/users\/36627"}],"replies":[{"embeddable":true,"href":"https:\/\/livresq.com\/pl\/wp-json\/wp\/v2\/comments?post=280847"}],"version-history":[{"count":6,"href":"https:\/\/livresq.com\/pl\/wp-json\/wp\/v2\/pages\/280847\/revisions"}],"predecessor-version":[{"id":280961,"href":"https:\/\/livresq.com\/pl\/wp-json\/wp\/v2\/pages\/280847\/revisions\/280961"}],"wp:featuredmedia":[{"embeddable":true,"href":"https:\/\/livresq.com\/pl\/wp-json\/wp\/v2\/media\/280954"}],"wp:attachment":[{"href":"https:\/\/livresq.com\/pl\/wp-json\/wp\/v2\/media?parent=280847"}],"curies":[{"name":"wp","href":"https:\/\/api.w.org\/{rel}","templated":true}]}}