



{"id":280860,"date":"2023-02-16T16:26:10","date_gmt":"2023-02-16T14:26:10","guid":{"rendered":"https:\/\/livresq.com\/?page_id=280860"},"modified":"2023-02-17T10:43:31","modified_gmt":"2023-02-17T08:43:31","slug":"pnrr-booksq-pracownia-mediow-cyfrowych","status":"publish","type":"page","link":"https:\/\/livresq.com\/pl\/pnrr-livresq-digital-media-lab\/","title":{"rendered":"PNRR - LIVRESQ Laboratorium medi\u00f3w cyfrowych"},"content":{"rendered":"<div data-elementor-type=\"wp-page\" data-elementor-id=\"280860\" class=\"elementor elementor-280860\" data-elementor-post-type=\"page\">\n\t\t\t\t\t\t<section class=\"elementor-section elementor-top-section elementor-element elementor-element-66910ef elementor-section-boxed elementor-section-height-default elementor-section-height-default\" data-id=\"66910ef\" data-element_type=\"section\">\n\t\t\t\t\t\t<div class=\"elementor-container elementor-column-gap-default\">\n\t\t\t\t\t<div class=\"elementor-column elementor-col-100 elementor-top-column elementor-element elementor-element-8cb78aa\" data-id=\"8cb78aa\" data-element_type=\"column\">\n\t\t\t<div class=\"elementor-widget-wrap elementor-element-populated\">\n\t\t\t\t\t\t<div class=\"elementor-element elementor-element-363343b elementor-widget elementor-widget-spacer\" data-id=\"363343b\" data-element_type=\"widget\" data-widget_type=\"spacer.default\">\n\t\t\t\t<div class=\"elementor-widget-container\">\n\t\t\t\t\t\t\t<div class=\"elementor-spacer\">\n\t\t\t<div class=\"elementor-spacer-inner\"><\/div>\n\t\t<\/div>\n\t\t\t\t\t\t<\/div>\n\t\t\t\t<\/div>\n\t\t\t\t<div class=\"elementor-element elementor-element-1c934b4 elementor-widget elementor-widget-heading\" data-id=\"1c934b4\" data-element_type=\"widget\" data-settings=\"{&quot;_animation&quot;:&quot;none&quot;}\" data-widget_type=\"heading.default\">\n\t\t\t\t<div class=\"elementor-widget-container\">\n\t\t\t\t\t<h1 class=\"elementor-heading-title elementor-size-large\">Finansowanie bibliotek jako centr\u00f3w rozwoju umiej\u0119tno\u015bci cyfrowych<\/h1>\t\t\t\t<\/div>\n\t\t\t\t<\/div>\n\t\t\t\t<div class=\"elementor-element elementor-element-ca54b1c elementor-widget elementor-widget-heading\" data-id=\"ca54b1c\" data-element_type=\"widget\" data-widget_type=\"heading.default\">\n\t\t\t\t<div class=\"elementor-widget-container\">\n\t\t\t\t\t<h2 class=\"elementor-heading-title elementor-size-default\">LIVRESQ Laboratorium medi\u00f3w cyfrowych - podstawowy element centr\u00f3w rozwoju kompetencji cyfrowych<\/h2>\t\t\t\t<\/div>\n\t\t\t\t<\/div>\n\t\t\t\t\t<\/div>\n\t\t<\/div>\n\t\t\t\t\t<\/div>\n\t\t<\/section>\n\t\t\t\t<section class=\"elementor-section elementor-top-section elementor-element elementor-element-5247ad2 elementor-section-height-min-height elementor-section-boxed elementor-section-height-default elementor-section-items-middle\" data-id=\"5247ad2\" data-element_type=\"section\">\n\t\t\t\t\t\t<div class=\"elementor-container elementor-column-gap-default\">\n\t\t\t\t\t<div class=\"elementor-column elementor-col-100 elementor-top-column elementor-element elementor-element-a8bea5e\" data-id=\"a8bea5e\" data-element_type=\"column\">\n\t\t\t<div class=\"elementor-widget-wrap elementor-element-populated\">\n\t\t\t\t\t\t<div class=\"elementor-element elementor-element-1c07ddc elementor-widget elementor-widget-text-editor\" data-id=\"1c07ddc\" data-element_type=\"widget\" data-widget_type=\"text-editor.default\">\n\t\t\t\t<div class=\"elementor-widget-container\">\n\t\t\t\t\t\t\t\t\t<p><strong>LIVRESQ Laboratorium medi\u00f3w cyfrowych<\/strong> mog\u0105 zosta\u0107 w\u0142\u0105czone do projektu I17 INVESTMENT <strong>\"Finansowanie bibliotek jako centr\u00f3w rozwoju umiej\u0119tno\u015bci cyfrowych\"<\/strong>. Oferta jest w pe\u0142ni zgodna z wytycznymi dla wnioskodawc\u00f3w projektu w ramach KOMPONENTU 7 - Transformacja cyfrowa, Operacja D - Kompetencje cyfrowe, kapita\u0142 ludzki i korzystanie z Internetu.<\/p><p>Pod wzgl\u0119dem kwalifikowalno\u015bci wydatk\u00f3w, zgodnie z wytycznymi (str. 21-22), proponowane rozwi\u0105zanie mie\u015bci si\u0119 w zalecanej kategorii wydatk\u00f3w (minimum 25%) i jest cz\u0119\u015bci\u0105 rozdzia\u0142u 4. Wydatki na zakup us\u0142ug, licencji i aplikacji\/program\u00f3w\/rozwi\u0105za\u0144.<\/p><p>Dzi\u0119ki Laboratorium Medi\u00f3w Cyfrowych LIVRESQ biblioteka stanie si\u0119 centrum rozwoju kompetencji cyfrowych, je\u015bli b\u0119dzie mia\u0142a co najmniej jeden komputer pod\u0142\u0105czony do Internetu i zaoferuje obywatelom mo\u017cliwo\u015b\u0107 tworzenia materia\u0142\u00f3w intelektualnych przy u\u017cyciu zasob\u00f3w takich jak komputery\/laptopy, w tym s\u0142u\u017c\u0105cych jako narz\u0119dzie do edycji audio i wideo. W ten spos\u00f3b przestrze\u0144 w bibliotece zostanie zaprojektowana tak, aby umo\u017cliwi\u0107 cz\u0142onkom spo\u0142eczno\u015bci korzystanie z technologii lub dzia\u0142a\u0144, do kt\u00f3rych wcze\u015bniej nie mieli dost\u0119pu.<\/p><p>Hub zainspiruje zainteresowanie nauk\u0105, technologi\u0105, projektowaniem i uczeniem si\u0119 przez ca\u0142e \u017cycie w\u015br\u00f3d os\u00f3b z otaczaj\u0105cej bibliotek\u0119 spo\u0142eczno\u015bci dzi\u0119ki:<\/p><ul><li>Dost\u0119p do biblioteki LIVRESQ (przestrzeni, w kt\u00f3rej dost\u0119pne s\u0105 kursy i materia\u0142y), w kt\u00f3rej u\u017cytkownicy poznaj\u0105 technologie, takie jak drukarki 3D i\/lub tworz\u0105 w\u0142asne kursy na temat: maszyn do szycia, maszyn do klejenia, maszyn do kodowania, robotyki i maszyn do rze\u017abienia w drewnie, i zostan\u0105 udost\u0119pnione do bezp\u0142atnej eksploracji\/eksploatacji.<\/li><li>Istnienie sesji szkoleniowych dla bibliotekarzy i zwyk\u0142ych obywateli w zakresie korzystania z LIVRESQ, zapewniaj\u0105c w ten spos\u00f3b, \u017ce obywatele s\u0105 wykorzystywani i anga\u017cowani w znacz\u0105cy spos\u00f3b do tworzenia, odkrywania i eksperymentowania z technologiami cyfrowymi i materia\u0142ami. Wszyscy cz\u0142onkowie spo\u0142eczno\u015bci mog\u0105 zaanga\u017cowa\u0107 si\u0119 jako lokalni eksperci, moderatorzy i uczniowie w tworzenie interaktywnych materia\u0142\u00f3w - kurs\u00f3w, materia\u0142\u00f3w IT, seminari\u00f3w, procedur, instrukcji (np. procedura selektywnej zbi\u00f3rki na poziomie lokalnym, jak p\u0142aci\u0107 podatki, jak korzysta\u0107 z maszyny do szycia, jak korzysta\u0107 z maszyny do rze\u017abienia w drewnie itp.)<\/li><\/ul><p>Niekt\u00f3re z korzy\u015bci p\u0142yn\u0105cych z u\u017cywania<strong> LIVRESQ - Laboratorium medi\u00f3w cyfrowych:<\/strong><\/p><ul><li>LIVRESQ zawiera szerok\u0105 gam\u0119 narz\u0119dzi do tworzenia tre\u015bci;<br \/>Mo\u017ce by\u0107 wykorzystywany do tworzenia materia\u0142\u00f3w\/kurs\u00f3w, w kt\u00f3rych obywatele w ka\u017cdym wieku ucz\u0105 si\u0119 korzysta\u0107 z oprogramowania, a tym samym mog\u0105 tworzy\u0107 materia\u0142y\/tre\u015bci edukacyjne w celu rozwi\u0105zywania rzeczywistych problem\u00f3w;<\/li><li>Materia\u0142y stworzone za pomoc\u0105 LIVRESQ, przechowywane w bibliotece LIVRESQ, mog\u0105 by\u0107 dostarczane drog\u0105 elektroniczn\u0105 i mog\u0105 stanowi\u0107 rozszerzenie obecno\u015bci bibliotek w obszarach, do kt\u00f3rych tradycyjnie nie mog\u0142yby dotrze\u0107;<\/li><li>Lekcje j\u0119zyka angielskiego, francuskiego, w\u0119gierskiego i innych j\u0119zyk\u00f3w s\u0105 dost\u0119pne w bibliotece LIVRESQ, s\u0142u\u017c\u0105cej do \u015bwiadczenia \"us\u0142ug nauki j\u0119zyk\u00f3w przy u\u017cyciu medi\u00f3w cyfrowych, takich jak ksi\u0105\u017cki audio\" i interaktywnego e-learningu;<\/li><li>LIVRESQ zapewni \u015bci\u015blejsz\u0105 koordynacj\u0119 z lokalnymi szko\u0142ami, oferuj\u0105c szeroki zakres us\u0142ug cyfrowych - tworzenie tre\u015bci i mo\u017cliwo\u015b\u0107 dost\u0119pu do informacji \/ lekcji - w tym lekcji zatwierdzonych przez Ministerstwo Edukacji, bezpo\u015brednio z biblioteki LIVRESQ;<\/li><li>LIVRESQ umo\u017cliwia osobom indywidualnym doskonalenie umiej\u0119tno\u015bci, kt\u00f3re nie s\u0105 zazwyczaj dost\u0119pne w klasie lub sali wyk\u0142adowej, poprzez \u015bcis\u0142\u0105 wsp\u00f3\u0142prac\u0119 ze szko\u0142ami i nauczycielami. Szko\u0142y i nauczyciele mog\u0105 tworzy\u0107 i wykorzystywa\u0107 materia\u0142y edukacyjne dla dowolnej kategorii uczni\u00f3w w celu poprawy ich umiej\u0119tno\u015bci.<\/li><\/ul><p>\u00a0<\/p><p><strong>LIVRESQ Laboratorium medi\u00f3w cyfrowych<\/strong> przyczynia si\u0119 do realizacji celu projektu, jakim jest wzbudzenie zainteresowania nauk\u0105, technologi\u0105, projektowaniem i uczeniem si\u0119 przez ca\u0142e \u017cycie w\u015br\u00f3d os\u00f3b ze spo\u0142eczno\u015bci bibliotecznej.<\/p><p>Ponadto, z pomoc\u0105 LIVRESQ, centra umo\u017cliwi\u0105 mniejszo\u015bciom, kobietom lub osobom niepe\u0142nosprawnym zaanga\u017cowanie si\u0119 w technologi\u0119 i obszary, kt\u00f3rych wcze\u015bniej mogli nie bra\u0107 pod uwag\u0119 (tworzenie tre\u015bci edukacyjnych, materia\u0142\u00f3w interaktywnych - w dowolnym j\u0119zyku, wspomaganych przez wirtualnych asystent\u00f3w AI, zdolnych do przekszta\u0142cania tekstu w d\u017awi\u0119k (g\u0142os z tekstu wpisywanego z klawiatury) w dowolnym j\u0119zyku mi\u0119dzynarodowego obiegu.<\/p><p>Je\u015bli Twoja instytucja wdra\u017ca lub potrzebuje pomocy we wdra\u017caniu rozwi\u0105za\u0144 cyfrowych dla edukacji, skontaktuj si\u0119 z nami bezpo\u015brednio pod adresem contact@livresq.com lub za po\u015brednictwem formularza tutaj: <a href=\"https:\/\/livresq.com\/ro\/contact\/\">https:\/\/livresq.com\/ro\/contact\/<\/a><\/p>\t\t\t\t\t\t\t\t<\/div>\n\t\t\t\t<\/div>\n\t\t\t\t\t<\/div>\n\t\t<\/div>\n\t\t\t\t\t<\/div>\n\t\t<\/section>\n\t\t\t\t<\/div>","protected":false},"excerpt":{"rendered":"<p>Finan\u021barea bibliotecilor pentru a deveni hub-uri de dezvoltare a competen\u021belor digitale LIVRESQ Digital Media Lab &#8211; component\u0103 fundamental\u0103 \u00een hub-uri de dezvoltare a competen\u021belor digitale LIVRESQ Digital Media Lab poate fi inclus \u00een proiectul privind INVESTI\u021aIA I17 \u201cFinan\u021barea bibliotecilor pentru a deveni hub-uri de dezvoltare a competen\u021belor digitale\u201d. Oferta este \u00een concordan\u021b\u0103 deplin\u0103 cu Ghidul [&hellip;]<\/p>\n","protected":false},"author":36627,"featured_media":280953,"parent":0,"menu_order":0,"comment_status":"closed","ping_status":"closed","template":"","meta":{"footnotes":""},"class_list":["post-280860","page","type-page","status-publish","has-post-thumbnail","hentry"],"yoast_head":"<!-- This site is optimized with the Yoast SEO plugin v27.2 - https:\/\/yoast.com\/product\/yoast-seo-wordpress\/ -->\n<title>PNRR - LIVRESQ Digital Media Lab - LIVRESQ<\/title>\n<meta name=\"robots\" content=\"index, follow, max-snippet:-1, max-image-preview:large, max-video-preview:-1\" \/>\n<link rel=\"canonical\" href=\"https:\/\/livresq.com\/pl\/pnrr-booksq-pracownia-mediow-cyfrowych\/\" \/>\n<meta property=\"og:locale\" content=\"pl_PL\" \/>\n<meta property=\"og:type\" content=\"article\" \/>\n<meta property=\"og:title\" content=\"PNRR - LIVRESQ Digital Media Lab - LIVRESQ\" \/>\n<meta property=\"og:description\" content=\"Finan\u021barea bibliotecilor pentru a deveni hub-uri de dezvoltare a competen\u021belor digitale LIVRESQ Digital Media Lab &#8211; component\u0103 fundamental\u0103 \u00een hub-uri de dezvoltare a competen\u021belor digitale LIVRESQ Digital Media Lab poate fi inclus \u00een proiectul privind INVESTI\u021aIA I17 \u201cFinan\u021barea bibliotecilor pentru a deveni hub-uri de dezvoltare a competen\u021belor digitale\u201d. Oferta este \u00een concordan\u021b\u0103 deplin\u0103 cu Ghidul [&hellip;]\" \/>\n<meta property=\"og:url\" content=\"https:\/\/livresq.com\/pl\/pnrr-booksq-pracownia-mediow-cyfrowych\/\" \/>\n<meta property=\"og:site_name\" content=\"LIVRESQ\" \/>\n<meta property=\"article:modified_time\" content=\"2023-02-17T08:43:31+00:00\" \/>\n<meta property=\"og:image\" content=\"https:\/\/i0.wp.com\/livresq.com\/wp-content\/uploads\/2023\/02\/e299e715-7761-4a4e-ad36-ebcc4dee70c8.png?fit=600%2C314&ssl=1\" \/>\n\t<meta property=\"og:image:width\" content=\"600\" \/>\n\t<meta property=\"og:image:height\" content=\"314\" \/>\n\t<meta property=\"og:image:type\" content=\"image\/png\" \/>\n<meta name=\"twitter:card\" content=\"summary_large_image\" \/>\n<meta name=\"twitter:label1\" content=\"Szacowany czas czytania\" \/>\n\t<meta name=\"twitter:data1\" content=\"3 minuty\" \/>\n<script type=\"application\/ld+json\" class=\"yoast-schema-graph\">{\"@context\":\"https:\/\/schema.org\",\"@graph\":[{\"@type\":\"WebPage\",\"@id\":\"https:\/\/livresq.com\/pnrr-livresq-digital-media-lab\/\",\"url\":\"https:\/\/livresq.com\/pnrr-livresq-digital-media-lab\/\",\"name\":\"PNRR - LIVRESQ Digital Media Lab - LIVRESQ\",\"isPartOf\":{\"@id\":\"https:\/\/livresq.com\/en\/#website\"},\"primaryImageOfPage\":{\"@id\":\"https:\/\/livresq.com\/pnrr-livresq-digital-media-lab\/#primaryimage\"},\"image\":{\"@id\":\"https:\/\/livresq.com\/pnrr-livresq-digital-media-lab\/#primaryimage\"},\"thumbnailUrl\":\"https:\/\/i0.wp.com\/livresq.com\/wp-content\/uploads\/2023\/02\/e299e715-7761-4a4e-ad36-ebcc4dee70c8.png?fit=600%2C314&ssl=1\",\"datePublished\":\"2023-02-16T14:26:10+00:00\",\"dateModified\":\"2023-02-17T08:43:31+00:00\",\"breadcrumb\":{\"@id\":\"https:\/\/livresq.com\/pnrr-livresq-digital-media-lab\/#breadcrumb\"},\"inLanguage\":\"pl-PL\",\"potentialAction\":[{\"@type\":\"ReadAction\",\"target\":[\"https:\/\/livresq.com\/pnrr-livresq-digital-media-lab\/\"]}]},{\"@type\":\"ImageObject\",\"inLanguage\":\"pl-PL\",\"@id\":\"https:\/\/livresq.com\/pnrr-livresq-digital-media-lab\/#primaryimage\",\"url\":\"https:\/\/i0.wp.com\/livresq.com\/wp-content\/uploads\/2023\/02\/e299e715-7761-4a4e-ad36-ebcc4dee70c8.png?fit=600%2C314&ssl=1\",\"contentUrl\":\"https:\/\/i0.wp.com\/livresq.com\/wp-content\/uploads\/2023\/02\/e299e715-7761-4a4e-ad36-ebcc4dee70c8.png?fit=600%2C314&ssl=1\",\"width\":600,\"height\":314},{\"@type\":\"BreadcrumbList\",\"@id\":\"https:\/\/livresq.com\/pnrr-livresq-digital-media-lab\/#breadcrumb\",\"itemListElement\":[{\"@type\":\"ListItem\",\"position\":1,\"name\":\"Prima pagin\u0103\",\"item\":\"https:\/\/livresq.com\/\"},{\"@type\":\"ListItem\",\"position\":2,\"name\":\"PNRR &#8211; LIVRESQ Digital Media Lab\"}]},{\"@type\":\"WebSite\",\"@id\":\"https:\/\/livresq.com\/en\/#website\",\"url\":\"https:\/\/livresq.com\/en\/\",\"name\":\"LIVRESQ\",\"description\":\"eLearning Authoring Tool\",\"publisher\":{\"@id\":\"https:\/\/livresq.com\/en\/#organization\"},\"potentialAction\":[{\"@type\":\"SearchAction\",\"target\":{\"@type\":\"EntryPoint\",\"urlTemplate\":\"https:\/\/livresq.com\/en\/?s={search_term_string}\"},\"query-input\":{\"@type\":\"PropertyValueSpecification\",\"valueRequired\":true,\"valueName\":\"search_term_string\"}}],\"inLanguage\":\"pl-PL\"},{\"@type\":\"Organization\",\"@id\":\"https:\/\/livresq.com\/en\/#organization\",\"name\":\"LIVRESQ - Authoring Tool\",\"url\":\"https:\/\/livresq.com\/en\/\",\"logo\":{\"@type\":\"ImageObject\",\"inLanguage\":\"pl-PL\",\"@id\":\"https:\/\/livresq.com\/en\/#\/schema\/logo\/image\/\",\"url\":\"https:\/\/i0.wp.com\/livresq.com\/wp-content\/uploads\/2019\/07\/cropped-Logo.png?fit=1054%2C575&ssl=1\",\"contentUrl\":\"https:\/\/i0.wp.com\/livresq.com\/wp-content\/uploads\/2019\/07\/cropped-Logo.png?fit=1054%2C575&ssl=1\",\"width\":1054,\"height\":575,\"caption\":\"LIVRESQ - Authoring Tool\"},\"image\":{\"@id\":\"https:\/\/livresq.com\/en\/#\/schema\/logo\/image\/\"}}]}<\/script>\n<!-- \/ Yoast SEO plugin. -->","yoast_head_json":{"title":"PNRR - LIVRESQ Laboratorium medi\u00f3w cyfrowych - LIVRESQ","robots":{"index":"index","follow":"follow","max-snippet":"max-snippet:-1","max-image-preview":"max-image-preview:large","max-video-preview":"max-video-preview:-1"},"canonical":"https:\/\/livresq.com\/pl\/pnrr-booksq-pracownia-mediow-cyfrowych\/","og_locale":"pl_PL","og_type":"article","og_title":"PNRR - LIVRESQ Digital Media Lab - LIVRESQ","og_description":"Finan\u021barea bibliotecilor pentru a deveni hub-uri de dezvoltare a competen\u021belor digitale LIVRESQ Digital Media Lab &#8211; component\u0103 fundamental\u0103 \u00een hub-uri de dezvoltare a competen\u021belor digitale LIVRESQ Digital Media Lab poate fi inclus \u00een proiectul privind INVESTI\u021aIA I17 \u201cFinan\u021barea bibliotecilor pentru a deveni hub-uri de dezvoltare a competen\u021belor digitale\u201d. Oferta este \u00een concordan\u021b\u0103 deplin\u0103 cu Ghidul [&hellip;]","og_url":"https:\/\/livresq.com\/pl\/pnrr-booksq-pracownia-mediow-cyfrowych\/","og_site_name":"LIVRESQ","article_modified_time":"2023-02-17T08:43:31+00:00","og_image":[{"width":600,"height":314,"url":"https:\/\/i0.wp.com\/livresq.com\/wp-content\/uploads\/2023\/02\/e299e715-7761-4a4e-ad36-ebcc4dee70c8.png?fit=600%2C314&ssl=1","type":"image\/png"}],"twitter_card":"summary_large_image","twitter_misc":{"Szacowany czas czytania":"3 minuty"},"schema":{"@context":"https:\/\/schema.org","@graph":[{"@type":"WebPage","@id":"https:\/\/livresq.com\/pnrr-livresq-digital-media-lab\/","url":"https:\/\/livresq.com\/pnrr-livresq-digital-media-lab\/","name":"PNRR - LIVRESQ Laboratorium medi\u00f3w cyfrowych - LIVRESQ","isPartOf":{"@id":"https:\/\/livresq.com\/en\/#website"},"primaryImageOfPage":{"@id":"https:\/\/livresq.com\/pnrr-livresq-digital-media-lab\/#primaryimage"},"image":{"@id":"https:\/\/livresq.com\/pnrr-livresq-digital-media-lab\/#primaryimage"},"thumbnailUrl":"https:\/\/i0.wp.com\/livresq.com\/wp-content\/uploads\/2023\/02\/e299e715-7761-4a4e-ad36-ebcc4dee70c8.png?fit=600%2C314&ssl=1","datePublished":"2023-02-16T14:26:10+00:00","dateModified":"2023-02-17T08:43:31+00:00","breadcrumb":{"@id":"https:\/\/livresq.com\/pnrr-livresq-digital-media-lab\/#breadcrumb"},"inLanguage":"pl-PL","potentialAction":[{"@type":"ReadAction","target":["https:\/\/livresq.com\/pnrr-livresq-digital-media-lab\/"]}]},{"@type":"ImageObject","inLanguage":"pl-PL","@id":"https:\/\/livresq.com\/pnrr-livresq-digital-media-lab\/#primaryimage","url":"https:\/\/i0.wp.com\/livresq.com\/wp-content\/uploads\/2023\/02\/e299e715-7761-4a4e-ad36-ebcc4dee70c8.png?fit=600%2C314&ssl=1","contentUrl":"https:\/\/i0.wp.com\/livresq.com\/wp-content\/uploads\/2023\/02\/e299e715-7761-4a4e-ad36-ebcc4dee70c8.png?fit=600%2C314&ssl=1","width":600,"height":314},{"@type":"BreadcrumbList","@id":"https:\/\/livresq.com\/pnrr-livresq-digital-media-lab\/#breadcrumb","itemListElement":[{"@type":"ListItem","position":1,"name":"Prima pagin\u0103","item":"https:\/\/livresq.com\/"},{"@type":"ListItem","position":2,"name":"PNRR &#8211; LIVRESQ Digital Media Lab"}]},{"@type":"WebSite","@id":"https:\/\/livresq.com\/en\/#website","url":"https:\/\/livresq.com\/en\/","name":"LIVRESQ","description":"Narz\u0119dzie do tworzenia e-learningu","publisher":{"@id":"https:\/\/livresq.com\/en\/#organization"},"potentialAction":[{"@type":"SearchAction","target":{"@type":"EntryPoint","urlTemplate":"https:\/\/livresq.com\/en\/?s={search_term_string}"},"query-input":{"@type":"PropertyValueSpecification","valueRequired":true,"valueName":"search_term_string"}}],"inLanguage":"pl-PL"},{"@type":"Organization","@id":"https:\/\/livresq.com\/en\/#organization","name":"LIVRESQ - Narz\u0119dzie autorskie","url":"https:\/\/livresq.com\/en\/","logo":{"@type":"ImageObject","inLanguage":"pl-PL","@id":"https:\/\/livresq.com\/en\/#\/schema\/logo\/image\/","url":"https:\/\/i0.wp.com\/livresq.com\/wp-content\/uploads\/2019\/07\/cropped-Logo.png?fit=1054%2C575&ssl=1","contentUrl":"https:\/\/i0.wp.com\/livresq.com\/wp-content\/uploads\/2019\/07\/cropped-Logo.png?fit=1054%2C575&ssl=1","width":1054,"height":575,"caption":"LIVRESQ - Authoring Tool"},"image":{"@id":"https:\/\/livresq.com\/en\/#\/schema\/logo\/image\/"}}]}},"_links":{"self":[{"href":"https:\/\/livresq.com\/pl\/wp-json\/wp\/v2\/pages\/280860","targetHints":{"allow":["GET"]}}],"collection":[{"href":"https:\/\/livresq.com\/pl\/wp-json\/wp\/v2\/pages"}],"about":[{"href":"https:\/\/livresq.com\/pl\/wp-json\/wp\/v2\/types\/page"}],"author":[{"embeddable":true,"href":"https:\/\/livresq.com\/pl\/wp-json\/wp\/v2\/users\/36627"}],"replies":[{"embeddable":true,"href":"https:\/\/livresq.com\/pl\/wp-json\/wp\/v2\/comments?post=280860"}],"version-history":[{"count":6,"href":"https:\/\/livresq.com\/pl\/wp-json\/wp\/v2\/pages\/280860\/revisions"}],"predecessor-version":[{"id":280964,"href":"https:\/\/livresq.com\/pl\/wp-json\/wp\/v2\/pages\/280860\/revisions\/280964"}],"wp:featuredmedia":[{"embeddable":true,"href":"https:\/\/livresq.com\/pl\/wp-json\/wp\/v2\/media\/280953"}],"wp:attachment":[{"href":"https:\/\/livresq.com\/pl\/wp-json\/wp\/v2\/media?parent=280860"}],"curies":[{"name":"wp","href":"https:\/\/api.w.org\/{rel}","templated":true}]}}