



{"id":73,"date":"2019-07-23T09:51:36","date_gmt":"2019-07-23T06:51:36","guid":{"rendered":"https:\/\/livresq.com\/?page_id=73"},"modified":"2020-01-17T16:51:13","modified_gmt":"2020-01-17T14:51:13","slug":"gdpr","status":"publish","type":"page","link":"https:\/\/livresq.com\/pl\/gdpr\/","title":{"rendered":"RODO"},"content":{"rendered":"<div data-elementor-type=\"wp-page\" data-elementor-id=\"73\" class=\"elementor elementor-73\" data-elementor-post-type=\"page\">\n\t\t\t\t\t\t<section class=\"elementor-section elementor-top-section elementor-element elementor-element-2b45bde elementor-section-boxed elementor-section-height-default elementor-section-height-default\" data-id=\"2b45bde\" data-element_type=\"section\">\n\t\t\t\t\t\t<div class=\"elementor-container elementor-column-gap-default\">\n\t\t\t\t\t<div class=\"elementor-column elementor-col-100 elementor-top-column elementor-element elementor-element-018260a\" data-id=\"018260a\" data-element_type=\"column\">\n\t\t\t<div class=\"elementor-widget-wrap elementor-element-populated\">\n\t\t\t\t\t\t<div class=\"elementor-element elementor-element-b484d93 elementor-widget elementor-widget-heading\" data-id=\"b484d93\" data-element_type=\"widget\" data-widget_type=\"heading.default\">\n\t\t\t\t<div class=\"elementor-widget-container\">\n\t\t\t\t\t<h3 class=\"elementor-heading-title elementor-size-default\"><b>Ochrona danych osobowych i polityka prywatno\u015bci (RODO)<\/b><\/h3>\t\t\t\t<\/div>\n\t\t\t\t<\/div>\n\t\t\t\t<div class=\"elementor-element elementor-element-a2b1182 elementor-widget elementor-widget-text-editor\" data-id=\"a2b1182\" data-element_type=\"widget\" data-widget_type=\"text-editor.default\">\n\t\t\t\t<div class=\"elementor-widget-container\">\n\t\t\t\t\t\t\t\t\t<header class=\"entry-header\"><p class=\"entry-title\">\u00a0<\/p><\/header><div class=\"entry-content\"><h2 style=\"margin-top: 64px; text-transform: uppercase; color: #000000; font-family: Roboto, sans-serif;\">CZYM S\u0104 DANE OSOBOWE?<\/h2><p style=\"font-size: medium;\">Dane osobowe to wszelkie informacje, kt\u00f3re odnosz\u0105 si\u0119 do zidentyfikowanej lub mo\u017cliwej do zidentyfikowania osoby fizycznej. R\u00f3\u017cne informacje, kt\u00f3re razem mog\u0105 prowadzi\u0107 do identyfikacji okre\u015blonej osoby, s\u0105 r\u00f3wnie\u017c danymi osobowymi. Dane osobowe, kt\u00f3re zosta\u0142y zanonimizowane, zaszyfrowane lub pseudonimizowane, ale mog\u0105 by\u0107 wykorzystane do identyfikacji osoby, pozostaj\u0105 danymi osobowymi i s\u0105 obj\u0119te RODO. Dane osobowe, kt\u00f3re zosta\u0142y zanonimizowane w taki spos\u00f3b, \u017ce osoba fizyczna nie jest lub nie jest ju\u017c mo\u017cliwa do zidentyfikowania, nie s\u0105 ju\u017c uwa\u017cane za dane osobowe. Aby dane zosta\u0142y rzeczywi\u015bcie zanonimizowane, anonimizacja musi by\u0107 nieodwracalna.<\/p><p style=\"font-size: medium;\">RODO chroni dane osobowe niezale\u017cnie od technologii wykorzystywanej do przetwarzania danych - jest \"technologicznie neutralne\" i ma zastosowanie zar\u00f3wno do przetwarzania automatycznego, jak i r\u0119cznego, pod warunkiem, \u017ce dane s\u0105 zorganizowane zgodnie z wcze\u015bniej okre\u015blonymi kryteriami (na przyk\u0142ad w porz\u0105dku alfabetycznym). Nie ma r\u00f3wnie\u017c znaczenia, w jaki spos\u00f3b dane s\u0105 przechowywane - w systemie teleinformatycznym, za pomoc\u0105 monitoringu wizyjnego lub na papierze; we wszystkich tych przypadkach dane osobowe podlegaj\u0105 wymogom ochrony sformu\u0142owanym w RODO.<\/p><h2 style=\"margin-top: 64px; text-transform: uppercase; color: #000000; font-family: Roboto, sans-serif;\">JAKIEGO RODZAJU DANE OSOBOWE ZBIERAMY OD U\u017bYTKOWNIKA?<\/h2><p style=\"font-size: medium;\">Informacje i dane osobowe, kt\u00f3re zbieramy o u\u017cytkowniku podczas odwiedzania naszych witryn internetowych lub interakcji z nami, to:<\/p><p style=\"font-size: medium;\"><span style=\"font-weight: bold;\">Dane osobowe podane przez u\u017cytkownika<\/span>. S\u0105 to:<\/p><ul style=\"font-size: medium;\"><li>adres e-mail podczas tworzenia konta u\u017cytkownika;<\/li><li>imi\u0119 i nazwisko, adres e-mail, numer telefonu, gromadzone podczas rejestracji online lub za po\u015brednictwem poczty elektronicznej, wnioski i skargi, wysy\u0142anie wiadomo\u015bci lub opinii, udzia\u0142 w ankietach, w zakresie, w jakim u\u017cytkownik dobrowolnie je podaje;<\/li><li>adres e-mail podczas subskrypcji naszych biuletyn\u00f3w;<\/li><li>imi\u0119 i nazwisko oraz adres rozliczeniowy podczas dokonywania zakup\u00f3w na platformie;<\/li><li>imi\u0119 i nazwisko, adres e-mail, numer telefonu podczas uczestnictwa w naszych ofertach i promocjach.<\/li><\/ul><h2 style=\"margin-top: 64px; text-transform: uppercase; color: #000000; font-family: Roboto, sans-serif;\">JAKIEGO RODZAJU DANE OSOBOWE GROMADZ\u0104 OSOBY TRZECIE PODCZAS KORZYSTANIA Z LIVRESQ?<\/h2><p style=\"font-size: medium;\"><span style=\"font-weight: bold;\">Informacje dotycz\u0105ce p\u0142atno\u015bci<\/span>\u00a0- Dane konta p\u0142atniczego u\u017cytkownika, numery kart kredytowych i debetowych, data wa\u017cno\u015bci, adres e-mail, imi\u0119 i nazwisko na karcie s\u0105 gromadzone bezpo\u015brednio przez firm\u0119, kt\u00f3ra zapewnia przelew online kwot zatwierdzonych przez u\u017cytkownika. Odpowiednie dane nie s\u0105 przekazywane do Ascendia i podlegaj\u0105 zasadom ochrony danych w\u0142a\u015bciwym dla danego operatora.<\/p><p style=\"font-size: medium;\"><span style=\"font-weight: bold;\">Informacje zbierane automatycznie\u00a0<\/span>- informacje o komputerze, adresie IP i przegl\u0105darce, informacje o u\u017cytkowniku s\u0105 gromadzone przez Google Analytics i zarz\u0105dzane przez ni\u0105 zgodnie z jej w\u0142asnymi zasadami RODO. Ascendia nie ma dost\u0119pu do zgromadzonych w ten spos\u00f3b danych osobowych, a jedyne dost\u0119pne informacje maj\u0105 charakter statystyczny. W witrynie Livresq nie s\u0105 u\u017cywane pliki cookie firmy Ascendia.<\/p><h2 style=\"margin-top: 64px; text-transform: uppercase; color: #000000; font-family: Roboto, sans-serif;\">DLACZEGO GROMADZIMY DANE OSOBOWE U\u017bYTKOWNIK\u00d3W?<\/h2><p style=\"font-size: medium;\">Gromadzimy i wykorzystujemy dane osobowe u\u017cytkownik\u00f3w w celach okre\u015blonych poni\u017cej i w granicach prawa:<\/p><ul style=\"font-size: medium;\"><li>Aby uzyska\u0107 dost\u0119p do naszych produkt\u00f3w (logowanie);<\/li><li>W celu wysy\u0142ania newsletter\u00f3w, ankiet, informacji zwi\u0105zanych z wydarzeniami organizowanymi przez Ascendia, w zakresie, w jakim u\u017cytkownik wyrazi\u0142 na to zgod\u0119;<\/li><li>Odpowiadanie na pro\u015bby, komentarze lub skargi u\u017cytkownik\u00f3w;<\/li><li>W celu opracowania faktur za dokonane zakupy, zgodnie z obowi\u0105zuj\u0105cymi przepisami.<\/li><\/ul><h2 style=\"margin-top: 64px; text-transform: uppercase; color: #000000; font-family: Roboto, sans-serif;\">JAK D\u0141UGO PRZECHOWUJEMY DANE OSOBOWE?<\/h2><p style=\"font-size: medium;\">B\u0119dziemy przechowywa\u0107 dane osobowe u\u017cytkownika tylko tak d\u0142ugo, jak b\u0119dzie to konieczne do realizacji celu, dla kt\u00f3rego zosta\u0142y one przez nas przekazane lub zebrane (na przyk\u0142ad przez okres niezb\u0119dny do udzielenia odpowiedzi na pytania lub rozwi\u0105zania problem\u00f3w).<\/p><p style=\"font-size: medium;\">Dane logowania zostan\u0105 usuni\u0119te po usuni\u0119ciu konta. Dane dotycz\u0105ce otrzymywania korespondencji od Ascendia zostan\u0105 usuni\u0119te w dowolnym momencie na \u017c\u0105danie u\u017cytkownika. Dane zwi\u0105zane z transakcjami finansowymi b\u0119d\u0105 przechowywane przez okres wymagany przepisami prawa.<\/p><h2 style=\"margin-top: 64px; text-transform: uppercase; color: #000000; font-family: Roboto, sans-serif;\">TWOJA ZGODA<\/h2><p style=\"font-size: medium;\">Zgoda na wykorzystywanie danych osobowych jest wyra\u017cana podczas tworzenia konta u\u017cytkownika poprzez zaznaczenie odpowiedniego pola RODO na stronie tworzenia konta. Zgoda nie jest dorozumiana i warunkuje za\u0142o\u017cenie konta. U\u017cytkownik mo\u017ce wycofa\u0107 swoj\u0105 zgod\u0119, \u017c\u0105daj\u0105c usuni\u0119cia konta w dowolnym momencie.<\/p><h2 style=\"margin-top: 64px; text-transform: uppercase; color: #000000; font-family: Roboto, sans-serif;\">BEZPIECZE\u0143STWO DANYCH OSOBOWYCH<\/h2><p style=\"font-size: medium;\">Dane osobowe s\u0105 zabezpieczone przed zagro\u017ceniami i zapewniamy, \u017ce s\u0105 one chronione przez infrastruktur\u0119 IT i odpowiednie \u015brodki bezpiecze\u0144stwa. Ponadto wdro\u017cyli\u015bmy wewn\u0119trzne \u015brodki, kt\u00f3re pozwalaj\u0105 nam wykrywa\u0107, zg\u0142asza\u0107 i dokumentowa\u0107 naruszenia bezpiecze\u0144stwa tak szybko, jak to mo\u017cliwe.<\/p><p style=\"font-size: medium;\">W przypadku wykrycia jakichkolwiek narusze\u0144 danych osobowych, kt\u00f3re stwarzaj\u0105 ryzyko dla praw i wolno\u015bci u\u017cytkownika, poinformujemy o tym krajowy organ nadzorczy ds. przetwarzania danych osobowych. U\u017cytkownik zostanie poinformowany o naruszeniu jego danych osobowych, je\u015bli prowadzi to do wysokiego ryzyka dla jego praw i wolno\u015bci.<\/p><h2 style=\"margin-top: 64px; text-transform: uppercase; color: #000000; font-family: Roboto, sans-serif;\">KONTAKT<\/h2><p style=\"font-size: medium;\">Dzi\u0119kujemy za okazane nam zaufanie i po\u015bwi\u0119cenie czasu na zapoznanie si\u0119 z naszymi informacjami dotycz\u0105cymi przetwarzania danych osobowych. Je\u015bli potrzebujesz wi\u0119cej informacji, a nie znajdziesz ich powy\u017cej, mo\u017cesz skontaktowa\u0107 si\u0119 z nami pod adresem e-mail: <a href=\"mailto:contact@livresq.com\">contact@livresq.com<\/a>.<\/p><\/div>\t\t\t\t\t\t\t\t<\/div>\n\t\t\t\t<\/div>\n\t\t\t\t\t<\/div>\n\t\t<\/div>\n\t\t\t\t\t<\/div>\n\t\t<\/section>\n\t\t\t\t<\/div>","protected":false},"excerpt":{"rendered":"<p>Personal Data Protection and Privacy Policy (GDPR) \u00a0 WHAT ARE PERSONAL DATA? Personal data are any information, which refers to an identified or identifiable natural person. The different information that, together, can lead to the identification of a certain person is also personal data. Personal data that has been anonymized, encrypted or pseudonymized but can [&hellip;]<\/p>\n","protected":false},"author":2,"featured_media":0,"parent":0,"menu_order":0,"comment_status":"closed","ping_status":"closed","template":"","meta":{"footnotes":""},"class_list":["post-73","page","type-page","status-publish","hentry"],"yoast_head":"<!-- This site is optimized with the Yoast SEO plugin v27.2 - https:\/\/yoast.com\/product\/yoast-seo-wordpress\/ -->\n<title>GDPR - LIVRESQ<\/title>\n<meta name=\"robots\" content=\"index, follow, max-snippet:-1, max-image-preview:large, max-video-preview:-1\" \/>\n<link rel=\"canonical\" href=\"https:\/\/livresq.com\/pl\/gdpr\/\" \/>\n<meta property=\"og:locale\" content=\"pl_PL\" \/>\n<meta property=\"og:type\" content=\"article\" \/>\n<meta property=\"og:title\" content=\"GDPR - LIVRESQ\" \/>\n<meta property=\"og:description\" content=\"Personal Data Protection and Privacy Policy (GDPR) \u00a0 WHAT ARE PERSONAL DATA? Personal data are any information, which refers to an identified or identifiable natural person. The different information that, together, can lead to the identification of a certain person is also personal data. Personal data that has been anonymized, encrypted or pseudonymized but can [&hellip;]\" \/>\n<meta property=\"og:url\" content=\"https:\/\/livresq.com\/pl\/gdpr\/\" \/>\n<meta property=\"og:site_name\" content=\"LIVRESQ\" \/>\n<meta property=\"article:modified_time\" content=\"2020-01-17T14:51:13+00:00\" \/>\n<meta name=\"twitter:card\" content=\"summary_large_image\" \/>\n<meta name=\"twitter:label1\" content=\"Szacowany czas czytania\" \/>\n\t<meta name=\"twitter:data1\" content=\"4 minuty\" \/>\n<script type=\"application\/ld+json\" class=\"yoast-schema-graph\">{\"@context\":\"https:\/\/schema.org\",\"@graph\":[{\"@type\":\"WebPage\",\"@id\":\"https:\/\/livresq.com\/gdpr\/\",\"url\":\"https:\/\/livresq.com\/gdpr\/\",\"name\":\"GDPR - LIVRESQ\",\"isPartOf\":{\"@id\":\"https:\/\/livresq.com\/en\/#website\"},\"datePublished\":\"2019-07-23T06:51:36+00:00\",\"dateModified\":\"2020-01-17T14:51:13+00:00\",\"breadcrumb\":{\"@id\":\"https:\/\/livresq.com\/gdpr\/#breadcrumb\"},\"inLanguage\":\"pl-PL\",\"potentialAction\":[{\"@type\":\"ReadAction\",\"target\":[\"https:\/\/livresq.com\/gdpr\/\"]}]},{\"@type\":\"BreadcrumbList\",\"@id\":\"https:\/\/livresq.com\/gdpr\/#breadcrumb\",\"itemListElement\":[{\"@type\":\"ListItem\",\"position\":1,\"name\":\"Prima pagin\u0103\",\"item\":\"https:\/\/livresq.com\/\"},{\"@type\":\"ListItem\",\"position\":2,\"name\":\"GDPR\"}]},{\"@type\":\"WebSite\",\"@id\":\"https:\/\/livresq.com\/en\/#website\",\"url\":\"https:\/\/livresq.com\/en\/\",\"name\":\"LIVRESQ\",\"description\":\"eLearning Authoring Tool\",\"publisher\":{\"@id\":\"https:\/\/livresq.com\/en\/#organization\"},\"potentialAction\":[{\"@type\":\"SearchAction\",\"target\":{\"@type\":\"EntryPoint\",\"urlTemplate\":\"https:\/\/livresq.com\/en\/?s={search_term_string}\"},\"query-input\":{\"@type\":\"PropertyValueSpecification\",\"valueRequired\":true,\"valueName\":\"search_term_string\"}}],\"inLanguage\":\"pl-PL\"},{\"@type\":\"Organization\",\"@id\":\"https:\/\/livresq.com\/en\/#organization\",\"name\":\"LIVRESQ - Authoring Tool\",\"url\":\"https:\/\/livresq.com\/en\/\",\"logo\":{\"@type\":\"ImageObject\",\"inLanguage\":\"pl-PL\",\"@id\":\"https:\/\/livresq.com\/en\/#\/schema\/logo\/image\/\",\"url\":\"https:\/\/i0.wp.com\/livresq.com\/wp-content\/uploads\/2019\/07\/cropped-Logo.png?fit=1054%2C575&ssl=1\",\"contentUrl\":\"https:\/\/i0.wp.com\/livresq.com\/wp-content\/uploads\/2019\/07\/cropped-Logo.png?fit=1054%2C575&ssl=1\",\"width\":1054,\"height\":575,\"caption\":\"LIVRESQ - Authoring Tool\"},\"image\":{\"@id\":\"https:\/\/livresq.com\/en\/#\/schema\/logo\/image\/\"}}]}<\/script>\n<!-- \/ Yoast SEO plugin. -->","yoast_head_json":{"title":"RODO - LIVRESQ","robots":{"index":"index","follow":"follow","max-snippet":"max-snippet:-1","max-image-preview":"max-image-preview:large","max-video-preview":"max-video-preview:-1"},"canonical":"https:\/\/livresq.com\/pl\/gdpr\/","og_locale":"pl_PL","og_type":"article","og_title":"GDPR - LIVRESQ","og_description":"Personal Data Protection and Privacy Policy (GDPR) \u00a0 WHAT ARE PERSONAL DATA? Personal data are any information, which refers to an identified or identifiable natural person. The different information that, together, can lead to the identification of a certain person is also personal data. Personal data that has been anonymized, encrypted or pseudonymized but can [&hellip;]","og_url":"https:\/\/livresq.com\/pl\/gdpr\/","og_site_name":"LIVRESQ","article_modified_time":"2020-01-17T14:51:13+00:00","twitter_card":"summary_large_image","twitter_misc":{"Szacowany czas czytania":"4 minuty"},"schema":{"@context":"https:\/\/schema.org","@graph":[{"@type":"WebPage","@id":"https:\/\/livresq.com\/gdpr\/","url":"https:\/\/livresq.com\/gdpr\/","name":"RODO - LIVRESQ","isPartOf":{"@id":"https:\/\/livresq.com\/en\/#website"},"datePublished":"2019-07-23T06:51:36+00:00","dateModified":"2020-01-17T14:51:13+00:00","breadcrumb":{"@id":"https:\/\/livresq.com\/gdpr\/#breadcrumb"},"inLanguage":"pl-PL","potentialAction":[{"@type":"ReadAction","target":["https:\/\/livresq.com\/gdpr\/"]}]},{"@type":"BreadcrumbList","@id":"https:\/\/livresq.com\/gdpr\/#breadcrumb","itemListElement":[{"@type":"ListItem","position":1,"name":"Prima pagin\u0103","item":"https:\/\/livresq.com\/"},{"@type":"ListItem","position":2,"name":"GDPR"}]},{"@type":"WebSite","@id":"https:\/\/livresq.com\/en\/#website","url":"https:\/\/livresq.com\/en\/","name":"LIVRESQ","description":"Narz\u0119dzie do tworzenia e-learningu","publisher":{"@id":"https:\/\/livresq.com\/en\/#organization"},"potentialAction":[{"@type":"SearchAction","target":{"@type":"EntryPoint","urlTemplate":"https:\/\/livresq.com\/en\/?s={search_term_string}"},"query-input":{"@type":"PropertyValueSpecification","valueRequired":true,"valueName":"search_term_string"}}],"inLanguage":"pl-PL"},{"@type":"Organization","@id":"https:\/\/livresq.com\/en\/#organization","name":"LIVRESQ - Narz\u0119dzie autorskie","url":"https:\/\/livresq.com\/en\/","logo":{"@type":"ImageObject","inLanguage":"pl-PL","@id":"https:\/\/livresq.com\/en\/#\/schema\/logo\/image\/","url":"https:\/\/i0.wp.com\/livresq.com\/wp-content\/uploads\/2019\/07\/cropped-Logo.png?fit=1054%2C575&ssl=1","contentUrl":"https:\/\/i0.wp.com\/livresq.com\/wp-content\/uploads\/2019\/07\/cropped-Logo.png?fit=1054%2C575&ssl=1","width":1054,"height":575,"caption":"LIVRESQ - Authoring Tool"},"image":{"@id":"https:\/\/livresq.com\/en\/#\/schema\/logo\/image\/"}}]}},"_links":{"self":[{"href":"https:\/\/livresq.com\/pl\/wp-json\/wp\/v2\/pages\/73","targetHints":{"allow":["GET"]}}],"collection":[{"href":"https:\/\/livresq.com\/pl\/wp-json\/wp\/v2\/pages"}],"about":[{"href":"https:\/\/livresq.com\/pl\/wp-json\/wp\/v2\/types\/page"}],"author":[{"embeddable":true,"href":"https:\/\/livresq.com\/pl\/wp-json\/wp\/v2\/users\/2"}],"replies":[{"embeddable":true,"href":"https:\/\/livresq.com\/pl\/wp-json\/wp\/v2\/comments?post=73"}],"version-history":[{"count":0,"href":"https:\/\/livresq.com\/pl\/wp-json\/wp\/v2\/pages\/73\/revisions"}],"wp:attachment":[{"href":"https:\/\/livresq.com\/pl\/wp-json\/wp\/v2\/media?parent=73"}],"curies":[{"name":"wp","href":"https:\/\/api.w.org\/{rel}","templated":true}]}}