



{"id":8264,"date":"2020-01-17T16:42:36","date_gmt":"2020-01-17T14:42:36","guid":{"rendered":"https:\/\/livresq.com\/?page_id=8264"},"modified":"2026-03-31T12:33:09","modified_gmt":"2026-03-31T09:33:09","slug":"gdpr-ro","status":"publish","type":"page","link":"https:\/\/livresq.com\/pl\/gdpr-ro\/","title":{"rendered":"GDPR-RO"},"content":{"rendered":"<div data-elementor-type=\"wp-page\" data-elementor-id=\"8264\" class=\"elementor elementor-8264\" data-elementor-post-type=\"page\">\n\t\t\t\t\t\t<section class=\"elementor-section elementor-top-section elementor-element elementor-element-2100a55 elementor-section-boxed elementor-section-height-default elementor-section-height-default\" data-id=\"2100a55\" data-element_type=\"section\">\n\t\t\t\t\t\t<div class=\"elementor-container elementor-column-gap-default\">\n\t\t\t\t\t<div class=\"elementor-column elementor-col-100 elementor-top-column elementor-element elementor-element-5157ade\" data-id=\"5157ade\" data-element_type=\"column\">\n\t\t\t<div class=\"elementor-widget-wrap\">\n\t\t\t\t\t\t\t<\/div>\n\t\t<\/div>\n\t\t\t\t\t<\/div>\n\t\t<\/section>\n\t\t\t\t<section class=\"elementor-section elementor-top-section elementor-element elementor-element-3111aaf elementor-section-boxed elementor-section-height-default elementor-section-height-default\" data-id=\"3111aaf\" data-element_type=\"section\">\n\t\t\t\t\t\t<div class=\"elementor-container elementor-column-gap-default\">\n\t\t\t\t\t<div class=\"elementor-column elementor-col-100 elementor-top-column elementor-element elementor-element-847dc75\" data-id=\"847dc75\" data-element_type=\"column\">\n\t\t\t<div class=\"elementor-widget-wrap elementor-element-populated\">\n\t\t\t\t\t\t<div class=\"elementor-element elementor-element-bbd61a1 elementor-widget elementor-widget-heading\" data-id=\"bbd61a1\" data-element_type=\"widget\" data-widget_type=\"heading.default\">\n\t\t\t\t<div class=\"elementor-widget-container\">\n\t\t\t\t\t<h3 class=\"elementor-heading-title elementor-size-default\"><b>Przetwarzanie danych osobowych i polityka prywatno\u015bci (RODO)<\/b><\/h3>\t\t\t\t<\/div>\n\t\t\t\t<\/div>\n\t\t\t\t<div class=\"elementor-element elementor-element-9e33ed4 elementor-widget elementor-widget-text-editor\" data-id=\"9e33ed4\" data-element_type=\"widget\" data-widget_type=\"text-editor.default\">\n\t\t\t\t<div class=\"elementor-widget-container\">\n\t\t\t\t\t\t\t\t\t<header class=\"entry-header\"><p class=\"entry-title\">\u00a0<\/p><\/header><div class=\"entry-content\"><h2>CZYM S\u0104 DANE OSOBOWE?<\/h2><p>Dane osobowe to wszelkie informacje dotycz\u0105ce zidentyfikowanej lub mo\u017cliwej do zidentyfikowania osoby fizycznej. R\u00f3\u017cne informacje, kt\u00f3re \u0142\u0105cznie mog\u0105 prowadzi\u0107 do identyfikacji konkretnej osoby, r\u00f3wnie\u017c stanowi\u0105 dane osobowe. Dane osobowe, kt\u00f3re zosta\u0142y zanonimizowane, zaszyfrowane lub pseudo-anonimizowane, ale mog\u0105 by\u0107 wykorzystane do ponownej identyfikacji osoby, pozostaj\u0105 danymi osobowymi i s\u0105 obj\u0119te RODO. Dane osobowe, kt\u00f3re zosta\u0142y zanonimizowane w taki spos\u00f3b, \u017ce osoba fizyczna nie jest lub nie jest ju\u017c mo\u017cliwa do zidentyfikowania, nie s\u0105 ju\u017c uwa\u017cane za dane osobowe. Aby dane zosta\u0142y rzeczywi\u015bcie zanonimizowane, anonimizacja musi by\u0107 nieodwracalna.<\/p><p>RODO chroni dane osobowe niezale\u017cnie od technologii wykorzystywanej do przetwarzania tych danych - jest \"neutralne technologicznie\" i ma zastosowanie zar\u00f3wno do zautomatyzowanego, jak i r\u0119cznego przetwarzania, pod warunkiem, \u017ce dane s\u0105 uporz\u0105dkowane zgodnie z wcze\u015bniej okre\u015blonymi kryteriami (np. alfabetycznie). Nie ma r\u00f3wnie\u017c znaczenia, w jaki spos\u00f3b dane s\u0105 przechowywane - w systemie teleinformatycznym, za pomoc\u0105 monitoringu wizyjnego lub na papierze; we wszystkich tych przypadkach dane osobowe podlegaj\u0105 wymogom ochrony okre\u015blonym w RODO.<\/p><h2>JAKIE DANE OSOBOWE ZBIERAMY OD U\u017bYTKOWNIKA?<\/h2><p>Dane osobowe i informacje, kt\u00f3re gromadzimy o u\u017cytkowniku podczas odwiedzania naszych witryn internetowych lub interakcji z nami:<\/p><p><b>Dane osobowe podane przez u\u017cytkownika<\/b>. S\u0105 to:<\/p><ul><li>adres e-mail podczas tworzenia konta u\u017cytkownika;<\/li><li>imi\u0119 i nazwisko, adres e-mail, numer telefonu, zbierane podczas rejestracji online lub za po\u015brednictwem poczty elektronicznej w zwi\u0105zku ze sk\u0142adanymi wnioskami i skargami, wysy\u0142aniem wiadomo\u015bci lub informacji zwrotnych, udzia\u0142em w ankietach, w zakresie, w jakim u\u017cytkownik dobrowolnie je poda;<\/li><li>adres e-mail u\u017cytkownika podczas subskrypcji naszego biuletynu;<\/li><li>imi\u0119 i nazwisko oraz adres rozliczeniowy podczas dokonywania zakup\u00f3w na platformie;<\/li><li>imi\u0119 i nazwisko, adres e-mail, numer telefonu w przypadku uczestnictwa w naszych ofertach i promocjach.<\/li><\/ul><h2>JAKIE DANE OSOBOWE GROMADZ\u0104 OSOBY TRZECIE. PODCZAS KORZYSTANIA Z LIVRESQ?<\/h2><p><b>Informacje dotycz\u0105ce p\u0142atno\u015bci<\/b>\u00a0- Dane konta p\u0142atniczego, numery kart kredytowych i debetowych, data wa\u017cno\u015bci, adres e-mail, imi\u0119 i nazwisko na karcie s\u0105 gromadzone bezpo\u015brednio przez firm\u0119, kt\u00f3ra zapewnia przelew online kwot zatwierdzonych przez u\u017cytkownika. Dane te nie s\u0105 przekazywane do Ascendia i podlegaj\u0105 zasadom ochrony danych w\u0142a\u015bciwym dla tego operatora.<\/p><p><b>Informacje zbierane automatycznie<\/b>\u00a0- Informacje o komputerze, adresie IP i przegl\u0105darce, informacje o u\u017cytkowniku s\u0105 gromadzone przez Google Analytics i zarz\u0105dzane przez Google Analytics zgodnie z jego w\u0142asnymi zasadami RODO. Ascendia nie ma dost\u0119pu do zebranych w ten spos\u00f3b danych osobowych, jedyne dost\u0119pne informacje maj\u0105 charakter statystyczny. W\u0142asne pliki cookie firmy Ascendia nie s\u0105 u\u017cywane na stronie internetowej LIVRESQ.<\/p><h2>DLACZEGO ZBIERAMY DANE DANE OSOBOWE?<\/h2><p>Gromadzimy i wykorzystujemy dane osobowe u\u017cytkownik\u00f3w w celach okre\u015blonych poni\u017cej i w granicach prawa:<\/p><ul><li>Aby uzyska\u0107 dost\u0119p do naszych produkt\u00f3w (zaloguj si\u0119);<\/li><li>W celu przesy\u0142ania newsletter\u00f3w, ankiet, informacji zwi\u0105zanych z wydarzeniami organizowanymi przez Ascendia, w zakresie, w jakim u\u017cytkownik wyrazi\u0142 na to zgod\u0119;<\/li><li>Odpowiadanie na pro\u015bby, komentarze lub skargi u\u017cytkownik\u00f3w;<\/li><li>W celu przygotowania faktur za dokonane zakupy, zgodnie z obowi\u0105zuj\u0105cymi przepisami.<\/li><\/ul><h2>JAK D\u0141UGO PRZECHOWUJEMY DANE DANE OSOBOWE?<\/h2><p>B\u0119dziemy przechowywa\u0107 dane osobowe u\u017cytkownika tylko tak d\u0142ugo, jak b\u0119dzie to konieczne do realizacji celu, dla kt\u00f3rego zosta\u0142y one dostarczone przez u\u017cytkownika lub zebrane przez nas (na przyk\u0142ad przez okres niezb\u0119dny do udzielenia odpowiedzi na zapytanie u\u017cytkownika lub rozwi\u0105zania problem\u00f3w).<\/p><p>Dane logowania zostan\u0105 usuni\u0119te po usuni\u0119ciu konta. Dane zwi\u0105zane z otrzymywaniem korespondencji od Ascendia zostan\u0105 usuni\u0119te w dowolnym momencie na \u017c\u0105danie u\u017cytkownika. Dane zwi\u0105zane z transakcjami finansowymi b\u0119d\u0105 przechowywane przez okres wymagany przepisami prawa.<\/p><h2>TWOJA ZGODA<\/h2><p>Zgoda na wykorzystanie danych osobowych jest wyra\u017cana podczas tworzenia konta u\u017cytkownika poprzez zaznaczenie odpowiedniego pola RODO na stronie tworzenia konta. Zgoda nie jest dorozumiana i jest uzale\u017cniona od utworzenia konta. U\u017cytkownik mo\u017ce wycofa\u0107 swoj\u0105 zgod\u0119, \u017c\u0105daj\u0105c usuni\u0119cia konta w dowolnym momencie.<\/p><h2>BEZPIECZE\u0143STWO DANYCH OSOBOWYCH<\/h2><p>Dane osobowe s\u0105 zabezpieczone przed zagro\u017ceniami i zapewniamy ich ochron\u0119 za pomoc\u0105 odpowiedniej infrastruktury informatycznej i \u015brodk\u00f3w bezpiecze\u0144stwa. Ponadto wdro\u017cyli\u015bmy \u015brodki wewn\u0119trzne, kt\u00f3re umo\u017cliwiaj\u0105 nam jak najszybsze wykrywanie, zg\u0142aszanie i dokumentowanie narusze\u0144 bezpiecze\u0144stwa.<\/p><p>Je\u015bli wykryjemy jakiekolwiek naruszenie danych osobowych, kt\u00f3re stwarza ryzyko dla praw i wolno\u015bci u\u017cytkownika, poinformujemy o tym krajowy organ nadzorczy ds. przetwarzania danych osobowych. U\u017cytkownik zostanie poinformowany o naruszeniu jego danych osobowych, je\u015bli prowadzi to do wysokiego ryzyka dla jego praw i wolno\u015bci.<\/p><h2>KONTAKT<\/h2><p>Dzi\u0119kujemy za powierzenie nam swoich danych osobowych i po\u015bwi\u0119cenie czasu na zapoznanie si\u0119 z nasz\u0105 informacj\u0105 o przetwarzaniu danych osobowych. Je\u015bli potrzebujesz wi\u0119cej informacji, a nie s\u0105 one wymienione powy\u017cej, mo\u017cesz skontaktowa\u0107 si\u0119 z nami za po\u015brednictwem poczty elektronicznej:\u00a0<a href=\"mailto:contact@livresq.com\">contact@livresq.com<\/a>.<\/p><\/div>\t\t\t\t\t\t\t\t<\/div>\n\t\t\t\t<\/div>\n\t\t\t\t\t<\/div>\n\t\t<\/div>\n\t\t\t\t\t<\/div>\n\t\t<\/section>\n\t\t\t\t<\/div>","protected":false},"excerpt":{"rendered":"<p>Politica privind prelucrarea datelor cu caracter personal \u0219i confiden\u021bialitatea datelor (GDPR) \u00a0 CE SUNT DATELE CU CARACTER PERSONAL? Datele cu caracter personal sunt orice informa\u021bii care se refer\u0103 la o persoan\u0103 fizic\u0103 identificat\u0103 sau identificabil\u0103. Informa\u021biile diferite care, adunate, pot duce la identificarea unei anumite persoane constituie \u0219i ele date cu caracter personal. Datele cu [&hellip;]<\/p>\n","protected":false},"author":2,"featured_media":0,"parent":0,"menu_order":0,"comment_status":"closed","ping_status":"closed","template":"","meta":{"footnotes":""},"class_list":["post-8264","page","type-page","status-publish","hentry"],"yoast_head":"<!-- This site is optimized with the Yoast SEO plugin v27.2 - https:\/\/yoast.com\/product\/yoast-seo-wordpress\/ -->\n<title>GDPR-RO - LIVRESQ<\/title>\n<meta name=\"robots\" content=\"index, follow, max-snippet:-1, max-image-preview:large, max-video-preview:-1\" \/>\n<link rel=\"canonical\" href=\"https:\/\/livresq.com\/pl\/gdpr-ro\/\" \/>\n<meta property=\"og:locale\" content=\"pl_PL\" \/>\n<meta property=\"og:type\" content=\"article\" \/>\n<meta property=\"og:title\" content=\"GDPR-RO - LIVRESQ\" \/>\n<meta property=\"og:description\" content=\"Politica privind prelucrarea datelor cu caracter personal \u0219i confiden\u021bialitatea datelor (GDPR) \u00a0 CE SUNT DATELE CU CARACTER PERSONAL? Datele cu caracter personal sunt orice informa\u021bii care se refer\u0103 la o persoan\u0103 fizic\u0103 identificat\u0103 sau identificabil\u0103. Informa\u021biile diferite care, adunate, pot duce la identificarea unei anumite persoane constituie \u0219i ele date cu caracter personal. Datele cu [&hellip;]\" \/>\n<meta property=\"og:url\" content=\"https:\/\/livresq.com\/pl\/gdpr-ro\/\" \/>\n<meta property=\"og:site_name\" content=\"LIVRESQ\" \/>\n<meta property=\"article:modified_time\" content=\"2026-03-31T09:33:09+00:00\" \/>\n<meta name=\"twitter:card\" content=\"summary_large_image\" \/>\n<meta name=\"twitter:label1\" content=\"Szacowany czas czytania\" \/>\n\t<meta name=\"twitter:data1\" content=\"4 minuty\" \/>\n<script type=\"application\/ld+json\" class=\"yoast-schema-graph\">{\"@context\":\"https:\/\/schema.org\",\"@graph\":[{\"@type\":\"WebPage\",\"@id\":\"https:\/\/livresq.com\/en\/gdpr-ro\/\",\"url\":\"https:\/\/livresq.com\/en\/gdpr-ro\/\",\"name\":\"GDPR-RO - LIVRESQ\",\"isPartOf\":{\"@id\":\"https:\/\/livresq.com\/en\/#website\"},\"datePublished\":\"2020-01-17T14:42:36+00:00\",\"dateModified\":\"2026-03-31T09:33:09+00:00\",\"breadcrumb\":{\"@id\":\"https:\/\/livresq.com\/en\/gdpr-ro\/#breadcrumb\"},\"inLanguage\":\"pl-PL\",\"potentialAction\":[{\"@type\":\"ReadAction\",\"target\":[\"https:\/\/livresq.com\/en\/gdpr-ro\/\"]}]},{\"@type\":\"BreadcrumbList\",\"@id\":\"https:\/\/livresq.com\/en\/gdpr-ro\/#breadcrumb\",\"itemListElement\":[{\"@type\":\"ListItem\",\"position\":1,\"name\":\"Prima pagin\u0103\",\"item\":\"https:\/\/livresq.com\/\"},{\"@type\":\"ListItem\",\"position\":2,\"name\":\"GDPR-RO\"}]},{\"@type\":\"WebSite\",\"@id\":\"https:\/\/livresq.com\/en\/#website\",\"url\":\"https:\/\/livresq.com\/en\/\",\"name\":\"LIVRESQ\",\"description\":\"eLearning Authoring Tool\",\"publisher\":{\"@id\":\"https:\/\/livresq.com\/en\/#organization\"},\"potentialAction\":[{\"@type\":\"SearchAction\",\"target\":{\"@type\":\"EntryPoint\",\"urlTemplate\":\"https:\/\/livresq.com\/en\/?s={search_term_string}\"},\"query-input\":{\"@type\":\"PropertyValueSpecification\",\"valueRequired\":true,\"valueName\":\"search_term_string\"}}],\"inLanguage\":\"pl-PL\"},{\"@type\":\"Organization\",\"@id\":\"https:\/\/livresq.com\/en\/#organization\",\"name\":\"LIVRESQ - Authoring Tool\",\"url\":\"https:\/\/livresq.com\/en\/\",\"logo\":{\"@type\":\"ImageObject\",\"inLanguage\":\"pl-PL\",\"@id\":\"https:\/\/livresq.com\/en\/#\/schema\/logo\/image\/\",\"url\":\"https:\/\/i0.wp.com\/livresq.com\/wp-content\/uploads\/2019\/07\/cropped-Logo.png?fit=1054%2C575&ssl=1\",\"contentUrl\":\"https:\/\/i0.wp.com\/livresq.com\/wp-content\/uploads\/2019\/07\/cropped-Logo.png?fit=1054%2C575&ssl=1\",\"width\":1054,\"height\":575,\"caption\":\"LIVRESQ - Authoring Tool\"},\"image\":{\"@id\":\"https:\/\/livresq.com\/en\/#\/schema\/logo\/image\/\"}}]}<\/script>\n<!-- \/ Yoast SEO plugin. -->","yoast_head_json":{"title":"GDPR-RO - LIVRESQ","robots":{"index":"index","follow":"follow","max-snippet":"max-snippet:-1","max-image-preview":"max-image-preview:large","max-video-preview":"max-video-preview:-1"},"canonical":"https:\/\/livresq.com\/pl\/gdpr-ro\/","og_locale":"pl_PL","og_type":"article","og_title":"GDPR-RO - LIVRESQ","og_description":"Politica privind prelucrarea datelor cu caracter personal \u0219i confiden\u021bialitatea datelor (GDPR) \u00a0 CE SUNT DATELE CU CARACTER PERSONAL? Datele cu caracter personal sunt orice informa\u021bii care se refer\u0103 la o persoan\u0103 fizic\u0103 identificat\u0103 sau identificabil\u0103. Informa\u021biile diferite care, adunate, pot duce la identificarea unei anumite persoane constituie \u0219i ele date cu caracter personal. Datele cu [&hellip;]","og_url":"https:\/\/livresq.com\/pl\/gdpr-ro\/","og_site_name":"LIVRESQ","article_modified_time":"2026-03-31T09:33:09+00:00","twitter_card":"summary_large_image","twitter_misc":{"Szacowany czas czytania":"4 minuty"},"schema":{"@context":"https:\/\/schema.org","@graph":[{"@type":"WebPage","@id":"https:\/\/livresq.com\/en\/gdpr-ro\/","url":"https:\/\/livresq.com\/en\/gdpr-ro\/","name":"GDPR-RO - LIVRESQ","isPartOf":{"@id":"https:\/\/livresq.com\/en\/#website"},"datePublished":"2020-01-17T14:42:36+00:00","dateModified":"2026-03-31T09:33:09+00:00","breadcrumb":{"@id":"https:\/\/livresq.com\/en\/gdpr-ro\/#breadcrumb"},"inLanguage":"pl-PL","potentialAction":[{"@type":"ReadAction","target":["https:\/\/livresq.com\/en\/gdpr-ro\/"]}]},{"@type":"BreadcrumbList","@id":"https:\/\/livresq.com\/en\/gdpr-ro\/#breadcrumb","itemListElement":[{"@type":"ListItem","position":1,"name":"Prima pagin\u0103","item":"https:\/\/livresq.com\/"},{"@type":"ListItem","position":2,"name":"GDPR-RO"}]},{"@type":"WebSite","@id":"https:\/\/livresq.com\/en\/#website","url":"https:\/\/livresq.com\/en\/","name":"LIVRESQ","description":"Narz\u0119dzie do tworzenia e-learningu","publisher":{"@id":"https:\/\/livresq.com\/en\/#organization"},"potentialAction":[{"@type":"SearchAction","target":{"@type":"EntryPoint","urlTemplate":"https:\/\/livresq.com\/en\/?s={search_term_string}"},"query-input":{"@type":"PropertyValueSpecification","valueRequired":true,"valueName":"search_term_string"}}],"inLanguage":"pl-PL"},{"@type":"Organization","@id":"https:\/\/livresq.com\/en\/#organization","name":"LIVRESQ - Narz\u0119dzie autorskie","url":"https:\/\/livresq.com\/en\/","logo":{"@type":"ImageObject","inLanguage":"pl-PL","@id":"https:\/\/livresq.com\/en\/#\/schema\/logo\/image\/","url":"https:\/\/i0.wp.com\/livresq.com\/wp-content\/uploads\/2019\/07\/cropped-Logo.png?fit=1054%2C575&ssl=1","contentUrl":"https:\/\/i0.wp.com\/livresq.com\/wp-content\/uploads\/2019\/07\/cropped-Logo.png?fit=1054%2C575&ssl=1","width":1054,"height":575,"caption":"LIVRESQ - Authoring Tool"},"image":{"@id":"https:\/\/livresq.com\/en\/#\/schema\/logo\/image\/"}}]}},"_links":{"self":[{"href":"https:\/\/livresq.com\/pl\/wp-json\/wp\/v2\/pages\/8264","targetHints":{"allow":["GET"]}}],"collection":[{"href":"https:\/\/livresq.com\/pl\/wp-json\/wp\/v2\/pages"}],"about":[{"href":"https:\/\/livresq.com\/pl\/wp-json\/wp\/v2\/types\/page"}],"author":[{"embeddable":true,"href":"https:\/\/livresq.com\/pl\/wp-json\/wp\/v2\/users\/2"}],"replies":[{"embeddable":true,"href":"https:\/\/livresq.com\/pl\/wp-json\/wp\/v2\/comments?post=8264"}],"version-history":[{"count":3,"href":"https:\/\/livresq.com\/pl\/wp-json\/wp\/v2\/pages\/8264\/revisions"}],"predecessor-version":[{"id":490851,"href":"https:\/\/livresq.com\/pl\/wp-json\/wp\/v2\/pages\/8264\/revisions\/490851"}],"wp:attachment":[{"href":"https:\/\/livresq.com\/pl\/wp-json\/wp\/v2\/media?parent=8264"}],"curies":[{"name":"wp","href":"https:\/\/api.w.org\/{rel}","templated":true}]}}