



{"id":306777,"date":"2024-09-03T16:44:14","date_gmt":"2024-09-03T13:44:14","guid":{"rendered":"https:\/\/livresq.com\/?post_type=product&#038;p=306777"},"modified":"2025-08-01T00:19:41","modified_gmt":"2025-07-31T21:19:41","slug":"miesieczna-subskrypcja-freelance-pro-2024","status":"publish","type":"product","link":"https:\/\/livresq.com\/pl\/product\/abonament-lunar-freelance-pro-2024\/","title":{"rendered":"Miesi\u0119czna subskrypcja - Freelance - PRO"},"content":{"rendered":"<div class=\"elementor-element elementor-element-5e117f8 elementor-widget elementor-widget-text-editor\" data-id=\"5e117f8\" data-element_type=\"widget\" data-widget_type=\"text-editor.default\">\n<div class=\"elementor-widget-container\">\n<div class=\"elementor-text-editor elementor-clearfix\">\n<p>Livresq Editor to \u0142atwe w u\u017cyciu narz\u0119dzie do tworzenia interaktywnych projekt\u00f3w cyfrowych o bardzo szerokim zastosowaniu.<\/p>\n<\/div>\n<\/div>\n<\/div>\n<div class=\"elementor-element elementor-element-ed3cb10 elementor-widget elementor-widget-text-editor\" data-id=\"ed3cb10\" data-element_type=\"widget\" data-widget_type=\"text-editor.default\">\n<div class=\"elementor-widget-container\">\n<div class=\"elementor-text-editor elementor-clearfix\">\n<p>Korzystaj z zasob\u00f3w w LIVRESQ, \u0142\u0105cz tekst, zdj\u0119cia, filmy\/animacje, d\u017awi\u0119ki, zapytania i aplikacje oraz szybko tw\u00f3rz\u00a0<strong>interaktywne projekty cyfrowe<\/strong>:<\/p>\n<\/div>\n<\/div>\n<\/div>\n<section class=\"elementor-element elementor-element-1eca022 elementor-section-boxed elementor-section-height-default elementor-section-height-default elementor-section elementor-inner-section\" data-id=\"1eca022\" data-element_type=\"section\">\n<div class=\"elementor-container elementor-column-gap-default\">\n<div class=\"elementor-row\">\n<div class=\"elementor-element elementor-element-873cf7b elementor-column elementor-col-50 elementor-inner-column\" data-id=\"873cf7b\" data-element_type=\"column\">\n<div class=\"elementor-column-wrap elementor-element-populated\">\n<div class=\"elementor-widget-wrap\">\n<div class=\"elementor-element elementor-element-64e0cee elementor-widget elementor-widget-text-editor\" data-id=\"64e0cee\" data-element_type=\"widget\" data-widget_type=\"text-editor.default\">\n<div class=\"elementor-widget-container\">\n<div class=\"elementor-text-editor elementor-clearfix\">\n<ul>\n<li>Lekcje online<\/li>\n<li>Podr\u0119czniki szkolne<\/li>\n<li>Zeszyty \u0107wicze\u0144<\/li>\n<li>Atlase<\/li>\n<li>Interaktywne historie<\/li>\n<li>Czasopisma<\/li>\n<li>Gazety<\/li>\n<\/ul>\n<\/div>\n<\/div>\n<\/div>\n<\/div>\n<\/div>\n<\/div>\n<\/div>\n<\/div>\n<\/section>","protected":false},"excerpt":{"rendered":"<p>Edytor Livresq to \u0142atwe w u\u017cyciu narz\u0119dzie do tworzenia interaktywnych projekt\u00f3w cyfrowych o szerokim zastosowaniu. Skorzystaj z zasob\u00f3w LIVRESQ, po\u0142\u0105cz tekst, zdj\u0119cia, filmy\/animacje, d\u017awi\u0119ki, quizy i aplikacje i szybko tw\u00f3rz interaktywne projekty cyfrowe: Lekcje online Podr\u0119czniki szkolne Atlasy Zeszyty \u0107wicze\u0144 Interaktywne historie Czasopisma Gazety<\/p>","protected":false},"featured_media":1654,"template":"","meta":[],"product_brand":[],"product_cat":[43],"product_tag":[],"class_list":{"0":"post-306777","1":"product","2":"type-product","3":"status-publish","4":"has-post-thumbnail","6":"product_cat-subscription-licenses","8":"first","9":"instock","10":"virtual","11":"taxable","12":"purchasable","13":"product-type-subscription"},"yoast_head":"<!-- This site is optimized with the Yoast SEO plugin v27.2 - https:\/\/yoast.com\/product\/yoast-seo-wordpress\/ -->\n<title>Abonament lunar - Freelance - PRO - LIVRESQ<\/title>\n<meta name=\"description\" content=\"LIVRESQ este un editor de con\u021binut educa\u021bional. Cu el po\u021bi s\u0103 creezi cursuri eLearning \u0219i lec\u021bii interactive. Totul se realizeaz\u0103 online, nu trebuie nimic desc\u0103rcat sau instalat.\" \/>\n<meta name=\"robots\" content=\"index, follow, max-snippet:-1, max-image-preview:large, max-video-preview:-1\" \/>\n<link rel=\"canonical\" href=\"https:\/\/livresq.com\/pl\/produkt\/miesieczna-subskrypcja-freelance-pro-2024\/\" \/>\n<meta property=\"og:locale\" content=\"pl_PL\" \/>\n<meta property=\"og:type\" content=\"article\" \/>\n<meta property=\"og:title\" content=\"Abonament lunar - Freelance - PRO - LIVRESQ\" \/>\n<meta property=\"og:description\" content=\"LIVRESQ este un editor de con\u021binut educa\u021bional. Cu el po\u021bi s\u0103 creezi cursuri eLearning \u0219i lec\u021bii interactive. Totul se realizeaz\u0103 online, nu trebuie nimic desc\u0103rcat sau instalat.\" \/>\n<meta property=\"og:url\" content=\"https:\/\/livresq.com\/pl\/produkt\/miesieczna-subskrypcja-freelance-pro-2024\/\" \/>\n<meta property=\"og:site_name\" content=\"LIVRESQ\" \/>\n<meta property=\"article:modified_time\" content=\"2025-07-31T21:19:41+00:00\" \/>\n<meta property=\"og:image\" content=\"https:\/\/livresq.com\/wp-content\/uploads\/2019\/10\/Corporate_Livresq.png\" \/>\n\t<meta property=\"og:image:width\" content=\"244\" \/>\n\t<meta property=\"og:image:height\" content=\"244\" \/>\n\t<meta property=\"og:image:type\" content=\"image\/png\" \/>\n<meta name=\"twitter:card\" content=\"summary_large_image\" \/>\n<meta name=\"twitter:label1\" content=\"Szacowany czas czytania\" \/>\n\t<meta name=\"twitter:data1\" content=\"1 minuta\" \/>\n<script type=\"application\/ld+json\" class=\"yoast-schema-graph\">{\"@context\":\"https:\/\/schema.org\",\"@graph\":[{\"@type\":\"WebPage\",\"@id\":\"https:\/\/livresq.com\/product\/abonament-lunar-freelance-pro-2024\/\",\"url\":\"https:\/\/livresq.com\/product\/abonament-lunar-freelance-pro-2024\/\",\"name\":\"Abonament lunar - Freelance - PRO - LIVRESQ\",\"isPartOf\":{\"@id\":\"https:\/\/livresq.com\/en\/#website\"},\"primaryImageOfPage\":{\"@id\":\"https:\/\/livresq.com\/product\/abonament-lunar-freelance-pro-2024\/#primaryimage\"},\"image\":{\"@id\":\"https:\/\/livresq.com\/product\/abonament-lunar-freelance-pro-2024\/#primaryimage\"},\"thumbnailUrl\":\"https:\/\/i0.wp.com\/livresq.com\/wp-content\/uploads\/2019\/10\/Corporate_Livresq.png?fit=244%2C244&ssl=1\",\"datePublished\":\"2024-09-03T13:44:14+00:00\",\"dateModified\":\"2025-07-31T21:19:41+00:00\",\"description\":\"LIVRESQ este un editor de con\u021binut educa\u021bional. Cu el po\u021bi s\u0103 creezi cursuri eLearning \u0219i lec\u021bii interactive. Totul se realizeaz\u0103 online, nu trebuie nimic desc\u0103rcat sau instalat.\",\"breadcrumb\":{\"@id\":\"https:\/\/livresq.com\/product\/abonament-lunar-freelance-pro-2024\/#breadcrumb\"},\"inLanguage\":\"pl-PL\",\"potentialAction\":[{\"@type\":\"ReadAction\",\"target\":[\"https:\/\/livresq.com\/product\/abonament-lunar-freelance-pro-2024\/\"]}]},{\"@type\":\"ImageObject\",\"inLanguage\":\"pl-PL\",\"@id\":\"https:\/\/livresq.com\/product\/abonament-lunar-freelance-pro-2024\/#primaryimage\",\"url\":\"https:\/\/i0.wp.com\/livresq.com\/wp-content\/uploads\/2019\/10\/Corporate_Livresq.png?fit=244%2C244&ssl=1\",\"contentUrl\":\"https:\/\/i0.wp.com\/livresq.com\/wp-content\/uploads\/2019\/10\/Corporate_Livresq.png?fit=244%2C244&ssl=1\",\"width\":244,\"height\":244},{\"@type\":\"BreadcrumbList\",\"@id\":\"https:\/\/livresq.com\/product\/abonament-lunar-freelance-pro-2024\/#breadcrumb\",\"itemListElement\":[{\"@type\":\"ListItem\",\"position\":1,\"name\":\"Prima pagin\u0103\",\"item\":\"https:\/\/livresq.com\/\"},{\"@type\":\"ListItem\",\"position\":2,\"name\":\"Magazin\",\"item\":\"https:\/\/livresq.com\/en\/magazin\/\"},{\"@type\":\"ListItem\",\"position\":3,\"name\":\"Abonament lunar &#8211; Freelance &#8211; PRO\"}]},{\"@type\":\"WebSite\",\"@id\":\"https:\/\/livresq.com\/en\/#website\",\"url\":\"https:\/\/livresq.com\/en\/\",\"name\":\"LIVRESQ\",\"description\":\"eLearning Authoring Tool\",\"publisher\":{\"@id\":\"https:\/\/livresq.com\/en\/#organization\"},\"potentialAction\":[{\"@type\":\"SearchAction\",\"target\":{\"@type\":\"EntryPoint\",\"urlTemplate\":\"https:\/\/livresq.com\/en\/?s={search_term_string}\"},\"query-input\":{\"@type\":\"PropertyValueSpecification\",\"valueRequired\":true,\"valueName\":\"search_term_string\"}}],\"inLanguage\":\"pl-PL\"},{\"@type\":\"Organization\",\"@id\":\"https:\/\/livresq.com\/en\/#organization\",\"name\":\"LIVRESQ - Authoring Tool\",\"url\":\"https:\/\/livresq.com\/en\/\",\"logo\":{\"@type\":\"ImageObject\",\"inLanguage\":\"pl-PL\",\"@id\":\"https:\/\/livresq.com\/en\/#\/schema\/logo\/image\/\",\"url\":\"https:\/\/i0.wp.com\/livresq.com\/wp-content\/uploads\/2019\/07\/cropped-Logo.png?fit=1054%2C575&ssl=1\",\"contentUrl\":\"https:\/\/i0.wp.com\/livresq.com\/wp-content\/uploads\/2019\/07\/cropped-Logo.png?fit=1054%2C575&ssl=1\",\"width\":1054,\"height\":575,\"caption\":\"LIVRESQ - Authoring Tool\"},\"image\":{\"@id\":\"https:\/\/livresq.com\/en\/#\/schema\/logo\/image\/\"}}]}<\/script>\n<!-- \/ Yoast SEO plugin. -->","yoast_head_json":{"title":"Miesi\u0119czna subskrypcja - Freelance - PRO - LIVRESQ","description":"LIVRESQ to edytor tre\u015bci edukacyjnych. Za jego pomoc\u0105 mo\u017cna tworzy\u0107 kursy e-learningowe i interaktywne lekcje. Wszystko odbywa si\u0119 online, nie trzeba niczego pobiera\u0107 ani instalowa\u0107.","robots":{"index":"index","follow":"follow","max-snippet":"max-snippet:-1","max-image-preview":"max-image-preview:large","max-video-preview":"max-video-preview:-1"},"canonical":"https:\/\/livresq.com\/pl\/produkt\/miesieczna-subskrypcja-freelance-pro-2024\/","og_locale":"pl_PL","og_type":"article","og_title":"Abonament lunar - Freelance - PRO - LIVRESQ","og_description":"LIVRESQ este un editor de con\u021binut educa\u021bional. Cu el po\u021bi s\u0103 creezi cursuri eLearning \u0219i lec\u021bii interactive. Totul se realizeaz\u0103 online, nu trebuie nimic desc\u0103rcat sau instalat.","og_url":"https:\/\/livresq.com\/pl\/produkt\/miesieczna-subskrypcja-freelance-pro-2024\/","og_site_name":"LIVRESQ","article_modified_time":"2025-07-31T21:19:41+00:00","og_image":[{"width":244,"height":244,"url":"https:\/\/livresq.com\/wp-content\/uploads\/2019\/10\/Corporate_Livresq.png","type":"image\/png"}],"twitter_card":"summary_large_image","twitter_misc":{"Szacowany czas czytania":"1 minuta"},"schema":{"@context":"https:\/\/schema.org","@graph":[{"@type":"WebPage","@id":"https:\/\/livresq.com\/product\/abonament-lunar-freelance-pro-2024\/","url":"https:\/\/livresq.com\/product\/abonament-lunar-freelance-pro-2024\/","name":"Miesi\u0119czna subskrypcja - Freelance - PRO - LIVRESQ","isPartOf":{"@id":"https:\/\/livresq.com\/en\/#website"},"primaryImageOfPage":{"@id":"https:\/\/livresq.com\/product\/abonament-lunar-freelance-pro-2024\/#primaryimage"},"image":{"@id":"https:\/\/livresq.com\/product\/abonament-lunar-freelance-pro-2024\/#primaryimage"},"thumbnailUrl":"https:\/\/i0.wp.com\/livresq.com\/wp-content\/uploads\/2019\/10\/Corporate_Livresq.png?fit=244%2C244&ssl=1","datePublished":"2024-09-03T13:44:14+00:00","dateModified":"2025-07-31T21:19:41+00:00","description":"LIVRESQ to edytor tre\u015bci edukacyjnych. Za jego pomoc\u0105 mo\u017cna tworzy\u0107 kursy e-learningowe i interaktywne lekcje. Wszystko odbywa si\u0119 online, nie trzeba niczego pobiera\u0107 ani instalowa\u0107.","breadcrumb":{"@id":"https:\/\/livresq.com\/product\/abonament-lunar-freelance-pro-2024\/#breadcrumb"},"inLanguage":"pl-PL","potentialAction":[{"@type":"ReadAction","target":["https:\/\/livresq.com\/product\/abonament-lunar-freelance-pro-2024\/"]}]},{"@type":"ImageObject","inLanguage":"pl-PL","@id":"https:\/\/livresq.com\/product\/abonament-lunar-freelance-pro-2024\/#primaryimage","url":"https:\/\/i0.wp.com\/livresq.com\/wp-content\/uploads\/2019\/10\/Corporate_Livresq.png?fit=244%2C244&ssl=1","contentUrl":"https:\/\/i0.wp.com\/livresq.com\/wp-content\/uploads\/2019\/10\/Corporate_Livresq.png?fit=244%2C244&ssl=1","width":244,"height":244},{"@type":"BreadcrumbList","@id":"https:\/\/livresq.com\/product\/abonament-lunar-freelance-pro-2024\/#breadcrumb","itemListElement":[{"@type":"ListItem","position":1,"name":"Prima pagin\u0103","item":"https:\/\/livresq.com\/"},{"@type":"ListItem","position":2,"name":"Magazin","item":"https:\/\/livresq.com\/en\/magazin\/"},{"@type":"ListItem","position":3,"name":"Abonament lunar &#8211; Freelance &#8211; PRO"}]},{"@type":"WebSite","@id":"https:\/\/livresq.com\/en\/#website","url":"https:\/\/livresq.com\/en\/","name":"LIVRESQ","description":"Narz\u0119dzie do tworzenia e-learningu","publisher":{"@id":"https:\/\/livresq.com\/en\/#organization"},"potentialAction":[{"@type":"SearchAction","target":{"@type":"EntryPoint","urlTemplate":"https:\/\/livresq.com\/en\/?s={search_term_string}"},"query-input":{"@type":"PropertyValueSpecification","valueRequired":true,"valueName":"search_term_string"}}],"inLanguage":"pl-PL"},{"@type":"Organization","@id":"https:\/\/livresq.com\/en\/#organization","name":"LIVRESQ - Narz\u0119dzie autorskie","url":"https:\/\/livresq.com\/en\/","logo":{"@type":"ImageObject","inLanguage":"pl-PL","@id":"https:\/\/livresq.com\/en\/#\/schema\/logo\/image\/","url":"https:\/\/i0.wp.com\/livresq.com\/wp-content\/uploads\/2019\/07\/cropped-Logo.png?fit=1054%2C575&ssl=1","contentUrl":"https:\/\/i0.wp.com\/livresq.com\/wp-content\/uploads\/2019\/07\/cropped-Logo.png?fit=1054%2C575&ssl=1","width":1054,"height":575,"caption":"LIVRESQ - Authoring Tool"},"image":{"@id":"https:\/\/livresq.com\/en\/#\/schema\/logo\/image\/"}}]}},"_links":{"self":[{"href":"https:\/\/livresq.com\/pl\/wp-json\/wp\/v2\/product\/306777","targetHints":{"allow":["GET"]}}],"collection":[{"href":"https:\/\/livresq.com\/pl\/wp-json\/wp\/v2\/product"}],"about":[{"href":"https:\/\/livresq.com\/pl\/wp-json\/wp\/v2\/types\/product"}],"version-history":[{"count":3,"href":"https:\/\/livresq.com\/pl\/wp-json\/wp\/v2\/product\/306777\/revisions"}],"predecessor-version":[{"id":336508,"href":"https:\/\/livresq.com\/pl\/wp-json\/wp\/v2\/product\/306777\/revisions\/336508"}],"wp:featuredmedia":[{"embeddable":true,"href":"https:\/\/livresq.com\/pl\/wp-json\/wp\/v2\/media\/1654"}],"wp:attachment":[{"href":"https:\/\/livresq.com\/pl\/wp-json\/wp\/v2\/media?parent=306777"}],"wp:term":[{"taxonomy":"product_brand","embeddable":true,"href":"https:\/\/livresq.com\/pl\/wp-json\/wp\/v2\/product_brand?post=306777"},{"taxonomy":"product_cat","embeddable":true,"href":"https:\/\/livresq.com\/pl\/wp-json\/wp\/v2\/product_cat?post=306777"},{"taxonomy":"product_tag","embeddable":true,"href":"https:\/\/livresq.com\/pl\/wp-json\/wp\/v2\/product_tag?post=306777"}],"curies":[{"name":"wp","href":"https:\/\/api.w.org\/{rel}","templated":true}]}}