



{"id":280860,"date":"2023-02-16T16:26:10","date_gmt":"2023-02-16T14:26:10","guid":{"rendered":"https:\/\/livresq.com\/?page_id=280860"},"modified":"2023-02-17T10:43:31","modified_gmt":"2023-02-17T08:43:31","slug":"pnrr-livresq-digital-media-lab","status":"publish","type":"page","link":"https:\/\/livresq.com\/ro\/pnrr-livresq-digital-media-lab\/","title":{"rendered":"PNRR &#8211; LIVRESQ Digital Media Lab"},"content":{"rendered":"\t\t<div data-elementor-type=\"wp-page\" data-elementor-id=\"280860\" class=\"elementor elementor-280860\" data-elementor-post-type=\"page\">\n\t\t\t\t\t\t<section class=\"elementor-section elementor-top-section elementor-element elementor-element-66910ef elementor-section-boxed elementor-section-height-default elementor-section-height-default\" data-id=\"66910ef\" data-element_type=\"section\">\n\t\t\t\t\t\t<div class=\"elementor-container elementor-column-gap-default\">\n\t\t\t\t\t<div class=\"elementor-column elementor-col-100 elementor-top-column elementor-element elementor-element-8cb78aa\" data-id=\"8cb78aa\" data-element_type=\"column\">\n\t\t\t<div class=\"elementor-widget-wrap elementor-element-populated\">\n\t\t\t\t\t\t<div class=\"elementor-element elementor-element-363343b elementor-widget elementor-widget-spacer\" data-id=\"363343b\" data-element_type=\"widget\" data-widget_type=\"spacer.default\">\n\t\t\t\t<div class=\"elementor-widget-container\">\n\t\t\t\t\t\t\t<div class=\"elementor-spacer\">\n\t\t\t<div class=\"elementor-spacer-inner\"><\/div>\n\t\t<\/div>\n\t\t\t\t\t\t<\/div>\n\t\t\t\t<\/div>\n\t\t\t\t<div class=\"elementor-element elementor-element-1c934b4 elementor-widget elementor-widget-heading\" data-id=\"1c934b4\" data-element_type=\"widget\" data-settings=\"{&quot;_animation&quot;:&quot;none&quot;}\" data-widget_type=\"heading.default\">\n\t\t\t\t<div class=\"elementor-widget-container\">\n\t\t\t\t\t<h1 class=\"elementor-heading-title elementor-size-large\">Finan\u021barea bibliotecilor pentru a deveni hub-uri de dezvoltare a competen\u021belor digitale<\/h1>\t\t\t\t<\/div>\n\t\t\t\t<\/div>\n\t\t\t\t<div class=\"elementor-element elementor-element-ca54b1c elementor-widget elementor-widget-heading\" data-id=\"ca54b1c\" data-element_type=\"widget\" data-widget_type=\"heading.default\">\n\t\t\t\t<div class=\"elementor-widget-container\">\n\t\t\t\t\t<h2 class=\"elementor-heading-title elementor-size-default\">LIVRESQ Digital Media Lab - component\u0103 fundamental\u0103 \u00een hub-uri de dezvoltare a competen\u021belor digitale<\/h2>\t\t\t\t<\/div>\n\t\t\t\t<\/div>\n\t\t\t\t\t<\/div>\n\t\t<\/div>\n\t\t\t\t\t<\/div>\n\t\t<\/section>\n\t\t\t\t<section class=\"elementor-section elementor-top-section elementor-element elementor-element-5247ad2 elementor-section-height-min-height elementor-section-boxed elementor-section-height-default elementor-section-items-middle\" data-id=\"5247ad2\" data-element_type=\"section\">\n\t\t\t\t\t\t<div class=\"elementor-container elementor-column-gap-default\">\n\t\t\t\t\t<div class=\"elementor-column elementor-col-100 elementor-top-column elementor-element elementor-element-a8bea5e\" data-id=\"a8bea5e\" data-element_type=\"column\">\n\t\t\t<div class=\"elementor-widget-wrap elementor-element-populated\">\n\t\t\t\t\t\t<div class=\"elementor-element elementor-element-1c07ddc elementor-widget elementor-widget-text-editor\" data-id=\"1c07ddc\" data-element_type=\"widget\" data-widget_type=\"text-editor.default\">\n\t\t\t\t<div class=\"elementor-widget-container\">\n\t\t\t\t\t\t\t\t\t<p><strong>LIVRESQ Digital Media Lab<\/strong> poate fi inclus \u00een proiectul privind INVESTI\u021aIA I17 <strong>\u201cFinan\u021barea bibliotecilor pentru a deveni hub-uri de dezvoltare a competen\u021belor digitale\u201d<\/strong>. Oferta este \u00een concordan\u021b\u0103 deplin\u0103 cu Ghidul Solicitantului pentru proiectul cuprins \u00een COMPONENTA 7 &#8211; Transformarea digital\u0103, Opera\u021biunea D &#8211; Competen\u021be digitale, Capital Uman \u0219i utilizarea Internetului.<\/p><p>Din punct de vedere al eligibilit\u0103\u021bii cheltuielilor, conform ghidului (pag 21-22), solu\u021bia propus\u0103 intr\u0103 \u00een categoria cheltuielilor recomandate (minim 25%) \u0219i face parte din capitolul 4. Cheltuieli pentru achizi\u021bionarea de servicii, licen\u021be \u0219i aplica\u021bii\/programe\/solu\u021bii software.<\/p><p>Cu ajutorul LIVRESQ Digital Media Lab, o bibliotec\u0103 va deveni un hub de dezvoltare al competen\u021belor digitale dac\u0103 are cel pu\u021bin un calculator conectat la internet, \u0219i ofer\u0103 cet\u0103\u021benilor posibilitatea de a crea materiale intelectuale, utiliz\u00e2nd resurse precum computere\/laptopuri, servind inclusiv ca un instrument de editare audio \u0219i video. Astfel, un spa\u021biu din bibliotec\u0103 va fi destinat s\u0103 permit\u0103 membrilor comunit\u0103\u021bii s\u0103 experimenteze tehnologii sau activit\u0103\u021bi pe care nu le-au putut accesa anterior.<\/p><p>Hub-ul va inspira un interes pentru \u0219tiin\u021b\u0103, tehnologie, design \u0219i \u00eenv\u0103\u021bare pe tot parcursul vie\u021bii pentru oamenii din comunitatea aferent\u0103 bibliotecii datorit\u0103:<\/p><ul><li>Acces\u0103rii bibliotecii LIVRESQ (spa\u021biul unde sunt disponibile cursuri \u0219i materiale) unde utilizatorii vor \u00eenv\u0103\u021ba despre tehnologii precum imprimantele 3D \u0219i\/sau pot crea singuri cursuri despre: ma\u0219inile de cusut, ma\u0219inile de lipit, ma\u0219inile de codificare, robotic\u0103 \u0219i ma\u0219inile de sculptat \u00een lemn, \u0219i vor fi puse la dispozi\u021bie pentru explorare\/exploatare gratuit\u0103.<\/li><li>Existen\u021bei sesiunilor de instruire a bibliotecarilor \u0219i cet\u0103\u021benilor de r\u00e2nd, pentru utilizarea LIVRESQ, asigur\u00e2nd astfel utilizarea \u0219i implicarea cet\u0103\u021benilor \u00eentr-un mod semnificativ pentru a crea, a explora \u0219i a experimenta tehnologii \u0219i materiale digitale. To\u021bi membrii comunit\u0103\u021bii se pot implica, \u00een calitate de exper\u021bi locali, facilitatori \u0219i cursan\u021bi, pentru a crea materiale interactive \u2013 cursuri, materiale informatice, seminarii, proceduri, instruc\u021biuni (exemplu: procedura de colectare selectiv\u0103 la nivel de localitate, modul de plat\u0103 a impozitului, curs de utilizare a unei ma\u0219ini de cusut, cum se utilizeaz\u0103 o ma\u0219in\u0103 de sculptat lemn etc.).<\/li><\/ul><p>C\u00e2teva dintre beneficiile utiliz\u0103rii<strong> LIVRESQ &#8211; Digital Media Lab:<\/strong><\/p><ul><li>LIVRESQ con\u021bine o gam\u0103 larg\u0103 de instrumente pentru creare de con\u021binut;<br \/>Se poate utiliza pentru crearea de materiale\/cursuri \u00een care cet\u0103\u021benii de toate v\u00e2rstele \u00eenva\u021b\u0103 s\u0103 foloseasc\u0103 softuri \u0219i implicit pot realiza materiale\/con\u021binut educa\u021bional pentru a rezolva probleme reale;<\/li><li>Materialele create cu ajutorul LIVRESQ, aflate \u00een Biblioteca LIVRESQ, se pot transmite prin mijloace electronice, \u0219i pot reprezenta o extindere a prezen\u021bei biblioteci \u00een zone \u00een care acestea nu puteau ajunge \u00een mod tradi\u021bional;<\/li><li>\u00cen biblioteca LIVRESQ se pot accesa inclusiv lec\u021bii de limba englez\u0103, francez\u0103, maghiar\u0103 \u0219i altele, servind scopului de oferire de \u201eServicii de \u00eenv\u0103\u021bare a limbilor str\u0103ine utiliz\u00e2nd mijloace digitale, cum ar fi c\u0103r\u021bi audio,\u201d \u0219i e-learning interactiv;<\/li><li>LIVRESQ va asigura coordonarea mai str\u00e2ns\u0103 cu \u0219colile locale prin oferirea unei game largi de servicii digitale \u2013 creare de con\u021binut \u0219i posibilitatea acces\u0103rii informa\u021biilor\/lec\u021biilor \u2013 inclusiv lec\u021bii omologate de Ministerul Educa\u021biei, direct din Biblioteca LIVRESQ;<\/li><li>LIVRESQ permite furnizarea de oportunit\u0103\u021bi pentru persoanele fizice de a-\u0219i perfec\u021biona competen\u021bele care nu sunt disponibile \u00een mod obi\u0219nuit \u00een sala de clas\u0103 sau sala de curs, printr-o str\u00e2ns\u0103 colaborare cu \u0219coli \u0219i profesori. \u0218colile \u0219i profesorii pot crea \u0219i utiliza materiale educa\u021bionale pentru orice categorie de cursan\u021bi, \u00een vederea perfec\u021bion\u0103rii competen\u021belor.<\/li><\/ul><p>\u00a0<\/p><p><strong>LIVRESQ Digital Media Lab<\/strong> contribuie la scopul proiectului, acela de a inspira un interes pentru \u0219tiin\u021b\u0103, tehnologie, design \u0219i \u00eenv\u0103\u021bare pe tot parcursul vie\u021bii pentru oamenii din comunitatea aferent\u0103 bibliotecii.<\/p><p>\u00cen plus, cu ajutorul LIVRESQ, huburile vor permite minorit\u0103\u021bilor, femeilor, sau persoanelor cu dizabilit\u0103\u021bi, s\u0103 se implice \u00een tehnologie \u0219i domenii pe care este posibil s\u0103 nu le fi luat \u00een considerare anterior (creare de con\u021binut educa\u021bional, materiale interactive \u2013 \u00een orice limb\u0103, ajuta\u021bi de asisten\u021bi virtuali AI, capabili s\u0103 transforme textele \u00een materiale audio (voce din text introdus de la tastatur\u0103), \u00een orice limb\u0103 de circula\u021bie interna\u021bional\u0103.<\/p><p>D\u0103c\u0103 institu\u021bia dvs implementeaz\u0103 sau are nevoie de ajutor pentru a implementa solu\u021bii digitale pentru educa\u021bie, v\u0103 rug\u0103m s\u0103 ne contacta\u021bi direct la contact@livresq.com sau prin formularul de aici: <a href=\"https:\/\/livresq.com\/ro\/contact\/\">https:\/\/livresq.com\/ro\/contact\/<\/a><\/p>\t\t\t\t\t\t\t\t<\/div>\n\t\t\t\t<\/div>\n\t\t\t\t\t<\/div>\n\t\t<\/div>\n\t\t\t\t\t<\/div>\n\t\t<\/section>\n\t\t\t\t<\/div>\n\t\t","protected":false},"excerpt":{"rendered":"<p>Finan\u021barea bibliotecilor pentru a deveni hub-uri de dezvoltare a competen\u021belor digitale LIVRESQ Digital Media Lab &#8211; component\u0103 fundamental\u0103 \u00een hub-uri de dezvoltare a competen\u021belor digitale LIVRESQ Digital Media Lab poate fi inclus \u00een proiectul privind INVESTI\u021aIA I17 \u201cFinan\u021barea bibliotecilor pentru a deveni hub-uri de dezvoltare a competen\u021belor digitale\u201d. Oferta este \u00een concordan\u021b\u0103 deplin\u0103 cu Ghidul [&hellip;]<\/p>\n","protected":false},"author":36627,"featured_media":280953,"parent":0,"menu_order":0,"comment_status":"closed","ping_status":"closed","template":"","meta":{"footnotes":""},"class_list":["post-280860","page","type-page","status-publish","has-post-thumbnail","hentry"],"yoast_head":"<!-- This site is optimized with the Yoast SEO plugin v27.2 - https:\/\/yoast.com\/product\/yoast-seo-wordpress\/ -->\n<title>PNRR - LIVRESQ Digital Media Lab - LIVRESQ<\/title>\n<meta name=\"robots\" content=\"index, follow, max-snippet:-1, max-image-preview:large, max-video-preview:-1\" \/>\n<link rel=\"canonical\" href=\"https:\/\/livresq.com\/ro\/pnrr-livresq-digital-media-lab\/\" \/>\n<meta property=\"og:locale\" content=\"ro_RO\" \/>\n<meta property=\"og:type\" content=\"article\" \/>\n<meta property=\"og:title\" content=\"PNRR - LIVRESQ Digital Media Lab - LIVRESQ\" \/>\n<meta property=\"og:description\" content=\"Finan\u021barea bibliotecilor pentru a deveni hub-uri de dezvoltare a competen\u021belor digitale LIVRESQ Digital Media Lab &#8211; component\u0103 fundamental\u0103 \u00een hub-uri de dezvoltare a competen\u021belor digitale LIVRESQ Digital Media Lab poate fi inclus \u00een proiectul privind INVESTI\u021aIA I17 \u201cFinan\u021barea bibliotecilor pentru a deveni hub-uri de dezvoltare a competen\u021belor digitale\u201d. Oferta este \u00een concordan\u021b\u0103 deplin\u0103 cu Ghidul [&hellip;]\" \/>\n<meta property=\"og:url\" content=\"https:\/\/livresq.com\/ro\/pnrr-livresq-digital-media-lab\/\" \/>\n<meta property=\"og:site_name\" content=\"LIVRESQ\" \/>\n<meta property=\"article:modified_time\" content=\"2023-02-17T08:43:31+00:00\" \/>\n<meta property=\"og:image\" content=\"https:\/\/i0.wp.com\/livresq.com\/wp-content\/uploads\/2023\/02\/e299e715-7761-4a4e-ad36-ebcc4dee70c8.png?fit=600%2C314&ssl=1\" \/>\n\t<meta property=\"og:image:width\" content=\"600\" \/>\n\t<meta property=\"og:image:height\" content=\"314\" \/>\n\t<meta property=\"og:image:type\" content=\"image\/png\" \/>\n<meta name=\"twitter:card\" content=\"summary_large_image\" \/>\n<meta name=\"twitter:label1\" content=\"Timp estimat pentru citire\" \/>\n\t<meta name=\"twitter:data1\" content=\"3 minute\" \/>\n<script type=\"application\/ld+json\" class=\"yoast-schema-graph\">{\"@context\":\"https:\/\/schema.org\",\"@graph\":[{\"@type\":\"WebPage\",\"@id\":\"https:\/\/livresq.com\/pnrr-livresq-digital-media-lab\/\",\"url\":\"https:\/\/livresq.com\/pnrr-livresq-digital-media-lab\/\",\"name\":\"PNRR - LIVRESQ Digital Media Lab - LIVRESQ\",\"isPartOf\":{\"@id\":\"https:\/\/livresq.com\/en\/#website\"},\"primaryImageOfPage\":{\"@id\":\"https:\/\/livresq.com\/pnrr-livresq-digital-media-lab\/#primaryimage\"},\"image\":{\"@id\":\"https:\/\/livresq.com\/pnrr-livresq-digital-media-lab\/#primaryimage\"},\"thumbnailUrl\":\"https:\/\/i0.wp.com\/livresq.com\/wp-content\/uploads\/2023\/02\/e299e715-7761-4a4e-ad36-ebcc4dee70c8.png?fit=600%2C314&ssl=1\",\"datePublished\":\"2023-02-16T14:26:10+00:00\",\"dateModified\":\"2023-02-17T08:43:31+00:00\",\"breadcrumb\":{\"@id\":\"https:\/\/livresq.com\/pnrr-livresq-digital-media-lab\/#breadcrumb\"},\"inLanguage\":\"ro-RO\",\"potentialAction\":[{\"@type\":\"ReadAction\",\"target\":[\"https:\/\/livresq.com\/pnrr-livresq-digital-media-lab\/\"]}]},{\"@type\":\"ImageObject\",\"inLanguage\":\"ro-RO\",\"@id\":\"https:\/\/livresq.com\/pnrr-livresq-digital-media-lab\/#primaryimage\",\"url\":\"https:\/\/i0.wp.com\/livresq.com\/wp-content\/uploads\/2023\/02\/e299e715-7761-4a4e-ad36-ebcc4dee70c8.png?fit=600%2C314&ssl=1\",\"contentUrl\":\"https:\/\/i0.wp.com\/livresq.com\/wp-content\/uploads\/2023\/02\/e299e715-7761-4a4e-ad36-ebcc4dee70c8.png?fit=600%2C314&ssl=1\",\"width\":600,\"height\":314},{\"@type\":\"BreadcrumbList\",\"@id\":\"https:\/\/livresq.com\/pnrr-livresq-digital-media-lab\/#breadcrumb\",\"itemListElement\":[{\"@type\":\"ListItem\",\"position\":1,\"name\":\"Prima pagin\u0103\",\"item\":\"https:\/\/livresq.com\/\"},{\"@type\":\"ListItem\",\"position\":2,\"name\":\"PNRR &#8211; LIVRESQ Digital Media Lab\"}]},{\"@type\":\"WebSite\",\"@id\":\"https:\/\/livresq.com\/en\/#website\",\"url\":\"https:\/\/livresq.com\/en\/\",\"name\":\"LIVRESQ\",\"description\":\"eLearning Authoring Tool\",\"publisher\":{\"@id\":\"https:\/\/livresq.com\/en\/#organization\"},\"potentialAction\":[{\"@type\":\"SearchAction\",\"target\":{\"@type\":\"EntryPoint\",\"urlTemplate\":\"https:\/\/livresq.com\/en\/?s={search_term_string}\"},\"query-input\":{\"@type\":\"PropertyValueSpecification\",\"valueRequired\":true,\"valueName\":\"search_term_string\"}}],\"inLanguage\":\"ro-RO\"},{\"@type\":\"Organization\",\"@id\":\"https:\/\/livresq.com\/en\/#organization\",\"name\":\"LIVRESQ - Authoring Tool\",\"url\":\"https:\/\/livresq.com\/en\/\",\"logo\":{\"@type\":\"ImageObject\",\"inLanguage\":\"ro-RO\",\"@id\":\"https:\/\/livresq.com\/en\/#\/schema\/logo\/image\/\",\"url\":\"https:\/\/i0.wp.com\/livresq.com\/wp-content\/uploads\/2019\/07\/cropped-Logo.png?fit=1054%2C575&ssl=1\",\"contentUrl\":\"https:\/\/i0.wp.com\/livresq.com\/wp-content\/uploads\/2019\/07\/cropped-Logo.png?fit=1054%2C575&ssl=1\",\"width\":1054,\"height\":575,\"caption\":\"LIVRESQ - Authoring Tool\"},\"image\":{\"@id\":\"https:\/\/livresq.com\/en\/#\/schema\/logo\/image\/\"}}]}<\/script>\n<!-- \/ Yoast SEO plugin. -->","yoast_head_json":{"title":"PNRR - LIVRESQ Digital Media Lab - LIVRESQ","robots":{"index":"index","follow":"follow","max-snippet":"max-snippet:-1","max-image-preview":"max-image-preview:large","max-video-preview":"max-video-preview:-1"},"canonical":"https:\/\/livresq.com\/ro\/pnrr-livresq-digital-media-lab\/","og_locale":"ro_RO","og_type":"article","og_title":"PNRR - LIVRESQ Digital Media Lab - LIVRESQ","og_description":"Finan\u021barea bibliotecilor pentru a deveni hub-uri de dezvoltare a competen\u021belor digitale LIVRESQ Digital Media Lab &#8211; component\u0103 fundamental\u0103 \u00een hub-uri de dezvoltare a competen\u021belor digitale LIVRESQ Digital Media Lab poate fi inclus \u00een proiectul privind INVESTI\u021aIA I17 \u201cFinan\u021barea bibliotecilor pentru a deveni hub-uri de dezvoltare a competen\u021belor digitale\u201d. Oferta este \u00een concordan\u021b\u0103 deplin\u0103 cu Ghidul [&hellip;]","og_url":"https:\/\/livresq.com\/ro\/pnrr-livresq-digital-media-lab\/","og_site_name":"LIVRESQ","article_modified_time":"2023-02-17T08:43:31+00:00","og_image":[{"width":600,"height":314,"url":"https:\/\/i0.wp.com\/livresq.com\/wp-content\/uploads\/2023\/02\/e299e715-7761-4a4e-ad36-ebcc4dee70c8.png?fit=600%2C314&ssl=1","type":"image\/png"}],"twitter_card":"summary_large_image","twitter_misc":{"Timp estimat pentru citire":"3 minute"},"schema":{"@context":"https:\/\/schema.org","@graph":[{"@type":"WebPage","@id":"https:\/\/livresq.com\/pnrr-livresq-digital-media-lab\/","url":"https:\/\/livresq.com\/pnrr-livresq-digital-media-lab\/","name":"PNRR - LIVRESQ Digital Media Lab - LIVRESQ","isPartOf":{"@id":"https:\/\/livresq.com\/en\/#website"},"primaryImageOfPage":{"@id":"https:\/\/livresq.com\/pnrr-livresq-digital-media-lab\/#primaryimage"},"image":{"@id":"https:\/\/livresq.com\/pnrr-livresq-digital-media-lab\/#primaryimage"},"thumbnailUrl":"https:\/\/i0.wp.com\/livresq.com\/wp-content\/uploads\/2023\/02\/e299e715-7761-4a4e-ad36-ebcc4dee70c8.png?fit=600%2C314&ssl=1","datePublished":"2023-02-16T14:26:10+00:00","dateModified":"2023-02-17T08:43:31+00:00","breadcrumb":{"@id":"https:\/\/livresq.com\/pnrr-livresq-digital-media-lab\/#breadcrumb"},"inLanguage":"ro-RO","potentialAction":[{"@type":"ReadAction","target":["https:\/\/livresq.com\/pnrr-livresq-digital-media-lab\/"]}]},{"@type":"ImageObject","inLanguage":"ro-RO","@id":"https:\/\/livresq.com\/pnrr-livresq-digital-media-lab\/#primaryimage","url":"https:\/\/i0.wp.com\/livresq.com\/wp-content\/uploads\/2023\/02\/e299e715-7761-4a4e-ad36-ebcc4dee70c8.png?fit=600%2C314&ssl=1","contentUrl":"https:\/\/i0.wp.com\/livresq.com\/wp-content\/uploads\/2023\/02\/e299e715-7761-4a4e-ad36-ebcc4dee70c8.png?fit=600%2C314&ssl=1","width":600,"height":314},{"@type":"BreadcrumbList","@id":"https:\/\/livresq.com\/pnrr-livresq-digital-media-lab\/#breadcrumb","itemListElement":[{"@type":"ListItem","position":1,"name":"Prima pagin\u0103","item":"https:\/\/livresq.com\/"},{"@type":"ListItem","position":2,"name":"PNRR &#8211; LIVRESQ Digital Media Lab"}]},{"@type":"WebSite","@id":"https:\/\/livresq.com\/en\/#website","url":"https:\/\/livresq.com\/en\/","name":"LIVRESQ","description":"eLearning Authoring Tool","publisher":{"@id":"https:\/\/livresq.com\/en\/#organization"},"potentialAction":[{"@type":"SearchAction","target":{"@type":"EntryPoint","urlTemplate":"https:\/\/livresq.com\/en\/?s={search_term_string}"},"query-input":{"@type":"PropertyValueSpecification","valueRequired":true,"valueName":"search_term_string"}}],"inLanguage":"ro-RO"},{"@type":"Organization","@id":"https:\/\/livresq.com\/en\/#organization","name":"LIVRESQ - Authoring Tool","url":"https:\/\/livresq.com\/en\/","logo":{"@type":"ImageObject","inLanguage":"ro-RO","@id":"https:\/\/livresq.com\/en\/#\/schema\/logo\/image\/","url":"https:\/\/i0.wp.com\/livresq.com\/wp-content\/uploads\/2019\/07\/cropped-Logo.png?fit=1054%2C575&ssl=1","contentUrl":"https:\/\/i0.wp.com\/livresq.com\/wp-content\/uploads\/2019\/07\/cropped-Logo.png?fit=1054%2C575&ssl=1","width":1054,"height":575,"caption":"LIVRESQ - Authoring Tool"},"image":{"@id":"https:\/\/livresq.com\/en\/#\/schema\/logo\/image\/"}}]}},"_links":{"self":[{"href":"https:\/\/livresq.com\/ro\/wp-json\/wp\/v2\/pages\/280860","targetHints":{"allow":["GET"]}}],"collection":[{"href":"https:\/\/livresq.com\/ro\/wp-json\/wp\/v2\/pages"}],"about":[{"href":"https:\/\/livresq.com\/ro\/wp-json\/wp\/v2\/types\/page"}],"author":[{"embeddable":true,"href":"https:\/\/livresq.com\/ro\/wp-json\/wp\/v2\/users\/36627"}],"replies":[{"embeddable":true,"href":"https:\/\/livresq.com\/ro\/wp-json\/wp\/v2\/comments?post=280860"}],"version-history":[{"count":6,"href":"https:\/\/livresq.com\/ro\/wp-json\/wp\/v2\/pages\/280860\/revisions"}],"predecessor-version":[{"id":280964,"href":"https:\/\/livresq.com\/ro\/wp-json\/wp\/v2\/pages\/280860\/revisions\/280964"}],"wp:featuredmedia":[{"embeddable":true,"href":"https:\/\/livresq.com\/ro\/wp-json\/wp\/v2\/media\/280953"}],"wp:attachment":[{"href":"https:\/\/livresq.com\/ro\/wp-json\/wp\/v2\/media?parent=280860"}],"curies":[{"name":"wp","href":"https:\/\/api.w.org\/{rel}","templated":true}]}}