



{"id":8264,"date":"2020-01-17T16:42:36","date_gmt":"2020-01-17T14:42:36","guid":{"rendered":"https:\/\/livresq.com\/?page_id=8264"},"modified":"2026-03-31T12:33:09","modified_gmt":"2026-03-31T09:33:09","slug":"gdpr-ro","status":"publish","type":"page","link":"https:\/\/livresq.com\/ro\/gdpr-ro\/","title":{"rendered":"GDPR-RO"},"content":{"rendered":"\t\t<div data-elementor-type=\"wp-page\" data-elementor-id=\"8264\" class=\"elementor elementor-8264\" data-elementor-post-type=\"page\">\n\t\t\t\t\t\t<section class=\"elementor-section elementor-top-section elementor-element elementor-element-2100a55 elementor-section-boxed elementor-section-height-default elementor-section-height-default\" data-id=\"2100a55\" data-element_type=\"section\">\n\t\t\t\t\t\t<div class=\"elementor-container elementor-column-gap-default\">\n\t\t\t\t\t<div class=\"elementor-column elementor-col-100 elementor-top-column elementor-element elementor-element-5157ade\" data-id=\"5157ade\" data-element_type=\"column\">\n\t\t\t<div class=\"elementor-widget-wrap\">\n\t\t\t\t\t\t\t<\/div>\n\t\t<\/div>\n\t\t\t\t\t<\/div>\n\t\t<\/section>\n\t\t\t\t<section class=\"elementor-section elementor-top-section elementor-element elementor-element-3111aaf elementor-section-boxed elementor-section-height-default elementor-section-height-default\" data-id=\"3111aaf\" data-element_type=\"section\">\n\t\t\t\t\t\t<div class=\"elementor-container elementor-column-gap-default\">\n\t\t\t\t\t<div class=\"elementor-column elementor-col-100 elementor-top-column elementor-element elementor-element-847dc75\" data-id=\"847dc75\" data-element_type=\"column\">\n\t\t\t<div class=\"elementor-widget-wrap elementor-element-populated\">\n\t\t\t\t\t\t<div class=\"elementor-element elementor-element-bbd61a1 elementor-widget elementor-widget-heading\" data-id=\"bbd61a1\" data-element_type=\"widget\" data-widget_type=\"heading.default\">\n\t\t\t\t<div class=\"elementor-widget-container\">\n\t\t\t\t\t<h3 class=\"elementor-heading-title elementor-size-default\"><b>Politica privind prelucrarea datelor cu caracter personal \u0219i confiden\u021bialitatea datelor (GDPR)<\/b><\/h3>\t\t\t\t<\/div>\n\t\t\t\t<\/div>\n\t\t\t\t<div class=\"elementor-element elementor-element-9e33ed4 elementor-widget elementor-widget-text-editor\" data-id=\"9e33ed4\" data-element_type=\"widget\" data-widget_type=\"text-editor.default\">\n\t\t\t\t<div class=\"elementor-widget-container\">\n\t\t\t\t\t\t\t\t\t<header class=\"entry-header\"><p class=\"entry-title\">\u00a0<\/p><\/header><div class=\"entry-content\"><h2>CE SUNT DATELE CU CARACTER PERSONAL?<\/h2><p>Datele cu caracter personal sunt orice informa\u021bii care se refer\u0103 la o persoan\u0103 fizic\u0103 identificat\u0103 sau identificabil\u0103. Informa\u021biile diferite care, adunate, pot duce la identificarea unei anumite persoane constituie \u0219i ele date cu caracter personal. Datele cu caracter personal care au fost anonimizate, criptate sau pseudo-nimizate, dar pot fi utilizate pentru reidentificarea unei persoane r\u0103m\u00e2n date cu caracter personal \u0219i sunt vizate de GDPR. Datele cu caracter personal care au fost f\u0103cute anonime \u00een a\u0219a fel \u00eenc\u00e2t persoana fizic\u0103 nu este sau nu mai este identificabil\u0103 nu mai sunt considerate date cu caracter personal. Pentru ca datele s\u0103 fie cu adev\u0103rat anonimizate, anonimizarea trebuie s\u0103 fie ireversibil\u0103.<\/p><p>GDPR protejeaz\u0103 datele cu caracter personal indiferent de tehnologia utilizat\u0103 pentru prelucrarea datelor respective \u2013 este \u201eneutr\u0103 din punct de vedere tehnologic\u201d \u0219i se aplic\u0103 at\u00e2t prelucr\u0103rii automate, c\u00e2t \u0219i prelucr\u0103rii manuale, cu condi\u021bia ca datele s\u0103 fie organizate potrivit unor criterii predefinite (de exemplu, \u00een ordine alfabetic\u0103). De asemenea, nu conteaz\u0103 cum sunt stocate datele \u2013 \u00eentr-un sistem de TIC, prin supraveghere video sau pe h\u00e2rtie; \u00een toate aceste cazuri, datele cu caracter personal sunt supuse cerin\u021belor de protec\u021bie formulate \u00een GDPR.<\/p><h2>CE FEL DE DATE CU CARACTER PERSONAL COLECT\u0102M DE LA DVS.?<\/h2><p>Informa\u021biile \u0219i datele cu caracter personal pe care le colect\u0103m despre dvs. atunci c\u00e2nd vizita\u021bi website-urile noastre sau interac\u021biona\u021bi cu noi sunt:<\/p><p><b>Detalii personale furnizate de dvs<\/b>. Acestea sunt:<\/p><ul><li>adresa de email, la crearea contului de utilizator;<\/li><li>numele dvs., adresa de email, num\u0103rul de telefon, colectate la \u00eenregistrarea online sau prin email a solicit\u0103rilor \u0219i reclama\u021biilor pe care le face\u021bi, a transmiterii de mesaje sau feedback, a particip\u0103rii la sondaje, \u00een m\u0103sura \u00een care le oferi\u021bi voluntar;<\/li><li>adresa de email, c\u00e2nd v\u0103 abona\u021bi la newsletter-ele noastre;<\/li><li>numele dvs. \u0219i adresa de facturare c\u00e2nd realiza\u021bi achizi\u021bii \u00een cadrul platformei;<\/li><li>numele dvs., adresa de email, num\u0103rul de telefon c\u00e2nd participa\u021bi la ofertele \u0219i promo\u021biile noastre.<\/li><\/ul><h2>CE FEL DE DATE CU CARACTER PERSONAL COLECTEAZ\u0102 TER\u021aII DE LA DVS. LA UTILIZAREA LIVRESQ?<\/h2><p><b>Informa\u021biile privind plata<\/b>\u00a0\u2013 detaliile contului dvs. de plat\u0103, numerele cardurilor de credit \u0219i debit, data expir\u0103rii, email, numele de pe card sunt colectate direct de c\u0103tre compania care asigur\u0103 transferul online al sumelor aprobate de c\u0103tre dumneavoastr\u0103. Datele respective nu sunt transmise c\u0103tre Ascendia \u0219i sunt supuse regulilor de protec\u021bie a datelor specifice operatorului respectiv.<\/p><p><b>Informa\u021biile colectate automat<\/b>\u00a0\u2013 informa\u021biile despre calculatorul dvs., adresa IP \u0219i browser-ul, informa\u021bii despre utilizator sunt colectate de Google Analytics \u0219i sunt gestionate de c\u0103tre acesta conform propriilor politici GDPR. Ascendia nu are acces la datele personale astfel colectate, singurele informa\u021bii accesibile fiind de tip statistic. Pe site-ul LIVRESQ nu sunt folosite cookie-uri proprii Ascendia.<\/p><h2>DE CE COLECT\u0102M DATELE DVS. CU CARACTER PERSONAL?<\/h2><p>Noi colect\u0103m \u0219i folosim datele dvs. cu caracter personal \u00een scopurile de mai jos \u0219i \u00een limitele legii:<\/p><ul><li>Pentru a accesa produsele noastre (pentru logare);<\/li><li>Pentru transmiterea de newsletter-uri, chestionare, informa\u021bii legate de evenimente organizate de Ascendia, \u00een m\u0103sura \u00een care v-a\u021bi exprimat acordul \u00een acest sens;<\/li><li>Pentru a v\u0103 r\u0103spunde la solicit\u0103rile, observa\u021bii sau reclama\u021biile f\u0103cute;<\/li><li>\u00cen scopul elabor\u0103rii de facturi pentru achizi\u021biile f\u0103cute, conform legisla\u021biei \u00een vigoare.<\/li><\/ul><h2>C\u00c2T TIMP P\u0102STR\u0102M DATELE DVS. CU CARACTER PERSONAL?<\/h2><p>Vom p\u0103stra datele dvs. cu caracter personal doar at\u00e2t timp c\u00e2t este necesar pentru a satisface scopul pentru care au fost oferite de dvs. sau colectate de noi (de exemplu, pentru perioada de timp necesar\u0103 pentru a r\u0103spunde la \u00eentreb\u0103ri sau pentru a rezolva problemele).<\/p><p>Datele legate de logare vor fi \u0219terse la \u0219tergerea contului. Datele legate de primirea de coresponden\u021b\u0103 din partea Ascendia se \u0219terg \u00een orice moment la solicitarea dumneavoastr\u0103. Datele legate de tranzac\u021bii financiare vor fi p\u0103strate pe durata impus\u0103 de reglement\u0103rile legale.<\/p><h2>CONSIM\u021a\u0102M\u00c2NTUL DVS.<\/h2><p>Consim\u021b\u0103m\u00e2ntul dvs. pentru utilizarea datelor personale se face la realizarea contului de utilizator prin bifarea c\u0103su\u021bei corespunz\u0103toare GDPR din pagina de realizare a contului. Consim\u021b\u0103m\u00e2ntul nu este implicit \u0219i condi\u021bioneaz\u0103 realizarea contului. Pute\u021bi s\u0103 v\u0103 retrage\u021bi consim\u021b\u0103m\u00e2ntul solicit\u00e2nd \u0219tergerea contului \u00een orice moment.<\/p><h2>SECURITATEA DATELOR CU CARACTER PERSONAL<\/h2><p>Datele cu caracter personal sunt securizate \u00eempotriva amenin\u021b\u0103rilor \u0219i ne asigur\u0103m c\u0103 acestea sunt protejate de o infrastructura IT \u0219i m\u0103suri de securitate corespunz\u0103toare. Mai mult dec\u00e2t at\u00e2t, am implementat m\u0103suri interne, care ne permit s\u0103 descoperim, s\u0103 notific\u0103m \u0219i s\u0103 document\u0103m \u00eenc\u0103lc\u0103rile de securitate, \u00een cel mai scurt timp posibil.<\/p><p>Dac\u0103 descoperim orice \u00eenc\u0103lcare a datelor cu caracter personal, care prezint\u0103 un risc pentru drepturile \u0219i libert\u0103\u021bile dvs., vom informa Autoritatea Na\u021bional\u0103 de Supraveghere a Prelucr\u0103rii Datelor cu Caracter Personal. Ve\u021bi fi informat cu privire la \u00eenc\u0103lcarea datelor dvs. cu caracter personal, dac\u0103 acest lucru duce la un risc ridicat pentru drepturile \u0219i libert\u0103\u021bile dvs.<\/p><h2>CONTACT<\/h2><p>V\u0103 mul\u021bumim pentru \u00eencrederea pe care ne-o acorda\u021bi cu privire la datele dvs. cu caracter personal \u0219i pentru c\u0103 a\u021bi alocat o parte din timpul dvs. citirii notific\u0103rii noastre cu privire la prelucrarea datelor cu caracter personal. \u00cen cazul \u00een care ave\u021bi nevoie de mai multe informa\u021bii, \u0219i ele nu se reg\u0103sesc mai sus, ne pute\u021bi contacta la adresa de e-mail:\u00a0<a href=\"mailto:contact@livresq.com\">contact@livresq.com<\/a>.<\/p><\/div>\t\t\t\t\t\t\t\t<\/div>\n\t\t\t\t<\/div>\n\t\t\t\t\t<\/div>\n\t\t<\/div>\n\t\t\t\t\t<\/div>\n\t\t<\/section>\n\t\t\t\t<\/div>\n\t\t","protected":false},"excerpt":{"rendered":"<p>Politica privind prelucrarea datelor cu caracter personal \u0219i confiden\u021bialitatea datelor (GDPR) \u00a0 CE SUNT DATELE CU CARACTER PERSONAL? Datele cu caracter personal sunt orice informa\u021bii care se refer\u0103 la o persoan\u0103 fizic\u0103 identificat\u0103 sau identificabil\u0103. Informa\u021biile diferite care, adunate, pot duce la identificarea unei anumite persoane constituie \u0219i ele date cu caracter personal. Datele cu [&hellip;]<\/p>\n","protected":false},"author":2,"featured_media":0,"parent":0,"menu_order":0,"comment_status":"closed","ping_status":"closed","template":"","meta":{"footnotes":""},"class_list":["post-8264","page","type-page","status-publish","hentry"],"yoast_head":"<!-- This site is optimized with the Yoast SEO plugin v27.2 - https:\/\/yoast.com\/product\/yoast-seo-wordpress\/ -->\n<title>GDPR-RO - LIVRESQ<\/title>\n<meta name=\"robots\" content=\"index, follow, max-snippet:-1, max-image-preview:large, max-video-preview:-1\" \/>\n<link rel=\"canonical\" href=\"https:\/\/livresq.com\/ro\/gdpr-ro\/\" \/>\n<meta property=\"og:locale\" content=\"ro_RO\" \/>\n<meta property=\"og:type\" content=\"article\" \/>\n<meta property=\"og:title\" content=\"GDPR-RO - LIVRESQ\" \/>\n<meta property=\"og:description\" content=\"Politica privind prelucrarea datelor cu caracter personal \u0219i confiden\u021bialitatea datelor (GDPR) \u00a0 CE SUNT DATELE CU CARACTER PERSONAL? Datele cu caracter personal sunt orice informa\u021bii care se refer\u0103 la o persoan\u0103 fizic\u0103 identificat\u0103 sau identificabil\u0103. Informa\u021biile diferite care, adunate, pot duce la identificarea unei anumite persoane constituie \u0219i ele date cu caracter personal. Datele cu [&hellip;]\" \/>\n<meta property=\"og:url\" content=\"https:\/\/livresq.com\/ro\/gdpr-ro\/\" \/>\n<meta property=\"og:site_name\" content=\"LIVRESQ\" \/>\n<meta property=\"article:modified_time\" content=\"2026-03-31T09:33:09+00:00\" \/>\n<meta name=\"twitter:card\" content=\"summary_large_image\" \/>\n<meta name=\"twitter:label1\" content=\"Timp estimat pentru citire\" \/>\n\t<meta name=\"twitter:data1\" content=\"4 minute\" \/>\n<script type=\"application\/ld+json\" class=\"yoast-schema-graph\">{\"@context\":\"https:\/\/schema.org\",\"@graph\":[{\"@type\":\"WebPage\",\"@id\":\"https:\/\/livresq.com\/en\/gdpr-ro\/\",\"url\":\"https:\/\/livresq.com\/en\/gdpr-ro\/\",\"name\":\"GDPR-RO - LIVRESQ\",\"isPartOf\":{\"@id\":\"https:\/\/livresq.com\/en\/#website\"},\"datePublished\":\"2020-01-17T14:42:36+00:00\",\"dateModified\":\"2026-03-31T09:33:09+00:00\",\"breadcrumb\":{\"@id\":\"https:\/\/livresq.com\/en\/gdpr-ro\/#breadcrumb\"},\"inLanguage\":\"ro-RO\",\"potentialAction\":[{\"@type\":\"ReadAction\",\"target\":[\"https:\/\/livresq.com\/en\/gdpr-ro\/\"]}]},{\"@type\":\"BreadcrumbList\",\"@id\":\"https:\/\/livresq.com\/en\/gdpr-ro\/#breadcrumb\",\"itemListElement\":[{\"@type\":\"ListItem\",\"position\":1,\"name\":\"Prima pagin\u0103\",\"item\":\"https:\/\/livresq.com\/\"},{\"@type\":\"ListItem\",\"position\":2,\"name\":\"GDPR-RO\"}]},{\"@type\":\"WebSite\",\"@id\":\"https:\/\/livresq.com\/en\/#website\",\"url\":\"https:\/\/livresq.com\/en\/\",\"name\":\"LIVRESQ\",\"description\":\"eLearning Authoring Tool\",\"publisher\":{\"@id\":\"https:\/\/livresq.com\/en\/#organization\"},\"potentialAction\":[{\"@type\":\"SearchAction\",\"target\":{\"@type\":\"EntryPoint\",\"urlTemplate\":\"https:\/\/livresq.com\/en\/?s={search_term_string}\"},\"query-input\":{\"@type\":\"PropertyValueSpecification\",\"valueRequired\":true,\"valueName\":\"search_term_string\"}}],\"inLanguage\":\"ro-RO\"},{\"@type\":\"Organization\",\"@id\":\"https:\/\/livresq.com\/en\/#organization\",\"name\":\"LIVRESQ - Authoring Tool\",\"url\":\"https:\/\/livresq.com\/en\/\",\"logo\":{\"@type\":\"ImageObject\",\"inLanguage\":\"ro-RO\",\"@id\":\"https:\/\/livresq.com\/en\/#\/schema\/logo\/image\/\",\"url\":\"https:\/\/i0.wp.com\/livresq.com\/wp-content\/uploads\/2019\/07\/cropped-Logo.png?fit=1054%2C575&ssl=1\",\"contentUrl\":\"https:\/\/i0.wp.com\/livresq.com\/wp-content\/uploads\/2019\/07\/cropped-Logo.png?fit=1054%2C575&ssl=1\",\"width\":1054,\"height\":575,\"caption\":\"LIVRESQ - Authoring Tool\"},\"image\":{\"@id\":\"https:\/\/livresq.com\/en\/#\/schema\/logo\/image\/\"}}]}<\/script>\n<!-- \/ Yoast SEO plugin. -->","yoast_head_json":{"title":"GDPR-RO - LIVRESQ","robots":{"index":"index","follow":"follow","max-snippet":"max-snippet:-1","max-image-preview":"max-image-preview:large","max-video-preview":"max-video-preview:-1"},"canonical":"https:\/\/livresq.com\/ro\/gdpr-ro\/","og_locale":"ro_RO","og_type":"article","og_title":"GDPR-RO - LIVRESQ","og_description":"Politica privind prelucrarea datelor cu caracter personal \u0219i confiden\u021bialitatea datelor (GDPR) \u00a0 CE SUNT DATELE CU CARACTER PERSONAL? Datele cu caracter personal sunt orice informa\u021bii care se refer\u0103 la o persoan\u0103 fizic\u0103 identificat\u0103 sau identificabil\u0103. Informa\u021biile diferite care, adunate, pot duce la identificarea unei anumite persoane constituie \u0219i ele date cu caracter personal. Datele cu [&hellip;]","og_url":"https:\/\/livresq.com\/ro\/gdpr-ro\/","og_site_name":"LIVRESQ","article_modified_time":"2026-03-31T09:33:09+00:00","twitter_card":"summary_large_image","twitter_misc":{"Timp estimat pentru citire":"4 minute"},"schema":{"@context":"https:\/\/schema.org","@graph":[{"@type":"WebPage","@id":"https:\/\/livresq.com\/en\/gdpr-ro\/","url":"https:\/\/livresq.com\/en\/gdpr-ro\/","name":"GDPR-RO - LIVRESQ","isPartOf":{"@id":"https:\/\/livresq.com\/en\/#website"},"datePublished":"2020-01-17T14:42:36+00:00","dateModified":"2026-03-31T09:33:09+00:00","breadcrumb":{"@id":"https:\/\/livresq.com\/en\/gdpr-ro\/#breadcrumb"},"inLanguage":"ro-RO","potentialAction":[{"@type":"ReadAction","target":["https:\/\/livresq.com\/en\/gdpr-ro\/"]}]},{"@type":"BreadcrumbList","@id":"https:\/\/livresq.com\/en\/gdpr-ro\/#breadcrumb","itemListElement":[{"@type":"ListItem","position":1,"name":"Prima pagin\u0103","item":"https:\/\/livresq.com\/"},{"@type":"ListItem","position":2,"name":"GDPR-RO"}]},{"@type":"WebSite","@id":"https:\/\/livresq.com\/en\/#website","url":"https:\/\/livresq.com\/en\/","name":"LIVRESQ","description":"eLearning Authoring Tool","publisher":{"@id":"https:\/\/livresq.com\/en\/#organization"},"potentialAction":[{"@type":"SearchAction","target":{"@type":"EntryPoint","urlTemplate":"https:\/\/livresq.com\/en\/?s={search_term_string}"},"query-input":{"@type":"PropertyValueSpecification","valueRequired":true,"valueName":"search_term_string"}}],"inLanguage":"ro-RO"},{"@type":"Organization","@id":"https:\/\/livresq.com\/en\/#organization","name":"LIVRESQ - Authoring Tool","url":"https:\/\/livresq.com\/en\/","logo":{"@type":"ImageObject","inLanguage":"ro-RO","@id":"https:\/\/livresq.com\/en\/#\/schema\/logo\/image\/","url":"https:\/\/i0.wp.com\/livresq.com\/wp-content\/uploads\/2019\/07\/cropped-Logo.png?fit=1054%2C575&ssl=1","contentUrl":"https:\/\/i0.wp.com\/livresq.com\/wp-content\/uploads\/2019\/07\/cropped-Logo.png?fit=1054%2C575&ssl=1","width":1054,"height":575,"caption":"LIVRESQ - Authoring Tool"},"image":{"@id":"https:\/\/livresq.com\/en\/#\/schema\/logo\/image\/"}}]}},"_links":{"self":[{"href":"https:\/\/livresq.com\/ro\/wp-json\/wp\/v2\/pages\/8264","targetHints":{"allow":["GET"]}}],"collection":[{"href":"https:\/\/livresq.com\/ro\/wp-json\/wp\/v2\/pages"}],"about":[{"href":"https:\/\/livresq.com\/ro\/wp-json\/wp\/v2\/types\/page"}],"author":[{"embeddable":true,"href":"https:\/\/livresq.com\/ro\/wp-json\/wp\/v2\/users\/2"}],"replies":[{"embeddable":true,"href":"https:\/\/livresq.com\/ro\/wp-json\/wp\/v2\/comments?post=8264"}],"version-history":[{"count":3,"href":"https:\/\/livresq.com\/ro\/wp-json\/wp\/v2\/pages\/8264\/revisions"}],"predecessor-version":[{"id":490851,"href":"https:\/\/livresq.com\/ro\/wp-json\/wp\/v2\/pages\/8264\/revisions\/490851"}],"wp:attachment":[{"href":"https:\/\/livresq.com\/ro\/wp-json\/wp\/v2\/media?parent=8264"}],"curies":[{"name":"wp","href":"https:\/\/api.w.org\/{rel}","templated":true}]}}